{"id":14978,"date":"2024-07-18T17:05:43","date_gmt":"2024-07-18T15:05:43","guid":{"rendered":"https:\/\/semmelweis.hu\/alapitvany\/?page_id=14978"},"modified":"2024-07-18T17:05:43","modified_gmt":"2024-07-18T15:05:43","slug":"adomanygyujtesekhez-kapcsolodo-koltsegek","status":"publish","type":"page","link":"https:\/\/semmelweis.hu\/alapitvany\/az-alapitvanyrol\/alapitvanyi-dokumentumok\/adomanygyujtesekhez-kapcsolodo-koltsegek\/","title":{"rendered":"Adom\u00e1nygy\u0171jt\u00e9sekhez kapcsol\u00f3d\u00f3 k\u00f6lts\u00e9gek"},"content":{"rendered":"<p><strong>A Semmelweis Egyetem Alap\u00edtv\u00e1ny 2023. \u00e9vi adom\u00e1ngy\u0171jt\u00e9shez kapcsol\u00f3d\u00f3 szem\u00e9lyi \u00e9s marketingkommunik\u00e1ci\u00f3s k\u00f6lts\u00e9gei<\/strong><\/p>\n<p>A Semmelweis Egyetem Alap\u00edtv\u00e1ny eset\u00e9ben szem\u00e9lyi k\u00f6lts\u00e9gek 2.497.000 forint \u00f6sszegben mer\u00fcltek fel, melyek a jogtan\u00e1csos, illetve a p\u00e9nz\u00fcgyi feladatokat v\u00e9gz\u0151 szakemberek \u00e9ves d\u00edj\u00e1t jelentik.<\/p>\n<p>Marketingkommunik\u00e1ci\u00f3s r\u00e1ford\u00edt\u00e1sok ebben az \u00e9vben nem jelentkeztek, a kamp\u00e1nyok k\u00f6lts\u00e9geit a Semmelweis Egyetem Marketing \u00e9s Kommunik\u00e1ci\u00f3s F\u0151igazgat\u00f3s\u00e1ga v\u00e1llalta mag\u00e1ra.<\/p>\n<p>Link: <a href=\"https:\/\/semmelweis.hu\/alapitvany\/files\/2024\/06\/SE-Alapitvany-beszamolo_2023.pdf\" target=\"_blank\" rel=\"noopener\">https:\/\/semmelweis.hu\/alapitvany\/files\/2024\/06\/SE-Alapitvany-beszamolo_2023.pdf\u00a0<\/a>\u00a0<\/p>\n","protected":false},"excerpt":{"rendered":"<p>A Semmelweis Egyetem Alap\u00edtv\u00e1ny 2023. \u00e9vi adom\u00e1ngy\u0171jt\u00e9shez kapcsol\u00f3d\u00f3 szem\u00e9lyi \u00e9s marketingkommunik\u00e1ci\u00f3s k\u00f6lts\u00e9gei A Semmelweis Egyetem Alap\u00edtv\u00e1ny eset\u00e9ben szem\u00e9lyi k\u00f6lts\u00e9gek 2.497.000 forint \u00f6sszegben mer\u00fcltek fel, melyek a jogtan\u00e1csos, illetve a p\u00e9nz\u00fcgyi feladatokat v\u00e9gz\u0151 szakemberek \u00e9ves d\u00edj\u00e1t jelentik. Marketingkommunik\u00e1ci\u00f3s r\u00e1ford\u00edt\u00e1sok ebben az \u00e9vben nem jelentkeztek, a kamp\u00e1nyok k\u00f6lts\u00e9geit a Semmelweis Egyetem Marketing \u00e9s Kommunik\u00e1ci\u00f3s F\u0151igazgat\u00f3s\u00e1ga v\u00e1llalta mag\u00e1ra. &hellip;<\/p>\n","protected":false},"author":101255,"featured_media":0,"parent":11709,"menu_order":7,"comment_status":"closed","ping_status":"closed","template":"","meta":{"_acf_changed":false,"give_campaign_id":0,"footnotes":""},"categories":[],"tags":[],"class_list":["post-14978","page","type-page","status-publish","hentry"],"acf":[],"campaignId":"","_links":{"self":[{"href":"https:\/\/semmelweis.hu\/alapitvany\/wp-json\/wp\/v2\/pages\/14978","targetHints":{"allow":["GET"]}}],"collection":[{"href":"https:\/\/semmelweis.hu\/alapitvany\/wp-json\/wp\/v2\/pages"}],"about":[{"href":"https:\/\/semmelweis.hu\/alapitvany\/wp-json\/wp\/v2\/types\/page"}],"author":[{"embeddable":true,"href":"https:\/\/semmelweis.hu\/alapitvany\/wp-json\/wp\/v2\/users\/101255"}],"replies":[{"embeddable":true,"href":"https:\/\/semmelweis.hu\/alapitvany\/wp-json\/wp\/v2\/comments?post=14978"}],"version-history":[{"count":1,"href":"https:\/\/semmelweis.hu\/alapitvany\/wp-json\/wp\/v2\/pages\/14978\/revisions"}],"predecessor-version":[{"id":14979,"href":"https:\/\/semmelweis.hu\/alapitvany\/wp-json\/wp\/v2\/pages\/14978\/revisions\/14979"}],"up":[{"embeddable":true,"href":"https:\/\/semmelweis.hu\/alapitvany\/wp-json\/wp\/v2\/pages\/11709"}],"wp:attachment":[{"href":"https:\/\/semmelweis.hu\/alapitvany\/wp-json\/wp\/v2\/media?parent=14978"}],"wp:term":[{"taxonomy":"category","embeddable":true,"href":"https:\/\/semmelweis.hu\/alapitvany\/wp-json\/wp\/v2\/categories?post=14978"},{"taxonomy":"post_tag","embeddable":true,"href":"https:\/\/semmelweis.hu\/alapitvany\/wp-json\/wp\/v2\/tags?post=14978"}],"curies":[{"name":"wp","href":"https:\/\/api.w.org\/{rel}","templated":true}]}}