{"id":14951,"date":"2024-06-17T08:53:24","date_gmt":"2024-06-17T06:53:24","guid":{"rendered":"https:\/\/semmelweis.hu\/alapitvany\/?page_id=14951"},"modified":"2024-07-18T17:47:52","modified_gmt":"2024-07-18T15:47:52","slug":"atlathatosag","status":"publish","type":"page","link":"https:\/\/semmelweis.hu\/alapitvany\/atlathatosag\/","title":{"rendered":"\u00c1tl\u00e1that\u00f3s\u00e1g"},"content":{"rendered":"<div class=\"fontos_div\">\n<p><strong>A Semmelweis Egyetem Alap\u00edtv\u00e1ny 2023-ban is nagy hangs\u00falyt fektetett arra, hogy adom\u00e1nygy\u0171jt\u00e9si tev\u00e9kenys\u00e9gei transzparensen k\u00f6vethet\u0151k legyenek a nagyk\u00f6z\u00f6ns\u00e9g sz\u00e1m\u00e1ra.<\/strong><\/p>\n<\/div>\n<p><strong>1. A Semmelweis Egyetem Alap\u00edtv\u00e1ny besz\u00e1mol\u00f3i \u00e9s egy\u00e9b dokumentumai<\/strong><\/p>\n<p><strong>Al\u00e1bbiakban a Semmelweis Egyetem Alap\u00edtv\u00e1ny legfontosabb dokumentumai tal\u00e1lhat\u00f3k.<\/strong><\/p>\n<p><a href=\"https:\/\/semmelweis.hu\/alapitvany\/files\/2023\/02\/alapito-okirat.pdf\" target=\"_blank\" rel=\"noopener\">Alap\u00edt\u00f3 okirat<\/a><\/p>\n<p><a href=\"https:\/\/semmelweis.hu\/alapitvany\/files\/2023\/02\/68071-92-41_kozhasznusagi.pdf\" target=\"_blank\" rel=\"noopener\">K\u00f6zhaszn\u00fas\u00e1gi jelent\u00e9s<\/a><\/p>\n<p><a href=\"https:\/\/semmelweis.hu\/alapitvany\/files\/2023\/07\/SEA-adatkezelesi-tajekoztato.pdf\" target=\"_blank\" rel=\"noopener\">Adatkezel\u00e9si t\u00e1j\u00e9koztat\u00f3<\/a><\/p>\n<p><a href=\"https:\/\/semmelweis.hu\/alapitvany\/semmelweis-orvostudomanyi-alapitvany\/\" target=\"_blank\" rel=\"noopener\">Besz\u00e1mol\u00f3k, jelent\u00e9sek<\/a><\/p>\n<p><a href=\"https:\/\/semmelweis.hu\/alapitvany\/az-alapitvanyrol\/alapitvanyi-dokumentumok\/iratbetekintesi-lehetosegek\/\" target=\"_blank\" rel=\"noopener\">Iratbetekint\u00e9si lehet\u0151s\u00e9gek<\/a><\/p>\n<p><a href=\"https:\/\/semmelweis.hu\/alapitvany\/az-alapitvanyrol\/alapitvanyi-dokumentumok\/etikai-kodex\/\" target=\"_blank\" rel=\"noopener\">Etikai k\u00f3dex<\/a><\/p>\n<p><a href=\"https:\/\/semmelweis.hu\/alapitvany\/az-alapitvanyrol\/panaszkezelesi-szabalyzat\/\" target=\"_blank\" rel=\"noopener\">Panaszkezel\u00e9si Szab\u00e1lyzat<\/a> \u00e9s <a href=\"https:\/\/semmelweis.hu\/alapitvany\/az-alapitvanyrol\/panaszkezelesi-beszamolo-2022\/\" target=\"_blank\" rel=\"noopener\">Besz\u00e1mol\u00f3<\/a><\/p>\n<hr \/>\n<p><strong>2. A Semmelweis Egyetem Alap\u00edtv\u00e1ny 2023 \u00e9vi marketingkommunik\u00e1ci\u00f3s tev\u00e9kenys\u00e9gei<\/strong><\/p>\n<p>A tavalyi \u00e9v, a sikeresen elnyert J\u00f3nak lenni j\u00f3! j\u00f3t\u00e9konys\u00e1gi kamp\u00e1ny eredm\u00e9nyek\u00e9ppen kiv\u00e9telesen sikeresen z\u00e1rult, a kamp\u00e1nyt pedig sz\u00e9lesk\u00f6r\u0171, ATL \u00e9s BTL elemeket is felvonultat\u00f3 marketingtev\u00e9kenys\u00e9ggel is t\u00e1mogattuk.<\/p>\n<p>\u00d6sszefoglal\u00f3 t\u00e1bl\u00e1zatunk al\u00e1bb megtekinthet\u0151, illetve <a href=\"https:\/\/semmelweis.hu\/alapitvany\/files\/2024\/06\/Adomanygyujtesi-formak-atlathatosaga-2024-masolata-1.pdf\" target=\"_blank\" rel=\"noopener\">err\u0151l a linkr\u0151l<\/a> let\u00f6lthet\u0151.<\/p>\n<p><embed src=\"https:\/\/semmelweis.hu\/alapitvany\/files\/2024\/06\/Adomanygyujtesi-formak-atlathatosaga-2024-masolata-1.pdf\" width=\"100%\" height=\"900\"><\/embed><\/p>\n","protected":false},"excerpt":{"rendered":"<p>A Semmelweis Egyetem Alap\u00edtv\u00e1ny 2023-ban is nagy hangs\u00falyt fektetett arra, hogy adom\u00e1nygy\u0171jt\u00e9si tev\u00e9kenys\u00e9gei transzparensen k\u00f6vethet\u0151k legyenek a nagyk\u00f6z\u00f6ns\u00e9g sz\u00e1m\u00e1ra. 1. A Semmelweis Egyetem Alap\u00edtv\u00e1ny besz\u00e1mol\u00f3i \u00e9s egy\u00e9b dokumentumai Al\u00e1bbiakban a Semmelweis Egyetem Alap\u00edtv\u00e1ny legfontosabb dokumentumai tal\u00e1lhat\u00f3k. <a href=\"https:\/\/semmelweis.hu\/alapitvany\/files\/2023\/02\/alapito-okirat.pdf\" target=\"_blank\" rel=\"noopener\">Alap\u00edt\u00f3 okirat<\/a> <a href=\"https:\/\/semmelweis.hu\/alapitvany\/files\/2023\/02\/68071-92-41_kozhasznusagi.pdf\" target=\"_blank\" rel=\"noopener\">K\u00f6zhaszn\u00fas\u00e1gi jelent\u00e9s<\/a> <a href=\"https:\/\/semmelweis.hu\/alapitvany\/files\/2023\/07\/SEA-adatkezelesi-tajekoztato.pdf\" target=\"_blank\" rel=\"noopener\">Adatkezel\u00e9si t\u00e1j\u00e9koztat\u00f3<\/a> <a href=\"https:\/\/semmelweis.hu\/alapitvany\/semmelweis-orvostudomanyi-alapitvany\/\" target=\"_blank\" rel=\"noopener\">Besz\u00e1mol\u00f3k, jelent\u00e9sek<\/a> <a href=\"https:\/\/semmelweis.hu\/alapitvany\/az-alapitvanyrol\/alapitvanyi-dokumentumok\/iratbetekintesi-lehetosegek\/\" target=\"_blank\" rel=\"noopener\">Iratbetekint\u00e9si lehet\u0151s\u00e9gek<\/a> <a href=\"https:\/\/semmelweis.hu\/alapitvany\/az-alapitvanyrol\/alapitvanyi-dokumentumok\/etikai-kodex\/\" target=\"_blank\" rel=\"noopener\">Etikai k\u00f3dex<\/a> <a href=\"https:\/\/semmelweis.hu\/alapitvany\/az-alapitvanyrol\/panaszkezelesi-szabalyzat\/\" target=\"_blank\" rel=\"noopener\">Panaszkezel\u00e9si Szab\u00e1lyzat<\/a> \u00e9s <a href=\"https:\/\/semmelweis.hu\/alapitvany\/az-alapitvanyrol\/panaszkezelesi-beszamolo-2022\/\" target=\"_blank\" rel=\"noopener\">Besz\u00e1mol\u00f3<\/a> 2. A Semmelweis Egyetem Alap\u00edtv\u00e1ny 2023 \u00e9vi marketingkommunik\u00e1ci\u00f3s tev\u00e9kenys\u00e9gei A tavalyi \u00e9v, a sikeresen elnyert J\u00f3nak lenni j\u00f3! &hellip;<\/p>\n","protected":false},"author":101255,"featured_media":0,"parent":0,"menu_order":0,"comment_status":"closed","ping_status":"closed","template":"","meta":{"_acf_changed":false,"give_campaign_id":0,"footnotes":""},"categories":[],"tags":[],"class_list":["post-14951","page","type-page","status-publish","hentry"],"acf":[],"campaignId":"","_links":{"self":[{"href":"https:\/\/semmelweis.hu\/alapitvany\/wp-json\/wp\/v2\/pages\/14951","targetHints":{"allow":["GET"]}}],"collection":[{"href":"https:\/\/semmelweis.hu\/alapitvany\/wp-json\/wp\/v2\/pages"}],"about":[{"href":"https:\/\/semmelweis.hu\/alapitvany\/wp-json\/wp\/v2\/types\/page"}],"author":[{"embeddable":true,"href":"https:\/\/semmelweis.hu\/alapitvany\/wp-json\/wp\/v2\/users\/101255"}],"replies":[{"embeddable":true,"href":"https:\/\/semmelweis.hu\/alapitvany\/wp-json\/wp\/v2\/comments?post=14951"}],"version-history":[{"count":4,"href":"https:\/\/semmelweis.hu\/alapitvany\/wp-json\/wp\/v2\/pages\/14951\/revisions"}],"predecessor-version":[{"id":14985,"href":"https:\/\/semmelweis.hu\/alapitvany\/wp-json\/wp\/v2\/pages\/14951\/revisions\/14985"}],"wp:attachment":[{"href":"https:\/\/semmelweis.hu\/alapitvany\/wp-json\/wp\/v2\/media?parent=14951"}],"wp:term":[{"taxonomy":"category","embeddable":true,"href":"https:\/\/semmelweis.hu\/alapitvany\/wp-json\/wp\/v2\/categories?post=14951"},{"taxonomy":"post_tag","embeddable":true,"href":"https:\/\/semmelweis.hu\/alapitvany\/wp-json\/wp\/v2\/tags?post=14951"}],"curies":[{"name":"wp","href":"https:\/\/api.w.org\/{rel}","templated":true}]}}