{"id":12815,"date":"2023-07-09T09:56:07","date_gmt":"2023-07-09T07:56:07","guid":{"rendered":"https:\/\/semmelweis.hu\/alapitvany\/?page_id=12815"},"modified":"2025-05-14T13:51:04","modified_gmt":"2025-05-14T11:51:04","slug":"adomany","status":"publish","type":"page","link":"https:\/\/semmelweis.hu\/alapitvany\/adomany\/","title":{"rendered":"Online t\u00e1mogat\u00e1s"},"content":{"rendered":"<p><strong>A Semmelweis Egyetem Alap\u00edtv\u00e1ny \u00f6r\u00f6mmel fogadja online, bank\u00e1rty\u00e1s t\u00e1mogat\u00e1s\u00e1t! T\u00e1mogat\u00e1s\u00e1t, Etikus Adom\u00e1nygy\u0171jt\u00f3 Szervezetk\u00e9nt mindenkor transzparensen, j\u00f3l k\u00f6vethet\u0151en haszn\u00e1ljuk fel.<\/strong><\/p>\n<p>K\u00f6sz\u00f6nj\u00fck, hogy \u00d6nt is t\u00e1mogat\u00f3ink k\u00f6z\u00f6tt k\u00f6sz\u00f6nthetj\u00fck!<\/p>\n\t<div id=\"give-form-12818-wrap\" class=\"give-form-wrap give-display-onpage\">\n\t\t\t\t\t<form id=\"give-form-12818-1\" class=\"give-form give-form-12818 give-form-type-multi\" action=\"https:\/\/semmelweis.hu\/alapitvany\/wp-json\/wp\/v2\/pages\/12815\/?payment-mode=simple&form-id=12818\" data-id=\"12818-1\" data-currency_symbol=\"&#70;&#116;\" data-currency_code=\"HUF\" data-currency_position=\"after\" data-thousands_separator=\" \" data-decimal_separator=\",\" data-number_decimals=\"2\" method=\"post\">\n\t\t\t\t<!-- The following field is for robots only, invisible to humans: -->\n\t\t\t\t<span class=\"give-hidden\" style=\"display: none !important;\">\n\t\t\t\t\t<label for=\"give-form-honeypot-12818\"><\/label>\n\t\t\t\t\t<input id=\"give-form-honeypot-12818\" type=\"text\" name=\"give-honeypot\"\n\t\t\t\t\t\t   class=\"give-honeypot give-hidden\"\/>\n\t\t\t\t<\/span>\n\n\t\t\t\t\t<input type=\"hidden\" name=\"give-form-id-prefix\" value=\"12818-1\"\/>\n\t<input type=\"hidden\" name=\"give-form-id\" value=\"12818\"\/>\n\t<input type=\"hidden\" name=\"give-form-title\" value=\"Semmelweis Egyetem Alap\u00edtv\u00e1ny t\u00e1mogat\u00e1s\"\/>\n\t<input type=\"hidden\" name=\"give-current-url\" value=\"https:\/\/semmelweis.hu\/alapitvany\/wp-json\/wp\/v2\/pages\/12815\/\"\/>\n\t<input type=\"hidden\" name=\"give-form-url\" value=\"https:\/\/semmelweis.hu\/alapitvany\/wp-json\/wp\/v2\/pages\/12815\/\"\/>\n\t\t\t<input type=\"hidden\" name=\"give-form-minimum\"\n\t\t\t   value=\"2000.00\"\/>\n\t\t<input type=\"hidden\" name=\"give-form-maximum\"\n\t\t\t   value=\"50000000.00\"\/>\n\t\t<input type=\"hidden\"  name=\"give-form-hash\" value=\"dc90c569e9\" data-time=\"1776339473\" data-nonce-life=\"86400\" data-donor-session=\"0\"\/><input type=\"hidden\" name=\"give-price-id\" value=\"2\"\/>\t\t<div class=\"give-total-wrap\">\n\t\t\t<div class=\"give-donation-amount form-row-wide\">\n\t\t\t\t\t\t\t\t<label class=\"give-hidden\" for=\"give-amount\">Donation Amount:<\/label>\n\t\t\t\t<input class=\"give-text-input give-amount-top\" id=\"give-amount\" name=\"give-amount\" type=\"text\" inputmode=\"decimal\"\n\t\t\t\t\t   placeholder=\"\" value=\"10 000,00\" autocomplete=\"off\">\n\t\t\t\t<span class=\"give-currency-symbol give-currency-position-after\">&#070;&#116;<\/span>\t\t\t<\/div>\n\t\t<\/div>\n\t\t<ul id=\"give-donation-level-button-wrap\" class=\"give-donation-levels-wrap give-list-inline\"><li><button type=\"button\" data-price-id=\"0\" class=\"give-donation-level-btn give-btn give-btn-level-0 \" value=\"2 000,00\" data-default=\"0\">2 000,00&#070;&#116;<\/button><\/li><li><button type=\"button\" data-price-id=\"1\" class=\"give-donation-level-btn give-btn give-btn-level-1 \" value=\"5 000,00\" data-default=\"0\">5 000,00&#070;&#116;<\/button><\/li><li><button type=\"button\" data-price-id=\"2\" class=\"give-donation-level-btn give-btn give-btn-level-2 give-default-level\" value=\"10 000,00\" data-default=\"1\">10 000,00&#070;&#116;<\/button><\/li><li><button type=\"button\" data-price-id=\"3\" class=\"give-donation-level-btn give-btn give-btn-level-3 \" value=\"50 000,00\" data-default=\"0\">50 000,00&#070;&#116;<\/button><\/li><li><button type=\"button\" data-price-id=\"4\" class=\"give-donation-level-btn give-btn give-btn-level-4 \" value=\"100 000,00\" data-default=\"0\">100 000,00&#070;&#116;<\/button><\/li><li><button type=\"button\" data-price-id=\"custom\" class=\"give-donation-level-btn give-btn give-btn-level-custom\" value=\"custom\">Egyedi \u00f6sszeg<\/button><\/li><\/ul>\n\t<fieldset id=\"give-payment-mode-select\" style=\"display: none;\">\n\t\t\t\t<legend\n\t\t\tclass=\"give-payment-mode-label\">Select Payment Method\t\t\t<span class=\"give-loading-text\"><span\n\t\t\t\t\tclass=\"give-loading-animation\"><\/span>\n\t\t\t<\/span>\n\t\t<\/legend>\n\n\t\t<div id=\"give-payment-mode-wrap\">\n\t\t\t\t\t\t<ul id=\"give-gateway-radio-list\">\n\t\t\t\t\t\t\t\t\t\t<li class=\"give-gateway-option-selected\">\n\t\t\t\t\t\t\t<input type=\"radio\" name=\"payment-mode\" class=\"give-gateway\"\n\t\t\t\t\t\t\t\t   id=\"give-gateway-simple-12818-1\"\n\t\t\t\t\t\t\t\t   value=\"simple\" checked='checked'>\n\t\t\t\t\t\t\t<label for=\"give-gateway-simple-12818-1\"\n\t\t\t\t\t\t\t\t   class=\"give-gateway-option\"\n\t\t\t\t\t\t\t\t   id=\"give-gateway-option-simple\"> Bankk\u00e1rty\u00e1s fizet\u00e9s<\/label>\n\t\t\t\t\t\t<\/li>\n\t\t\t\t\t\t\t\t\t<\/ul>\n\t\t\t\t\t<\/div>\n\t\t\t<\/fieldset>\n\n\t\n\t<div id=\"give_purchase_form_wrap\">\n\n\t\t\t<fieldset id=\"give_checkout_user_info\" class=\"\">\n\t\t<legend>\n\t\t\tPersonal Info\t\t<\/legend>\n\n\t\t\n        <p id=\"give-first-name-wrap\" class=\"form-row form-row-first form-row-responsive\">\n            <label class=\"give-label\" for=\"give-first\">\n                First Name                                    <span class=\"give-required-indicator\">*<\/span>\n                                <span class=\"give-tooltip hint--top hint--medium hint--bounce\" aria-label=\"First Name is used to personalize your donation record.\" rel=\"tooltip\"><i class=\"give-icon give-icon-question\"><\/i><\/span>            <\/label>\n            <input\n                class=\"give-input required\"\n                type=\"text\"\n                name=\"give_first\"\n                autocomplete=\"given-name\"\n                placeholder=\"First Name\"\n                id=\"give-first\"\n                value=\"\"\n                 required aria-required=\"true\"             \/>\n        <\/p>\n\n        <p id=\"give-last-name-wrap\" class=\"form-row form-row-last form-row-responsive\">\n            <label class=\"give-label\" for=\"give-last\">\n                Last Name                                    <span class=\"give-required-indicator\">*<\/span>\n                                <span class=\"give-tooltip hint--top hint--medium hint--bounce\" aria-label=\"Last Name is used to personalize your donation record.\" rel=\"tooltip\"><i class=\"give-icon give-icon-question\"><\/i><\/span>            <\/label>\n\n            <input\n                class=\"give-input required\"\n                type=\"text\"\n                name=\"give_last\"\n                autocomplete=\"family-name\"\n                id=\"give-last\"\n                placeholder=\"Last Name\"\n                value=\"\"\n                 required aria-required=\"true\"             \/>\n        <\/p>\n\n                        <div id=\"give-company-radio-list-wrap\" class=\"form-row form-row-wide\">\n                    <label>Is this donation on behalf of a company?<\/label>\n                    <ul id=\"give-company-name-radio-list\" class=\"give-company-radio-list\">\n                        <li>\n                            <input\n                                checked\n                                type=\"radio\"\n                                id=\"give-no-company\"\n                                class=\"give_company_option\"\n                                name=\"give_company_option\"\n                                value=\"no\"\n                            \/>\n                            <label for=\"give-no-company\" class=\"give-company-option\"\n                                   id=\"give-no-company\">\n                                No                            <\/label>\n                        <\/li>\n                        <li>\n                            <input\n                                type=\"radio\"\n                                id=\"give-has-company\"\n                                class=\"give_company_option\"\n                                name=\"give_company_option\"\n                                value=\"yes\"\n                            \/>\n                            <label for=\"give-has-company\" class=\"give-company-option\"\n                                   id=\"give-has-company\">\n                                Yes                            <\/label>\n                        <\/li>\n                    <\/ul>\n                <\/div>\n                        <p id=\"give-company-wrap\" class=\"form-row form-row-wide\">\n                <label class=\"give-label\" for=\"give-company\">\n                    Company Name                                        <span class=\"give-tooltip hint--top hint--bounce\" aria-label=\"Donate on behalf of Company\" rel=\"tooltip\"><i class=\"give-icon give-icon-question\"><\/i><\/span>                <\/label>\n                <input\n                    class=\"give-input\"\n                    type=\"text\"\n                    name=\"give_company_name\"\n                    placeholder=\"Company Name\"\n                    id=\"give-company\"\n                    value=\"\"\n                                    \/>\n            <\/p>\n        \n                <p id=\"give-email-wrap\" class=\"form-row form-row-wide\">\n            <label class=\"give-label\" for=\"give-email\">\n                Email Address                                    <span class=\"give-required-indicator\">*<\/span>\n                                    <span class=\"give-tooltip hint--top hint--medium hint--bounce\" aria-label=\"We will send the donation receipt to this address.\" rel=\"tooltip\"><i class=\"give-icon give-icon-question\"><\/i><\/span>            <\/label>\n            <input\n                class=\"give-input required\"\n                type=\"email\"\n                name=\"give_email\"\n                autocomplete=\"email\"\n                placeholder=\"Email Address\"\n                id=\"give-email\"\n                value=\"\"\n                 required aria-required=\"true\"             \/>\n\n        <\/p>\n\n                                <p id=\"give-anonymous-donation-wrap\" class=\"form-row form-row-wide\">\n                <label class=\"give-label\" for=\"give-anonymous-donation\">\n                    <input\n                        type=\"checkbox\"\n                        class=\"give-input\"\n                        name=\"give_anonymous_donation\"\n                        id=\"give-anonymous-donation\"\n                        value=\"1\"\n                                                                    >\n                    Make this an anonymous donation.\t\t\t\t\t<span class=\"give-tooltip hint--top hint--medium hint--bounce\" aria-label=\"Would you like to prevent your name, image, and comment from being displayed publicly?\" rel=\"tooltip\"><i class=\"give-icon give-icon-question\"><\/i><\/span>\n\t\t\t\t<\/label>\n\t\t\t<\/p>\n\t\t\n\t\t\t\t\t<p id=\"give-comment-wrap\" class=\"form-row form-row-wide\">\n\t\t\t\t<label class=\"give-label\" for=\"give-comment\">\n\t\t\t\t\tComment\t\t\t\t\t\t\t\t\t\t<span class=\"give-tooltip hint--top hint--medium hint--bounce\" aria-label=\"Would you like to add a comment to this donation?\" rel=\"tooltip\"><i class=\"give-icon give-icon-question\"><\/i><\/span>\t\t\t\t<\/label>\n\n\t\t\t\t<textarea\n\t\t\t\t\tclass=\"give-input\"\n\t\t\t\t\tname=\"give_comment\"\n\t\t\t\t\tplaceholder=\"Leave a comment\"\n\t\t\t\t\tid=\"give-comment\"\n\t\t\t\t\t\t\t\t\t><\/textarea>\n\n\t\t\t<\/p>\n\t\t\t\t\t<\/fieldset>\n\t\t<fieldset id=\"give_terms_agreement\">\n\t\t<legend>Terms<\/legend>\n\t\t<div id=\"give_terms\" class=\"give_terms-12818\" style=\"display:none;\">\n\t\t\t<p>Tudom\u00e1sul veszem, hogy a Semmelweis Egyetem Alap\u00edtv\u00e1ny (1085 Budapest, \u00dcll\u0151i \u00fat 26) adatkezel\u0151 \u00e1ltal a <a href=\"https:\/\/semmelweis.hu\/alapitvany\/\">https:\/\/semmelweis.hu\/alapitvany\/<\/a> felhaszn\u00e1l\u00f3i adatb\u00e1zis\u00e1ban t\u00e1rolt al\u00e1bbi szem\u00e9lyes adataim \u00e1tad\u00e1sra ker\u00fclnek az OTP Mobil Kft., mint adatfeldolgoz\u00f3 r\u00e9sz\u00e9re. Az adatkezel\u0151 \u00e1ltal tov\u00e1bb\u00edtott adatok k\u00f6re az al\u00e1bbi: N\u00e9v, email c\u00edm. Az adatfeldolgoz\u00f3 \u00e1ltal v\u00e9gzett adatfeldolgoz\u00e1si tev\u00e9kenys\u00e9g jellege \u00e9s c\u00e9lja a SimplePay Adatkezel\u00e9si t\u00e1j\u00e9koztat\u00f3ban, az al\u00e1bbi linken tekinthet\u0151 meg: <a href=\"http:\/\/simplepay.hu\/vasarlo-aff\"> http:\/\/simplepay.hu\/vasarlo-aff<\/a><\/p>\n\t\t<\/div>\n\t\t<div id=\"give_show_terms\">\n\t\t\t<a href=\"#\" class=\"give_terms_links give_terms_links-12818\" role=\"button\"\n\t\t\t   aria-controls=\"give_terms\">Show Terms<\/a>\n\t\t\t<a href=\"#\" class=\"give_terms_links give_terms_links-12818\" role=\"button\"\n\t\t\t   aria-controls=\"give_terms\" style=\"display:none;\">Hide Terms<\/a>\n\t\t<\/div>\n\n\t\t<input name=\"give_agree_to_terms\" class=\"required\" type=\"checkbox\"\n\t\t\t   id=\"give_agree_to_terms-12818\" value=\"1\" required aria-required=\"true\"\/>\n\t\t<label for=\"give_agree_to_terms-12818\">Jogi nyilatkozat<\/label>\n\n\t<\/fieldset>\n\t\t<fieldset id=\"give_purchase_submit\" class=\"give-donation-submit\">\n\t\t\t<p id=\"give-final-total-wrap\" class=\"form-wrap \">\n\t\t\t\t<span class=\"give-donation-total-label\">\n\t\t\tDonation Total:\t\t<\/span>\n\t\t<span class=\"give-final-total-amount\"\n\t\t\t  data-total=\"10 000,00\">\n\t\t\t10 000,00&#70;&#116;\t\t<\/span>\n\t\t\t<\/p>\n\t\t<input type=\"hidden\" name=\"give_action\" value=\"purchase\"\/>\n\t<input type=\"hidden\" name=\"give-gateway\" value=\"simple\"\/>\n\t\t<div class=\"give-submit-button-wrap give-clearfix\">\n\t\t<input type=\"submit\" class=\"give-submit give-btn\" id=\"give-purchase-button\" name=\"give-purchase\"\n\t\t\t   value=\"Adom\u00e1nyozok!\" data-before-validation-label=\"Adom\u00e1nyozok!\"\/>\n\t\t<span class=\"give-loading-animation\"><\/span>\n\t<\/div>\n\t\t<\/fieldset>\n\t\n\t<\/div>\n\n\t\t\t\t<\/form>\n\n\t\t\t\n\t<\/div><!--end #give-form-12818-->\n\t\n","protected":false},"excerpt":{"rendered":"<p>A Semmelweis Egyetem Alap\u00edtv\u00e1ny \u00f6r\u00f6mmel fogadja online, bank\u00e1rty\u00e1s t\u00e1mogat\u00e1s\u00e1t! T\u00e1mogat\u00e1s\u00e1t, Etikus Adom\u00e1nygy\u0171jt\u00f3 Szervezetk\u00e9nt mindenkor transzparensen, j\u00f3l k\u00f6vethet\u0151en haszn\u00e1ljuk fel.<br \/>\nK\u00f6sz\u00f6nj\u00fck, hogy \u00d6nt is t\u00e1mogat\u00f3ink k\u00f6z\u00f6tt k\u00f6sz\u00f6nthetj\u00fck!<\/p>\n","protected":false},"author":101255,"featured_media":0,"parent":0,"menu_order":0,"comment_status":"closed","ping_status":"closed","template":"","meta":{"_acf_changed":false,"give_campaign_id":0,"footnotes":""},"categories":[],"tags":[],"class_list":["post-12815","page","type-page","status-publish","hentry"],"acf":[],"campaignId":"","_links":{"self":[{"href":"https:\/\/semmelweis.hu\/alapitvany\/wp-json\/wp\/v2\/pages\/12815","targetHints":{"allow":["GET"]}}],"collection":[{"href":"https:\/\/semmelweis.hu\/alapitvany\/wp-json\/wp\/v2\/pages"}],"about":[{"href":"https:\/\/semmelweis.hu\/alapitvany\/wp-json\/wp\/v2\/types\/page"}],"author":[{"embeddable":true,"href":"https:\/\/semmelweis.hu\/alapitvany\/wp-json\/wp\/v2\/users\/101255"}],"replies":[{"embeddable":true,"href":"https:\/\/semmelweis.hu\/alapitvany\/wp-json\/wp\/v2\/comments?post=12815"}],"version-history":[{"count":2,"href":"https:\/\/semmelweis.hu\/alapitvany\/wp-json\/wp\/v2\/pages\/12815\/revisions"}],"predecessor-version":[{"id":12820,"href":"https:\/\/semmelweis.hu\/alapitvany\/wp-json\/wp\/v2\/pages\/12815\/revisions\/12820"}],"wp:attachment":[{"href":"https:\/\/semmelweis.hu\/alapitvany\/wp-json\/wp\/v2\/media?parent=12815"}],"wp:term":[{"taxonomy":"category","embeddable":true,"href":"https:\/\/semmelweis.hu\/alapitvany\/wp-json\/wp\/v2\/categories?post=12815"},{"taxonomy":"post_tag","embeddable":true,"href":"https:\/\/semmelweis.hu\/alapitvany\/wp-json\/wp\/v2\/tags?post=12815"}],"curies":[{"name":"wp","href":"https:\/\/api.w.org\/{rel}","templated":true}]}}