{"id":12062,"date":"2023-05-01T15:33:09","date_gmt":"2023-05-01T13:33:09","guid":{"rendered":"https:\/\/semmelweis.hu\/alapitvany\/?page_id=12062"},"modified":"2023-05-26T11:27:38","modified_gmt":"2023-05-26T09:27:38","slug":"vegzos-bal-2023","status":"publish","type":"page","link":"https:\/\/semmelweis.hu\/alapitvany\/vegzos-bal-2023\/","title":{"rendered":"V\u00e9gz\u0151s b\u00e1l 2023"},"content":{"rendered":"<p><span style=\"font-size: 1rem\">Kedves V\u00e9gz\u0151s\u00f6k!<br \/>\n<\/span><span style=\"font-size: 1rem\">Kedves Egyetemi Polg\u00e1rok!<\/span><\/p>\n<p>Nagy \u00f6r\u00f6mmel \u00e9rtes\u00edt\u00fcnk titeket, hogy id\u00e9n ism\u00e9t megrendez\u00e9sre ker\u00fcl a Semmelweis V\u00e9gz\u0151s B\u00e1l.<br \/>\nAz esem\u00e9nyre sok szeretettel v\u00e1runk minden kedves v\u00e9gz\u0151s hallgat\u00f3t \u00e9s az \u00fcnnepelni v\u00e1gy\u00f3 bar\u00e1taikat!<br \/>\nInform\u00e1ci\u00f3k a esem\u00e9nyr\u0151l:<br \/>\nHelysz\u00edn: Budai V\u00e1r- Kir\u00e1lyi Lovarda<br \/>\nId\u0151pont: 2023. j\u00fanius 29.<br \/>\nA rendezv\u00e9ny f\u0151v\u00e9dn\u00f6kei Prof. Dr. Merkely B\u00e9la rektor \u00e9s Feket\u00e9n\u00e9 Dr. Szab\u00f3 \u00c9va strat\u00e9giai \u00e9s fejleszt\u00e9si rektorhelyettes.<br \/>\nA hagyom\u00e1nyokhoz h\u00edven az al\u00e1bbi programmal k\u00e9sz\u00fcl\u00fcnk az \u00fcnnepl\u0151knek:<\/p>\n<p>18:00 \u2013 Kapunyit\u00e1s a d\u00edszvacsor\u00e1ra \u00e9rkez\u0151knek \u00e9s k\u00eds\u00e9r\u0151iknek<br \/>\n18:30 \u2013 Megnyit\u00f3 \u00e9s Prof. Dr. Merkely B\u00e9la Rektor \u00dar \u00fcnnepi k\u00f6sz\u00f6nt\u0151je<br \/>\n18:45 \u2013 Hallgat\u00f3i m\u0171sor<br \/>\n19:00 \u2013 D\u00edszvacsora \u00e9l\u0151zen\u00e9s k\u00eds\u00e9rettel<br \/>\n22:00 \u2013 J\u00f3t\u00e9konys\u00e1gi Tombola<br \/>\nAfterparty<\/p>\n<p>A jegyv\u00e1s\u00e1rl\u00e1s az esem\u00e9nyre m\u00e1jus 1. 20.00-kor indul. A link itt az esem\u00e9nyn\u00e9l ker\u00fcl megoszt\u00e1sra. Jegyek korl\u00e1tozott sz\u00e1mban kaphat\u00f3ak.<\/p>\n<p>A v\u00e1s\u00e1rl\u00e1s ut\u00e1n a voucher meg\u00e9rkez\u00e9se egy p\u00e1r napot ig\u00e9nybe vehet, sz\u00edves t\u00fcrelmedet k\u00e9rj\u00fck!<\/p>\n<p>Sok sikert k\u00edv\u00e1nunk az \u00e1llamvizsg\u00e1khoz, \u00e9s szeretettel v\u00e1runk mindenkit rendezv\u00e9ny\u00fcnk\u00f6n!<\/p>\n<p><strong>MINDEN JEGY ELKELT A VACSOR\u00c1RA!<\/p>\n<p>\n<\/strong><\/p>\n","protected":false},"excerpt":{"rendered":"<p>Kedves V\u00e9gz\u0151s\u00f6k! Kedves Egyetemi Polg\u00e1rok! Nagy \u00f6r\u00f6mmel \u00e9rtes\u00edt\u00fcnk titeket, hogy id\u00e9n ism\u00e9t megrendez\u00e9sre ker\u00fcl a Semmelweis V\u00e9gz\u0151s B\u00e1l. Az esem\u00e9nyre sok szeretettel v\u00e1runk minden kedves v\u00e9gz\u0151s hallgat\u00f3t \u00e9s az \u00fcnnepelni v\u00e1gy\u00f3 bar\u00e1taikat! Inform\u00e1ci\u00f3k a esem\u00e9nyr\u0151l: Helysz\u00edn: Budai V\u00e1r- Kir\u00e1lyi Lovarda Id\u0151pont: 2023. j\u00fanius 29. A rendezv\u00e9ny f\u0151v\u00e9dn\u00f6kei Prof. Dr. Merkely B\u00e9la rektor \u00e9s Feket\u00e9n\u00e9 Dr. &hellip;<\/p>\n","protected":false},"author":101495,"featured_media":0,"parent":0,"menu_order":0,"comment_status":"closed","ping_status":"closed","template":"","meta":{"_acf_changed":false,"give_campaign_id":0,"footnotes":""},"categories":[],"tags":[],"class_list":["post-12062","page","type-page","status-publish","hentry"],"acf":[],"campaignId":"","_links":{"self":[{"href":"https:\/\/semmelweis.hu\/alapitvany\/wp-json\/wp\/v2\/pages\/12062","targetHints":{"allow":["GET"]}}],"collection":[{"href":"https:\/\/semmelweis.hu\/alapitvany\/wp-json\/wp\/v2\/pages"}],"about":[{"href":"https:\/\/semmelweis.hu\/alapitvany\/wp-json\/wp\/v2\/types\/page"}],"author":[{"embeddable":true,"href":"https:\/\/semmelweis.hu\/alapitvany\/wp-json\/wp\/v2\/users\/101495"}],"replies":[{"embeddable":true,"href":"https:\/\/semmelweis.hu\/alapitvany\/wp-json\/wp\/v2\/comments?post=12062"}],"version-history":[{"count":5,"href":"https:\/\/semmelweis.hu\/alapitvany\/wp-json\/wp\/v2\/pages\/12062\/revisions"}],"predecessor-version":[{"id":12678,"href":"https:\/\/semmelweis.hu\/alapitvany\/wp-json\/wp\/v2\/pages\/12062\/revisions\/12678"}],"wp:attachment":[{"href":"https:\/\/semmelweis.hu\/alapitvany\/wp-json\/wp\/v2\/media?parent=12062"}],"wp:term":[{"taxonomy":"category","embeddable":true,"href":"https:\/\/semmelweis.hu\/alapitvany\/wp-json\/wp\/v2\/categories?post=12062"},{"taxonomy":"post_tag","embeddable":true,"href":"https:\/\/semmelweis.hu\/alapitvany\/wp-json\/wp\/v2\/tags?post=12062"}],"curies":[{"name":"wp","href":"https:\/\/api.w.org\/{rel}","templated":true}]}}