{"id":11976,"date":"2023-04-24T15:12:01","date_gmt":"2023-04-24T13:12:01","guid":{"rendered":"https:\/\/semmelweis.hu\/alapitvany\/?page_id=11976"},"modified":"2023-10-12T12:47:45","modified_gmt":"2023-10-12T10:47:45","slug":"abschlussball2023","status":"publish","type":"page","link":"https:\/\/semmelweis.hu\/alapitvany\/abschlussball2023\/","title":{"rendered":"ABSCHLUSSBALL 2023"},"content":{"rendered":"<p>Liebe Kommilitoninnen,<\/p>\n<p>f\u00fcr unseren Abschlussball stehen euch insgesamt (inkl. eurer eigenen) 5 Karten zu.<\/p>\n<p>Hier findet ihr die Bezahlm\u00f6glichkeit via simplepay oder Bank\u00fcberweisung.<\/p>\n<p>&nbsp;<\/p>\n<p>Kosten pro Karte: 90\u20ac<\/p>\n<p>&nbsp;<\/p>\n<p>Wenn die Bezahlung eurerseits erfolgt ist, k\u00f6nnen wir das sehen und Haken euch ab. Im Anschluss kriegt ihr dann die Karten ausgeh\u00e4ndigt von uns. (z.B. beim Schriftlichen Staats)<\/p>\n<p>Bitte schreibt in den Betreff Abschluss23German und euren vollst\u00e4ndigen Namen mit der Anzahl der bezahlten Karten.<\/p>\n<p>&nbsp;<\/p>\n<p>Beispiel: Abschluss23German MaxMustermann4\u00a0<\/p>\n<p>Bezahlt: 4 x 90\u20ac = 360\u20ac<\/p>\n<p>&nbsp;<\/p>\n<p>CAVE: falls ihr zu viel bezahlt habt, (z.B., weil ihr dann denkt ihr kriegt mehr Karten\u2026) kann die Stiftung das Geld NICHT zur\u00fcck \u00fcberweisen \u2013 das wird dann leider als Spende f\u00fcr die Stiftung der Semmelweis angerechnet.<\/p>\n<p>Also zahlt bitte nur die Summe eurer Karten (MAXIMAL 5 = 450\u20ac!!!)<\/p>\n<p>&nbsp;<\/p>\n<p>Wir haben noch einige Karten, die wir nach dem ihr die Karten gekauft habt, verlosen.<\/p>\n<p>&nbsp;<\/p>\n<p>Die Karten \/ B\u00e4ndchen f\u00fcr eventuelle Nachz\u00fcgler nach dem Essen (ab 22Uhr) folgen noch.<\/p>\n<p>&nbsp;<\/p>\n<p>Liebe Gr\u00fcsse,<\/p>\n<p>&nbsp;<\/p>\n<p>euer Abschlussball Team &lt;3<\/p>\n<p>&nbsp;<\/p>\n\t<div id=\"give-form-11993-wrap\" class=\"give-form-wrap give-display-onpage\">\n\t\t\t\t\t<form id=\"give-form-11993-1\" class=\"give-form give-form-11993 give-form-type-multi\" action=\"https:\/\/semmelweis.hu\/alapitvany\/wp-json\/wp\/v2\/pages\/11976\/?payment-mode=simple&form-id=11993\" data-id=\"11993-1\" data-currency_symbol=\"&#70;&#116;\" data-currency_code=\"HUF\" data-currency_position=\"after\" data-thousands_separator=\" \" data-decimal_separator=\",\" data-number_decimals=\"2\" method=\"post\">\n\t\t\t\t<!-- The following field is for robots only, invisible to humans: -->\n\t\t\t\t<span class=\"give-hidden\" style=\"display: none !important;\">\n\t\t\t\t\t<label for=\"give-form-honeypot-11993\"><\/label>\n\t\t\t\t\t<input id=\"give-form-honeypot-11993\" type=\"text\" name=\"give-honeypot\"\n\t\t\t\t\t\t   class=\"give-honeypot give-hidden\"\/>\n\t\t\t\t<\/span>\n\n\t\t\t\t\t<input type=\"hidden\" name=\"give-form-id-prefix\" value=\"11993-1\"\/>\n\t<input type=\"hidden\" name=\"give-form-id\" value=\"11993\"\/>\n\t<input type=\"hidden\" name=\"give-form-title\" value=\"ABSCHLUSSBALL - 29\/06\/2024 - Kempinski Hotel Budapest\"\/>\n\t<input type=\"hidden\" name=\"give-current-url\" value=\"https:\/\/semmelweis.hu\/alapitvany\/wp-json\/wp\/v2\/pages\/11976\/\"\/>\n\t<input type=\"hidden\" name=\"give-form-url\" value=\"https:\/\/semmelweis.hu\/alapitvany\/wp-json\/wp\/v2\/pages\/11976\/\"\/>\n\t<input type=\"hidden\"  name=\"give-form-hash\" value=\"1e961424c8\" data-time=\"1776930614\" data-nonce-life=\"86400\" data-donor-session=\"0\"\/><input type=\"hidden\" name=\"give-price-id\" value=\"0\"\/>\t\t<label class=\"give-hidden\" for=\"give-amount\">Donation Amount:<\/label>\n\t\t<input id=\"give-amount\" class=\"give-amount-hidden\" type=\"hidden\" name=\"give-amount\"\n\t\t\t   value=\"58 000,00\" required aria-required=\"true\"\/>\n\t\t<div class=\"set-price give-donation-amount form-row-wide\">\n\t\t\t\t\t\t<span id=\"give-amount-text\" class=\"give-text-input give-amount-top\">58 000,00<\/span>\n\t\t\t<span class=\"give-currency-symbol give-currency-position-after\">&#070;&#116;<\/span>\t\t<\/div>\n\t\t<ul id=\"give-donation-level-radio-list\" class=\"give-donation-levels-wrap\"><li><input type=\"radio\" data-price-id=\"0\" class=\"give-radio-input give-radio-input-level give-radio-level-0 give-default-level\" value=\"58 000,00\" name=\"give-radio-donation-level\" id=\"give-radio-level-0\" checked=\"checked\" data-default=\"1\"><label for=\"give-radio-level-0\">1 Karte<\/label><\/li><li><input type=\"radio\" data-price-id=\"1\" class=\"give-radio-input give-radio-input-level give-radio-level-1\" value=\"116 000,00\" name=\"give-radio-donation-level\" id=\"give-radio-level-1\"  data-default=\"0\"><label for=\"give-radio-level-1\">2 Karten<\/label><\/li><li><input type=\"radio\" data-price-id=\"2\" class=\"give-radio-input give-radio-input-level give-radio-level-2\" value=\"174 000,00\" name=\"give-radio-donation-level\" id=\"give-radio-level-2\"  data-default=\"0\"><label for=\"give-radio-level-2\">3 Karten<\/label><\/li><li><input type=\"radio\" data-price-id=\"3\" class=\"give-radio-input give-radio-input-level give-radio-level-3\" value=\"232 000,00\" name=\"give-radio-donation-level\" id=\"give-radio-level-3\"  data-default=\"0\"><label for=\"give-radio-level-3\">4 Karten<\/label><\/li><li><input type=\"radio\" data-price-id=\"5\" class=\"give-radio-input give-radio-input-level give-radio-level-5\" value=\"290 000,00\" name=\"give-radio-donation-level\" id=\"give-radio-level-5\"  data-default=\"0\"><label for=\"give-radio-level-5\">5 Karten<\/label><\/li><li><input type=\"radio\" data-price-id=\"6\" class=\"give-radio-input give-radio-input-level give-radio-level-6\" value=\"348 000,00\" name=\"give-radio-donation-level\" id=\"give-radio-level-6\"  data-default=\"0\"><label for=\"give-radio-level-6\">6 Karten<\/label><\/li><li><input type=\"radio\" data-price-id=\"7\" class=\"give-radio-input give-radio-input-level give-radio-level-7\" value=\"406 000,00\" name=\"give-radio-donation-level\" id=\"give-radio-level-7\"  data-default=\"0\"><label for=\"give-radio-level-7\">7 Karten<\/label><\/li><li><input type=\"radio\" data-price-id=\"8\" class=\"give-radio-input give-radio-input-level give-radio-level-8\" value=\"464 000,00\" name=\"give-radio-donation-level\" id=\"give-radio-level-8\"  data-default=\"0\"><label for=\"give-radio-level-8\">8 Karten<\/label><\/li><li><input type=\"radio\" data-price-id=\"9\" class=\"give-radio-input give-radio-input-level give-radio-level-9\" value=\"522 000,00\" name=\"give-radio-donation-level\" id=\"give-radio-level-9\"  data-default=\"0\"><label for=\"give-radio-level-9\">9 Karten<\/label><\/li><li><input type=\"radio\" data-price-id=\"10\" class=\"give-radio-input give-radio-input-level give-radio-level-10\" value=\"580 000,00\" name=\"give-radio-donation-level\" id=\"give-radio-level-10\"  data-default=\"0\"><label for=\"give-radio-level-10\">10 Karten<\/label><\/li><\/ul>\n\t<fieldset id=\"give-payment-mode-select\" style=\"display: none;\">\n\t\t\t\t<legend\n\t\t\tclass=\"give-payment-mode-label\">Select Payment Method\t\t\t<span class=\"give-loading-text\"><span\n\t\t\t\t\tclass=\"give-loading-animation\"><\/span>\n\t\t\t<\/span>\n\t\t<\/legend>\n\n\t\t<div id=\"give-payment-mode-wrap\">\n\t\t\t\t\t\t<ul id=\"give-gateway-radio-list\">\n\t\t\t\t\t\t\t\t\t\t<li class=\"give-gateway-option-selected\">\n\t\t\t\t\t\t\t<input type=\"radio\" name=\"payment-mode\" class=\"give-gateway\"\n\t\t\t\t\t\t\t\t   id=\"give-gateway-simple-11993-1\"\n\t\t\t\t\t\t\t\t   value=\"simple\" checked='checked'>\n\t\t\t\t\t\t\t<label for=\"give-gateway-simple-11993-1\"\n\t\t\t\t\t\t\t\t   class=\"give-gateway-option\"\n\t\t\t\t\t\t\t\t   id=\"give-gateway-option-simple\"> Bankk\u00e1rty\u00e1s fizet\u00e9s<\/label>\n\t\t\t\t\t\t<\/li>\n\t\t\t\t\t\t\t\t\t<\/ul>\n\t\t\t\t\t<\/div>\n\t\t\t<\/fieldset>\n\n\t\n\t<div id=\"give_purchase_form_wrap\">\n\n\t\t\t<fieldset id=\"give_checkout_user_info\" class=\"\">\n\t\t<legend>\n\t\t\tPersonal Info\t\t<\/legend>\n\n\t\t\n        <p id=\"give-first-name-wrap\" class=\"form-row form-row-first form-row-responsive\">\n            <label class=\"give-label\" for=\"give-first\">\n                First Name                                    <span class=\"give-required-indicator\">*<\/span>\n                                <span class=\"give-tooltip hint--top hint--medium hint--bounce\" aria-label=\"First Name is used to personalize your donation record.\" rel=\"tooltip\"><i class=\"give-icon give-icon-question\"><\/i><\/span>            <\/label>\n            <input\n                class=\"give-input required\"\n                type=\"text\"\n                name=\"give_first\"\n                autocomplete=\"given-name\"\n                placeholder=\"First Name\"\n                id=\"give-first\"\n                value=\"\"\n                 required aria-required=\"true\"             \/>\n        <\/p>\n\n        <p id=\"give-last-name-wrap\" class=\"form-row form-row-last form-row-responsive\">\n            <label class=\"give-label\" for=\"give-last\">\n                Last Name                                    <span class=\"give-required-indicator\">*<\/span>\n                                <span class=\"give-tooltip hint--top hint--medium hint--bounce\" aria-label=\"Last Name is used to personalize your donation record.\" rel=\"tooltip\"><i class=\"give-icon give-icon-question\"><\/i><\/span>            <\/label>\n\n            <input\n                class=\"give-input required\"\n                type=\"text\"\n                name=\"give_last\"\n                autocomplete=\"family-name\"\n                id=\"give-last\"\n                placeholder=\"Last Name\"\n                value=\"\"\n                 required aria-required=\"true\"             \/>\n        <\/p>\n\n        \n                <p id=\"give-email-wrap\" class=\"form-row form-row-wide\">\n            <label class=\"give-label\" for=\"give-email\">\n                Email Address                                    <span class=\"give-required-indicator\">*<\/span>\n                                    <span class=\"give-tooltip hint--top hint--medium hint--bounce\" aria-label=\"We will send the donation receipt to this address.\" rel=\"tooltip\"><i class=\"give-icon give-icon-question\"><\/i><\/span>            <\/label>\n            <input\n                class=\"give-input required\"\n                type=\"email\"\n                name=\"give_email\"\n                autocomplete=\"email\"\n                placeholder=\"Email Address\"\n                id=\"give-email\"\n                value=\"\"\n                 required aria-required=\"true\"             \/>\n\n        <\/p>\n\n        \n\t\t\t\t\t<p id=\"give-comment-wrap\" class=\"form-row form-row-wide\">\n\t\t\t\t<label class=\"give-label\" for=\"give-comment\">\n\t\t\t\t\tComment\t\t\t\t\t\t\t\t\t\t<span class=\"give-tooltip hint--top hint--medium hint--bounce\" aria-label=\"Would you like to add a comment to this donation?\" rel=\"tooltip\"><i class=\"give-icon give-icon-question\"><\/i><\/span>\t\t\t\t<\/label>\n\n\t\t\t\t<textarea\n\t\t\t\t\tclass=\"give-input\"\n\t\t\t\t\tname=\"give_comment\"\n\t\t\t\t\tplaceholder=\"Leave a comment\"\n\t\t\t\t\tid=\"give-comment\"\n\t\t\t\t\t\t\t\t\t><\/textarea>\n\n\t\t\t<\/p>\n\t\t\t\t\t<\/fieldset>\n\t\t<fieldset id=\"give_terms_agreement\">\n\t\t<legend>Terms<\/legend>\n\t\t<div id=\"give_terms\" class=\"give_terms-11993\" style=\"display:none;\">\n\t\t\t<p class=\"x_MsoNormal\"><span lang=\"DE\">Ich nehme zur Kenntnis, dass die folgenden personenbezogenen Daten, die von der Stiftung der Semmelweis Universit\u00e4t (Semmelweis Egyetem Alap\u00edtv\u00e1ny, 1085 Budapest, \u00dcll\u0151i \u00fat 26) in der Benutzerdatenbank von\u00a0<a href=\"https:\/\/semmelweis.hu\/alapitvany\/\">https:\/\/semmelweis.hu\/alapitvany\/<\/a>\u00a0 gespeichert werden, an die OTP Mobil Kft. als Datenverarbeiter \u00fcbermittelt werden: Name, E-Mail-Adresse. Die Art und der Zweck der vom Datenverarbeiter durchgef\u00fchrten Datenverarbeitungst\u00e4tigkeiten sind in den Datenverarbeitungsregelungen von SimplePay unter dem folgenden Link zu finden:\u00a0<a href=\"http:\/\/simplepay.hu\/vasarlo-aff\">http:\/\/simplepay.hu\/vasarlo-aff<\/a><\/span><\/p>\n<p class=\"x_MsoNormal\">Ich habe die obigen Datenschutzbedingungen durchgelesen und akzeptiere sie hiermit.<\/p>\n\t\t<\/div>\n\t\t<div id=\"give_show_terms\">\n\t\t\t<a href=\"#\" class=\"give_terms_links give_terms_links-11993\" role=\"button\"\n\t\t\t   aria-controls=\"give_terms\">Show Terms<\/a>\n\t\t\t<a href=\"#\" class=\"give_terms_links give_terms_links-11993\" role=\"button\"\n\t\t\t   aria-controls=\"give_terms\" style=\"display:none;\">Hide Terms<\/a>\n\t\t<\/div>\n\n\t\t<input name=\"give_agree_to_terms\" class=\"required\" type=\"checkbox\"\n\t\t\t   id=\"give_agree_to_terms-11993\" value=\"1\" required aria-required=\"true\"\/>\n\t\t<label for=\"give_agree_to_terms-11993\">Datenschutzbedingungen akzeptieren<\/label>\n\n\t<\/fieldset>\n\t\t<fieldset id=\"give_purchase_submit\" class=\"give-donation-submit\">\n\t\t\t<p id=\"give-final-total-wrap\" class=\"form-wrap \">\n\t\t\t\t<span class=\"give-donation-total-label\">\n\t\t\tDonation Total:\t\t<\/span>\n\t\t<span class=\"give-final-total-amount\"\n\t\t\t  data-total=\"58 000,00\">\n\t\t\t58 000,00&#70;&#116;\t\t<\/span>\n\t\t\t<\/p>\n\t\t<input type=\"hidden\" name=\"give_action\" value=\"purchase\"\/>\n\t<input type=\"hidden\" name=\"give-gateway\" value=\"simple\"\/>\n\t\t<div class=\"give-submit-button-wrap give-clearfix\">\n\t\t<input type=\"submit\" class=\"give-submit give-btn\" id=\"give-purchase-button\" name=\"give-purchase\"\n\t\t\t   value=\"Zahlen\" data-before-validation-label=\"Zahlen\"\/>\n\t\t<span class=\"give-loading-animation\"><\/span>\n\t<\/div>\n\t\t<\/fieldset>\n\t\n\t<\/div>\n\n\t\t\t\t<\/form>\n\n\t\t\t\n\t<\/div><!--end #give-form-11993-->\n\t\n","protected":false},"excerpt":{"rendered":"<p>Liebe Kommilitoninnen, f\u00fcr unseren Abschlussball stehen euch insgesamt (inkl. eurer eigenen) 5 Karten zu. Hier findet ihr die Bezahlm\u00f6glichkeit via simplepay oder Bank\u00fcberweisung. &nbsp; Kosten pro Karte: 90\u20ac &nbsp; Wenn die Bezahlung eurerseits erfolgt ist, k\u00f6nnen wir das sehen und Haken euch ab. Im Anschluss kriegt ihr dann die Karten ausgeh\u00e4ndigt von uns. (z.B. beim &hellip;<\/p>\n","protected":false},"author":101495,"featured_media":0,"parent":0,"menu_order":11,"comment_status":"closed","ping_status":"closed","template":"","meta":{"_acf_changed":false,"give_campaign_id":0,"footnotes":""},"categories":[],"tags":[],"class_list":["post-11976","page","type-page","status-publish","hentry"],"acf":[],"campaignId":"","_links":{"self":[{"href":"https:\/\/semmelweis.hu\/alapitvany\/wp-json\/wp\/v2\/pages\/11976","targetHints":{"allow":["GET"]}}],"collection":[{"href":"https:\/\/semmelweis.hu\/alapitvany\/wp-json\/wp\/v2\/pages"}],"about":[{"href":"https:\/\/semmelweis.hu\/alapitvany\/wp-json\/wp\/v2\/types\/page"}],"author":[{"embeddable":true,"href":"https:\/\/semmelweis.hu\/alapitvany\/wp-json\/wp\/v2\/users\/101495"}],"replies":[{"embeddable":true,"href":"https:\/\/semmelweis.hu\/alapitvany\/wp-json\/wp\/v2\/comments?post=11976"}],"version-history":[{"count":3,"href":"https:\/\/semmelweis.hu\/alapitvany\/wp-json\/wp\/v2\/pages\/11976\/revisions"}],"predecessor-version":[{"id":11996,"href":"https:\/\/semmelweis.hu\/alapitvany\/wp-json\/wp\/v2\/pages\/11976\/revisions\/11996"}],"wp:attachment":[{"href":"https:\/\/semmelweis.hu\/alapitvany\/wp-json\/wp\/v2\/media?parent=11976"}],"wp:term":[{"taxonomy":"category","embeddable":true,"href":"https:\/\/semmelweis.hu\/alapitvany\/wp-json\/wp\/v2\/categories?post=11976"},{"taxonomy":"post_tag","embeddable":true,"href":"https:\/\/semmelweis.hu\/alapitvany\/wp-json\/wp\/v2\/tags?post=11976"}],"curies":[{"name":"wp","href":"https:\/\/api.w.org\/{rel}","templated":true}]}}