{"id":11756,"date":"2023-02-14T11:08:06","date_gmt":"2023-02-14T10:08:06","guid":{"rendered":"https:\/\/semmelweis.hu\/alapitvany\/?page_id=11756"},"modified":"2023-02-14T11:08:06","modified_gmt":"2023-02-14T10:08:06","slug":"penzugyi-ellenorzeseink","status":"publish","type":"page","link":"https:\/\/semmelweis.hu\/alapitvany\/az-alapitvanyrol\/alapitvanyi-dokumentumok\/penzugyi-ellenorzeseink\/","title":{"rendered":"P\u00e9nz\u00fcgyi ellen\u0151rz\u00e9seink"},"content":{"rendered":"<p>A szervezet gazd\u00e1lkod\u00e1s\u00e1t az Alap\u00edtv\u00e1ny Kurat\u00f3riuma, valamint Fel\u00fcgyel\u0151bizotts\u00e1ga, illetve az Alap\u00edtv\u00e1ny \u00e1ltal megb\u00edzott f\u00fcggetlen k\u00f6nyvvizsg\u00e1l\u00f3 ellen\u0151rzi. Az Alap\u00edtv\u00e1ny irataiba (kiv\u00e9ve a szem\u00e9lyes adatokat tartalmaz\u00f3 vagy egy\u00e9b ok miatt nem publikus iratokat) b\u00e1rki betekinthet el\u0151zetes egyeztet\u00e9st k\u00f6vet\u0151en a Semmelweis Egyetem Alap\u00edtv\u00e1ny irod\u00e1j\u00e1ban.<\/p>\n","protected":false},"excerpt":{"rendered":"<p>A szervezet gazd\u00e1lkod\u00e1s\u00e1t az Alap\u00edtv\u00e1ny Kurat\u00f3riuma, valamint Fel\u00fcgyel\u0151bizotts\u00e1ga, illetve az Alap\u00edtv\u00e1ny \u00e1ltal megb\u00edzott f\u00fcggetlen k\u00f6nyvvizsg\u00e1l\u00f3 ellen\u0151rzi. Az Alap\u00edtv\u00e1ny irataiba (kiv\u00e9ve a szem\u00e9lyes adatokat tartalmaz\u00f3 vagy egy\u00e9b ok miatt nem publikus iratokat) b\u00e1rki betekinthet el\u0151zetes egyeztet\u00e9st k\u00f6vet\u0151en a Semmelweis Egyetem Alap\u00edtv\u00e1ny irod\u00e1j\u00e1ban.<\/p>\n","protected":false},"author":101255,"featured_media":0,"parent":11709,"menu_order":0,"comment_status":"closed","ping_status":"closed","template":"","meta":{"_acf_changed":false,"give_campaign_id":0,"footnotes":""},"categories":[],"tags":[],"class_list":["post-11756","page","type-page","status-publish","hentry"],"acf":[],"campaignId":"","_links":{"self":[{"href":"https:\/\/semmelweis.hu\/alapitvany\/wp-json\/wp\/v2\/pages\/11756","targetHints":{"allow":["GET"]}}],"collection":[{"href":"https:\/\/semmelweis.hu\/alapitvany\/wp-json\/wp\/v2\/pages"}],"about":[{"href":"https:\/\/semmelweis.hu\/alapitvany\/wp-json\/wp\/v2\/types\/page"}],"author":[{"embeddable":true,"href":"https:\/\/semmelweis.hu\/alapitvany\/wp-json\/wp\/v2\/users\/101255"}],"replies":[{"embeddable":true,"href":"https:\/\/semmelweis.hu\/alapitvany\/wp-json\/wp\/v2\/comments?post=11756"}],"version-history":[{"count":1,"href":"https:\/\/semmelweis.hu\/alapitvany\/wp-json\/wp\/v2\/pages\/11756\/revisions"}],"predecessor-version":[{"id":11757,"href":"https:\/\/semmelweis.hu\/alapitvany\/wp-json\/wp\/v2\/pages\/11756\/revisions\/11757"}],"up":[{"embeddable":true,"href":"https:\/\/semmelweis.hu\/alapitvany\/wp-json\/wp\/v2\/pages\/11709"}],"wp:attachment":[{"href":"https:\/\/semmelweis.hu\/alapitvany\/wp-json\/wp\/v2\/media?parent=11756"}],"wp:term":[{"taxonomy":"category","embeddable":true,"href":"https:\/\/semmelweis.hu\/alapitvany\/wp-json\/wp\/v2\/categories?post=11756"},{"taxonomy":"post_tag","embeddable":true,"href":"https:\/\/semmelweis.hu\/alapitvany\/wp-json\/wp\/v2\/tags?post=11756"}],"curies":[{"name":"wp","href":"https:\/\/api.w.org\/{rel}","templated":true}]}}