{"id":11750,"date":"2023-02-14T10:47:10","date_gmt":"2023-02-14T09:47:10","guid":{"rendered":"https:\/\/semmelweis.hu\/alapitvany\/?page_id=11750"},"modified":"2025-06-25T13:20:22","modified_gmt":"2025-06-25T11:20:22","slug":"kozgyulesi-meghivo","status":"publish","type":"page","link":"https:\/\/semmelweis.hu\/alapitvany\/az-alapitvanyrol\/alapitvanyi-dokumentumok\/kozgyulesi-meghivo\/","title":{"rendered":"K\u00f6zgy\u0171l\u00e9si megh\u00edv\u00f3"},"content":{"rendered":"<p><strong>Az Alap\u00edtv\u00e1ny soron k\u00f6vetkez\u0151, vagy ennek hi\u00e1ny\u00e1ban a legut\u00f3bbi, illetve azt megel\u0151z\u0151 k\u00f6zgy\u0171l\u00e9s\u00e9nek megh\u00edv\u00f3i:<\/strong><\/p>\n<p>2024. december 4. &#8211; <a href=\"https:\/\/semmelweis.hu\/alapitvany\/files\/2025\/06\/Kuratoriumi-meghivo-elektronikus-szavazas_20241204.pdf\" target=\"_blank\" rel=\"noopener\">megh\u00edv\u00f3<\/a><\/p>\n<p>2024. november 21. &#8211; <a href=\"https:\/\/semmelweis.hu\/alapitvany\/files\/2025\/06\/Kuratoriumi-ules-meghivo_20241121.pdf\" target=\"_blank\" rel=\"noopener\">megh\u00edv\u00f3<\/a><\/p>\n<p>2023. febru\u00e1r 10. &#8211; <a href=\"https:\/\/semmelweis.hu\/alapitvany\/files\/2023\/02\/kgymegh-230210.pdf\" target=\"_blank\" rel=\"noopener\">megh\u00edv\u00f3<\/a><\/p>\n<p>2023. janu\u00e1r 18. &#8211; <a href=\"https:\/\/semmelweis.hu\/alapitvany\/files\/2023\/02\/kgymegh-230210.pdf\" target=\"_blank\" rel=\"noopener\">megh\u00edv\u00f3<\/a><\/p>\n<p>&nbsp;<\/p>\n<div class=\"fontos_div\">\n<p><strong>Nyilv\u00e1noss\u00e1g hozz\u00e1f\u00e9r\u00e9s\u00e9nek biztos\u00edt\u00e1sa<\/strong><\/p>\n<p>Felh\u00edvjuk a figyelm\u00fcket, hogy a nyilv\u00e1noss\u00e1g hozz\u00e1f\u00e9r\u00e9s\u00e9nek \u00e9rdek\u00e9ben a Semmelweis Egyetem Alap\u00edtv\u00e1ny kurat\u00f3rium\u00e1nak el\u0151re jelzett nem szem\u00e9lyes jelenl\u00e9ttel (online) megtartott \u00fcl\u00e9sein el\u0151zetes regisztr\u00e1ci\u00f3 ut\u00e1n az \u00e9rdekl\u0151d\u0151knek r\u00e9szv\u00e9teli lehet\u0151s\u00e9get biztos\u00edtunk.<\/p>\n<p>K\u00e9rj\u00fck, hogy r\u00e9szv\u00e9teli ig\u00e9ny\u00e9t a kurat\u00f3riumi \u00fcl\u00e9st megel\u0151z\u0151 10 munkanap hat\u00e1rid\u00f3ig el\u0151zetesen jelezze az alapitvany@semmelweis.hu e-mail c\u00edm\u00e9t.\u00a0<\/p>\n<\/div>\n","protected":false},"excerpt":{"rendered":"<p>Az Alap\u00edtv\u00e1ny soron k\u00f6vetkez\u0151, vagy ennek hi\u00e1ny\u00e1ban a legut\u00f3bbi, illetve azt megel\u0151z\u0151 k\u00f6zgy\u0171l\u00e9s\u00e9nek megh\u00edv\u00f3i: 2024. december 4. &#8211; <a href=\"https:\/\/semmelweis.hu\/alapitvany\/files\/2025\/06\/Kuratoriumi-meghivo-elektronikus-szavazas_20241204.pdf\" target=\"_blank\" rel=\"noopener\">megh\u00edv\u00f3<\/a> 2024. november 21. &#8211; <a href=\"https:\/\/semmelweis.hu\/alapitvany\/files\/2025\/06\/Kuratoriumi-ules-meghivo_20241121.pdf\" target=\"_blank\" rel=\"noopener\">megh\u00edv\u00f3<\/a> 2023. febru\u00e1r 10. &#8211; <a href=\"https:\/\/semmelweis.hu\/alapitvany\/files\/2023\/02\/kgymegh-230210.pdf\" target=\"_blank\" rel=\"noopener\">megh\u00edv\u00f3<\/a> 2023. janu\u00e1r 18. &#8211; <a href=\"https:\/\/semmelweis.hu\/alapitvany\/files\/2023\/02\/kgymegh-230210.pdf\" target=\"_blank\" rel=\"noopener\">megh\u00edv\u00f3<\/a> &nbsp; Nyilv\u00e1noss\u00e1g hozz\u00e1f\u00e9r\u00e9s\u00e9nek biztos\u00edt\u00e1sa Felh\u00edvjuk a figyelm\u00fcket, hogy a nyilv\u00e1noss\u00e1g hozz\u00e1f\u00e9r\u00e9s\u00e9nek \u00e9rdek\u00e9ben a Semmelweis Egyetem Alap\u00edtv\u00e1ny kurat\u00f3rium\u00e1nak el\u0151re jelzett nem szem\u00e9lyes jelenl\u00e9ttel (online) megtartott \u00fcl\u00e9sein &hellip;<\/p>\n","protected":false},"author":101255,"featured_media":0,"parent":11709,"menu_order":0,"comment_status":"closed","ping_status":"closed","template":"","meta":{"_acf_changed":false,"give_campaign_id":0,"footnotes":""},"categories":[],"tags":[],"class_list":["post-11750","page","type-page","status-publish","hentry"],"acf":[],"campaignId":"","_links":{"self":[{"href":"https:\/\/semmelweis.hu\/alapitvany\/wp-json\/wp\/v2\/pages\/11750","targetHints":{"allow":["GET"]}}],"collection":[{"href":"https:\/\/semmelweis.hu\/alapitvany\/wp-json\/wp\/v2\/pages"}],"about":[{"href":"https:\/\/semmelweis.hu\/alapitvany\/wp-json\/wp\/v2\/types\/page"}],"author":[{"embeddable":true,"href":"https:\/\/semmelweis.hu\/alapitvany\/wp-json\/wp\/v2\/users\/101255"}],"replies":[{"embeddable":true,"href":"https:\/\/semmelweis.hu\/alapitvany\/wp-json\/wp\/v2\/comments?post=11750"}],"version-history":[{"count":4,"href":"https:\/\/semmelweis.hu\/alapitvany\/wp-json\/wp\/v2\/pages\/11750\/revisions"}],"predecessor-version":[{"id":16265,"href":"https:\/\/semmelweis.hu\/alapitvany\/wp-json\/wp\/v2\/pages\/11750\/revisions\/16265"}],"up":[{"embeddable":true,"href":"https:\/\/semmelweis.hu\/alapitvany\/wp-json\/wp\/v2\/pages\/11709"}],"wp:attachment":[{"href":"https:\/\/semmelweis.hu\/alapitvany\/wp-json\/wp\/v2\/media?parent=11750"}],"wp:term":[{"taxonomy":"category","embeddable":true,"href":"https:\/\/semmelweis.hu\/alapitvany\/wp-json\/wp\/v2\/categories?post=11750"},{"taxonomy":"post_tag","embeddable":true,"href":"https:\/\/semmelweis.hu\/alapitvany\/wp-json\/wp\/v2\/tags?post=11750"}],"curies":[{"name":"wp","href":"https:\/\/api.w.org\/{rel}","templated":true}]}}