{"id":11747,"date":"2023-02-14T10:15:17","date_gmt":"2023-02-14T09:15:17","guid":{"rendered":"https:\/\/semmelweis.hu\/alapitvany\/?page_id=11747"},"modified":"2023-02-14T10:15:17","modified_gmt":"2023-02-14T09:15:17","slug":"iratbetekintesi-lehetosegek","status":"publish","type":"page","link":"https:\/\/semmelweis.hu\/alapitvany\/az-alapitvanyrol\/alapitvanyi-dokumentumok\/iratbetekintesi-lehetosegek\/","title":{"rendered":"Iratbetekint\u00e9si lehet\u0151s\u00e9gek"},"content":{"rendered":"<p>A szervezet irataiba &#8211; kiv\u00e9tel ezek al\u00f3l azok az iratok, amelyek az Egyes\u00fclet GDPR ir\u00e1nyelvei, vagy egy\u00e9b okok miatt nem publikusak &#8211; b\u00e1rki betekinthet el\u0151zetes egyeztet\u00e9s ut\u00e1n a Semmelweis Egyetem Alap\u00edtv\u00e1ny irod\u00e1j\u00e1ban.<\/p>\n<p><strong>Id\u0151pontegyeztet\u00e9s, inform\u00e1ci\u00f3:<\/strong> alapitvany@semmelweis-univ.hu<\/p>\n","protected":false},"excerpt":{"rendered":"<p>A szervezet irataiba &#8211; kiv\u00e9tel ezek al\u00f3l azok az iratok, amelyek az Egyes\u00fclet GDPR ir\u00e1nyelvei, vagy egy\u00e9b okok miatt nem publikusak &#8211; b\u00e1rki betekinthet el\u0151zetes egyeztet\u00e9s ut\u00e1n a Semmelweis Egyetem Alap\u00edtv\u00e1ny irod\u00e1j\u00e1ban.<br \/>\nId\u0151pontegyeztet\u00e9s, inform\u00e1ci\u00f3: alapitvany@semmelweis-univ.hu<\/p>\n","protected":false},"author":101255,"featured_media":0,"parent":11709,"menu_order":0,"comment_status":"closed","ping_status":"closed","template":"","meta":{"_acf_changed":false,"give_campaign_id":0,"footnotes":""},"categories":[],"tags":[],"class_list":["post-11747","page","type-page","status-publish","hentry"],"acf":[],"campaignId":"","_links":{"self":[{"href":"https:\/\/semmelweis.hu\/alapitvany\/wp-json\/wp\/v2\/pages\/11747","targetHints":{"allow":["GET"]}}],"collection":[{"href":"https:\/\/semmelweis.hu\/alapitvany\/wp-json\/wp\/v2\/pages"}],"about":[{"href":"https:\/\/semmelweis.hu\/alapitvany\/wp-json\/wp\/v2\/types\/page"}],"author":[{"embeddable":true,"href":"https:\/\/semmelweis.hu\/alapitvany\/wp-json\/wp\/v2\/users\/101255"}],"replies":[{"embeddable":true,"href":"https:\/\/semmelweis.hu\/alapitvany\/wp-json\/wp\/v2\/comments?post=11747"}],"version-history":[{"count":1,"href":"https:\/\/semmelweis.hu\/alapitvany\/wp-json\/wp\/v2\/pages\/11747\/revisions"}],"predecessor-version":[{"id":11748,"href":"https:\/\/semmelweis.hu\/alapitvany\/wp-json\/wp\/v2\/pages\/11747\/revisions\/11748"}],"up":[{"embeddable":true,"href":"https:\/\/semmelweis.hu\/alapitvany\/wp-json\/wp\/v2\/pages\/11709"}],"wp:attachment":[{"href":"https:\/\/semmelweis.hu\/alapitvany\/wp-json\/wp\/v2\/media?parent=11747"}],"wp:term":[{"taxonomy":"category","embeddable":true,"href":"https:\/\/semmelweis.hu\/alapitvany\/wp-json\/wp\/v2\/categories?post=11747"},{"taxonomy":"post_tag","embeddable":true,"href":"https:\/\/semmelweis.hu\/alapitvany\/wp-json\/wp\/v2\/tags?post=11747"}],"curies":[{"name":"wp","href":"https:\/\/api.w.org\/{rel}","templated":true}]}}