{"id":11730,"date":"2023-02-13T11:58:58","date_gmt":"2023-02-13T10:58:58","guid":{"rendered":"https:\/\/semmelweis.hu\/alapitvany\/?page_id=11730"},"modified":"2024-07-18T17:34:14","modified_gmt":"2024-07-18T15:34:14","slug":"alapito-okirat-2","status":"publish","type":"page","link":"https:\/\/semmelweis.hu\/alapitvany\/az-alapitvanyrol\/alapitvanyi-dokumentumok\/alapito-okirat-2\/","title":{"rendered":"Alap\u00edt\u00f3 okirat"},"content":{"rendered":"<p>Ez\u00faton t\u00e1j\u00e9koztatjuk az \u00e9rdek\u0151d\u0151ket, hogy a Semmelweis Egyetem Alap\u00edtv\u00e1ny alap\u00edt\u00f3 okirat\u00e1nak m\u00f3dos\u00edt\u00e1sa jelenleg folyamatban van. A m\u00f3dos\u00edt\u00e1s \u00e9rinti a l\u00e9trehozott Fel\u00fcgyel\u0151bizotts\u00e1g tags\u00e1g\u00e1nak k\u00f6r\u00e9t, melyet a Kurat\u00f3rium 4\/2023. (III.3.) sz\u00e1m\u00fa kurat\u00f3riumi hat\u00e1rozat\u00e1val eg\u00e9sz\u00edtett\u00fcnk ki. A m\u00f3dos\u00edt\u00e1st is tartalmaz\u00f3 beadv\u00e1ny munkap\u00e9ld\u00e1nya <a href=\"https:\/\/semmelweis.hu\/alapitvany\/files\/2024\/07\/3_hatarozati-javaslathoz_alapito-okirat_mod_egys_szerkezetben-1.pdf\" target=\"_blank\" rel=\"noopener\">ezen a linken<\/a> tekinthet\u0151 meg.<\/p>\n<p><embed src=\"https:\/\/semmelweis.hu\/alapitvany\/files\/2023\/02\/alapito-okirat-1.pdf\" width=\"865\" height=\"865\"><\/embed><\/p>\n","protected":false},"excerpt":{"rendered":"<p>Ez\u00faton t\u00e1j\u00e9koztatjuk az \u00e9rdek\u0151d\u0151ket, hogy a Semmelweis Egyetem Alap\u00edtv\u00e1ny alap\u00edt\u00f3 okirat\u00e1nak m\u00f3dos\u00edt\u00e1sa jelenleg folyamatban van. A m\u00f3dos\u00edt\u00e1s \u00e9rinti a l\u00e9trehozott Fel\u00fcgyel\u0151bizotts\u00e1g tags\u00e1g\u00e1nak k\u00f6r\u00e9t, melyet a Kurat\u00f3rium 4\/2023. (III.3.) sz\u00e1m\u00fa kurat\u00f3riumi hat\u00e1rozat\u00e1val eg\u00e9sz\u00edtett\u00fcnk ki. A m\u00f3dos\u00edt\u00e1st is tartalmaz\u00f3 beadv\u00e1ny munkap\u00e9ld\u00e1nya <a href=\"https:\/\/semmelweis.hu\/alapitvany\/files\/2024\/07\/3_hatarozati-javaslathoz_alapito-okirat_mod_egys_szerkezetben-1.pdf\" target=\"_blank\" rel=\"noopener\">ezen a linken<\/a> tekinthet\u0151 meg.<\/p>\n","protected":false},"author":101255,"featured_media":0,"parent":11709,"menu_order":0,"comment_status":"closed","ping_status":"closed","template":"","meta":{"_acf_changed":false,"give_campaign_id":0,"footnotes":""},"categories":[],"tags":[],"class_list":["post-11730","page","type-page","status-publish","hentry"],"acf":[],"campaignId":"","_links":{"self":[{"href":"https:\/\/semmelweis.hu\/alapitvany\/wp-json\/wp\/v2\/pages\/11730","targetHints":{"allow":["GET"]}}],"collection":[{"href":"https:\/\/semmelweis.hu\/alapitvany\/wp-json\/wp\/v2\/pages"}],"about":[{"href":"https:\/\/semmelweis.hu\/alapitvany\/wp-json\/wp\/v2\/types\/page"}],"author":[{"embeddable":true,"href":"https:\/\/semmelweis.hu\/alapitvany\/wp-json\/wp\/v2\/users\/101255"}],"replies":[{"embeddable":true,"href":"https:\/\/semmelweis.hu\/alapitvany\/wp-json\/wp\/v2\/comments?post=11730"}],"version-history":[{"count":3,"href":"https:\/\/semmelweis.hu\/alapitvany\/wp-json\/wp\/v2\/pages\/11730\/revisions"}],"predecessor-version":[{"id":14984,"href":"https:\/\/semmelweis.hu\/alapitvany\/wp-json\/wp\/v2\/pages\/11730\/revisions\/14984"}],"up":[{"embeddable":true,"href":"https:\/\/semmelweis.hu\/alapitvany\/wp-json\/wp\/v2\/pages\/11709"}],"wp:attachment":[{"href":"https:\/\/semmelweis.hu\/alapitvany\/wp-json\/wp\/v2\/media?parent=11730"}],"wp:term":[{"taxonomy":"category","embeddable":true,"href":"https:\/\/semmelweis.hu\/alapitvany\/wp-json\/wp\/v2\/categories?post=11730"},{"taxonomy":"post_tag","embeddable":true,"href":"https:\/\/semmelweis.hu\/alapitvany\/wp-json\/wp\/v2\/tags?post=11730"}],"curies":[{"name":"wp","href":"https:\/\/api.w.org\/{rel}","templated":true}]}}