{"id":11718,"date":"2023-02-13T11:23:38","date_gmt":"2023-02-13T10:23:38","guid":{"rendered":"https:\/\/semmelweis.hu\/alapitvany\/?page_id=11718"},"modified":"2023-02-13T11:23:38","modified_gmt":"2023-02-13T10:23:38","slug":"ado-1-felhasznalas","status":"publish","type":"page","link":"https:\/\/semmelweis.hu\/alapitvany\/az-alapitvanyrol\/alapitvanyi-dokumentumok\/ado-1-felhasznalas\/","title":{"rendered":"Ad\u00f3 1% felhaszn\u00e1l\u00e1s"},"content":{"rendered":"<p>Az al\u00e1bbiakban \u00e9venk\u00e9nt lebontva tal\u00e1lhat\u00f3k a Semmelweis Egyetem Alap\u00edtv\u00e1ny ad\u00f3 1% felhaszn\u00e1l\u00e1s\u00e1r\u00f3l sz\u00f3l\u00f3 jelent\u00e9sek<\/p>\n<p><a href=\"https:\/\/semmelweis.hu\/alapitvany\/files\/2023\/02\/2020KOZ.pdf\" target=\"_blank\" rel=\"noopener\">2020KOZ KSH jelent\u00e9s<\/a><\/p>\n","protected":false},"excerpt":{"rendered":"<p>Az al\u00e1bbiakban \u00e9venk\u00e9nt lebontva tal\u00e1lhat\u00f3k a Semmelweis Egyetem Alap\u00edtv\u00e1ny ad\u00f3 1% felhaszn\u00e1l\u00e1s\u00e1r\u00f3l sz\u00f3l\u00f3 jelent\u00e9sek<br \/>\n<a href=\"https:\/\/semmelweis.hu\/alapitvany\/files\/2023\/02\/2020KOZ.pdf\" target=\"_blank\" rel=\"noopener\">2020KOZ KSH jelent\u00e9s<\/a><\/p>\n","protected":false},"author":101255,"featured_media":0,"parent":11709,"menu_order":0,"comment_status":"closed","ping_status":"closed","template":"","meta":{"_acf_changed":false,"give_campaign_id":0,"footnotes":""},"categories":[],"tags":[],"class_list":["post-11718","page","type-page","status-publish","hentry"],"acf":[],"campaignId":"","_links":{"self":[{"href":"https:\/\/semmelweis.hu\/alapitvany\/wp-json\/wp\/v2\/pages\/11718","targetHints":{"allow":["GET"]}}],"collection":[{"href":"https:\/\/semmelweis.hu\/alapitvany\/wp-json\/wp\/v2\/pages"}],"about":[{"href":"https:\/\/semmelweis.hu\/alapitvany\/wp-json\/wp\/v2\/types\/page"}],"author":[{"embeddable":true,"href":"https:\/\/semmelweis.hu\/alapitvany\/wp-json\/wp\/v2\/users\/101255"}],"replies":[{"embeddable":true,"href":"https:\/\/semmelweis.hu\/alapitvany\/wp-json\/wp\/v2\/comments?post=11718"}],"version-history":[{"count":1,"href":"https:\/\/semmelweis.hu\/alapitvany\/wp-json\/wp\/v2\/pages\/11718\/revisions"}],"predecessor-version":[{"id":11720,"href":"https:\/\/semmelweis.hu\/alapitvany\/wp-json\/wp\/v2\/pages\/11718\/revisions\/11720"}],"up":[{"embeddable":true,"href":"https:\/\/semmelweis.hu\/alapitvany\/wp-json\/wp\/v2\/pages\/11709"}],"wp:attachment":[{"href":"https:\/\/semmelweis.hu\/alapitvany\/wp-json\/wp\/v2\/media?parent=11718"}],"wp:term":[{"taxonomy":"category","embeddable":true,"href":"https:\/\/semmelweis.hu\/alapitvany\/wp-json\/wp\/v2\/categories?post=11718"},{"taxonomy":"post_tag","embeddable":true,"href":"https:\/\/semmelweis.hu\/alapitvany\/wp-json\/wp\/v2\/tags?post=11718"}],"curies":[{"name":"wp","href":"https:\/\/api.w.org\/{rel}","templated":true}]}}