{"id":11709,"date":"2023-02-09T14:08:45","date_gmt":"2023-02-09T13:08:45","guid":{"rendered":"https:\/\/semmelweis.hu\/alapitvany\/?page_id=11709"},"modified":"2023-07-31T13:41:57","modified_gmt":"2023-07-31T11:41:57","slug":"alapitvanyi-dokumentumok","status":"publish","type":"page","link":"https:\/\/semmelweis.hu\/alapitvany\/az-alapitvanyrol\/alapitvanyi-dokumentumok\/","title":{"rendered":"Alap\u00edtv\u00e1nyi dokumentumok"},"content":{"rendered":"<p>Al\u00e1bbiakban a Semmelweis Egyetem Alap\u00edtv\u00e1ny legfontosabb dokumentumai tal\u00e1lhat\u00f3k.<\/p>\n<p><a href=\"https:\/\/semmelweis.hu\/alapitvany\/files\/2023\/02\/alapito-okirat.pdf\" target=\"_blank\" rel=\"noopener\">Alap\u00edt\u00f3 okirat<\/a><\/p>\n<p><a href=\"https:\/\/semmelweis.hu\/alapitvany\/files\/2023\/02\/68071-92-41_kozhasznusagi.pdf\" target=\"_blank\" rel=\"noopener\">K\u00f6zhaszn\u00fas\u00e1gi jelent\u00e9s<\/a><\/p>\n<p><a href=\"https:\/\/semmelweis.hu\/alapitvany\/files\/2023\/07\/SEA-adatkezelesi-tajekoztato.pdf\" target=\"_blank\" rel=\"noopener\">Adatkezel\u00e9si t\u00e1j\u00e9koztat\u00f3<\/a><\/p>\n","protected":false},"excerpt":{"rendered":"<p>Al\u00e1bbiakban a Semmelweis Egyetem Alap\u00edtv\u00e1ny legfontosabb dokumentumai tal\u00e1lhat\u00f3k.<br \/>\n<a href=\"https:\/\/semmelweis.hu\/alapitvany\/files\/2023\/02\/alapito-okirat.pdf\" target=\"_blank\" rel=\"noopener\">Alap\u00edt\u00f3 okirat<\/a><br \/>\n<a href=\"https:\/\/semmelweis.hu\/alapitvany\/files\/2023\/02\/68071-92-41_kozhasznusagi.pdf\" target=\"_blank\" rel=\"noopener\">K\u00f6zhaszn\u00fas\u00e1gi jelent\u00e9s<\/a><br \/>\n<a href=\"https:\/\/semmelweis.hu\/alapitvany\/files\/2023\/07\/SEA-adatkezelesi-tajekoztato.pdf\" target=\"_blank\" rel=\"noopener\">Adatkezel\u00e9si t\u00e1j\u00e9koztat\u00f3<\/a><\/p>\n","protected":false},"author":101255,"featured_media":0,"parent":10030,"menu_order":0,"comment_status":"closed","ping_status":"closed","template":"","meta":{"_acf_changed":false,"give_campaign_id":0,"footnotes":""},"categories":[],"tags":[],"class_list":["post-11709","page","type-page","status-publish","hentry"],"acf":[],"campaignId":"","_links":{"self":[{"href":"https:\/\/semmelweis.hu\/alapitvany\/wp-json\/wp\/v2\/pages\/11709","targetHints":{"allow":["GET"]}}],"collection":[{"href":"https:\/\/semmelweis.hu\/alapitvany\/wp-json\/wp\/v2\/pages"}],"about":[{"href":"https:\/\/semmelweis.hu\/alapitvany\/wp-json\/wp\/v2\/types\/page"}],"author":[{"embeddable":true,"href":"https:\/\/semmelweis.hu\/alapitvany\/wp-json\/wp\/v2\/users\/101255"}],"replies":[{"embeddable":true,"href":"https:\/\/semmelweis.hu\/alapitvany\/wp-json\/wp\/v2\/comments?post=11709"}],"version-history":[{"count":3,"href":"https:\/\/semmelweis.hu\/alapitvany\/wp-json\/wp\/v2\/pages\/11709\/revisions"}],"predecessor-version":[{"id":12829,"href":"https:\/\/semmelweis.hu\/alapitvany\/wp-json\/wp\/v2\/pages\/11709\/revisions\/12829"}],"up":[{"embeddable":true,"href":"https:\/\/semmelweis.hu\/alapitvany\/wp-json\/wp\/v2\/pages\/10030"}],"wp:attachment":[{"href":"https:\/\/semmelweis.hu\/alapitvany\/wp-json\/wp\/v2\/media?parent=11709"}],"wp:term":[{"taxonomy":"category","embeddable":true,"href":"https:\/\/semmelweis.hu\/alapitvany\/wp-json\/wp\/v2\/categories?post=11709"},{"taxonomy":"post_tag","embeddable":true,"href":"https:\/\/semmelweis.hu\/alapitvany\/wp-json\/wp\/v2\/tags?post=11709"}],"curies":[{"name":"wp","href":"https:\/\/api.w.org\/{rel}","templated":true}]}}