{"id":11704,"date":"2023-02-08T14:57:39","date_gmt":"2023-02-08T13:57:39","guid":{"rendered":"https:\/\/semmelweis.hu\/alapitvany\/?page_id=11704"},"modified":"2025-06-25T12:07:02","modified_gmt":"2025-06-25T10:07:02","slug":"panaszkezelesi-beszamolo-2024","status":"publish","type":"page","link":"https:\/\/semmelweis.hu\/alapitvany\/az-alapitvanyrol\/panaszkezelesi-beszamolo-2024\/","title":{"rendered":"Panaszkezel\u00e9si besz\u00e1mol\u00f3 &#8211; 2024"},"content":{"rendered":"<p style=\"text-align: center\"><strong>Semmelweis Egyetem Alap\u00edtv\u00e1ny<\/strong><\/p>\n<p style=\"text-align: center\"><strong>Panaszkezel\u00e9si besz\u00e1mol\u00f3 2024. \u00e9vre vonatkoz\u00f3an <\/strong><\/p>\n<p>&nbsp;<\/p>\n<p>Szervezet neve:\u00a0 <strong>SEMMELWEIS EGYETEM ALAP\u00cdTV\u00c1NY<\/strong><\/p>\n<p>K\u00e9pvisel\u0151 neve: <strong>Prof. Dr. Merkely B\u00e9la<\/strong><\/p>\n<ol>\n<li><strong>Etikai k\u00f3dexben foglaltakhoz kapcsol\u00f3d\u00f3 bejelent\u00e9sek, panaszok \u00e9s azok kezel\u00e9se<\/strong><\/li>\n<\/ol>\n<p>&nbsp;<\/p>\n<table style=\"width: 79.2299%\">\n<tbody>\n<tr>\n<td style=\"text-align: center;width: 11.9326%\" width=\"92\">\n<p>Id\u0151<\/p>\n<\/td>\n<td style=\"text-align: center;width: 25.1621%\" width=\"193\">\n<p>T\u00e1rgya<\/p>\n<\/td>\n<td style=\"text-align: center;width: 25.1621%\" width=\"193\">\n<p>Bejelent\u0151 neve<\/p>\n<\/td>\n<td style=\"text-align: center;width: 25.1621%\" width=\"193\">\n<p>Int\u00e9zked\u00e9sek<\/p>\n<\/td>\n<td style=\"text-align: center;width: 12.5811%\" width=\"97\">\n<p>\u00dcgy st\u00e1tusza*<\/p>\n<\/td>\n<\/tr>\n<tr>\n<td style=\"width: 11.9326%\" width=\"92\">\n<p>&nbsp;<\/p>\n<\/td>\n<td style=\"width: 25.1621%\" width=\"193\">\u00a0<\/td>\n<td style=\"width: 25.1621%\" width=\"193\">\n<p>&nbsp;<\/p>\n<\/td>\n<td style=\"width: 25.1621%\" width=\"193\">\n<p>&nbsp;<\/p>\n<\/td>\n<td style=\"width: 12.5811%\" width=\"97\">\n<p>&nbsp;<\/p>\n<\/td>\n<\/tr>\n<tr>\n<td style=\"width: 11.9326%\" width=\"92\">\n<p>&nbsp;<\/p>\n<\/td>\n<td style=\"width: 25.1621%\" width=\"193\">\n<p>&nbsp;<\/p>\n<\/td>\n<td style=\"width: 25.1621%\" width=\"193\">\n<p>&nbsp;<\/p>\n<\/td>\n<td style=\"width: 25.1621%\" width=\"193\">\n<p>&nbsp;<\/p>\n<\/td>\n<td style=\"width: 12.5811%\" width=\"97\">\n<p>&nbsp;<\/p>\n<\/td>\n<\/tr>\n<tr>\n<td style=\"width: 11.9326%\" width=\"92\">\n<p>&nbsp;<\/p>\n<\/td>\n<td style=\"width: 25.1621%\" width=\"193\">\n<p>&nbsp;<\/p>\n<\/td>\n<td style=\"width: 25.1621%\" width=\"193\">\n<p>&nbsp;<\/p>\n<\/td>\n<td style=\"width: 25.1621%\" width=\"193\">\n<p>&nbsp;<\/p>\n<\/td>\n<td style=\"width: 12.5811%\" width=\"97\">\n<p>&nbsp;<\/p>\n<\/td>\n<\/tr>\n<\/tbody>\n<\/table>\n<p>*lez\u00e1rt \/ folyamatban<\/p>\n<p>&nbsp;<\/p>\n<p><strong>2024. janu\u00e1r 1. \u00e9s december 31. k\u00f6z\u00f6tt a Semmelweis Egyetem Alap\u00edtv\u00e1ny Etikai K\u00f3dex\u00e9ben foglaltakhoz kapcsol\u00f3d\u00f3 bejelent\u00e9s, panasz nem \u00e9rkezett, int\u00e9zked\u00e9s nem t\u00f6rt\u00e9nt.<\/strong><\/p>\n<p>&nbsp;<\/p>\n<p><strong>Etikai k\u00f3dexben foglaltakhoz kapcsol\u00f3d\u00f3, a szervezet ellen ind\u00edtott hivatalos elj\u00e1r\u00e1sok<\/strong><\/p>\n<table>\n<tbody>\n<tr>\n<td style=\"text-align: center\" width=\"91\">\n<p>Id\u0151<\/p>\n<\/td>\n<td style=\"text-align: center\" width=\"332\">\n<p>Elj\u00e1r\u00e1s t\u00edpusa<\/p>\n<\/td>\n<td style=\"text-align: center\" width=\"333\">\n<p>Elj\u00e1r\u00f3 szervezet<\/p>\n<\/td>\n<\/tr>\n<tr>\n<td width=\"91\">\n<p>&nbsp;<\/p>\n<\/td>\n<td width=\"332\">\n<p>&nbsp;<\/p>\n<\/td>\n<td width=\"333\">\n<p>&nbsp;<\/p>\n<\/td>\n<\/tr>\n<tr>\n<td width=\"91\">\n<p>&nbsp;<\/p>\n<\/td>\n<td width=\"332\">\n<p>&nbsp;<\/p>\n<\/td>\n<td width=\"333\">\n<p>&nbsp;<\/p>\n<\/td>\n<\/tr>\n<tr>\n<td width=\"91\">\n<p>&nbsp;<\/p>\n<\/td>\n<td width=\"332\">\n<p>&nbsp;<\/p>\n<\/td>\n<td width=\"333\">\n<p>&nbsp;<\/p>\n<\/td>\n<\/tr>\n<\/tbody>\n<\/table>\n<p>&nbsp;<\/p>\n<p><strong>2024. janu\u00e1r 1. \u00e9s december 31. k\u00f6z\u00f6tt a Semmelweis Egyetem Alap\u00edtv\u00e1nyhoz kapcsol\u00f3d\u00f3 bejelent\u00e9s, panasz nem \u00e9rkezett, int\u00e9zked\u00e9s nem t\u00f6rt\u00e9nt.<\/strong><\/p>\n<p>2025. janu\u00e1r 31.<\/p>\n<p>&nbsp;<\/p>\n","protected":false},"excerpt":{"rendered":"<p>Semmelweis Egyetem Alap\u00edtv\u00e1ny Panaszkezel\u00e9si besz\u00e1mol\u00f3 2024. \u00e9vre vonatkoz\u00f3an &nbsp; Szervezet neve:\u00a0 SEMMELWEIS EGYETEM ALAP\u00cdTV\u00c1NY K\u00e9pvisel\u0151 neve: Prof. Dr. Merkely B\u00e9la Etikai k\u00f3dexben foglaltakhoz kapcsol\u00f3d\u00f3 bejelent\u00e9sek, panaszok \u00e9s azok kezel\u00e9se &nbsp; Id\u0151 T\u00e1rgya Bejelent\u0151 neve Int\u00e9zked\u00e9sek \u00dcgy st\u00e1tusza* &nbsp; \u00a0 &nbsp; &nbsp; &nbsp; &nbsp; &nbsp; &nbsp; &nbsp; &nbsp; &nbsp; &nbsp; &nbsp; &nbsp; &nbsp; *lez\u00e1rt \/ folyamatban &hellip;<\/p>\n","protected":false},"author":101255,"featured_media":0,"parent":10030,"menu_order":0,"comment_status":"closed","ping_status":"closed","template":"","meta":{"_acf_changed":false,"give_campaign_id":0,"footnotes":""},"categories":[],"tags":[],"class_list":["post-11704","page","type-page","status-publish","hentry"],"acf":[],"campaignId":"","_links":{"self":[{"href":"https:\/\/semmelweis.hu\/alapitvany\/wp-json\/wp\/v2\/pages\/11704","targetHints":{"allow":["GET"]}}],"collection":[{"href":"https:\/\/semmelweis.hu\/alapitvany\/wp-json\/wp\/v2\/pages"}],"about":[{"href":"https:\/\/semmelweis.hu\/alapitvany\/wp-json\/wp\/v2\/types\/page"}],"author":[{"embeddable":true,"href":"https:\/\/semmelweis.hu\/alapitvany\/wp-json\/wp\/v2\/users\/101255"}],"replies":[{"embeddable":true,"href":"https:\/\/semmelweis.hu\/alapitvany\/wp-json\/wp\/v2\/comments?post=11704"}],"version-history":[{"count":4,"href":"https:\/\/semmelweis.hu\/alapitvany\/wp-json\/wp\/v2\/pages\/11704\/revisions"}],"predecessor-version":[{"id":16262,"href":"https:\/\/semmelweis.hu\/alapitvany\/wp-json\/wp\/v2\/pages\/11704\/revisions\/16262"}],"up":[{"embeddable":true,"href":"https:\/\/semmelweis.hu\/alapitvany\/wp-json\/wp\/v2\/pages\/10030"}],"wp:attachment":[{"href":"https:\/\/semmelweis.hu\/alapitvany\/wp-json\/wp\/v2\/media?parent=11704"}],"wp:term":[{"taxonomy":"category","embeddable":true,"href":"https:\/\/semmelweis.hu\/alapitvany\/wp-json\/wp\/v2\/categories?post=11704"},{"taxonomy":"post_tag","embeddable":true,"href":"https:\/\/semmelweis.hu\/alapitvany\/wp-json\/wp\/v2\/tags?post=11704"}],"curies":[{"name":"wp","href":"https:\/\/api.w.org\/{rel}","templated":true}]}}