{"id":10851,"date":"2022-05-29T19:59:49","date_gmt":"2022-05-29T17:59:49","guid":{"rendered":"https:\/\/semmelweis.hu\/alapitvany\/?page_id=10851"},"modified":"2022-05-29T20:08:41","modified_gmt":"2022-05-29T18:08:41","slug":"graduationball","status":"publish","type":"page","link":"https:\/\/semmelweis.hu\/alapitvany\/en\/graduationball\/","title":{"rendered":"Graduation Ball"},"content":{"rendered":"<p><span style=\"font-weight: 400\">Dear Graduates!<\/span><\/p>\n<p><span style=\"font-weight: 400\">Dear Semmelweis Citizens!<\/span><\/p>\n<p><span style=\"font-weight: 400\">We are happy to announce that we are able to invite you all to the Semmelweis Graduation Ball. All of our graduated students and their friends are welcomed to the event.<\/span><\/p>\n<p><span style=\"font-weight: 400\">About the event:<\/span><\/p>\n<p><b>Place:<\/b><span style=\"font-weight: 400\"> Eiffel M\u0171helyh\u00e1z (Budapest, K\u0151b\u00e1nyai \u00fat 30, 1101)<\/span><\/p>\n<p><b>Date:<\/b><span style=\"font-weight: 400\"> June 29th (Wednesday) 2022.<\/span><\/p>\n<p><b>Dress Code:<\/b><span style=\"font-weight: 400\"> Formal<\/span><\/p>\n<p><span style=\"font-weight: 400\">The patrons of the event will be the Rector of our university Prof.Dr.B\u00e9la Merkely and the Vice-Rector of Strategy and Development Feket\u00e9n\u00e9 Dr.\u00c9va Szab\u00f3.<\/span><\/p>\n<p><span style=\"font-weight: 400\">The traditional program of the event is the following:<\/span><\/p>\n<p><span style=\"font-weight: 400\">18:00 \u2013 Door Opening to the banquet dinner for the attendees and guests<\/span><\/p>\n<p><span style=\"font-weight: 400\">18:30 \u2013 Opening Speech<\/span><\/p>\n<p><span style=\"font-weight: 400\">18:45 \u2013 Students\u2019 Show<\/span><\/p>\n<p><span style=\"font-weight: 400\">19:00 \u2013 Banquet accompanied with live jazz music<\/span><\/p>\n<p><span style=\"font-weight: 400\">22:00 \u2013 Charity Raffle<\/p>\n<p>23:00 &#8211; Afterparty<\/span><\/p>\n<p>&nbsp;<\/p>\n<p><b>Ticket prices:<\/b><\/p>\n<p><span style=\"font-weight: 400\">&#8211; Seated ticket and afterparty sponsorship ticket for Semmelweis Citizens: HUF 8,000<\/span><\/p>\n<p><span style=\"font-weight: 400\">&#8211; Seated ticket and afterparty sponsorship ticket for accompanists: HUF 10,000<\/span><\/p>\n<p><span style=\"font-weight: 400\">&#8211; Afterparty sponsorship ticket for Semmelweis Citizens: HUF 3,000<\/span><\/p>\n<p><span style=\"font-weight: 400\">&#8211; Afterparty sponsorship ticket for accompanists: HUF 4,000<\/span><\/p>\n<p><span style=\"font-weight: 400\">Purchase a sponsorship ticket and register at the link below. Indicate your special needs and food intolerances in the comments box.<\/span><\/p>\n<p><span style=\"font-weight: 400\">If you have any questions about the event, please send an email to alumni-iroda@semmelweis-univ.hu!<\/span><\/p>\n\t<div id=\"give-form-10854-wrap\" class=\"give-form-wrap give-display-onpage\">\n\t\t<div id=\"give-form-content-10854\" class=\"give-form-content-wrap give_pre_form-content\"><p><img loading=\"lazy\" decoding=\"async\" src=\"https:\/\/semmelweis.hu\/alapitvany\/files\/2021\/12\/simplepay_bankcard_logos_left-400x51.jpg\" alt=\"\" width=\"400\" height=\"51\" class=\"alignnone size-medium wp-image-10345\" srcset=\"https:\/\/semmelweis.hu\/alapitvany\/files\/2021\/12\/simplepay_bankcard_logos_left-400x51.jpg 400w, https:\/\/semmelweis.hu\/alapitvany\/files\/2021\/12\/simplepay_bankcard_logos_left-1024x131.jpg 1024w, https:\/\/semmelweis.hu\/alapitvany\/files\/2021\/12\/simplepay_bankcard_logos_left-768x98.jpg 768w, https:\/\/semmelweis.hu\/alapitvany\/files\/2021\/12\/simplepay_bankcard_logos_left-1536x197.jpg 1536w, https:\/\/semmelweis.hu\/alapitvany\/files\/2021\/12\/simplepay_bankcard_logos_left-753x96.jpg 753w, https:\/\/semmelweis.hu\/alapitvany\/files\/2021\/12\/simplepay_bankcard_logos_left.jpg 1936w\" sizes=\"auto, (max-width: 400px) 100vw, 400px\" \/><\/p>\n<\/div>\t\t\t<form id=\"give-form-10854-1\" class=\"give-form give-form-10854 give-form-type-multi\" action=\"https:\/\/semmelweis.hu\/alapitvany\/wp-json\/wp\/v2\/pages\/10851\/?payment-mode=simple&form-id=10854\" data-id=\"10854-1\" data-currency_symbol=\"&#70;&#116;\" data-currency_code=\"HUF\" data-currency_position=\"after\" data-thousands_separator=\" \" data-decimal_separator=\",\" data-number_decimals=\"2\" method=\"post\">\n\t\t\t\t<!-- The following field is for robots only, invisible to humans: -->\n\t\t\t\t<span class=\"give-hidden\" style=\"display: none !important;\">\n\t\t\t\t\t<label for=\"give-form-honeypot-10854\"><\/label>\n\t\t\t\t\t<input id=\"give-form-honeypot-10854\" type=\"text\" name=\"give-honeypot\"\n\t\t\t\t\t\t   class=\"give-honeypot give-hidden\"\/>\n\t\t\t\t<\/span>\n\n\t\t\t\t\t<input type=\"hidden\" name=\"give-form-id-prefix\" value=\"10854-1\"\/>\n\t<input type=\"hidden\" name=\"give-form-id\" value=\"10854\"\/>\n\t<input type=\"hidden\" name=\"give-form-title\" value=\"Graduation Ball\"\/>\n\t<input type=\"hidden\" name=\"give-current-url\" value=\"https:\/\/semmelweis.hu\/alapitvany\/wp-json\/wp\/v2\/pages\/10851\/\"\/>\n\t<input type=\"hidden\" name=\"give-form-url\" value=\"https:\/\/semmelweis.hu\/alapitvany\/wp-json\/wp\/v2\/pages\/10851\/\"\/>\n\t<input type=\"hidden\"  name=\"give-form-hash\" value=\"6a0342d60a\" data-time=\"1776367781\" data-nonce-life=\"86400\" data-donor-session=\"0\"\/><input type=\"hidden\" name=\"give-price-id\" value=\"2\"\/>\t\t<label class=\"give-hidden\" for=\"give-amount\">Donation Amount:<\/label>\n\t\t<input id=\"give-amount\" class=\"give-amount-hidden\" type=\"hidden\" name=\"give-amount\"\n\t\t\t   value=\"3 000,00\" required aria-required=\"true\"\/>\n\t\t<div class=\"set-price give-donation-amount form-row-wide\">\n\t\t\t\t\t\t<span id=\"give-amount-text\" class=\"give-text-input give-amount-top\">3 000,00<\/span>\n\t\t\t<span class=\"give-currency-symbol give-currency-position-after\">&#070;&#116;<\/span>\t\t<\/div>\n\t\t<ul id=\"give-donation-level-button-wrap\" class=\"give-donation-levels-wrap give-list-inline\"><li><button type=\"button\" data-price-id=\"0\" class=\"give-donation-level-btn give-btn give-btn-level-0 \" value=\"4 000,00\" data-default=\"0\">Afterparty sponsorship ticket for non-Semmelweis Citizens<\/button><\/li><li><button type=\"button\" data-price-id=\"2\" class=\"give-donation-level-btn give-btn give-btn-level-2 give-default-level\" value=\"3 000,00\" data-default=\"1\">Afterparty sponsorship ticket for Semmelweis Citizens<\/button><\/li><\/ul>\n\t<fieldset id=\"give-payment-mode-select\" style=\"display: none;\">\n\t\t\t\t<legend\n\t\t\tclass=\"give-payment-mode-label\">Select Payment Method\t\t\t<span class=\"give-loading-text\"><span\n\t\t\t\t\tclass=\"give-loading-animation\"><\/span>\n\t\t\t<\/span>\n\t\t<\/legend>\n\n\t\t<div id=\"give-payment-mode-wrap\">\n\t\t\t\t\t\t<ul id=\"give-gateway-radio-list\">\n\t\t\t\t\t\t\t\t\t\t<li class=\"give-gateway-option-selected\">\n\t\t\t\t\t\t\t<input type=\"radio\" name=\"payment-mode\" class=\"give-gateway\"\n\t\t\t\t\t\t\t\t   id=\"give-gateway-simple-10854-1\"\n\t\t\t\t\t\t\t\t   value=\"simple\" checked='checked'>\n\t\t\t\t\t\t\t<label for=\"give-gateway-simple-10854-1\"\n\t\t\t\t\t\t\t\t   class=\"give-gateway-option\"\n\t\t\t\t\t\t\t\t   id=\"give-gateway-option-simple\"> Bankk\u00e1rty\u00e1s fizet\u00e9s<\/label>\n\t\t\t\t\t\t<\/li>\n\t\t\t\t\t\t\t\t\t<\/ul>\n\t\t\t\t\t<\/div>\n\t\t\t<\/fieldset>\n\n\t\n\t<div id=\"give_purchase_form_wrap\">\n\n\t\t\t<fieldset id=\"give_checkout_user_info\" class=\"\">\n\t\t<legend>\n\t\t\tPersonal Info\t\t<\/legend>\n\n\t\t\n        <p id=\"give-first-name-wrap\" class=\"form-row form-row-first form-row-responsive\">\n            <label class=\"give-label\" for=\"give-first\">\n                First Name                                    <span class=\"give-required-indicator\">*<\/span>\n                                <span class=\"give-tooltip hint--top hint--medium hint--bounce\" aria-label=\"First Name is used to personalize your donation record.\" rel=\"tooltip\"><i class=\"give-icon give-icon-question\"><\/i><\/span>            <\/label>\n            <input\n                class=\"give-input required\"\n                type=\"text\"\n                name=\"give_first\"\n                autocomplete=\"given-name\"\n                placeholder=\"First Name\"\n                id=\"give-first\"\n                value=\"\"\n                 required aria-required=\"true\"             \/>\n        <\/p>\n\n        <p id=\"give-last-name-wrap\" class=\"form-row form-row-last form-row-responsive\">\n            <label class=\"give-label\" for=\"give-last\">\n                Last Name                                    <span class=\"give-required-indicator\">*<\/span>\n                                <span class=\"give-tooltip hint--top hint--medium hint--bounce\" aria-label=\"Last Name is used to personalize your donation record.\" rel=\"tooltip\"><i class=\"give-icon give-icon-question\"><\/i><\/span>            <\/label>\n\n            <input\n                class=\"give-input required\"\n                type=\"text\"\n                name=\"give_last\"\n                autocomplete=\"family-name\"\n                id=\"give-last\"\n                placeholder=\"Last Name\"\n                value=\"\"\n                 required aria-required=\"true\"             \/>\n        <\/p>\n\n                        <div id=\"give-company-radio-list-wrap\" class=\"form-row form-row-wide\">\n                    <label>Is this donation on behalf of a company?<\/label>\n                    <ul id=\"give-company-name-radio-list\" class=\"give-company-radio-list\">\n                        <li>\n                            <input\n                                checked\n                                type=\"radio\"\n                                id=\"give-no-company\"\n                                class=\"give_company_option\"\n                                name=\"give_company_option\"\n                                value=\"no\"\n                            \/>\n                            <label for=\"give-no-company\" class=\"give-company-option\"\n                                   id=\"give-no-company\">\n                                No                            <\/label>\n                        <\/li>\n                        <li>\n                            <input\n                                type=\"radio\"\n                                id=\"give-has-company\"\n                                class=\"give_company_option\"\n                                name=\"give_company_option\"\n                                value=\"yes\"\n                            \/>\n                            <label for=\"give-has-company\" class=\"give-company-option\"\n                                   id=\"give-has-company\">\n                                Yes                            <\/label>\n                        <\/li>\n                    <\/ul>\n                <\/div>\n                        <p id=\"give-company-wrap\" class=\"form-row form-row-wide\">\n                <label class=\"give-label\" for=\"give-company\">\n                    Company Name                                        <span class=\"give-tooltip hint--top hint--bounce\" aria-label=\"Donate on behalf of Company\" rel=\"tooltip\"><i class=\"give-icon give-icon-question\"><\/i><\/span>                <\/label>\n                <input\n                    class=\"give-input\"\n                    type=\"text\"\n                    name=\"give_company_name\"\n                    placeholder=\"Company Name\"\n                    id=\"give-company\"\n                    value=\"\"\n                                    \/>\n            <\/p>\n        \n                <p id=\"give-email-wrap\" class=\"form-row form-row-wide\">\n            <label class=\"give-label\" for=\"give-email\">\n                Email Address                                    <span class=\"give-required-indicator\">*<\/span>\n                                    <span class=\"give-tooltip hint--top hint--medium hint--bounce\" aria-label=\"We will send the donation receipt to this address.\" rel=\"tooltip\"><i class=\"give-icon give-icon-question\"><\/i><\/span>            <\/label>\n            <input\n                class=\"give-input required\"\n                type=\"email\"\n                name=\"give_email\"\n                autocomplete=\"email\"\n                placeholder=\"Email Address\"\n                id=\"give-email\"\n                value=\"\"\n                 required aria-required=\"true\"             \/>\n\n        <\/p>\n\n                                <p id=\"give-anonymous-donation-wrap\" class=\"form-row form-row-wide\">\n                <label class=\"give-label\" for=\"give-anonymous-donation\">\n                    <input\n                        type=\"checkbox\"\n                        class=\"give-input\"\n                        name=\"give_anonymous_donation\"\n                        id=\"give-anonymous-donation\"\n                        value=\"1\"\n                                                                    >\n                    Make this an anonymous donation.\t\t\t\t\t<span class=\"give-tooltip hint--top hint--medium hint--bounce\" aria-label=\"Would you like to prevent your name, image, and comment from being displayed publicly?\" rel=\"tooltip\"><i class=\"give-icon give-icon-question\"><\/i><\/span>\n\t\t\t\t<\/label>\n\t\t\t<\/p>\n\t\t\n\t\t\t\t\t<p id=\"give-comment-wrap\" class=\"form-row form-row-wide\">\n\t\t\t\t<label class=\"give-label\" for=\"give-comment\">\n\t\t\t\t\tComment\t\t\t\t\t\t\t\t\t\t<span class=\"give-tooltip hint--top hint--medium hint--bounce\" aria-label=\"Would you like to add a comment to this donation?\" rel=\"tooltip\"><i class=\"give-icon give-icon-question\"><\/i><\/span>\t\t\t\t<\/label>\n\n\t\t\t\t<textarea\n\t\t\t\t\tclass=\"give-input\"\n\t\t\t\t\tname=\"give_comment\"\n\t\t\t\t\tplaceholder=\"Leave a comment\"\n\t\t\t\t\tid=\"give-comment\"\n\t\t\t\t\t\t\t\t\t><\/textarea>\n\n\t\t\t<\/p>\n\t\t\t\t\t<\/fieldset>\n\t\t<fieldset id=\"give_terms_agreement\">\n\t\t<legend>Terms<\/legend>\n\t\t<div id=\"give_terms\" class=\"give_terms-10854\" style=\"display:none;\">\n\t\t\t<p>Tudom\u00e1sul veszem, hogy a Semmelweis Egyetem Alap\u00edtv\u00e1ny (1085 Budapest, \u00dcll\u0151i \u00fat 26) adatkezel\u0151 \u00e1ltal a <a href=\"https:\/\/semmelweis.hu\/alapitvany\/\">https:\/\/semmelweis.hu\/alapitvany\/<\/a> felhaszn\u00e1l\u00f3i adatb\u00e1zis\u00e1ban t\u00e1rolt al\u00e1bbi szem\u00e9lyes adataim \u00e1tad\u00e1sra ker\u00fclnek az OTP Mobil Kft., mint adatfeldolgoz\u00f3 r\u00e9sz\u00e9re. Az adatkezel\u0151 \u00e1ltal tov\u00e1bb\u00edtott adatok k\u00f6re az al\u00e1bbi: N\u00e9v, email c\u00edm. Az adatfeldolgoz\u00f3 \u00e1ltal v\u00e9gzett adatfeldolgoz\u00e1si tev\u00e9kenys\u00e9g jellege \u00e9s c\u00e9lja a SimplePay Adatkezel\u00e9si t\u00e1j\u00e9koztat\u00f3ban, az al\u00e1bbi linken tekinthet\u0151 meg: <a href=\"http:\/\/simplepay.hu\/vasarlo-aff\"> http:\/\/simplepay.hu\/vasarlo-aff<\/a><\/p>\n\t\t<\/div>\n\t\t<div id=\"give_show_terms\">\n\t\t\t<a href=\"#\" class=\"give_terms_links give_terms_links-10854\" role=\"button\"\n\t\t\t   aria-controls=\"give_terms\">Show Terms<\/a>\n\t\t\t<a href=\"#\" class=\"give_terms_links give_terms_links-10854\" role=\"button\"\n\t\t\t   aria-controls=\"give_terms\" style=\"display:none;\">Hide Terms<\/a>\n\t\t<\/div>\n\n\t\t<input name=\"give_agree_to_terms\" class=\"required\" type=\"checkbox\"\n\t\t\t   id=\"give_agree_to_terms-10854\" value=\"1\" required aria-required=\"true\"\/>\n\t\t<label for=\"give_agree_to_terms-10854\">Jogi nyilatkozat<\/label>\n\n\t<\/fieldset>\n\t\t<fieldset id=\"give_purchase_submit\" class=\"give-donation-submit\">\n\t\t\t<p id=\"give-final-total-wrap\" class=\"form-wrap \">\n\t\t\t\t<span class=\"give-donation-total-label\">\n\t\t\tDonation Total:\t\t<\/span>\n\t\t<span class=\"give-final-total-amount\"\n\t\t\t  data-total=\"3 000,00\">\n\t\t\t3 000,00&#70;&#116;\t\t<\/span>\n\t\t\t<\/p>\n\t\t<input type=\"hidden\" name=\"give_action\" value=\"purchase\"\/>\n\t<input type=\"hidden\" name=\"give-gateway\" value=\"simple\"\/>\n\t\t<div class=\"give-submit-button-wrap give-clearfix\">\n\t\t<input type=\"submit\" class=\"give-submit give-btn\" id=\"give-purchase-button\" name=\"give-purchase\"\n\t\t\t   value=\"Adom\u00e1nyozzon most\" data-before-validation-label=\"Adom\u00e1nyozzon most\"\/>\n\t\t<span class=\"give-loading-animation\"><\/span>\n\t<\/div>\n\t\t<\/fieldset>\n\t\n\t<\/div>\n\n\t\t\t\t<\/form>\n\n\t\t\t\n\t<\/div><!--end #give-form-10854-->\n\t\n<p>&nbsp;<\/p>\n","protected":false},"excerpt":{"rendered":"<p>Dear Graduates! Dear Semmelweis Citizens! We are happy to announce that we are able to invite you all to the Semmelweis Graduation Ball. All of our graduated students and their friends are welcomed to the event. About the event: Place: Eiffel M\u0171helyh\u00e1z (Budapest, K\u0151b\u00e1nyai \u00fat 30, 1101) Date: June 29th (Wednesday) 2022. Dress Code: Formal &hellip;<\/p>\n","protected":false},"author":101495,"featured_media":10767,"parent":0,"menu_order":0,"comment_status":"closed","ping_status":"closed","template":"","meta":{"_acf_changed":false,"give_campaign_id":0,"footnotes":""},"categories":[],"tags":[],"class_list":["post-10851","page","type-page","status-publish","has-post-thumbnail","hentry"],"acf":[],"campaignId":"","_links":{"self":[{"href":"https:\/\/semmelweis.hu\/alapitvany\/wp-json\/wp\/v2\/pages\/10851","targetHints":{"allow":["GET"]}}],"collection":[{"href":"https:\/\/semmelweis.hu\/alapitvany\/wp-json\/wp\/v2\/pages"}],"about":[{"href":"https:\/\/semmelweis.hu\/alapitvany\/wp-json\/wp\/v2\/types\/page"}],"author":[{"embeddable":true,"href":"https:\/\/semmelweis.hu\/alapitvany\/wp-json\/wp\/v2\/users\/101495"}],"replies":[{"embeddable":true,"href":"https:\/\/semmelweis.hu\/alapitvany\/wp-json\/wp\/v2\/comments?post=10851"}],"version-history":[{"count":3,"href":"https:\/\/semmelweis.hu\/alapitvany\/wp-json\/wp\/v2\/pages\/10851\/revisions"}],"predecessor-version":[{"id":10857,"href":"https:\/\/semmelweis.hu\/alapitvany\/wp-json\/wp\/v2\/pages\/10851\/revisions\/10857"}],"wp:featuredmedia":[{"embeddable":true,"href":"https:\/\/semmelweis.hu\/alapitvany\/wp-json\/wp\/v2\/media\/10767"}],"wp:attachment":[{"href":"https:\/\/semmelweis.hu\/alapitvany\/wp-json\/wp\/v2\/media?parent=10851"}],"wp:term":[{"taxonomy":"category","embeddable":true,"href":"https:\/\/semmelweis.hu\/alapitvany\/wp-json\/wp\/v2\/categories?post=10851"},{"taxonomy":"post_tag","embeddable":true,"href":"https:\/\/semmelweis.hu\/alapitvany\/wp-json\/wp\/v2\/tags?post=10851"}],"curies":[{"name":"wp","href":"https:\/\/api.w.org\/{rel}","templated":true}]}}