{"id":10438,"date":"2022-02-25T20:24:48","date_gmt":"2022-02-25T19:24:48","guid":{"rendered":"https:\/\/semmelweis.hu\/alapitvany\/?page_id=10438"},"modified":"2026-02-24T14:47:01","modified_gmt":"2026-02-24T13:47:01","slug":"jubileumi-evfolyamtalalkozo","status":"publish","type":"page","link":"https:\/\/semmelweis.hu\/alapitvany\/jubileumi-evfolyamtalalkozo\/","title":{"rendered":"JUBILEUM \u00c9VFOLYAMTAL\u00c1LKOZ\u00d3 T\u00c1MOGAT\u00d3I JEGY"},"content":{"rendered":"<div>\n<div><span data-olk-copy-source=\"MessageBody\"><span data-olk-copy-source=\"MessageBody\">A Semmelweis jubileumi \u00e9vfolyamtal\u00e1lkoz\u00f3 sor\u00e1n lehet\u0151s\u00e9g van t\u00e1mogat\u00f3i jegyv\u00e1s\u00e1rl\u00e1sra, amellyel a Semmelweis Egyetem Alap\u00edtv\u00e1nyt t\u00e1mogathatja, mely ebben az \u00e9vben a Semmelweis Egyetem v\u00e9rsz\u00e1ll\u00edt\u00f3 aut\u00f3flott\u00e1j\u00e1nak meg\u00faj\u00edt\u00e1s\u00e1t t\u0171zte ki c\u00e9lul.<\/span><\/span><\/div>\n<div>\u00a0<\/div>\n<div>\n<div><u data-olk-copy-source=\"MessageBody\">T\u00e1mogat\u00f3jegy:<\/u>\u00a0<b>20 000 Ft\/f\u0151<\/b><\/div>\n<div>\u00a0<\/div>\n<div><i>Szeretn\u00e9nk felh\u00edvni a figyelm\u00fcket, hogy\u00a0<u>a t\u00e1mogat\u00f3jegyek v\u00e1s\u00e1rl\u00e1sa nem jogos\u00edt fel a rendezv\u00e9nyen val\u00f3 r\u00e9szv\u00e9telre is, a t\u00e1mogat\u00f3i jegy nem tartalmazza azokat a szolg\u00e1ltat\u00e1sokat, mint a r\u00e9szv\u00e9teli d\u00edj befizet\u00e9se<\/u>.<\/i><\/div>\n<div>\u00a0<\/div>\n<div><i>K\u00e9rj\u00fck, hogy lehet\u0151s\u00e9gei szerint t\u00e1mogassa a szervez\u00e9st \u00e9s az Alap\u00edtv\u00e1ny tev\u00e9kenys\u00e9g\u00e9t!<\/i><\/div>\n<\/div>\n<\/div>\n<div>\u00a0<\/div>\n<div>\t<div id=\"give-form-10435-wrap\" class=\"give-form-wrap give-display-onpage\">\n\t\t\t\t\t<form id=\"give-form-10435-1\" class=\"give-form give-form-10435 give-form-type-multi\" action=\"https:\/\/semmelweis.hu\/alapitvany\/wp-json\/wp\/v2\/pages\/10438\/?payment-mode=simple&form-id=10435\" data-id=\"10435-1\" data-currency_symbol=\"&#70;&#116;\" data-currency_code=\"HUF\" data-currency_position=\"after\" data-thousands_separator=\" \" data-decimal_separator=\",\" data-number_decimals=\"2\" method=\"post\">\n\t\t\t\t<!-- The following field is for robots only, invisible to humans: -->\n\t\t\t\t<span class=\"give-hidden\" style=\"display: none !important;\">\n\t\t\t\t\t<label for=\"give-form-honeypot-10435\"><\/label>\n\t\t\t\t\t<input id=\"give-form-honeypot-10435\" type=\"text\" name=\"give-honeypot\"\n\t\t\t\t\t\t   class=\"give-honeypot give-hidden\"\/>\n\t\t\t\t<\/span>\n\n\t\t\t\t\t<input type=\"hidden\" name=\"give-form-id-prefix\" value=\"10435-1\"\/>\n\t<input type=\"hidden\" name=\"give-form-id\" value=\"10435\"\/>\n\t<input type=\"hidden\" name=\"give-form-title\" value=\"Jubileumi \u00e9vfolyamtal\u00e1lkoz\u00f3\"\/>\n\t<input type=\"hidden\" name=\"give-current-url\" value=\"https:\/\/semmelweis.hu\/alapitvany\/wp-json\/wp\/v2\/pages\/10438\/\"\/>\n\t<input type=\"hidden\" name=\"give-form-url\" value=\"https:\/\/semmelweis.hu\/alapitvany\/wp-json\/wp\/v2\/pages\/10438\/\"\/>\n\t<input type=\"hidden\"  name=\"give-form-hash\" value=\"ae73b682c8\" data-time=\"1775585367\" data-nonce-life=\"86400\" data-donor-session=\"0\"\/><input type=\"hidden\" name=\"give-price-id\" value=\"0\"\/>\t\t<label class=\"give-hidden\" for=\"give-amount\">Donation Amount:<\/label>\n\t\t<input id=\"give-amount\" class=\"give-amount-hidden\" type=\"hidden\" name=\"give-amount\"\n\t\t\t   value=\"20 000,00\" required aria-required=\"true\"\/>\n\t\t<div class=\"set-price give-donation-amount form-row-wide\">\n\t\t\t\t\t\t<span id=\"give-amount-text\" class=\"give-text-input give-amount-top\">20 000,00<\/span>\n\t\t\t<span class=\"give-currency-symbol give-currency-position-after\">&#070;&#116;<\/span>\t\t<\/div>\n\t\t<ul id=\"give-donation-level-button-wrap\" class=\"give-donation-levels-wrap give-list-inline\"><li><button type=\"button\" data-price-id=\"0\" class=\"give-donation-level-btn give-btn give-btn-level-0 give-default-level\" value=\"20 000,00\" data-default=\"1\">T\u00e1mogat\u00f3i jegy<\/button><\/li><\/ul>\n\t<fieldset id=\"give-payment-mode-select\" style=\"display: none;\">\n\t\t\t\t<legend\n\t\t\tclass=\"give-payment-mode-label\">Select Payment Method\t\t\t<span class=\"give-loading-text\"><span\n\t\t\t\t\tclass=\"give-loading-animation\"><\/span>\n\t\t\t<\/span>\n\t\t<\/legend>\n\n\t\t<div id=\"give-payment-mode-wrap\">\n\t\t\t\t\t\t<ul id=\"give-gateway-radio-list\">\n\t\t\t\t\t\t\t\t\t\t<li class=\"give-gateway-option-selected\">\n\t\t\t\t\t\t\t<input type=\"radio\" name=\"payment-mode\" class=\"give-gateway\"\n\t\t\t\t\t\t\t\t   id=\"give-gateway-simple-10435-1\"\n\t\t\t\t\t\t\t\t   value=\"simple\" checked='checked'>\n\t\t\t\t\t\t\t<label for=\"give-gateway-simple-10435-1\"\n\t\t\t\t\t\t\t\t   class=\"give-gateway-option\"\n\t\t\t\t\t\t\t\t   id=\"give-gateway-option-simple\"> Bankk\u00e1rty\u00e1s fizet\u00e9s<\/label>\n\t\t\t\t\t\t<\/li>\n\t\t\t\t\t\t\t\t\t<\/ul>\n\t\t\t\t\t<\/div>\n\t\t\t<\/fieldset>\n\n\t\n\t<div id=\"give_purchase_form_wrap\">\n\n\t\t\t<fieldset id=\"give_checkout_user_info\" class=\"\">\n\t\t<legend>\n\t\t\tPersonal Info\t\t<\/legend>\n\n\t\t\n        <p id=\"give-first-name-wrap\" class=\"form-row form-row-first form-row-responsive\">\n            <label class=\"give-label\" for=\"give-first\">\n                First Name                                    <span class=\"give-required-indicator\">*<\/span>\n                                <span class=\"give-tooltip hint--top hint--medium hint--bounce\" aria-label=\"First Name is used to personalize your donation record.\" rel=\"tooltip\"><i class=\"give-icon give-icon-question\"><\/i><\/span>            <\/label>\n            <input\n                class=\"give-input required\"\n                type=\"text\"\n                name=\"give_first\"\n                autocomplete=\"given-name\"\n                placeholder=\"First Name\"\n                id=\"give-first\"\n                value=\"\"\n                 required aria-required=\"true\"             \/>\n        <\/p>\n\n        <p id=\"give-last-name-wrap\" class=\"form-row form-row-last form-row-responsive\">\n            <label class=\"give-label\" for=\"give-last\">\n                Last Name                                    <span class=\"give-required-indicator\">*<\/span>\n                                <span class=\"give-tooltip hint--top hint--medium hint--bounce\" aria-label=\"Last Name is used to personalize your donation record.\" rel=\"tooltip\"><i class=\"give-icon give-icon-question\"><\/i><\/span>            <\/label>\n\n            <input\n                class=\"give-input required\"\n                type=\"text\"\n                name=\"give_last\"\n                autocomplete=\"family-name\"\n                id=\"give-last\"\n                placeholder=\"Last Name\"\n                value=\"\"\n                 required aria-required=\"true\"             \/>\n        <\/p>\n\n        \n                <p id=\"give-email-wrap\" class=\"form-row form-row-wide\">\n            <label class=\"give-label\" for=\"give-email\">\n                Email Address                                    <span class=\"give-required-indicator\">*<\/span>\n                                    <span class=\"give-tooltip hint--top hint--medium hint--bounce\" aria-label=\"We will send the donation receipt to this address.\" rel=\"tooltip\"><i class=\"give-icon give-icon-question\"><\/i><\/span>            <\/label>\n            <input\n                class=\"give-input required\"\n                type=\"email\"\n                name=\"give_email\"\n                autocomplete=\"email\"\n                placeholder=\"Email Address\"\n                id=\"give-email\"\n                value=\"\"\n                 required aria-required=\"true\"             \/>\n\n        <\/p>\n\n        \n\t\t\t\t\t<\/fieldset>\n\t\t<fieldset id=\"give_terms_agreement\">\n\t\t<legend>Terms<\/legend>\n\t\t<div id=\"give_terms\" class=\"give_terms-10435\" style=\"display:none;\">\n\t\t\t<p>Tudom\u00e1sul veszem, hogy a Semmelweis Egyetem Alap\u00edtv\u00e1ny (1085 Budapest, \u00dcll\u0151i \u00fat 26) adatkezel\u0151 \u00e1ltal a <a href=\"https:\/\/semmelweis.hu\/alapitvany\/\">https:\/\/semmelweis.hu\/alapitvany\/<\/a> felhaszn\u00e1l\u00f3i adatb\u00e1zis\u00e1ban t\u00e1rolt al\u00e1bbi szem\u00e9lyes adataim \u00e1tad\u00e1sra ker\u00fclnek az OTP Mobil Kft., mint adatfeldolgoz\u00f3 r\u00e9sz\u00e9re. Az adatkezel\u0151 \u00e1ltal tov\u00e1bb\u00edtott adatok k\u00f6re az al\u00e1bbi: N\u00e9v, email c\u00edm. Az adatfeldolgoz\u00f3 \u00e1ltal v\u00e9gzett adatfeldolgoz\u00e1si tev\u00e9kenys\u00e9g jellege \u00e9s c\u00e9lja a SimplePay Adatkezel\u00e9si t\u00e1j\u00e9koztat\u00f3ban, az al\u00e1bbi linken tekinthet\u0151 meg: <a href=\"http:\/\/simplepay.hu\/vasarlo-aff\"> http:\/\/simplepay.hu\/vasarlo-aff<\/a><\/p>\n\t\t<\/div>\n\t\t<div id=\"give_show_terms\">\n\t\t\t<a href=\"#\" class=\"give_terms_links give_terms_links-10435\" role=\"button\"\n\t\t\t   aria-controls=\"give_terms\">Show Terms<\/a>\n\t\t\t<a href=\"#\" class=\"give_terms_links give_terms_links-10435\" role=\"button\"\n\t\t\t   aria-controls=\"give_terms\" style=\"display:none;\">Hide Terms<\/a>\n\t\t<\/div>\n\n\t\t<input name=\"give_agree_to_terms\" class=\"required\" type=\"checkbox\"\n\t\t\t   id=\"give_agree_to_terms-10435\" value=\"1\" required aria-required=\"true\"\/>\n\t\t<label for=\"give_agree_to_terms-10435\">Jogi nyilatkozat<\/label>\n\n\t<\/fieldset>\n\t\t<fieldset id=\"give_purchase_submit\" class=\"give-donation-submit\">\n\t\t\t<p id=\"give-final-total-wrap\" class=\"form-wrap \">\n\t\t\t\t<span class=\"give-donation-total-label\">\n\t\t\tDonation Total:\t\t<\/span>\n\t\t<span class=\"give-final-total-amount\"\n\t\t\t  data-total=\"20 000,00\">\n\t\t\t20 000,00&#70;&#116;\t\t<\/span>\n\t\t\t<\/p>\n\t\t<input type=\"hidden\" name=\"give_action\" value=\"purchase\"\/>\n\t<input type=\"hidden\" name=\"give-gateway\" value=\"simple\"\/>\n\t\t<div class=\"give-submit-button-wrap give-clearfix\">\n\t\t<input type=\"submit\" class=\"give-submit give-btn\" id=\"give-purchase-button\" name=\"give-purchase\"\n\t\t\t   value=\"T\u00e1mogat\u00e1s\" data-before-validation-label=\"T\u00e1mogat\u00e1s\"\/>\n\t\t<span class=\"give-loading-animation\"><\/span>\n\t<\/div>\n\t\t<\/fieldset>\n\t\n\t<\/div>\n\n\t\t\t\t<\/form>\n\n\t\t\t<div id=\"give-form-content-10435\" class=\"give-form-content-wrap give_post_form-content\"><p><img loading=\"lazy\" decoding=\"async\" class=\"alignnone size-medium wp-image-10345\" src=\"https:\/\/semmelweis.hu\/alapitvany\/files\/2021\/12\/simplepay_bankcard_logos_left-400x51.jpg\" alt=\"\" width=\"400\" height=\"51\" srcset=\"https:\/\/semmelweis.hu\/alapitvany\/files\/2021\/12\/simplepay_bankcard_logos_left-400x51.jpg 400w, https:\/\/semmelweis.hu\/alapitvany\/files\/2021\/12\/simplepay_bankcard_logos_left-1024x131.jpg 1024w, https:\/\/semmelweis.hu\/alapitvany\/files\/2021\/12\/simplepay_bankcard_logos_left-768x98.jpg 768w, https:\/\/semmelweis.hu\/alapitvany\/files\/2021\/12\/simplepay_bankcard_logos_left-1536x197.jpg 1536w, https:\/\/semmelweis.hu\/alapitvany\/files\/2021\/12\/simplepay_bankcard_logos_left-753x96.jpg 753w, https:\/\/semmelweis.hu\/alapitvany\/files\/2021\/12\/simplepay_bankcard_logos_left.jpg 1936w\" sizes=\"auto, (max-width: 400px) 100vw, 400px\" \/><\/p>\n<\/div>\n\t<\/div><!--end #give-form-10435-->\n\t<\/div>\n","protected":false},"excerpt":{"rendered":"<p>A Semmelweis jubileumi \u00e9vfolyamtal\u00e1lkoz\u00f3 sor\u00e1n lehet\u0151s\u00e9g van t\u00e1mogat\u00f3i jegyv\u00e1s\u00e1rl\u00e1sra, amellyel a Semmelweis Egyetem Alap\u00edtv\u00e1nyt t\u00e1mogathatja, mely ebben az \u00e9vben a Semmelweis Egyetem v\u00e9rsz\u00e1ll\u00edt\u00f3 aut\u00f3flott\u00e1j\u00e1nak meg\u00faj\u00edt\u00e1s\u00e1t t\u0171zte ki c\u00e9lul. \u00a0 T\u00e1mogat\u00f3jegy:\u00a020 000 Ft\/f\u0151 \u00a0 Szeretn\u00e9nk felh\u00edvni a figyelm\u00fcket, hogy\u00a0a t\u00e1mogat\u00f3jegyek v\u00e1s\u00e1rl\u00e1sa nem jogos\u00edt fel a rendezv\u00e9nyen val\u00f3 r\u00e9szv\u00e9telre is, a t\u00e1mogat\u00f3i jegy nem tartalmazza azokat a &hellip;<\/p>\n","protected":false},"author":101495,"featured_media":10441,"parent":0,"menu_order":0,"comment_status":"closed","ping_status":"closed","template":"","meta":{"_acf_changed":false,"give_campaign_id":0,"footnotes":""},"categories":[31],"tags":[],"class_list":["post-10438","page","type-page","status-publish","has-post-thumbnail","hentry","category-hirek"],"acf":[],"campaignId":"","_links":{"self":[{"href":"https:\/\/semmelweis.hu\/alapitvany\/wp-json\/wp\/v2\/pages\/10438","targetHints":{"allow":["GET"]}}],"collection":[{"href":"https:\/\/semmelweis.hu\/alapitvany\/wp-json\/wp\/v2\/pages"}],"about":[{"href":"https:\/\/semmelweis.hu\/alapitvany\/wp-json\/wp\/v2\/types\/page"}],"author":[{"embeddable":true,"href":"https:\/\/semmelweis.hu\/alapitvany\/wp-json\/wp\/v2\/users\/101495"}],"replies":[{"embeddable":true,"href":"https:\/\/semmelweis.hu\/alapitvany\/wp-json\/wp\/v2\/comments?post=10438"}],"version-history":[{"count":10,"href":"https:\/\/semmelweis.hu\/alapitvany\/wp-json\/wp\/v2\/pages\/10438\/revisions"}],"predecessor-version":[{"id":17037,"href":"https:\/\/semmelweis.hu\/alapitvany\/wp-json\/wp\/v2\/pages\/10438\/revisions\/17037"}],"wp:featuredmedia":[{"embeddable":true,"href":"https:\/\/semmelweis.hu\/alapitvany\/wp-json\/wp\/v2\/media\/10441"}],"wp:attachment":[{"href":"https:\/\/semmelweis.hu\/alapitvany\/wp-json\/wp\/v2\/media?parent=10438"}],"wp:term":[{"taxonomy":"category","embeddable":true,"href":"https:\/\/semmelweis.hu\/alapitvany\/wp-json\/wp\/v2\/categories?post=10438"},{"taxonomy":"post_tag","embeddable":true,"href":"https:\/\/semmelweis.hu\/alapitvany\/wp-json\/wp\/v2\/tags?post=10438"}],"curies":[{"name":"wp","href":"https:\/\/api.w.org\/{rel}","templated":true}]}}