{"id":10339,"date":"2021-12-21T02:23:18","date_gmt":"2021-12-21T01:23:18","guid":{"rendered":"https:\/\/semmelweis.hu\/alapitvany\/?page_id=10339"},"modified":"2023-10-11T14:48:41","modified_gmt":"2023-10-11T12:48:41","slug":"simple-cancel","status":"publish","type":"page","link":"https:\/\/semmelweis.hu\/alapitvany\/simple-cancel\/","title":{"rendered":"Fizet\u00e9s megszak\u00edtva"},"content":{"rendered":"<p>\u00d6n megszak\u00edtotta a fizet\u00e9st!<\/p>\n","protected":false},"excerpt":{"rendered":"<p>\u00d6n megszak\u00edtotta a fizet\u00e9st!<\/p>\n","protected":false},"author":101614,"featured_media":0,"parent":0,"menu_order":11,"comment_status":"closed","ping_status":"closed","template":"","meta":{"_acf_changed":false,"give_campaign_id":0,"footnotes":""},"categories":[],"tags":[40],"class_list":["post-10339","page","type-page","status-publish","hentry","tag-simlpepay"],"acf":[],"campaignId":"","_links":{"self":[{"href":"https:\/\/semmelweis.hu\/alapitvany\/wp-json\/wp\/v2\/pages\/10339","targetHints":{"allow":["GET"]}}],"collection":[{"href":"https:\/\/semmelweis.hu\/alapitvany\/wp-json\/wp\/v2\/pages"}],"about":[{"href":"https:\/\/semmelweis.hu\/alapitvany\/wp-json\/wp\/v2\/types\/page"}],"author":[{"embeddable":true,"href":"https:\/\/semmelweis.hu\/alapitvany\/wp-json\/wp\/v2\/users\/101614"}],"replies":[{"embeddable":true,"href":"https:\/\/semmelweis.hu\/alapitvany\/wp-json\/wp\/v2\/comments?post=10339"}],"version-history":[{"count":2,"href":"https:\/\/semmelweis.hu\/alapitvany\/wp-json\/wp\/v2\/pages\/10339\/revisions"}],"predecessor-version":[{"id":10344,"href":"https:\/\/semmelweis.hu\/alapitvany\/wp-json\/wp\/v2\/pages\/10339\/revisions\/10344"}],"wp:attachment":[{"href":"https:\/\/semmelweis.hu\/alapitvany\/wp-json\/wp\/v2\/media?parent=10339"}],"wp:term":[{"taxonomy":"category","embeddable":true,"href":"https:\/\/semmelweis.hu\/alapitvany\/wp-json\/wp\/v2\/categories?post=10339"},{"taxonomy":"post_tag","embeddable":true,"href":"https:\/\/semmelweis.hu\/alapitvany\/wp-json\/wp\/v2\/tags?post=10339"}],"curies":[{"name":"wp","href":"https:\/\/api.w.org\/{rel}","templated":true}]}}