{"id":10231,"date":"2020-04-01T16:19:23","date_gmt":"2020-04-01T14:19:23","guid":{"rendered":"http:\/\/semmelweis.hu\/alapitvany\/?page_id=10231"},"modified":"2020-04-08T14:06:16","modified_gmt":"2020-04-08T12:06:16","slug":"tamogatas","status":"publish","type":"page","link":"https:\/\/semmelweis.hu\/alapitvany\/tamogatas\/","title":{"rendered":"T\u00e1mogat\u00e1s"},"content":{"rendered":"<p style=\"text-align: center;\"><span style=\"font-size: 18pt;\">Ha \u00d6n is t\u00e1mogatni szeretn\u00e9 a Semmelweis Egyetem Alap\u00edtv\u00e1nyt, <br \/>\nakkor azt megteheti\u00a0<strong><a href=\"https:\/\/semmelweis.hu\/alapitvany\/1-szazalek-felajanlas\/\" target=\"_blank\" rel=\"noopener noreferrer\">ad\u00f3ja 1%-\u00e1nak felaj\u00e1nl\u00e1s\u00e1val<\/a><\/strong>\u00a0<br \/>\nvagy utalhat a <\/span><\/p>\n<p style=\"text-align: center;\"><span style=\"font-size: 18pt;\"><strong>11708001-20361060 <\/strong><\/span><\/p>\n<p style=\"text-align: center;\"><span style=\"font-size: 18pt;\">banksz\u00e1mlasz\u00e1mra. <\/span><\/p>\n<p style=\"text-align: center;\"><span style=\"font-size: 18pt;\">Minden felaj\u00e1nl\u00e1st k\u00f6sz\u00f6nettel fogadunk!<\/span><\/p>\n","protected":false},"excerpt":{"rendered":"<p>Ha \u00d6n is t\u00e1mogatni szeretn\u00e9 a Semmelweis Egyetem Alap\u00edtv\u00e1nyt,<br \/>\nakkor azt megteheti\u00a0<a href=\"https:\/\/semmelweis.hu\/alapitvany\/1-szazalek-felajanlas\/\" target=\"_blank\" rel=\"noopener noreferrer\">ad\u00f3ja 1%-\u00e1nak felaj\u00e1nl\u00e1s\u00e1val<\/a>\u00a0<br \/>\nvagy utalhat a<br \/>\n11708001-20361060<br \/>\nbanksz\u00e1mlasz\u00e1mra.<br \/>\nMinden felaj\u00e1nl\u00e1st k\u00f6sz\u00f6nettel fogadunk!<\/p>\n","protected":false},"author":12,"featured_media":0,"parent":0,"menu_order":4,"comment_status":"closed","ping_status":"closed","template":"template-fullwidth.php","meta":{"_acf_changed":false,"give_campaign_id":0,"footnotes":""},"categories":[],"tags":[],"class_list":["post-10231","page","type-page","status-publish","hentry"],"acf":[],"campaignId":"","_links":{"self":[{"href":"https:\/\/semmelweis.hu\/alapitvany\/wp-json\/wp\/v2\/pages\/10231","targetHints":{"allow":["GET"]}}],"collection":[{"href":"https:\/\/semmelweis.hu\/alapitvany\/wp-json\/wp\/v2\/pages"}],"about":[{"href":"https:\/\/semmelweis.hu\/alapitvany\/wp-json\/wp\/v2\/types\/page"}],"author":[{"embeddable":true,"href":"https:\/\/semmelweis.hu\/alapitvany\/wp-json\/wp\/v2\/users\/12"}],"replies":[{"embeddable":true,"href":"https:\/\/semmelweis.hu\/alapitvany\/wp-json\/wp\/v2\/comments?post=10231"}],"version-history":[{"count":2,"href":"https:\/\/semmelweis.hu\/alapitvany\/wp-json\/wp\/v2\/pages\/10231\/revisions"}],"predecessor-version":[{"id":10235,"href":"https:\/\/semmelweis.hu\/alapitvany\/wp-json\/wp\/v2\/pages\/10231\/revisions\/10235"}],"wp:attachment":[{"href":"https:\/\/semmelweis.hu\/alapitvany\/wp-json\/wp\/v2\/media?parent=10231"}],"wp:term":[{"taxonomy":"category","embeddable":true,"href":"https:\/\/semmelweis.hu\/alapitvany\/wp-json\/wp\/v2\/categories?post=10231"},{"taxonomy":"post_tag","embeddable":true,"href":"https:\/\/semmelweis.hu\/alapitvany\/wp-json\/wp\/v2\/tags?post=10231"}],"curies":[{"name":"wp","href":"https:\/\/api.w.org\/{rel}","templated":true}]}}