{"id":10134,"date":"2019-02-26T11:05:03","date_gmt":"2019-02-26T10:05:03","guid":{"rendered":"http:\/\/semmelweis.hu\/alapitvany\/?page_id=10134"},"modified":"2023-03-29T15:14:08","modified_gmt":"2023-03-29T13:14:08","slug":"about-us","status":"publish","type":"page","link":"https:\/\/semmelweis.hu\/alapitvany\/en\/about-us\/","title":{"rendered":"About us"},"content":{"rendered":"<p>&nbsp;<\/p>\n<p><a href=\"https:\/\/semmelweis.hu\/alapitvany\/files\/2019\/02\/Mozaik1-300x300.jpg\"><img loading=\"lazy\" decoding=\"async\" class=\"size-full wp-image-10135 alignright\" src=\"https:\/\/semmelweis.hu\/alapitvany\/files\/2019\/02\/Mozaik1-300x300.jpg\" alt=\"\" width=\"300\" height=\"300\" srcset=\"https:\/\/semmelweis.hu\/alapitvany\/files\/2019\/02\/Mozaik1-300x300.jpg 300w, https:\/\/semmelweis.hu\/alapitvany\/files\/2019\/02\/Mozaik1-300x300-150x150.jpg 150w\" sizes=\"auto, (max-width: 300px) 100vw, 300px\" \/><\/a>The Semmelweis University of Medicine Foundation was established by Dr. J\u00e1nos Szent\u00e1gothai and Dr. Ott\u00f3 Rib\u00e1ri on January 14, 1992. According to its founding charter, the Foundation was established to support Semmelweis University of Medicine\u2019s educational, health care, and research activities. The Foundation undertakes public benefit activities and performs public functions in the areas of health maintenance, disease prevention, healing and health rehabilitation, scientific activities, research, teaching and education, skill development, and the dissemination of knowledge.<\/p>\n<p>&nbsp;<\/p>\n<p><strong>The Foundation\u2019s Founding Charter states:<\/strong><\/p>\n<ul>\n<li>that in the course of achieving its goals, it undertakes public benefit activities and performs public functions in the areas of health maintenance, disease prevention, healing and health rehabilitation, scientific activities, research, teaching and education, skill development, and the dissemination of knowledge in order to meet the collective interest of society and the individual, because<\/li>\n<li>it provides support for carrying out state responsibilities in accordance with the provisions of the acts on health care and national higher education,<\/li>\n<li>its public benefit services are available to everyone,<\/li>\n<li>it undertakes business activities strictly in the interest of achieving its public benefit goals, and only if these do no endanger said goals,<\/li>\n<li>it does not engage in investment activities,<\/li>\n<li>it cannot divide the financial results achieved in the course of management, but shall use it to finance the goals defined in the founding charter,<\/li>\n<li>it shall not be involved in direct political activities and is independent of political parties; it shall not provide financial support to political parties, nor shall it accept support from them,<\/li>\n<li>it shall not take part in political activities, and furthermore shall neither nominate nor support candidates in the parliamentary, county, and municipal elections.<\/li>\n<\/ul>\n<p><strong>The Foundation\u2019s Basic Information<\/strong><\/p>\n<table>\n<tbody>\n<tr>\n<td>Registration number:<\/td>\n<td>2647<\/td>\n<\/tr>\n<tr>\n<td>Type:<\/td>\n<td>public benefit organisation (PBO)<\/td>\n<\/tr>\n<tr>\n<td>Headquarters:<\/td>\n<td>1085 Budapest, \u00dcll\u0151i \u00fat 26.<\/td>\n<\/tr>\n<tr>\n<td>Tax identification number:<\/td>\n<td>18014448-1-42<\/td>\n<\/tr>\n<tr>\n<td>Account held at:<\/td>\n<td>OTP Bank Plc.<\/td>\n<\/tr>\n<tr>\n<td>Bank account number:<\/td>\n<td>11708001-20361060<\/td>\n<\/tr>\n<\/tbody>\n<\/table>\n","protected":false},"excerpt":{"rendered":"<p>The Semmelweis University of Medicine Foundation was established by Dr. J\u00e1nos Szent\u00e1gothai and Dr. Ott\u00f3 Rib\u00e1ri on January 14, 1992. According to its founding charter, the Foundation was established to support Semmelweis University of Medicine\u2019s educational, health care, and research activities. The Foundation undertakes public benefit activities and performs public functions in the areas of health maintenance, disease prevention, healing and health rehabilitation, scientific activities, research, teaching and education, skill development, and the dissemination of knowledge.<\/p>\n","protected":false},"author":101255,"featured_media":10223,"parent":0,"menu_order":1,"comment_status":"closed","ping_status":"closed","template":"template-fullwidth.php","meta":{"_acf_changed":false,"give_campaign_id":0,"footnotes":""},"categories":[],"tags":[],"class_list":["post-10134","page","type-page","status-publish","has-post-thumbnail","hentry"],"acf":[],"campaignId":"","_links":{"self":[{"href":"https:\/\/semmelweis.hu\/alapitvany\/wp-json\/wp\/v2\/pages\/10134","targetHints":{"allow":["GET"]}}],"collection":[{"href":"https:\/\/semmelweis.hu\/alapitvany\/wp-json\/wp\/v2\/pages"}],"about":[{"href":"https:\/\/semmelweis.hu\/alapitvany\/wp-json\/wp\/v2\/types\/page"}],"author":[{"embeddable":true,"href":"https:\/\/semmelweis.hu\/alapitvany\/wp-json\/wp\/v2\/users\/101255"}],"replies":[{"embeddable":true,"href":"https:\/\/semmelweis.hu\/alapitvany\/wp-json\/wp\/v2\/comments?post=10134"}],"version-history":[{"count":3,"href":"https:\/\/semmelweis.hu\/alapitvany\/wp-json\/wp\/v2\/pages\/10134\/revisions"}],"predecessor-version":[{"id":10228,"href":"https:\/\/semmelweis.hu\/alapitvany\/wp-json\/wp\/v2\/pages\/10134\/revisions\/10228"}],"wp:featuredmedia":[{"embeddable":true,"href":"https:\/\/semmelweis.hu\/alapitvany\/wp-json\/wp\/v2\/media\/10223"}],"wp:attachment":[{"href":"https:\/\/semmelweis.hu\/alapitvany\/wp-json\/wp\/v2\/media?parent=10134"}],"wp:term":[{"taxonomy":"category","embeddable":true,"href":"https:\/\/semmelweis.hu\/alapitvany\/wp-json\/wp\/v2\/categories?post=10134"},{"taxonomy":"post_tag","embeddable":true,"href":"https:\/\/semmelweis.hu\/alapitvany\/wp-json\/wp\/v2\/tags?post=10134"}],"curies":[{"name":"wp","href":"https:\/\/api.w.org\/{rel}","templated":true}]}}