{"id":10030,"date":"2018-05-08T13:59:39","date_gmt":"2018-05-08T11:59:39","guid":{"rendered":"http:\/\/semmelweis.hu\/alapitvany\/?page_id=10030"},"modified":"2024-01-08T15:07:07","modified_gmt":"2024-01-08T14:07:07","slug":"az-alapitvanyrol","status":"publish","type":"page","link":"https:\/\/semmelweis.hu\/alapitvany\/az-alapitvanyrol\/","title":{"rendered":"Semmelweis Egyetem Alap\u00edtv\u00e1ny"},"content":{"rendered":"<p><strong>Az alap\u00edtv\u00e1nyr\u00f3l<\/strong><\/p>\n<p>A Semmelweis Egyetem Alap\u00edtv\u00e1nyt (kor\u00e1bban Semmelweis Orvostudom\u00e1nyi Egyetem Alap\u00edtv\u00e1ny) Dr. Szent\u00e1gothai J\u00e1nos \u00e9s Dr. Rib\u00e1ri Ott\u00f3 1992. janu\u00e1r 14-\u00e9n alap\u00edtotta. A l\u00e9trehoz\u00e1s c\u00e9lja az\u00a0<a href=\"https:\/\/semmelweis.hu\/alapitvany\/files\/2023\/02\/alapito-okirat-1.pdf\" target=\"_blank\" rel=\"noopener\">alap\u00edt\u00f3 okirat<\/a> szerint\u00a0az egyetem oktat\u00f3, gy\u00f3gy\u00edt\u00f3 \u00e9s kutat\u00f3 tev\u00e9kenys\u00e9g\u00e9nek t\u00e1mogat\u00e1sa. Az alap\u00edtv\u00e1ny k\u00f6zhaszn\u00fa tev\u00e9kenys\u00e9get folytat,\u00a0k\u00f6zfeladatokat l\u00e1t el az eg\u00e9szs\u00e9gmeg\u0151rz\u00e9s, betegs\u00e9g-megel\u0151z\u00e9s, gy\u00f3gy\u00edt\u00f3-, eg\u00e9szs\u00e9g\u00fcgyi rehabilit\u00e1ci\u00f3s tev\u00e9kenys\u00e9g, a tudom\u00e1nyos tev\u00e9kenys\u00e9g, kutat\u00e1s, nevel\u00e9s \u00e9s oktat\u00e1s, k\u00e9pess\u00e9gfejleszt\u00e9s, valamint ismeretterjeszt\u00e9s ter\u00fclet\u00e9n.<\/p>\n<p>A Semmelweis Egyetem Alap\u00edtv\u00e1ny tev\u00e9kenys\u00e9g\u00e9vel k\u00f6zvetlen\u00fcl a Semmelweis Egyetem oktat\u00f3, gy\u00f3gy\u00edt\u00f3 \u00e9s kutat\u00f3 feladatainak ell\u00e1t\u00e1s\u00e1t t\u00e1mogatja k\u00fcl\u00f6nf\u00e9le projekteken kereszt\u00fcl.<\/p>\n<p>A Semmelweis Egyetem Alap\u00edtv\u00e1ny <strong><a href=\"https:\/\/semmelweis.hu\/alapitvany\/files\/2023\/02\/alapito-okirat-1.pdf\" target=\"_blank\" rel=\"noopener\">alap\u00edt\u00f3 okirata<\/a><\/strong> ezen a linken olvashat\u00f3.<\/p>\n<p><a href=\"https:\/\/semmelweis.hu\/alapitvany\/files\/2022\/04\/1200x628.jpg\"><img loading=\"lazy\" decoding=\"async\" class=\"aligncenter size-full wp-image-10586\" src=\"https:\/\/semmelweis.hu\/alapitvany\/files\/2022\/04\/1200x628.jpg\" alt=\"\" width=\"1200\" height=\"628\" srcset=\"https:\/\/semmelweis.hu\/alapitvany\/files\/2022\/04\/1200x628.jpg 1200w, https:\/\/semmelweis.hu\/alapitvany\/files\/2022\/04\/1200x628-400x209.jpg 400w, https:\/\/semmelweis.hu\/alapitvany\/files\/2022\/04\/1200x628-1024x536.jpg 1024w, https:\/\/semmelweis.hu\/alapitvany\/files\/2022\/04\/1200x628-768x402.jpg 768w, https:\/\/semmelweis.hu\/alapitvany\/files\/2022\/04\/1200x628-753x394.jpg 753w\" sizes=\"auto, (max-width: 1200px) 100vw, 1200px\" \/><\/a><\/p>\n<p><strong>Az Alap\u00edtv\u00e1ny az Alap\u00edt\u00f3 Okirat\u00e1ban kinyilatkoztatja:<\/strong><\/p>\n<ul>\n<li>c\u00e9ljainak el\u00e9r\u00e9se sor\u00e1n a t\u00e1rsadalom \u00e9s az egy\u00e9n k\u00f6z\u00f6s \u00e9rdekeinek kiel\u00e9g\u00edt\u00e9se \u00e9rdek\u00e9ben k\u00f6zhaszn\u00fa tev\u00e9kenys\u00e9get folytat, k\u00f6zfeladatokat l\u00e1t el az eg\u00e9szs\u00e9gmeg\u0151rz\u00e9s, betegs\u00e9g-megel\u0151z\u00e9s, gy\u00f3gy\u00edt\u00f3-, eg\u00e9szs\u00e9g\u00fcgyi rehabilit\u00e1ci\u00f3s tev\u00e9kenys\u00e9g, a tudom\u00e1nyos tev\u00e9kenys\u00e9g, kutat\u00e1s, nevel\u00e9s \u00e9s oktat\u00e1s, k\u00e9pess\u00e9gfejleszt\u00e9s \u00e9s ismeretterjeszt\u00e9s ter\u00fclet\u00e9n,<\/li>\n<li>\u00a0\u00e1llami feladat ell\u00e1t\u00e1s\u00e1hoz ny\u00fajt t\u00e1mogat\u00e1st az eg\u00e9szs\u00e9g\u00fcgyr\u0151l sz\u00f3l\u00f3 \u00e9s a nemzeti fels\u0151oktat\u00e1sr\u00f3l sz\u00f3l\u00f3 t\u00f6rv\u00e9ny rendelkez\u00e9seinek \u00e9rtelm\u00e9ben,<\/li>\n<li>k\u00f6zhaszn\u00fa szolg\u00e1ltat\u00e1saib\u00f3l b\u00e1rki r\u00e9szes\u00fclhet,<\/li>\n<li>v\u00e1llalkoz\u00e1si tev\u00e9kenys\u00e9get csak k\u00f6zhaszn\u00fa c\u00e9ljainak megval\u00f3s\u00edt\u00e1sa \u00e9rdek\u00e9ben, azokat nem vesz\u00e9lyeztetve v\u00e9gez,<\/li>\n<li>\u00a0befektet\u00e9si tev\u00e9kenys\u00e9get nem folytat,<\/li>\n<li>gazd\u00e1lkod\u00e1sa sor\u00e1n el\u00e9rt eredm\u00e9ny\u00e9t nem osztja fel, azt az alap\u00edt\u00f3 okiratban meghat\u00e1rozott c\u00e9lra ford\u00edtja,<\/li>\n<li>k\u00f6zvetlen politikai tev\u00e9kenys\u00e9get nem folytat, szervezete p\u00e1rtokt\u00f3l f\u00fcggetlen \u00e9s azoknak anyagi t\u00e1mogat\u00e1st nem ny\u00fajt, tov\u00e1bb\u00e1 azokt\u00f3l t\u00e1mogat\u00e1st nem kap,<\/li>\n<li>p\u00e1rtpolitikai tev\u00e9kenys\u00e9get nem folytat, tov\u00e1bb\u00e1 orsz\u00e1ggy\u0171l\u00e9si k\u00e9pvisel\u0151i, megyei, f\u0151v\u00e1rosi \u00f6nkorm\u00e1nyzati v\u00e1laszt\u00e1son jel\u00f6ltet nem \u00e1ll\u00edt, \u00e9s nem t\u00e1mogat.<\/li>\n<\/ul>\n<p><strong>Az Alap\u00edtv\u00e1ny f\u0151bb adatai:<\/strong><\/p>\n<p style=\"padding-left: 60px;\">Nyilv\u00e1ntart\u00e1si sz\u00e1ma: 2647<br \/>\nK\u00f6zhaszn\u00fas\u00e1gi fokozat: k\u00f6zhaszn\u00fa<br \/>\nSz\u00e9khely: 1085 Budapest, \u00dcll\u0151i \u00fat 26.<br \/>\nAd\u00f3sz\u00e1ma: 18014448-1-42<br \/>\nSz\u00e1mlavezet\u0151 bank: OTP Bank Nyrt.<br \/>\nBanksz\u00e1mla sz\u00e1ma: 11708001-20361060<\/p>\n<p>A Semmelweis Egyetem Alap\u00edtv\u00e1ny <strong><a href=\"https:\/\/semmelweis.hu\/alapitvany\/files\/2023\/02\/alapito-okirat-1.pdf\" target=\"_blank\" rel=\"noopener\">alap\u00edt\u00f3 okirata<\/a><\/strong> ezen a linken olvashat\u00f3.<\/p>\n","protected":false},"excerpt":{"rendered":"<p>A Semmelweis Egyetem Alap\u00edtv\u00e1ny tagja az Adom\u00e1nygy\u0171jt\u0151 Szervezetek \u00d6nszab\u00e1lyoz\u00f3 Test\u00fclet\u00e9nek, \u00edgy magunkra n\u00e9zve k\u00f6telez\u0151nek fogadjuk el az adom\u00e1nygy\u0171jt\u00e9sre vonatkoz\u00f3 Etikai K\u00f3dexet, melynek f\u0151 sarokpontjai a hiteless\u00e9g, t\u00f6rv\u00e9nyess\u00e9g, \u00e1tl\u00e1that\u00f3s\u00e1g \u00e9s nyilv\u00e1noss\u00e1g. A be\u00e9rkez\u0151 adom\u00e1nyok \u00e9s tev\u00e9kenys\u00e9g\u00fcnk \u00e1tl\u00e1that\u00f3 \u00e9s nyilv\u00e1nos mindenki sz\u00e1m\u00e1ra.<\/p>\n","protected":false},"author":12,"featured_media":14233,"parent":0,"menu_order":1,"comment_status":"closed","ping_status":"closed","template":"template-fullwidth.php","meta":{"_acf_changed":false,"give_campaign_id":0,"footnotes":""},"categories":[],"tags":[],"class_list":["post-10030","page","type-page","status-publish","has-post-thumbnail","hentry"],"acf":[],"campaignId":"","_links":{"self":[{"href":"https:\/\/semmelweis.hu\/alapitvany\/wp-json\/wp\/v2\/pages\/10030","targetHints":{"allow":["GET"]}}],"collection":[{"href":"https:\/\/semmelweis.hu\/alapitvany\/wp-json\/wp\/v2\/pages"}],"about":[{"href":"https:\/\/semmelweis.hu\/alapitvany\/wp-json\/wp\/v2\/types\/page"}],"author":[{"embeddable":true,"href":"https:\/\/semmelweis.hu\/alapitvany\/wp-json\/wp\/v2\/users\/12"}],"replies":[{"embeddable":true,"href":"https:\/\/semmelweis.hu\/alapitvany\/wp-json\/wp\/v2\/comments?post=10030"}],"version-history":[{"count":11,"href":"https:\/\/semmelweis.hu\/alapitvany\/wp-json\/wp\/v2\/pages\/10030\/revisions"}],"predecessor-version":[{"id":14234,"href":"https:\/\/semmelweis.hu\/alapitvany\/wp-json\/wp\/v2\/pages\/10030\/revisions\/14234"}],"wp:featuredmedia":[{"embeddable":true,"href":"https:\/\/semmelweis.hu\/alapitvany\/wp-json\/wp\/v2\/media\/14233"}],"wp:attachment":[{"href":"https:\/\/semmelweis.hu\/alapitvany\/wp-json\/wp\/v2\/media?parent=10030"}],"wp:term":[{"taxonomy":"category","embeddable":true,"href":"https:\/\/semmelweis.hu\/alapitvany\/wp-json\/wp\/v2\/categories?post=10030"},{"taxonomy":"post_tag","embeddable":true,"href":"https:\/\/semmelweis.hu\/alapitvany\/wp-json\/wp\/v2\/tags?post=10030"}],"curies":[{"name":"wp","href":"https:\/\/api.w.org\/{rel}","templated":true}]}}