{"id":96,"date":"2026-03-04T15:59:41","date_gmt":"2026-03-04T14:59:41","guid":{"rendered":"https:\/\/semmelweis.hu\/addiktologia\/?page_id=96"},"modified":"2026-04-20T11:24:12","modified_gmt":"2026-04-20T09:24:12","slug":"kutatocsoport","status":"publish","type":"page","link":"https:\/\/semmelweis.hu\/addiktologia\/espad\/kutatocsoport\/","title":{"rendered":"Kutat\u00f3csoport"},"content":{"rendered":"<h4><strong>ESPAD hazai Kutat\u00f3csoport<\/strong><\/h4>\n<p><span style=\"font-family: Montserrat\">Dr. Arnold Petra<\/span>, PhD, kutat\u00e1svezet\u0151 (Principal Investigator), Semmelweis Egyetem ETK Addiktol\u00f3giai Tansz\u00e9k<\/p>\n<p><span style=\"font-family: Montserrat\">Dr. Elekes Zsuzsanna<\/span>, PhD, DSc, professor emerita, Budapesti Corvinus Egyetem Szociol\u00f3gia Tansz\u00e9k\u00a0<\/p>\n<p><span style=\"font-family: Montserrat\">Dr. Kapit\u00e1ny-F\u00f6v\u00e9ny M\u00e1t\u00e9<\/span>, PhD, Semmelweis Egyetem ETK Addiktol\u00f3giai Tansz\u00e9k, Ny\u00edr\u0151 Gyula OPAI<\/p>\n<p><span style=\"font-family: Montserrat\">Dr. Kutrov\u00e1tz Kitti<\/span>, PhD, Budapesti Gazdas\u00e1gtudom\u00e1nyi Egyetem, Emberi Er\u0151forr\u00e1s Fejleszt\u00e9s Tansz\u00e9k<\/p>\n<p><span style=\"font-family: Montserrat\">Dr. Szeitl Blanka,<\/span> PhD, ELTE T\u00e1TK Statisztika Tansz\u00e9k \u00e9s ELTE TK Szociol\u00f3giai Kutat\u00f3int\u00e9zet<\/p>\n<h4><strong>Nemzetk\u00f6zi kutat\u00f3csoport<\/strong><\/h4>\n<p><a href=\"https:\/\/www.espad.org\/contacts\/countries\/principal-researchers\" target=\"_blank\" rel=\"noopener\">R\u00e9sztvev\u0151 orsz\u00e1gok \u00e9s kutat\u00e1svezet\u0151k<\/a><\/p>\n","protected":false},"excerpt":{"rendered":"<p>ESPAD hazai Kutat\u00f3csoport Dr. Arnold Petra, PhD, kutat\u00e1svezet\u0151 (Principal Investigator), Semmelweis Egyetem ETK Addiktol\u00f3giai Tansz\u00e9k Dr. Elekes Zsuzsanna, PhD, DSc, professor emerita, Budapesti Corvinus Egyetem Szociol\u00f3gia Tansz\u00e9k\u00a0 Dr. Kapit\u00e1ny-F\u00f6v\u00e9ny M\u00e1t\u00e9, PhD, Semmelweis Egyetem ETK Addiktol\u00f3giai Tansz\u00e9k, Ny\u00edr\u0151 Gyula OPAI Dr. Kutrov\u00e1tz Kitti, PhD, Budapesti Gazdas\u00e1gtudom\u00e1nyi Egyetem, Emberi Er\u0151forr\u00e1s Fejleszt\u00e9s Tansz\u00e9k Dr. Szeitl Blanka, PhD, ELTE &hellip;<\/p>\n","protected":false},"author":102597,"featured_media":0,"parent":49,"menu_order":1,"comment_status":"closed","ping_status":"closed","template":"","meta":{"_acf_changed":false,"footnotes":""},"categories":[],"tags":[],"class_list":["post-96","page","type-page","status-publish","hentry"],"acf":[],"_links":{"self":[{"href":"https:\/\/semmelweis.hu\/addiktologia\/wp-json\/wp\/v2\/pages\/96","targetHints":{"allow":["GET"]}}],"collection":[{"href":"https:\/\/semmelweis.hu\/addiktologia\/wp-json\/wp\/v2\/pages"}],"about":[{"href":"https:\/\/semmelweis.hu\/addiktologia\/wp-json\/wp\/v2\/types\/page"}],"author":[{"embeddable":true,"href":"https:\/\/semmelweis.hu\/addiktologia\/wp-json\/wp\/v2\/users\/102597"}],"replies":[{"embeddable":true,"href":"https:\/\/semmelweis.hu\/addiktologia\/wp-json\/wp\/v2\/comments?post=96"}],"version-history":[{"count":10,"href":"https:\/\/semmelweis.hu\/addiktologia\/wp-json\/wp\/v2\/pages\/96\/revisions"}],"predecessor-version":[{"id":316,"href":"https:\/\/semmelweis.hu\/addiktologia\/wp-json\/wp\/v2\/pages\/96\/revisions\/316"}],"up":[{"embeddable":true,"href":"https:\/\/semmelweis.hu\/addiktologia\/wp-json\/wp\/v2\/pages\/49"}],"wp:attachment":[{"href":"https:\/\/semmelweis.hu\/addiktologia\/wp-json\/wp\/v2\/media?parent=96"}],"wp:term":[{"taxonomy":"category","embeddable":true,"href":"https:\/\/semmelweis.hu\/addiktologia\/wp-json\/wp\/v2\/categories?post=96"},{"taxonomy":"post_tag","embeddable":true,"href":"https:\/\/semmelweis.hu\/addiktologia\/wp-json\/wp\/v2\/tags?post=96"}],"curies":[{"name":"wp","href":"https:\/\/api.w.org\/{rel}","templated":true}]}}