{"id":8,"date":"2026-01-20T10:54:56","date_gmt":"2026-01-20T09:54:56","guid":{"rendered":"https:\/\/semmelweis.hu\/addiktologia\/?page_id=8"},"modified":"2026-03-12T13:26:45","modified_gmt":"2026-03-12T12:26:45","slug":"elerhetoseg","status":"publish","type":"page","link":"https:\/\/semmelweis.hu\/addiktologia\/elerhetoseg\/","title":{"rendered":"El\u00e9rhet\u0151s\u00e9g"},"content":{"rendered":"<h2>Addiktol\u00f3giai Tansz\u00e9k<\/h2>\n<h4>Semmelweis Egyetem, Eg\u00e9szs\u00e9gtudom\u00e1nyi Kar<\/h4>\n<p>Tel.: +36 1 48-65990<br \/>\nEmail:\u00a0<a href=\"mailto:etk.addiktologia@semmelweis.hu\">etk.addiktologia@semmelweis.hu<\/a><br \/>\nC\u00edm: 1088 Budapest, Vas u. 17.<br \/>\nIroda: 230B<br \/>\nMunkat\u00e1rsak <a href=\"https:\/\/semmelweis.hu\/addiktologia\/munkatarsak\/\" target=\"_blank\" rel=\"noopener\">el\u00e9rhet\u0151s\u00e9ge<\/a><\/p>\n<p><iframe loading=\"lazy\" src=\"https:\/\/www.google.com\/maps\/embed?pb=!1m18!1m12!1m3!1d2695.8183139142125!2d19.06329237673154!3d47.49345267117966!2m3!1f0!2f0!3f0!3m2!1i1024!2i768!4f13.1!3m3!1m2!1s0x4741dc5c53f08d4d%3A0xdf0be966c1263f8e!2sBudapest%2C%20Vas%20u.%2017%2C%201088!5e0!3m2!1shu!2shu!4v1768902835638!5m2!1shu!2shu\" width=\"100%\" height=\"350\"><span data-mce-type=\"bookmark\" style=\"width: 0px;overflow: hidden;line-height: 0\" class=\"mce_SELRES_start\">\ufeff<\/span><\/iframe><\/p>\n","protected":false},"excerpt":{"rendered":"<p>Addiktol\u00f3giai Tansz\u00e9k<br \/>\nSemmelweis Egyetem, Eg\u00e9szs\u00e9gtudom\u00e1nyi Kar<br \/>\nTel.: +36 1 48-65990<br \/>\nEmail:\u00a0<a href=\"mailto:etk.addiktologia@semmelweis.hu\">etk.addiktologia@semmelweis.hu<\/a><br \/>\nC\u00edm: 1088 Budapest, Vas u. 17.<br \/>\nIroda: 230B<br \/>\nMunkat\u00e1rsak <a href=\"https:\/\/semmelweis.hu\/addiktologia\/munkatarsak\/\" target=\"_blank\" rel=\"noopener\">el\u00e9rhet\u0151s\u00e9ge<\/a><br \/>\n\ufeff<\/p>\n","protected":false},"author":12,"featured_media":0,"parent":0,"menu_order":8,"comment_status":"closed","ping_status":"closed","template":"","meta":{"_acf_changed":false,"footnotes":""},"categories":[],"tags":[],"class_list":["post-8","page","type-page","status-publish","hentry"],"acf":[],"_links":{"self":[{"href":"https:\/\/semmelweis.hu\/addiktologia\/wp-json\/wp\/v2\/pages\/8","targetHints":{"allow":["GET"]}}],"collection":[{"href":"https:\/\/semmelweis.hu\/addiktologia\/wp-json\/wp\/v2\/pages"}],"about":[{"href":"https:\/\/semmelweis.hu\/addiktologia\/wp-json\/wp\/v2\/types\/page"}],"author":[{"embeddable":true,"href":"https:\/\/semmelweis.hu\/addiktologia\/wp-json\/wp\/v2\/users\/12"}],"replies":[{"embeddable":true,"href":"https:\/\/semmelweis.hu\/addiktologia\/wp-json\/wp\/v2\/comments?post=8"}],"version-history":[{"count":5,"href":"https:\/\/semmelweis.hu\/addiktologia\/wp-json\/wp\/v2\/pages\/8\/revisions"}],"predecessor-version":[{"id":229,"href":"https:\/\/semmelweis.hu\/addiktologia\/wp-json\/wp\/v2\/pages\/8\/revisions\/229"}],"wp:attachment":[{"href":"https:\/\/semmelweis.hu\/addiktologia\/wp-json\/wp\/v2\/media?parent=8"}],"wp:term":[{"taxonomy":"category","embeddable":true,"href":"https:\/\/semmelweis.hu\/addiktologia\/wp-json\/wp\/v2\/categories?post=8"},{"taxonomy":"post_tag","embeddable":true,"href":"https:\/\/semmelweis.hu\/addiktologia\/wp-json\/wp\/v2\/tags?post=8"}],"curies":[{"name":"wp","href":"https:\/\/api.w.org\/{rel}","templated":true}]}}