{"id":58,"date":"2026-03-04T12:23:01","date_gmt":"2026-03-04T11:23:01","guid":{"rendered":"https:\/\/semmelweis.hu\/addiktologia\/?page_id=58"},"modified":"2026-03-10T15:20:47","modified_gmt":"2026-03-10T14:20:47","slug":"kutatasi-jelentesek","status":"publish","type":"page","link":"https:\/\/semmelweis.hu\/addiktologia\/espad\/kutatasi-jelentesek\/","title":{"rendered":"Kutat\u00e1si jelent\u00e9sek"},"content":{"rendered":"<h3>\n<img loading=\"lazy\" decoding=\"async\" class=\" wp-image-87 alignright\" src=\"https:\/\/semmelweis.hu\/addiktologia\/files\/2026\/03\/Kepernyokep-2026-03-04-152705-278x400.png\" alt=\"\" width=\"202\" height=\"290\" srcset=\"https:\/\/semmelweis.hu\/addiktologia\/files\/2026\/03\/Kepernyokep-2026-03-04-152705-278x400.png 278w, https:\/\/semmelweis.hu\/addiktologia\/files\/2026\/03\/Kepernyokep-2026-03-04-152705.png 547w\" sizes=\"auto, (max-width: 202px) 100vw, 202px\" \/>Hazai kutat\u00e1si jelent\u00e9sek<\/h3>\n<p><a href=\"https:\/\/semmelweis.hu\/addiktologia\/files\/2026\/03\/ESPAD2019_konyv_FIN.pdf\" target=\"_blank\" rel=\"noopener\">ESPAD_2019<\/a><\/p>\n<p><a href=\"https:\/\/semmelweis.hu\/addiktologia\/files\/2026\/03\/ESPAD_2015.pdf\" target=\"_blank\" rel=\"noopener\">ESPAD_2015<\/a><\/p>\n<p><a href=\"https:\/\/semmelweis.hu\/addiktologia\/files\/2026\/03\/ESPAD_2011.pdf\" target=\"_blank\" rel=\"noopener\">ESPAD_2011<\/a><\/p>\n<p><a href=\"https:\/\/semmelweis.hu\/addiktologia\/files\/2026\/03\/ESPAD_2007.pdf\" target=\"_blank\" rel=\"noopener\">ESPAD_2007<\/a><\/p>\n<p><a href=\"https:\/\/semmelweis.hu\/addiktologia\/files\/2026\/03\/ESPAD_2003.pdf\" target=\"_blank\" rel=\"noopener\">ESPAD_2003<\/a><\/p>\n<p><a href=\"https:\/\/semmelweis.hu\/addiktologia\/files\/2026\/03\/ESPAD_1999.pdf\" target=\"_blank\" rel=\"noopener\">ESPAD_1999<\/a><\/p>\n<p class=\"beljebb\"><a href=\"https:\/\/semmelweis.hu\/addiktologia\/files\/2026\/03\/ESPAD_1995.pdf\" target=\"_blank\" rel=\"noopener\">ESPAD_1995<\/a><\/p>\n<p class=\"beljebb\">\u00a0<\/p>\n<h3><img loading=\"lazy\" decoding=\"async\" class=\"wp-image-90 alignright\" src=\"https:\/\/semmelweis.hu\/addiktologia\/files\/2026\/03\/Kepernyokep-2026-03-04-153335-281x400.png\" alt=\"\" width=\"210\" height=\"299\" srcset=\"https:\/\/semmelweis.hu\/addiktologia\/files\/2026\/03\/Kepernyokep-2026-03-04-153335-281x400.png 281w, https:\/\/semmelweis.hu\/addiktologia\/files\/2026\/03\/Kepernyokep-2026-03-04-153335.png 490w\" sizes=\"auto, (max-width: 210px) 100vw, 210px\" \/><\/h3>\n<h3>Nemzetk\u00f6zi kutat\u00e1si jelent\u00e9sek<\/h3>\n<p>Az egyes adatfelv\u00e9teli hull\u00e1mok nemzetk\u00f6zi kutat\u00e1si jelent\u00e9sei az\u00a0<a href=\"http:\/\/www.espad.org\/reports-documents\" target=\"_blank\" rel=\"noopener\">ESPAD<\/a>\u00a0honlapj\u00e1r\u00f3l t\u00f6lthet\u0151k le.<\/p>\n<p>&nbsp;<\/p>\n<p>&nbsp;<\/p>\n","protected":false},"excerpt":{"rendered":"<p>Hazai kutat\u00e1si jelent\u00e9sek<br \/>\n<a href=\"https:\/\/semmelweis.hu\/addiktologia\/files\/2026\/03\/ESPAD2019_konyv_FIN.pdf\" target=\"_blank\" rel=\"noopener\">ESPAD_2019<\/a><br \/>\n<a href=\"https:\/\/semmelweis.hu\/addiktologia\/files\/2026\/03\/ESPAD_2015.pdf\" target=\"_blank\" rel=\"noopener\">ESPAD_2015<\/a><br \/>\n<a href=\"https:\/\/semmelweis.hu\/addiktologia\/files\/2026\/03\/ESPAD_2011.pdf\" target=\"_blank\" rel=\"noopener\">ESPAD_2011<\/a><br \/>\n<a href=\"https:\/\/semmelweis.hu\/addiktologia\/files\/2026\/03\/ESPAD_2007.pdf\" target=\"_blank\" rel=\"noopener\">ESPAD_2007<\/a><br \/>\n<a href=\"https:\/\/semmelweis.hu\/addiktologia\/files\/2026\/03\/ESPAD_2003.pdf\" target=\"_blank\" rel=\"noopener\">ESPAD_2003<\/a><br \/>\n<a href=\"https:\/\/semmelweis.hu\/addiktologia\/files\/2026\/03\/ESPAD_1999.pdf\" target=\"_blank\" rel=\"noopener\">ESPAD_1999<\/a><br \/>\n<a href=\"https:\/\/semmelweis.hu\/addiktologia\/files\/2026\/03\/ESPAD_1995.pdf\" target=\"_blank\" rel=\"noopener\">ESPAD_1995<\/a><br \/>\n\u00a0<\/p>\n<p>Nemzetk\u00f6zi kutat\u00e1si jelent\u00e9sek<br \/>\nAz egyes adatfelv\u00e9teli hull\u00e1mok nemzetk\u00f6zi kutat\u00e1si jelent\u00e9sei az\u00a0<a href=\"http:\/\/www.espad.org\/reports-documents\" target=\"_blank\" rel=\"noopener\">ESPAD<\/a>\u00a0honlapj\u00e1r\u00f3l t\u00f6lthet\u0151k le.<br \/>\n&nbsp;<br \/>\n&nbsp;<\/p>\n","protected":false},"author":102597,"featured_media":0,"parent":49,"menu_order":2,"comment_status":"closed","ping_status":"closed","template":"","meta":{"_acf_changed":false,"footnotes":""},"categories":[],"tags":[],"class_list":["post-58","page","type-page","status-publish","hentry"],"acf":[],"_links":{"self":[{"href":"https:\/\/semmelweis.hu\/addiktologia\/wp-json\/wp\/v2\/pages\/58","targetHints":{"allow":["GET"]}}],"collection":[{"href":"https:\/\/semmelweis.hu\/addiktologia\/wp-json\/wp\/v2\/pages"}],"about":[{"href":"https:\/\/semmelweis.hu\/addiktologia\/wp-json\/wp\/v2\/types\/page"}],"author":[{"embeddable":true,"href":"https:\/\/semmelweis.hu\/addiktologia\/wp-json\/wp\/v2\/users\/102597"}],"replies":[{"embeddable":true,"href":"https:\/\/semmelweis.hu\/addiktologia\/wp-json\/wp\/v2\/comments?post=58"}],"version-history":[{"count":9,"href":"https:\/\/semmelweis.hu\/addiktologia\/wp-json\/wp\/v2\/pages\/58\/revisions"}],"predecessor-version":[{"id":114,"href":"https:\/\/semmelweis.hu\/addiktologia\/wp-json\/wp\/v2\/pages\/58\/revisions\/114"}],"up":[{"embeddable":true,"href":"https:\/\/semmelweis.hu\/addiktologia\/wp-json\/wp\/v2\/pages\/49"}],"wp:attachment":[{"href":"https:\/\/semmelweis.hu\/addiktologia\/wp-json\/wp\/v2\/media?parent=58"}],"wp:term":[{"taxonomy":"category","embeddable":true,"href":"https:\/\/semmelweis.hu\/addiktologia\/wp-json\/wp\/v2\/categories?post=58"},{"taxonomy":"post_tag","embeddable":true,"href":"https:\/\/semmelweis.hu\/addiktologia\/wp-json\/wp\/v2\/tags?post=58"}],"curies":[{"name":"wp","href":"https:\/\/api.w.org\/{rel}","templated":true}]}}