{"id":51,"date":"2026-03-04T12:20:51","date_gmt":"2026-03-04T11:20:51","guid":{"rendered":"https:\/\/semmelweis.hu\/addiktologia\/?page_id=51"},"modified":"2026-03-18T16:25:27","modified_gmt":"2026-03-18T15:25:27","slug":"a-kepzes-bemutatasa","status":"publish","type":"page","link":"https:\/\/semmelweis.hu\/addiktologia\/a-kepzes-bemutatasa\/","title":{"rendered":"Addiktol\u00f3giai konzult\u00e1ns k\u00e9pz\u00e9s"},"content":{"rendered":"<div>Az addiktol\u00f3giai konzult\u00e1ns k\u00e9pz\u00e9s c\u00e9lja olyan szakemberek felk\u00e9sz\u00edt\u00e9se, akik multidimenzion\u00e1lis szeml\u00e9lettel k\u00e9pesek egy\u00e9ni, p\u00e1r- \u00e9s csoportos konzult\u00e1ci\u00f3t tartani szenved\u00e9lybetegs\u00e9gek eset\u00e9n. A k\u00e9pz\u00e9st tapasztalt addiktol\u00f3giai szakemberek oktatj\u00e1k. A v\u00e9gzett konzult\u00e1ns k\u00e9pes a kliensek \u00e1llapot\u00e1nak felm\u00e9r\u00e9s\u00e9re, d\u00f6nt\u00e9seik t\u00e1mogat\u00e1s\u00e1ra, ter\u00e1pi\u00e1ba ir\u00e1ny\u00edt\u00e1s\u00e1ra, kr\u00edzishelyzetek kezel\u00e9s\u00e9re \u00e9s sz\u00e9les k\u00f6r\u0171 inform\u00e1ci\u00f3ny\u00fajt\u00e1sra. Elhelyezked\u00e9si lehet\u0151s\u00e9gek k\u00edn\u00e1lkoznak addiktol\u00f3giai, alkohol\u00f3giai \u00e9s pszichi\u00e1triai oszt\u00e1lyokon, szakambulanci\u00e1kon, alapell\u00e1t\u00e1sban, szoci\u00e1lis int\u00e9zm\u00e9nyekben, igazs\u00e1g\u00fcgyi ter\u00fcleteken, iskolai \u00e9s \u00f6nkorm\u00e1nyzati prevenci\u00f3ban, valamint rehabilit\u00e1ci\u00f3s \u00e9s relapszusprevenci\u00f3s programokban.<\/div>\n<p>&nbsp;<\/p>\n<p style=\"text-align: center\"><a class=\"btn btn-primary btn-lg\" href=\"https:\/\/semmelweis.hu\/etk\/oktatas\/szakiranyu-tovabbkepzesek\/addiktologiai-konzultans\/\" target=\"_blank\" rel=\"noopener\">tov\u00e1bbi inform\u00e1ci\u00f3 \u00e9s jelentkez\u00e9s<\/a><\/p>\n","protected":false},"excerpt":{"rendered":"<p>Az addiktol\u00f3giai konzult\u00e1ns k\u00e9pz\u00e9s c\u00e9lja olyan szakemberek felk\u00e9sz\u00edt\u00e9se, akik multidimenzion\u00e1lis szeml\u00e9lettel k\u00e9pesek egy\u00e9ni, p\u00e1r- \u00e9s csoportos konzult\u00e1ci\u00f3t tartani szenved\u00e9lybetegs\u00e9gek eset\u00e9n. A k\u00e9pz\u00e9st tapasztalt addiktol\u00f3giai szakemberek oktatj\u00e1k. A v\u00e9gzett konzult\u00e1ns k\u00e9pes a kliensek \u00e1llapot\u00e1nak felm\u00e9r\u00e9s\u00e9re, d\u00f6nt\u00e9seik t\u00e1mogat\u00e1s\u00e1ra, ter\u00e1pi\u00e1ba ir\u00e1ny\u00edt\u00e1s\u00e1ra, kr\u00edzishelyzetek kezel\u00e9s\u00e9re \u00e9s sz\u00e9les k\u00f6r\u0171 inform\u00e1ci\u00f3ny\u00fajt\u00e1sra. Elhelyezked\u00e9si lehet\u0151s\u00e9gek k\u00edn\u00e1lkoznak addiktol\u00f3giai, alkohol\u00f3giai \u00e9s pszichi\u00e1triai oszt\u00e1lyokon, szakambulanci\u00e1kon, alapell\u00e1t\u00e1sban, szoci\u00e1lis &hellip;<\/p>\n","protected":false},"author":102597,"featured_media":0,"parent":0,"menu_order":3,"comment_status":"closed","ping_status":"closed","template":"","meta":{"_acf_changed":false,"footnotes":""},"categories":[],"tags":[],"class_list":["post-51","page","type-page","status-publish","hentry"],"acf":[],"_links":{"self":[{"href":"https:\/\/semmelweis.hu\/addiktologia\/wp-json\/wp\/v2\/pages\/51","targetHints":{"allow":["GET"]}}],"collection":[{"href":"https:\/\/semmelweis.hu\/addiktologia\/wp-json\/wp\/v2\/pages"}],"about":[{"href":"https:\/\/semmelweis.hu\/addiktologia\/wp-json\/wp\/v2\/types\/page"}],"author":[{"embeddable":true,"href":"https:\/\/semmelweis.hu\/addiktologia\/wp-json\/wp\/v2\/users\/102597"}],"replies":[{"embeddable":true,"href":"https:\/\/semmelweis.hu\/addiktologia\/wp-json\/wp\/v2\/comments?post=51"}],"version-history":[{"count":11,"href":"https:\/\/semmelweis.hu\/addiktologia\/wp-json\/wp\/v2\/pages\/51\/revisions"}],"predecessor-version":[{"id":304,"href":"https:\/\/semmelweis.hu\/addiktologia\/wp-json\/wp\/v2\/pages\/51\/revisions\/304"}],"wp:attachment":[{"href":"https:\/\/semmelweis.hu\/addiktologia\/wp-json\/wp\/v2\/media?parent=51"}],"wp:term":[{"taxonomy":"category","embeddable":true,"href":"https:\/\/semmelweis.hu\/addiktologia\/wp-json\/wp\/v2\/categories?post=51"},{"taxonomy":"post_tag","embeddable":true,"href":"https:\/\/semmelweis.hu\/addiktologia\/wp-json\/wp\/v2\/tags?post=51"}],"curies":[{"name":"wp","href":"https:\/\/api.w.org\/{rel}","templated":true}]}}