{"id":36,"date":"2026-03-04T11:50:48","date_gmt":"2026-03-04T10:50:48","guid":{"rendered":"https:\/\/semmelweis.hu\/addiktologia\/?page_id=36"},"modified":"2026-03-24T11:48:55","modified_gmt":"2026-03-24T10:48:55","slug":"oktatok","status":"publish","type":"page","link":"https:\/\/semmelweis.hu\/addiktologia\/a-kepzes-bemutatasa\/oktatok\/","title":{"rendered":"Oktat\u00f3k"},"content":{"rendered":"<h3>Addiktol\u00f3giai konzult\u00e1ns k\u00e9pz\u00e9sben oktat\u00f3 tansz\u00e9ki munkat\u00e1rsak \u00e9s k\u00fcls\u0151 \u00f3raad\u00f3k<\/h3>\n<p><span style=\"color: #003366\"><strong>dr. R\u00e1cz J\u00f3zsef, PhD, DSc<\/strong><\/span><br \/>\n<span style=\"font-size: 1rem\">pszichi\u00e1ter, pszichoterapeuta, tansz\u00e9kvezet\u0151 egyetemi tan\u00e1r<\/span><\/p>\n<p><span style=\"color: #003366\"><strong>Bajz\u00e1th S\u00e1ndor<\/strong><\/span><br \/>\nszoci\u00e1lis munk\u00e1s, gy\u00e1szcsoportvezet\u0151, addiktol\u00f3giai konzult\u00e1ns<\/p>\n<p><span style=\"color: #003366\"><strong>B\u00e9k\u00e9si T\u00edmea<\/strong><\/span><br \/>\naddiktol\u00f3giai konzult\u00e1ns, metamorphoses meseterapeuta, etnogr\u00e1fus, gy\u00e1szk\u00eds\u00e9r\u0151, k\u00e9pz\u00e9sben l\u00e9v\u0151 csal\u00e1di tan\u00e1csad\u00f3<\/p>\n<p><span style=\"color: #003366\"><strong>dr. Borb\u00e9ly-Pecze Tibor Bors, PhD, habil.<\/strong><\/span> <br \/>\nszoci\u00e1lpolitikus, p\u00e1lya-, \u00e9s addiktol\u00f3giai tan\u00e1csad\u00f3, szoci\u00e1lpedag\u00f3gus <\/p>\n<p><span style=\"color: #003366\"><strong>Borb\u00e9ly Pecze Mariann<\/strong><\/span><br \/>\nszociol\u00f3gus, addiktol\u00f3giai konzult\u00e1ns, di\u00e1ktan\u00e1csad\u00f3 <\/p>\n<p><strong><span style=\"color: #003366\">dr. Borsa Gergely<\/span><\/strong><br \/>\njog\u00e1sz<\/p>\n<p><span style=\"color: #003366\"><strong>Bud\u00e1n Ferenc<\/strong><\/span><br \/>\naddiktol\u00f3giai konzult\u00e1ns<\/p>\n<p><span style=\"color: #003366\"><strong>Dombr\u00e1di Zita<\/strong><\/span><br \/>\nszoci\u00e1lpolitikus, addiktol\u00f3giai konzult\u00e1ns, logoter\u00e1pia \u00e9s egzisztenciaanal\u00edzis tan\u00e1csad\u00f3<\/p>\n<p><span style=\"color: #003366\"><strong>Erdei Katalin J\u00falia<\/strong><\/span><br \/>\nklinikai gyermek szakpszichol\u00f3gus<\/p>\n<p><span style=\"color: #003366\"><strong>dr. Ga\u00e1l Erzs\u00e9bet<\/strong><\/span><br \/>\npszichi\u00e1ter, addiktol\u00f3gus, pszichi\u00e1triai rehabilit\u00e1ci\u00f3s szakorvos, f\u0151orvos<\/p>\n<p><span style=\"color: #003366\"><strong>Hoffmann Kata<\/strong><\/span><br \/>\nklinikai szakpszichol\u00f3gus, kr\u00edzisintervenci\u00f3s tan\u00e1csad\u00f3 szakpszichol\u00f3gus, sz\u00ednh\u00e1zterapeuta, k\u00e9pz\u00e9sben l\u00e9v\u0151 csal\u00e1dterapeuta<\/p>\n<p><strong><span style=\"color: #003366\">dr. Kapit\u00e1ny-F\u00f6v\u00e9ny M\u00e1t\u00e9, PhD<\/span><\/strong><br \/>\nklinikai szakpszichol\u00f3gus, egyetemi adjunktus<\/p>\n<p><span style=\"color: #003366\"><strong>K\u00e1rp\u00e1ti Tam\u00e1s<br \/>\n<\/strong><\/span>klinikai szakpszichol\u00f3gus<\/p>\n<p><span style=\"color: #003366\"><strong>Kom\u00e1romi \u00c9va<\/strong><\/span><br \/>\nklinikai szakpszichol\u00f3gus, klinikai addiktol\u00f3giai szakpszichol\u00f3gus, pszichoterapeuta<\/p>\n<p><span style=\"color: #003366\"><strong>Lovizer D\u00e1niel<\/strong><\/span><br \/>\npszichol\u00f3gus, addiktol\u00f3giai konzult\u00e1ns<\/p>\n<p><span style=\"color: #003366\"><strong>dr. Marjai Kamilla, PhD<\/strong><\/span><br \/>\npszichol\u00f3gus, pszichopedag\u00f3gus, addiktol\u00f3giai konzult\u00e1ns, egyetemi adjunktus<\/p>\n<p><span style=\"color: #003366\"><strong>dr. Petke Zsolt, PhD<\/strong><\/span><br \/>\npszichi\u00e1ter, addiktol\u00f3gus, eg\u00e9szs\u00e9g\u00fcgyi projektmenedzser, f\u0151orvos<\/p>\n<p><span style=\"color: #003366\"><strong>dr. Szemely\u00e1cz J\u00e1nos<\/strong><\/span><br \/>\npszichi\u00e1ter, addiktol\u00f3gus, pszichoterapeuta, szuperv\u00edzor, coach, c. egyetemi docens<\/p>\n<p><span style=\"color: #003366\"><strong>Tak\u00e1cs J\u00f3zsef<\/strong><\/span><br \/>\npszichol\u00f3gus, csal\u00e1d \u00e9s p\u00e1rterapeuta, mindfulness tan\u00e1r, brainspotting szakember <\/p>\n<p>&nbsp;<\/p>\n","protected":false},"excerpt":{"rendered":"<p>Addiktol\u00f3giai konzult\u00e1ns k\u00e9pz\u00e9sben oktat\u00f3 tansz\u00e9ki munkat\u00e1rsak \u00e9s k\u00fcls\u0151 \u00f3raad\u00f3k dr. R\u00e1cz J\u00f3zsef, PhD, DSc pszichi\u00e1ter, pszichoterapeuta, tansz\u00e9kvezet\u0151 egyetemi tan\u00e1r Bajz\u00e1th S\u00e1ndor szoci\u00e1lis munk\u00e1s, gy\u00e1szcsoportvezet\u0151, addiktol\u00f3giai konzult\u00e1ns B\u00e9k\u00e9si T\u00edmea addiktol\u00f3giai konzult\u00e1ns, metamorphoses meseterapeuta, etnogr\u00e1fus, gy\u00e1szk\u00eds\u00e9r\u0151, k\u00e9pz\u00e9sben l\u00e9v\u0151 csal\u00e1di tan\u00e1csad\u00f3 dr. Borb\u00e9ly-Pecze Tibor Bors, PhD, habil. szoci\u00e1lpolitikus, p\u00e1lya-, \u00e9s addiktol\u00f3giai tan\u00e1csad\u00f3, szoci\u00e1lpedag\u00f3gus Borb\u00e9ly Pecze Mariann szociol\u00f3gus, addiktol\u00f3giai &hellip;<\/p>\n","protected":false},"author":102597,"featured_media":0,"parent":51,"menu_order":2,"comment_status":"closed","ping_status":"closed","template":"","meta":{"_acf_changed":false,"footnotes":""},"categories":[],"tags":[],"class_list":["post-36","page","type-page","status-publish","hentry"],"acf":[],"_links":{"self":[{"href":"https:\/\/semmelweis.hu\/addiktologia\/wp-json\/wp\/v2\/pages\/36","targetHints":{"allow":["GET"]}}],"collection":[{"href":"https:\/\/semmelweis.hu\/addiktologia\/wp-json\/wp\/v2\/pages"}],"about":[{"href":"https:\/\/semmelweis.hu\/addiktologia\/wp-json\/wp\/v2\/types\/page"}],"author":[{"embeddable":true,"href":"https:\/\/semmelweis.hu\/addiktologia\/wp-json\/wp\/v2\/users\/102597"}],"replies":[{"embeddable":true,"href":"https:\/\/semmelweis.hu\/addiktologia\/wp-json\/wp\/v2\/comments?post=36"}],"version-history":[{"count":10,"href":"https:\/\/semmelweis.hu\/addiktologia\/wp-json\/wp\/v2\/pages\/36\/revisions"}],"predecessor-version":[{"id":306,"href":"https:\/\/semmelweis.hu\/addiktologia\/wp-json\/wp\/v2\/pages\/36\/revisions\/306"}],"up":[{"embeddable":true,"href":"https:\/\/semmelweis.hu\/addiktologia\/wp-json\/wp\/v2\/pages\/51"}],"wp:attachment":[{"href":"https:\/\/semmelweis.hu\/addiktologia\/wp-json\/wp\/v2\/media?parent=36"}],"wp:term":[{"taxonomy":"category","embeddable":true,"href":"https:\/\/semmelweis.hu\/addiktologia\/wp-json\/wp\/v2\/categories?post=36"},{"taxonomy":"post_tag","embeddable":true,"href":"https:\/\/semmelweis.hu\/addiktologia\/wp-json\/wp\/v2\/tags?post=36"}],"curies":[{"name":"wp","href":"https:\/\/api.w.org\/{rel}","templated":true}]}}