{"id":26,"date":"2026-03-04T11:31:17","date_gmt":"2026-03-04T10:31:17","guid":{"rendered":"https:\/\/semmelweis.hu\/addiktologia\/?page_id=26"},"modified":"2026-03-16T15:13:22","modified_gmt":"2026-03-16T14:13:22","slug":"munkatarsak","status":"publish","type":"page","link":"https:\/\/semmelweis.hu\/addiktologia\/munkatarsak\/","title":{"rendered":"Munkat\u00e1rsak"},"content":{"rendered":"<p><span style=\"font-family: Montserrat\"><strong>Dr. R\u00e1cz J\u00f3zsef, <\/strong>PhD, DSc, egyetemi tan\u00e1r, tansz\u00e9kvezet\u0151<\/span><\/p>\n<p><span style=\"font-family: Montserrat\">V\u00e9gzetts\u00e9g<\/span>: Pszichi\u00e1ter, pszichoterapeuta<br \/>\n<span style=\"font-family: Montserrat\">Oktatott t\u00e1rgyak<\/span>: Addiktol\u00f3gia, Kvalitat\u00edv drogkutat\u00e1sok, Kvalitat\u00edv kutat\u00e1sok az eg\u00e9szs\u00e9gtudom\u00e1nyban<br \/>\n<span style=\"font-family: Montserrat\">Kutat\u00e1si ter\u00fclet<\/span>: addiktol\u00f3giai kutat\u00e1sok, kvalitat\u00edv m\u00f3dszerek<br \/>\n<span style=\"color: #0000ff;font-family: Montserrat\"><a href=\"https:\/\/m2.mtmt.hu\/gui2\/?type=authors&amp;mode=browse&amp;sel=authors10008268\">Publik\u00e1ci\u00f3k<\/a>\u00a0<\/span><br \/>\n<span style=\"color: #0000ff\"><a href=\"https:\/\/elte.academia.edu\/JozsefRacz\"><span style=\"font-family: Montserrat\">Let\u00f6lthet\u0151 publik\u00e1ci\u00f3k<\/span><\/a><span style=\"font-family: Montserrat\">\u00a0<\/span><\/span><br \/>\n<span style=\"font-family: Montserrat\">Fogad\u00f3\u00f3ra<\/span>: h\u00e9tf\u0151 10.00-12.00 (e-mailes egyeztet\u00e9st k\u00f6vet\u0151en)<br \/>\n<span style=\"font-family: Montserrat\">El\u00e9rhet\u0151s\u00e9g<\/span>: <a href=\"mailto:racz.jozsef@semmelweis.hu\">racz.jozsef@semmelweis.hu<\/a><\/p>\n<hr \/>\n<p><span style=\"font-family: Montserrat\"><strong>Dr. Arnold Petra, <\/strong>PhD, tudom\u00e1nyos munkat\u00e1rs<\/span><\/p>\n<p><span style=\"font-family: Montserrat\">V\u00e9gzetts\u00e9g<\/span>: Szociol\u00f3gus, k\u00e9pz\u0151m\u0171v\u00e9szet-terapeuta, k\u00e9pz\u00e9sben l\u00e9v\u0151 addiktol\u00f3giai konzult\u00e1ns<br \/>\n<span style=\"font-family: Montserrat\">Oktatott t\u00e1rgyak<\/span>: Szakdolgozat m\u00f3dszertan &#8211; Kutat\u00e1sm\u00f3dszertan (kvantitat\u00edv \u00e9s kvalitat\u00edv) alapjai elm\u00e9letben \u00e9s gyakorlatban, Alternat\u00edv ter\u00e1pi\u00e1s m\u00f3dszerek az eg\u00e9szs\u00e9g\u00fcgyi ell\u00e1t\u00e1sban: k\u00e9pz\u0151m\u0171v\u00e9szet-ter\u00e1pia elm\u00e9lete \u00e9s gyakorlata<br \/>\n<span style=\"font-family: Montserrat\">Kutat\u00e1si ter\u00fclet<\/span>: drogepidemiol\u00f3gia, devianciaszociol\u00f3gia, m\u00e9diakutat\u00e1s, k\u00e9pz\u0151m\u0171v\u00e9szet-ter\u00e1pia, survey, kvalitat\u00edv m\u00f3dszerek<br \/>\n<span style=\"color: #003366;font-family: Montserrat\"><a href=\"https:\/\/m2.mtmt.hu\/api\/author\/10062574\">Publik\u00e1ci\u00f3k<\/a><\/span><br \/>\n<span style=\"font-family: Montserrat\">Fogad\u00f3\u00f3ra<\/span>: cs\u00fct\u00f6rt\u00f6k 10-12 (e-mailes egyeztet\u00e9st k\u00f6vet\u0151en)<br \/>\n<span style=\"font-family: Montserrat\">El\u00e9rhet\u0151s\u00e9g<\/span>: <a href=\"mailto:arnold.petra@semmelweis.hu\">arnold.petra@semmelweis.hu<\/a><\/p>\n<hr \/>\n<p><span style=\"font-family: Montserrat\"><strong>Dr. Kapit\u00e1ny-F\u00f6v\u00e9ny M\u00e1t\u00e9, <\/strong>PhD, adjunktus<\/span><\/p>\n<p><span style=\"font-family: Montserrat\">V\u00e9gzetts\u00e9g<\/span>: Klinikai szakpszichol\u00f3gus<br \/>\n<span style=\"font-family: Montserrat\">Oktatott t\u00e1rgyak<\/span>: Addiktol\u00f3gia, F\u00fcgg\u0151s\u00e9g \u00e9s kult\u00fara, Szakdolgozat-m\u00f3dszertan \u2013 Szenved\u00e9lyek, szenved\u00e9lybetegs\u00e9gek \u2013 addiktol\u00f3giai kutat\u00e1sok<br \/>\n<span style=\"font-family: Montserrat\">Kutat\u00e1si ter\u00fclet<\/span>: Addiktol\u00f3giai zavarok etiol\u00f3gi\u00e1ja \u00e9s komorbidit\u00e1sa, prevenci\u00f3s \u00e9s ter\u00e1pi\u00e1s hat\u00e9konys\u00e1gvizsg\u00e1latok; kvantitat\u00edv \u00e9s klinikai kutat\u00e1sok<br \/>\n<span style=\"color: #003366;font-family: Montserrat\"><a href=\"https:\/\/m2.mtmt.hu\/api\/publication?format=html&amp;labelLang=hun&amp;sort=publishedYear,desc&amp;cond=authors;eq;10023366\">Publik\u00e1ci\u00f3k<\/a><\/span><br \/>\n<span style=\"font-family: Montserrat\">Fogad\u00f3\u00f3ra<\/span>: szerda 15.00-17.00 (e-mailes egyeztet\u00e9st k\u00f6vet\u0151en)<br \/>\n<span style=\"font-family: Montserrat\">El\u00e9rhet\u0151s\u00e9g<\/span>: <a href=\"mailto:arnold.petra@semmelweis.hu\">kapitany-foveny.mate@semmelweis.hu<\/a><\/p>\n<hr \/>\n<p><span style=\"font-family: Montserrat\"><strong>Dr. Marjai Kamilla, <\/strong>PhD, adjunktus<\/span><\/p>\n<p><span style=\"font-family: Montserrat\">V\u00e9gzetts\u00e9g<\/span>: Pszichol\u00f3gus, pszichopedag\u00f3gus, addiktol\u00f3giai konzult\u00e1ns<br \/>\n<span style=\"font-family: Montserrat\">Oktatott t\u00e1rgyak<\/span>: Addiktol\u00f3gia, F\u00fcgg\u0151s\u00e9g \u00e9s kult\u00fara, Konzult\u00e1ci\u00f3 elm\u00e9lete \u00e9s gyakorlata I., Konzult\u00e1ci\u00f3 elm\u00e9lete \u00e9s gyakorlata II.<br \/>\n<span style=\"font-family: Montserrat\">Kutat\u00e1si ter\u00fclet<\/span>: testk\u00e9p \u00e9s addikci\u00f3, az addiktol\u00f3gia kultur\u00e1lis apektusai, kvantitat\u00edv vizsg\u00e1latok<br \/>\n<span style=\"color: #003366;font-family: Montserrat\"><a href=\"https:\/\/m2.mtmt.hu\/api\/publication?format=html&amp;labelLang=hun&amp;sort=publishedYear,desc&amp;cond=authors;eq;10038999\" target=\"_blank\" rel=\"noopener\">Publik\u00e1ci\u00f3k<\/a><\/span><br \/>\n<span style=\"font-family: Montserrat\">Fogad\u00f3\u00f3ra<\/span>: szerda 10.00-12.00 (e-mailes egyeztet\u00e9st k\u00f6vet\u0151en)<br \/>\n<span style=\"font-family: Montserrat\">El\u00e9rhet\u0151s\u00e9g<\/span>: <a href=\"mailto:arnold.petra@semmelweis.hu\">marjai.kamilla@semmelweis.hu<\/a><\/p>\n<hr \/>\n<p><span style=\"font-family: Montserrat\"><strong>Dr. Horv\u00e1th D\u00f3ra,\u00a0<\/strong>oktat\u00e1sszervez\u0151<\/span><\/p>\n<p><span style=\"font-family: Montserrat\">El\u00e9rhet\u0151s\u00e9g<\/span>: <a href=\"mailto:arnold.petra@semmelweis.hu\">horvath.dora@semmelweis.hu<\/a><br \/>\n<span style=\"font-family: Montserrat\">Telefon<\/span>: +36 1 48-65990<\/p>\n","protected":false},"excerpt":{"rendered":"<p>Dr. R\u00e1cz J\u00f3zsef, PhD, DSc, egyetemi tan\u00e1r, tansz\u00e9kvezet\u0151 V\u00e9gzetts\u00e9g: Pszichi\u00e1ter, pszichoterapeuta Oktatott t\u00e1rgyak: Addiktol\u00f3gia, Kvalitat\u00edv drogkutat\u00e1sok, Kvalitat\u00edv kutat\u00e1sok az eg\u00e9szs\u00e9gtudom\u00e1nyban Kutat\u00e1si ter\u00fclet: addiktol\u00f3giai kutat\u00e1sok, kvalitat\u00edv m\u00f3dszerek <a href=\"https:\/\/m2.mtmt.hu\/gui2\/?type=authors&amp;mode=browse&amp;sel=authors10008268\">Publik\u00e1ci\u00f3k<\/a> \u00a0 <a href=\"https:\/\/elte.academia.edu\/JozsefRacz\">Let\u00f6lthet\u0151 publik\u00e1ci\u00f3k<\/a> \u00a0 Fogad\u00f3\u00f3ra: h\u00e9tf\u0151 10.00-12.00 (e-mailes egyeztet\u00e9st k\u00f6vet\u0151en) El\u00e9rhet\u0151s\u00e9g: <a href=\"mailto:racz.jozsef@semmelweis.hu\">racz.jozsef@semmelweis.hu<\/a> Dr. Arnold Petra, PhD, tudom\u00e1nyos munkat\u00e1rs V\u00e9gzetts\u00e9g: Szociol\u00f3gus, k\u00e9pz\u0151m\u0171v\u00e9szet-terapeuta, k\u00e9pz\u00e9sben l\u00e9v\u0151 addiktol\u00f3giai konzult\u00e1ns Oktatott t\u00e1rgyak: Szakdolgozat m\u00f3dszertan &#8211; Kutat\u00e1sm\u00f3dszertan (kvantitat\u00edv &hellip;<\/p>\n","protected":false},"author":102597,"featured_media":0,"parent":0,"menu_order":2,"comment_status":"closed","ping_status":"closed","template":"","meta":{"_acf_changed":false,"footnotes":""},"categories":[],"tags":[],"class_list":["post-26","page","type-page","status-publish","hentry"],"acf":[],"_links":{"self":[{"href":"https:\/\/semmelweis.hu\/addiktologia\/wp-json\/wp\/v2\/pages\/26","targetHints":{"allow":["GET"]}}],"collection":[{"href":"https:\/\/semmelweis.hu\/addiktologia\/wp-json\/wp\/v2\/pages"}],"about":[{"href":"https:\/\/semmelweis.hu\/addiktologia\/wp-json\/wp\/v2\/types\/page"}],"author":[{"embeddable":true,"href":"https:\/\/semmelweis.hu\/addiktologia\/wp-json\/wp\/v2\/users\/102597"}],"replies":[{"embeddable":true,"href":"https:\/\/semmelweis.hu\/addiktologia\/wp-json\/wp\/v2\/comments?post=26"}],"version-history":[{"count":10,"href":"https:\/\/semmelweis.hu\/addiktologia\/wp-json\/wp\/v2\/pages\/26\/revisions"}],"predecessor-version":[{"id":298,"href":"https:\/\/semmelweis.hu\/addiktologia\/wp-json\/wp\/v2\/pages\/26\/revisions\/298"}],"wp:attachment":[{"href":"https:\/\/semmelweis.hu\/addiktologia\/wp-json\/wp\/v2\/media?parent=26"}],"wp:term":[{"taxonomy":"category","embeddable":true,"href":"https:\/\/semmelweis.hu\/addiktologia\/wp-json\/wp\/v2\/categories?post=26"},{"taxonomy":"post_tag","embeddable":true,"href":"https:\/\/semmelweis.hu\/addiktologia\/wp-json\/wp\/v2\/tags?post=26"}],"curies":[{"name":"wp","href":"https:\/\/api.w.org\/{rel}","templated":true}]}}