{"id":253,"date":"2026-03-13T09:04:38","date_gmt":"2026-03-13T08:04:38","guid":{"rendered":"https:\/\/semmelweis.hu\/addiktologia\/?page_id=253"},"modified":"2026-03-27T15:27:29","modified_gmt":"2026-03-27T14:27:29","slug":"hallgatoknak","status":"publish","type":"page","link":"https:\/\/semmelweis.hu\/addiktologia\/a-kepzes-bemutatasa\/hallgatoknak\/","title":{"rendered":"Hallgat\u00f3knak"},"content":{"rendered":"<div class=\"exp-col-content-holder\"><a class=\"expand-cnt-link\" href=\"#\">Beiratkoz\u00e1s<\/a><\/p>\n<div class=\"hidden-content\">\n<p class=\"hiddenContentp\"><a href=\"https:\/\/semmelweis.hu\/etk\/hallgatoi-informaciok\/frissen-felvett-hallgatoknak\/\" target=\"_blank\" rel=\"noopener\">T\u00e1j\u00e9koztat\u00f3<\/a> a 2025\/2026. tan\u00e9vre felvett hallgat\u00f3knak<\/p>\n<\/div>\n<\/div>\n<div class=\"exp-col-content-holder\"><a class=\"expand-cnt-link\" href=\"#\">Orvosi vizsg\u00e1lat<\/a><\/p>\n<div class=\"hidden-content\">\n<ul>\n<li class=\"hiddenContentp\">\n<p>Orvosi alkalmass\u00e1gi vizsg\u00e1latr\u00f3l <a href=\"https:\/\/semmelweis.hu\/etk\/hallgatoi-informaciok\/frissen-felvett-hallgatoknak\/\" target=\"_blank\" rel=\"noopener\">a kar honlapj\u00e1n \u00e9rhet\u0151k el inform\u00e1ci\u00f3k<\/a> <em>(landol\u00e1s ut\u00e1n az oldalon lejjebb kell g\u00f6rgetni)<\/em><\/p>\n<\/li>\n<li class=\"hiddenContentp\">\n<p><a href=\"https:\/\/semmelweis.hu\/etk\/hallgatoi-informaciok\/orvosi-rendelo\/\" target=\"_blank\" rel=\"noopener\">Inform\u00e1ci\u00f3k az orvosi rendel\u0151r\u0151l a kar honlapj\u00e1n<\/a><\/p>\n<\/li>\n<\/ul>\n<\/div>\n<\/div>\n<div class=\"exp-col-content-holder\"><a class=\"expand-cnt-link\" href=\"#\">\u00d3rarend <\/a><\/p>\n<div class=\"hidden-content\">\n<p class=\"hiddenContentp\"><a href=\"https:\/\/semmelweis.hu\/etk\/files\/2023\/06\/1_lev_addikt-0313.pdf\" target=\"_blank\" rel=\"noopener\">1. \u00e9vfolyam \u00f3rarendje<\/a><\/p>\n<\/div>\n<\/div>\n<div class=\"exp-col-content-holder\"><a class=\"expand-cnt-link\" href=\"#\">Tan\u00e9v rendje<\/a><\/p>\n<div class=\"hidden-content\">\n<p class=\"hiddenContentp\"><a href=\"https:\/\/semmelweis.hu\/etk\/files\/2025\/07\/tanevnaptar-hetek-20252026.pdf\" target=\"_blank\" rel=\"noopener\">Tan\u00e9vnapt\u00e1r<\/a><\/p>\n<p class=\"hiddenContentp\"><a href=\"https:\/\/semmelweis.hu\/etk\/files\/2025\/07\/oktatasi-hetek-20252026.pdf\" target=\"_blank\" rel=\"noopener\">Oktat\u00e1si hetek<\/a><\/p>\n<\/div>\n<\/div>\n<div class=\"exp-col-content-holder\"><a class=\"expand-cnt-link\" href=\"#\">Kurzusok<\/a><\/p>\n<div class=\"hidden-content\">\n<p><strong><span style=\"font-family: Montserrat;\">K\u00f6telez\u0151 t\u00e1rgyak<\/span><\/strong><br \/>\nBiopolitika \u00e9s prevenci\u00f3<br \/>\nJogi ismeretek<br \/>\nRendszerelm\u00e9let<br \/>\nCsal\u00e1di konzult\u00e1ci\u00f3<br \/>\nAddiktol\u00f3giai pszichol\u00f3gia I, II<br \/>\nAddiktol\u00f3gia I, II, III<br \/>\nPszichopatol\u00f3gia<br \/>\nTer\u00e1pia \u00e9s rehabilit\u00e1ci\u00f3<br \/>\nKonzult\u00e1ci\u00f3 elm\u00e9lete \u00e9s gyakorlata I, II<br \/>\n\u00d6nismeret I, II, III<br \/>\nKutat\u00e1sm\u00f3dszertan<br \/>\nSzakmai gyakorlat I, II, III<br \/>\nAngol szaknyelv<br \/>\nHivat\u00e1setika alapjai<\/p>\n<p><strong><span style=\"font-family: Montserrat;\">V\u00e1laszthat\u00f3 t\u00e1rgyak<\/span><\/strong><br \/>\n<span style=\"font-family: Montserrat;\">A h\u00e1rom f\u00e9l\u00e9v alatt \u00f6sszesen 12 kreditet kell teljes\u00edteni. Egy kurzus 2 kredit.<\/span> <br \/>\n<em>1.f\u00e9l\u00e9v:<\/em><br \/>\nCsal\u00e1di diszfunkci\u00f3k \u00e9s k\u00e9miai szerhaszn\u00e1lat <br \/>\nMunkaalkoholizmus \/munkaf\u00fcgg\u0151s\u00e9g <br \/>\n<em>2.f\u00e9l\u00e9v:<\/em><br \/>\nKodependencia<br \/>\nKvalitat\u00edv drogkutat\u00e1sok<br \/>\nAddiktol\u00f3giai konzult\u00e1ns az ell\u00e1t\u00f3rendszerben<br \/>\n<em>3.f\u00e9l\u00e9v:<\/em><br \/>\n\u00d6nseg\u00edt\u0151 k\u00f6z\u00f6ss\u00e9gek 12 l\u00e9p\u00e9ses programok \u00e9s ter\u00e1pi\u00e1s rezsimek<br \/>\nSaj\u00e1t\u00e9lm\u00e9ny\u0171 addiktol\u00f3giai konzult\u00e1ci\u00f3<\/p>\n<\/div>\n<\/div>\n<div class=\"exp-col-content-holder\"><a class=\"expand-cnt-link\" href=\"#\">Szakdolgozat<\/a><\/p>\n<div class=\"hidden-content\">\n<p class=\"hiddenContentp\">T\u00e9mabejelent\u0151 lap:\u00a0<a href=\"https:\/\/semmelweis.hu\/addiktologia\/files\/2026\/03\/Szakdolgozat_temavalasztas.docx\">Szakdolgozat_temavalasztas<\/a><\/p>\n<p class=\"hiddenContentp\"><a href=\"https:\/\/semmelweis.hu\/etk\/files\/2023\/06\/szd-utmutato-111.pdf\" target=\"_blank\" rel=\"noopener\">Szakdolgozati \u00fatmutat\u00f3<\/a><\/p>\n<\/div>\n<\/div>\n<div class=\"exp-col-content-holder\"><a class=\"expand-cnt-link\" href=\"#\">Nyilatkozatok, adatlapok<\/a><\/p>\n<div class=\"hidden-content\">\n<p class=\"hiddenContentp\">Egy\u00e9b tanulm\u00e1nyi nyilatkozatok, adatlapok <a href=\"https:\/\/semmelweis.hu\/etk\/dokumentumok\/nyomtatvanyok\/\" target=\"_blank\" rel=\"noopener\">a kar honlapj\u00e1r\u00f3l <\/a>\u00a0t\u00f6lthet\u0151ek le<\/p>\n<\/div>\n<\/div>\n<div class=\"exp-col-content-holder\"><a class=\"expand-cnt-link\" href=\"#\">Egy\u00e9b tanulm\u00e1nyi inform\u00e1ci\u00f3k<\/a><\/p>\n<div class=\"hidden-content\">\n<p class=\"hiddenContentp\">Tov\u00e1bbi hasznos inform\u00e1ci\u00f3k az al\u00e1bbi t\u00e9m\u00e1kban a <a href=\"https:\/\/semmelweis.hu\/etk\/hallgatoi-informaciok\/tanulmanyi-informaciok\/\" target=\"_blank\" rel=\"noopener\">kar honlapj\u00e1n olvashat\u00f3k \u2192<\/a><\/p>\n<ul>\n<li class=\"hiddenContentp\">Bejelentkez\u00e9s<\/li>\n<li class=\"hiddenContentp\">\u00d6nk\u00f6lts\u00e9ges hallgat\u00f3 teend\u0151i<\/li>\n<li class=\"hiddenContentp\">Neptunban t\u00e1rgyfelv\u00e9tel<\/li>\n<li class=\"hiddenContentp\">K\u00e9relmek<\/li>\n<li class=\"hiddenContentp\">Szakdolgozattal kapcsolatos inform\u00e1ci\u00f3k<\/li>\n<li class=\"hiddenContentp\">\u00c1tv\u00e9teli, kredit\u00e1tviteli inform\u00e1ci\u00f3k<\/li>\n<\/ul>\n<\/div>\n<\/div>\n<p>&nbsp;<\/p>\n","protected":false},"excerpt":{"rendered":"<p><a class=\"expand-cnt-link\" href=\"#\">Beiratkoz\u00e1s<\/a> <a href=\"https:\/\/semmelweis.hu\/etk\/hallgatoi-informaciok\/frissen-felvett-hallgatoknak\/\" target=\"_blank\" rel=\"noopener\">T\u00e1j\u00e9koztat\u00f3<\/a> a 2025\/2026. tan\u00e9vre felvett hallgat\u00f3knak <a class=\"expand-cnt-link\" href=\"#\">Orvosi vizsg\u00e1lat<\/a> Orvosi alkalmass\u00e1gi vizsg\u00e1latr\u00f3l <a href=\"https:\/\/semmelweis.hu\/etk\/hallgatoi-informaciok\/frissen-felvett-hallgatoknak\/\" target=\"_blank\" rel=\"noopener\">a kar honlapj\u00e1n \u00e9rhet\u0151k el inform\u00e1ci\u00f3k<\/a> (landol\u00e1s ut\u00e1n az oldalon lejjebb kell g\u00f6rgetni) <a href=\"https:\/\/semmelweis.hu\/etk\/hallgatoi-informaciok\/orvosi-rendelo\/\" target=\"_blank\" rel=\"noopener\">Inform\u00e1ci\u00f3k az orvosi rendel\u0151r\u0151l a kar honlapj\u00e1n<\/a> <a class=\"expand-cnt-link\" href=\"#\">\u00d3rarend <\/a> <a href=\"https:\/\/semmelweis.hu\/etk\/files\/2023\/06\/1_lev_addikt-0313.pdf\" target=\"_blank\" rel=\"noopener\">1. \u00e9vfolyam \u00f3rarendje<\/a> <a class=\"expand-cnt-link\" href=\"#\">Tan\u00e9v rendje<\/a> <a href=\"https:\/\/semmelweis.hu\/etk\/files\/2025\/07\/tanevnaptar-hetek-20252026.pdf\" target=\"_blank\" rel=\"noopener\">Tan\u00e9vnapt\u00e1r<\/a> <a href=\"https:\/\/semmelweis.hu\/etk\/files\/2025\/07\/oktatasi-hetek-20252026.pdf\" target=\"_blank\" rel=\"noopener\">Oktat\u00e1si hetek<\/a> <a class=\"expand-cnt-link\" href=\"#\">Kurzusok<\/a> K\u00f6telez\u0151 t\u00e1rgyak Biopolitika \u00e9s prevenci\u00f3 Jogi ismeretek Rendszerelm\u00e9let Csal\u00e1di konzult\u00e1ci\u00f3 Addiktol\u00f3giai pszichol\u00f3gia I, II Addiktol\u00f3gia I, II, III Pszichopatol\u00f3gia Ter\u00e1pia \u00e9s rehabilit\u00e1ci\u00f3 Konzult\u00e1ci\u00f3 elm\u00e9lete \u00e9s gyakorlata I, II \u00d6nismeret I, II, III Kutat\u00e1sm\u00f3dszertan Szakmai gyakorlat I, II, III Angol szaknyelv &hellip;<\/p>\n","protected":false},"author":102597,"featured_media":0,"parent":51,"menu_order":5,"comment_status":"closed","ping_status":"closed","template":"","meta":{"_acf_changed":false,"footnotes":""},"categories":[],"tags":[],"class_list":["post-253","page","type-page","status-publish","hentry"],"acf":[],"_links":{"self":[{"href":"https:\/\/semmelweis.hu\/addiktologia\/wp-json\/wp\/v2\/pages\/253","targetHints":{"allow":["GET"]}}],"collection":[{"href":"https:\/\/semmelweis.hu\/addiktologia\/wp-json\/wp\/v2\/pages"}],"about":[{"href":"https:\/\/semmelweis.hu\/addiktologia\/wp-json\/wp\/v2\/types\/page"}],"author":[{"embeddable":true,"href":"https:\/\/semmelweis.hu\/addiktologia\/wp-json\/wp\/v2\/users\/102597"}],"replies":[{"embeddable":true,"href":"https:\/\/semmelweis.hu\/addiktologia\/wp-json\/wp\/v2\/comments?post=253"}],"version-history":[{"count":10,"href":"https:\/\/semmelweis.hu\/addiktologia\/wp-json\/wp\/v2\/pages\/253\/revisions"}],"predecessor-version":[{"id":312,"href":"https:\/\/semmelweis.hu\/addiktologia\/wp-json\/wp\/v2\/pages\/253\/revisions\/312"}],"up":[{"embeddable":true,"href":"https:\/\/semmelweis.hu\/addiktologia\/wp-json\/wp\/v2\/pages\/51"}],"wp:attachment":[{"href":"https:\/\/semmelweis.hu\/addiktologia\/wp-json\/wp\/v2\/media?parent=253"}],"wp:term":[{"taxonomy":"category","embeddable":true,"href":"https:\/\/semmelweis.hu\/addiktologia\/wp-json\/wp\/v2\/categories?post=253"},{"taxonomy":"post_tag","embeddable":true,"href":"https:\/\/semmelweis.hu\/addiktologia\/wp-json\/wp\/v2\/tags?post=253"}],"curies":[{"name":"wp","href":"https:\/\/api.w.org\/{rel}","templated":true}]}}