{"id":240,"date":"2026-03-12T15:05:44","date_gmt":"2026-03-12T14:05:44","guid":{"rendered":"https:\/\/semmelweis.hu\/addiktologia\/?page_id=240"},"modified":"2026-03-12T15:17:03","modified_gmt":"2026-03-12T14:17:03","slug":"english","status":"publish","type":"page","link":"https:\/\/semmelweis.hu\/addiktologia\/english\/","title":{"rendered":"English"},"content":{"rendered":"<h3>Department of Addictology<\/h3>\n<p>Background The Department of Addictology coordinates the educational and research activities of the Faculty of Health Sciences related to addictive disorders. Some of the Department\u2019s scientific fields are symptomatology, therapy, and the prevention of addictive problems. Addiction medicine is present in every specialisation of the Faculty. Secondary topics, like intravenous drug use and models of preventive medicine, are especially practical elective courses.<\/p>\n<p>Our students are involved in many of our research programmes, in collaboration with other institutions in Hungary and abroad. The new fields of addiction medicine, such as gambling and internet addiction are also included in our teaching and research activities. We have close contacts with therapeutic and rehabilitation institutions in Hungary, preventive and outpatient centers (Blue Point Center, Ny\u00edr\u0151 Hospital \u2013 National Institute of Psychiatry and Addictology).<\/p>\n<p>Education Our Department coordinates the Addiction Counsellor specialisation, which was the first opportunity to study addiction counselling in Hungary. Our invited lecturers are comprised of the most important specialists of this field.<\/p>\n<p>Our counsellors are also taught economics and management, which are necessary for their everyday work as coordinators of therapeutic and financial processes. They are also able to organise preventive courses in the fields of alcohol and illegal drug abuse.<\/p>\n<p>Research Our research interests include the application and adaptation of counselling methods in the health and social care of clients with substance use disorders, the analytic epidemiological study of deviant behaviour, the biological and ethical sides of human behaviour, the social background of medical organisations. We conduct researches on the newest therapeutical approaches for patients with substance use disorders and use qualitative and quantitative approaches in the study of hidden psychoactive substance users (primarily users of new psychoactive substances). The Department of Addictology at Semmelweis University serves as the host institution for ESPAD.<\/p>\n<h3>Staff<\/h3>\n<p><span style=\"color: #003366\"><span style=\"font-family: Montserrat\">R\u00e1cz, J\u00f3zsef<\/span> <\/span>PhD, DSc, professor, head of department, <a href=\"mailto:racz.jozsef@semmelweis.hu\">racz.jozsef@semmelweis.hu<\/a><\/p>\n<p><span style=\"color: #003366\"><span style=\"font-family: Montserrat\">Arnold, Petra<\/span> <\/span>PhD, senior research fellow <a href=\"mailto:arnold.petra@semmelweis.hu\">arnold.petra@semmelweis.hu<\/a><\/p>\n<p><span style=\"color: #003366\"><span style=\"font-family: Montserrat\">Kapit\u00e1ny-F\u00f6v\u00e9ny, M\u00e1t\u00e9<\/span><\/span> PhD, senior lecturer <a href=\"mailto:kapitany-foveny.mate@semmelweis.hu\">kapitany-foveny.mate@semmelweis.hu<\/a><\/p>\n<p><span style=\"color: #003366\"><span style=\"font-family: Montserrat\">Marjai, Kamilla<\/span><\/span> PhD senior lecturer <a href=\"mailto:marjai.kamilla@semmelweis.hu\">marjai.kamilla@semmelweis.hu<\/a><\/p>\n<p><span style=\"color: #003366\"><span style=\"font-family: Montserrat\">Horv\u00e1th, D\u00f3ra<\/span> <\/span>education coordinator <a href=\"mailto:horvath.dora@semmelweis.hu\">horvath.dora@semmelweis.hu<\/a><\/p>\n<p>&nbsp;<\/p>\n","protected":false},"excerpt":{"rendered":"<p>Department of Addictology Background The Department of Addictology coordinates the educational and research activities of the Faculty of Health Sciences related to addictive disorders. Some of the Department\u2019s scientific fields are symptomatology, therapy, and the prevention of addictive problems. Addiction medicine is present in every specialisation of the Faculty. Secondary topics, like intravenous drug use &hellip;<\/p>\n","protected":false},"author":102597,"featured_media":0,"parent":0,"menu_order":6,"comment_status":"closed","ping_status":"closed","template":"","meta":{"_acf_changed":false,"footnotes":""},"categories":[],"tags":[],"class_list":["post-240","page","type-page","status-publish","hentry"],"acf":[],"_links":{"self":[{"href":"https:\/\/semmelweis.hu\/addiktologia\/wp-json\/wp\/v2\/pages\/240","targetHints":{"allow":["GET"]}}],"collection":[{"href":"https:\/\/semmelweis.hu\/addiktologia\/wp-json\/wp\/v2\/pages"}],"about":[{"href":"https:\/\/semmelweis.hu\/addiktologia\/wp-json\/wp\/v2\/types\/page"}],"author":[{"embeddable":true,"href":"https:\/\/semmelweis.hu\/addiktologia\/wp-json\/wp\/v2\/users\/102597"}],"replies":[{"embeddable":true,"href":"https:\/\/semmelweis.hu\/addiktologia\/wp-json\/wp\/v2\/comments?post=240"}],"version-history":[{"count":7,"href":"https:\/\/semmelweis.hu\/addiktologia\/wp-json\/wp\/v2\/pages\/240\/revisions"}],"predecessor-version":[{"id":248,"href":"https:\/\/semmelweis.hu\/addiktologia\/wp-json\/wp\/v2\/pages\/240\/revisions\/248"}],"wp:attachment":[{"href":"https:\/\/semmelweis.hu\/addiktologia\/wp-json\/wp\/v2\/media?parent=240"}],"wp:term":[{"taxonomy":"category","embeddable":true,"href":"https:\/\/semmelweis.hu\/addiktologia\/wp-json\/wp\/v2\/categories?post=240"},{"taxonomy":"post_tag","embeddable":true,"href":"https:\/\/semmelweis.hu\/addiktologia\/wp-json\/wp\/v2\/tags?post=240"}],"curies":[{"name":"wp","href":"https:\/\/api.w.org\/{rel}","templated":true}]}}