{"id":173,"date":"2026-03-11T22:11:39","date_gmt":"2026-03-11T21:11:39","guid":{"rendered":"https:\/\/semmelweis.hu\/addiktologia\/?page_id=173"},"modified":"2026-03-12T11:21:40","modified_gmt":"2026-03-12T10:21:40","slug":"rolunk","status":"publish","type":"page","link":"https:\/\/semmelweis.hu\/addiktologia\/rolunk\/","title":{"rendered":"R\u00f3lunk"},"content":{"rendered":"<div class=\"keretes w-100\">\n<p>A Semmelweis Egyetem Eg\u00e9szs\u00e9gtudom\u00e1nyi Kar\u00e1n m\u0171k\u00f6d\u0151 Addiktol\u00f3giai Tansz\u00e9k az <a href=\"https:\/\/semmelweis.hu\/addiktologia\/a-kepzes-bemutatasa\/\">addiktol\u00f3giai konzult\u00e1ns k\u00e9pz\u00e9s<\/a> hazai alapint\u00e9zm\u00e9nye, amely <a href=\"https:\/\/semmelweis.hu\/addiktologia\/rolunk\/tortenet\/\">1996-ban j\u00f6tt l\u00e9tre<\/a> a pszichoszoci\u00e1lis kompetenci\u00e1kkal rendelkez\u0151 szakemberhi\u00e1nyra adott v\u00e1laszk\u00e9nt, \u00e9s az\u00f3ta meghat\u00e1roz\u00f3 szerepet t\u00f6lt be a szenved\u00e9lybeteg-ell\u00e1t\u00e1s <a href=\"https:\/\/semmelweis.hu\/addiktologia\/oktatas\/\">oktat\u00e1s<\/a>\u00e1ban, kutat\u00e1s\u00e1ban \u00e9s szakmai fejleszt\u00e9s\u00e9ben.<\/p>\n<\/div>\n<p>A Tansz\u00e9k a Kar valamennyi szak\u00e1n oktat addiktol\u00f3giai t\u00e1rgyakat, gyakorlatorient\u00e1lt kurzusokat szervez, koordin\u00e1lja az <a href=\"https:\/\/semmelweis.hu\/addiktologia\/a-kepzes-bemutatasa\/\">addiktol\u00f3giai konzult\u00e1ns k\u00e9pz\u00e9s<\/a>t \u00e9s folyamatosan b\u0151v\u00edti tematik\u00e1j\u00e1t, reflekt\u00e1lva a t\u00e1rsadalmi v\u00e1ltoz\u00e1sokra. A Tansz\u00e9k szoros egy\u00fcttm\u0171k\u00f6d\u00e9sben van addiktol\u00f3giai m\u0171helyekkel \u00e9s ell\u00e1t\u00f3helyekkel, mik\u00f6zben kutat\u00e1si tev\u00e9kenys\u00e9ge a hallgat\u00f3i tudom\u00e1nyos munka t\u00e1mogat\u00e1s\u00e1t\u00f3l a hazai \u00e9s nemzetk\u00f6zi projektekben val\u00f3 r\u00e9szv\u00e9telig terjed, t\u00f6bbek k\u00f6z\u00f6tt az <a href=\"https:\/\/semmelweis.hu\/addiktologia\/espad\/\">ESPAD<\/a> nemzetk\u00f6zi kutat\u00e1ssorozat magyarorsz\u00e1gi befogad\u00f3 int\u00e9zm\u00e9nyek\u00e9nt.<\/p>\n<style>\n           #page-grid .card-body > .line-clamp-box.excerpt{\n        width: inherit;\n        max-width: inherit;\n        display:flex;\n        min-height: 2.4em;\n        flex-direction: column;\n        justify-content: space-around;\n        background-color: #D6E4EA;\n        min-height: 3.4rem;\n        font-family: \"Montserrat\", sans-serif;\n    }\n\n    #page-grid a:hover .card-body > .line-clamp-box.excerpt {\n        background-color: #fff;\n        color: #313B40;\n    }\n\n    #page-grid .card-body .line-clamp-box.excerpt section{\n        max-width: inherit;\n        display: -webkit-box;\n        -webkit-line-clamp: 2;\n        -webkit-box-orient: vertical;\n        overflow: hidden;\n        text-overflow: ellipsis;\n        hyphens: auto;\n        margin: auto;\n        \n    }\n    .line-clamp-box.excerpt section, .line-clamp-box.excerpt section p{\n        font-size:0.8em;\n    }\n    \n<\/style>\n    <section id=\"page-grid\">\n        <section class=\"d-block d-md-flex title-row my-3 ml-0 ml-md-1\">\n<div class=\"section-title  mb-1 \">\n<h2>\n    Kapcsol\u00f3d\u00f3 oldalak\n<\/h2>\n<\/div>\n<\/section>\n        <div class=\"row row-cols-1 row-cols-md-2 row-cols-lg-2 no-gutters mx-0 \">    <div class =\"col  mb-2 card-wrapper\">\n        <a class=\"d-flex flex-fill card-link-warapper m-md-1\" href=\"https:\/\/semmelweis.hu\/addiktologia\/rolunk\/tortenet\/\">\n            <div class=\"card border border-secondary se-border flex-fill\">\n                <div class=\"row no-gutters mx-0 d-flex flex-nowrap flex-md-wrap align-items-center\">\n                    <div class =\"  col-5 col-md-12  d-none  d-md-none d-md-none  bg-image  card-image justify-content-center\">\n                        <img class='wp-post-image img-fluid landscape' src='https:\/\/semmelweis.hu\/addiktologia\/wp-content\/themes\/se18\/dist\/images\/svg\/bg-image.svg' \/>\n                    <\/div>\n                    <div class=\"card-body  col flex-column  col-md-12 p-0\">\n                        <div class=\"line-clamp-box p-3\">\n                            <h5 class=\"ml-0 ml-sm-1 mt-2 align-items-center\"  >T\u00f6rt\u00e9net<\/h5>\n                        <\/div>\n                        \n                    <\/div>\n                <\/div>\n\n            <\/div>\n        <\/a>\n    <\/div>    <div class =\"col  mb-2 card-wrapper\">\n        <a class=\"d-flex flex-fill card-link-warapper m-md-1\" href=\"https:\/\/semmelweis.hu\/addiktologia\/rolunk\/kuldetes\/\">\n            <div class=\"card border border-secondary se-border flex-fill\">\n                <div class=\"row no-gutters mx-0 d-flex flex-nowrap flex-md-wrap align-items-center\">\n                    <div class =\"  col-5 col-md-12  d-none  d-md-none d-md-none  bg-image  card-image justify-content-center\">\n                        <img class='wp-post-image img-fluid landscape' src='https:\/\/semmelweis.hu\/addiktologia\/wp-content\/themes\/se18\/dist\/images\/svg\/bg-image.svg' \/>\n                    <\/div>\n                    <div class=\"card-body  col flex-column  col-md-12 p-0\">\n                        <div class=\"line-clamp-box p-3\">\n                            <h5 class=\"ml-0 ml-sm-1 mt-2 align-items-center\"  >K\u00fcldet\u00e9s<\/h5>\n                        <\/div>\n                        \n                    <\/div>\n                <\/div>\n\n            <\/div>\n        <\/a>\n    <\/div>        <\/div>\n    <\/section>\n<p>&nbsp;<\/p>\n","protected":false},"excerpt":{"rendered":"<p>A Semmelweis Egyetem Eg\u00e9szs\u00e9gtudom\u00e1nyi Kar\u00e1n m\u0171k\u00f6d\u0151 Addiktol\u00f3giai Tansz\u00e9k az <a href=\"https:\/\/semmelweis.hu\/addiktologia\/a-kepzes-bemutatasa\/\">addiktol\u00f3giai konzult\u00e1ns k\u00e9pz\u00e9s<\/a> hazai alapint\u00e9zm\u00e9nye, amely <a href=\"https:\/\/semmelweis.hu\/addiktologia\/rolunk\/tortenet\/\">1996-ban j\u00f6tt l\u00e9tre<\/a> a pszichoszoci\u00e1lis kompetenci\u00e1kkal rendelkez\u0151 szakemberhi\u00e1nyra adott v\u00e1laszk\u00e9nt, \u00e9s az\u00f3ta meghat\u00e1roz\u00f3 szerepet t\u00f6lt be a szenved\u00e9lybeteg-ell\u00e1t\u00e1s <a href=\"https:\/\/semmelweis.hu\/addiktologia\/oktatas\/\">oktat\u00e1s<\/a> \u00e1ban, kutat\u00e1s\u00e1ban \u00e9s szakmai fejleszt\u00e9s\u00e9ben. A Tansz\u00e9k a Kar valamennyi szak\u00e1n oktat addiktol\u00f3giai t\u00e1rgyakat, gyakorlatorient\u00e1lt kurzusokat szervez, koordin\u00e1lja az <a href=\"https:\/\/semmelweis.hu\/addiktologia\/a-kepzes-bemutatasa\/\">addiktol\u00f3giai konzult\u00e1ns k\u00e9pz\u00e9s<\/a> t \u00e9s folyamatosan b\u0151v\u00edti tematik\u00e1j\u00e1t, reflekt\u00e1lva a t\u00e1rsadalmi v\u00e1ltoz\u00e1sokra. &hellip;<\/p>\n","protected":false},"author":102597,"featured_media":0,"parent":0,"menu_order":0,"comment_status":"closed","ping_status":"closed","template":"","meta":{"_acf_changed":false,"footnotes":""},"categories":[],"tags":[],"class_list":["post-173","page","type-page","status-publish","hentry"],"acf":[],"_links":{"self":[{"href":"https:\/\/semmelweis.hu\/addiktologia\/wp-json\/wp\/v2\/pages\/173","targetHints":{"allow":["GET"]}}],"collection":[{"href":"https:\/\/semmelweis.hu\/addiktologia\/wp-json\/wp\/v2\/pages"}],"about":[{"href":"https:\/\/semmelweis.hu\/addiktologia\/wp-json\/wp\/v2\/types\/page"}],"author":[{"embeddable":true,"href":"https:\/\/semmelweis.hu\/addiktologia\/wp-json\/wp\/v2\/users\/102597"}],"replies":[{"embeddable":true,"href":"https:\/\/semmelweis.hu\/addiktologia\/wp-json\/wp\/v2\/comments?post=173"}],"version-history":[{"count":8,"href":"https:\/\/semmelweis.hu\/addiktologia\/wp-json\/wp\/v2\/pages\/173\/revisions"}],"predecessor-version":[{"id":227,"href":"https:\/\/semmelweis.hu\/addiktologia\/wp-json\/wp\/v2\/pages\/173\/revisions\/227"}],"wp:attachment":[{"href":"https:\/\/semmelweis.hu\/addiktologia\/wp-json\/wp\/v2\/media?parent=173"}],"wp:term":[{"taxonomy":"category","embeddable":true,"href":"https:\/\/semmelweis.hu\/addiktologia\/wp-json\/wp\/v2\/categories?post=173"},{"taxonomy":"post_tag","embeddable":true,"href":"https:\/\/semmelweis.hu\/addiktologia\/wp-json\/wp\/v2\/tags?post=173"}],"curies":[{"name":"wp","href":"https:\/\/api.w.org\/{rel}","templated":true}]}}