{"id":171,"date":"2026-03-11T22:11:15","date_gmt":"2026-03-11T21:11:15","guid":{"rendered":"https:\/\/semmelweis.hu\/addiktologia\/?page_id=171"},"modified":"2026-03-12T13:28:33","modified_gmt":"2026-03-12T12:28:33","slug":"tortenet","status":"publish","type":"page","link":"https:\/\/semmelweis.hu\/addiktologia\/rolunk\/tortenet\/","title":{"rendered":"T\u00f6rt\u00e9net"},"content":{"rendered":"<h3>Az Addiktol\u00f3giai Tansz\u00e9k t\u00f6rt\u00e9nete<\/h3>\n<p>A Semmelweis Egyetem Eg\u00e9szs\u00e9gtudom\u00e1nyi Kar\u00e1n m\u0171k\u00f6d\u0151 Addiktol\u00f3giai Tansz\u00e9k t\u00f6rt\u00e9nete szorosan \u00f6sszefon\u00f3dik az addiktol\u00f3giai konzult\u00e1ns szak magyarorsz\u00e1gi megsz\u00fclet\u00e9s\u00e9vel \u00e9s fejl\u0151d\u00e9s\u00e9vel. A k\u00e9pz\u00e9s l\u00e9trehoz\u00e1sa a kilencvenes \u00e9vek k\u00f6zep\u00e9re ny\u00falik vissza, amikor a hazai szenved\u00e9lybeteg-ell\u00e1t\u00e1sban egyre nyilv\u00e1nval\u00f3bb\u00e1 v\u00e1lt az a szakemberhi\u00e1ny, amely a pszichoszoci\u00e1lis seg\u00edts\u00e9gny\u00fajt\u00e1s speci\u00e1lis kompetenci\u00e1it ig\u00e9nyelte. A szakma megalap\u00edt\u00e1sa 1996-ban t\u00f6rt\u00e9nt meg, hosszas szakmai el\u0151k\u00e9sz\u00edt\u00e9s \u00e9s koncepcion\u00e1lis munka eredm\u00e9nyek\u00e9nt. A szakalap\u00edt\u00f3k k\u00f6z\u00f6tt szerepelt t\u00f6bbek k\u00f6z\u00f6tt R\u00e1cz J\u00f3zsef, Fony\u00f3 Ilona, Hoyer M\u00e1ria, Kastaly Ildik\u00f3, Kom\u00e1romi \u00c9va, Kurimay Tam\u00e1s \u00e9s Vingender Istv\u00e1n.<\/p>\n<p>A k\u00e9pz\u00e9s l\u00e9trehoz\u00e1sa egy \u00faj szakmai identit\u00e1s megsz\u00fclet\u00e9s\u00e9t jelentette a magyar addiktol\u00f3giai ell\u00e1t\u00f3rendszerben. Az addiktol\u00f3giai konzult\u00e1ns olyan szakemberk\u00e9nt jelent meg, aki a szenved\u00e9lybetegs\u00e9gek pszichoszoci\u00e1lis, rehabilit\u00e1ci\u00f3s \u00e9s k\u00f6z\u00f6ss\u00e9gi dimenzi\u00f3iban ny\u00fajt seg\u00edts\u00e9get, \u00e9s munk\u00e1ja hidat k\u00e9pez az eg\u00e9szs\u00e9g\u00fcgyi, szoci\u00e1lis \u00e9s civil ell\u00e1t\u00f3rendszer k\u00f6z\u00f6tt. A k\u00e9pz\u00e9s kezdetben er\u0151sen interdiszciplin\u00e1ris jelleg\u0171 volt: pszichol\u00f3giai, szociol\u00f3giai, orvosi \u00e9s szoci\u00e1lis munk\u00e1s szeml\u00e9letek egyar\u00e1nt form\u00e1lt\u00e1k.<\/p>\n<p>Az int\u00e9zm\u00e9nyi fejl\u0151d\u00e9s egyik fontos l\u00e9p\u00e9se volt, amikor a kor\u00e1bbi t\u00e1rsadalomtudom\u00e1nyi szervezeti keretekb\u0151l fokozatosan kialakult az \u00f6n\u00e1ll\u00f3 Addiktol\u00f3giai Tansz\u00e9k. A tansz\u00e9k l\u00e9trej\u00f6tte nemcsak szervezeti v\u00e1ltoz\u00e1st jelentett, hanem egy saj\u00e1tos szakmai szeml\u00e9let meger\u0151s\u00f6d\u00e9s\u00e9t is: az addiktol\u00f3giai konzult\u00e1ci\u00f3 mint gyakorlatk\u00f6zeli, fel\u00e9p\u00fcl\u00e9s-orient\u00e1lt megk\u00f6zel\u00edt\u00e9s \u00faj gondolkod\u00e1sm\u00f3dot hozott a kar tudom\u00e1nyos \u00e9s oktat\u00e1si \u00e9let\u00e9be.<\/p>\n<p>A k\u00e9pz\u00e9s k\u00e9s\u0151bb a Semmelweis Egyetem k\u00e9pz\u00e9si rendszer\u00e9be integr\u00e1l\u00f3dott, ami tov\u00e1bb er\u0151s\u00edtette szakmai preszt\u00edzs\u00e9t \u00e9s int\u00e9zm\u00e9nyi be\u00e1gyazotts\u00e1g\u00e1t. Az egyetemi k\u00f6rnyezet lehet\u0151v\u00e9 tette az oktat\u00e1s, kutat\u00e1s \u00e9s gyakorlati ell\u00e1t\u00e1s szorosabb \u00f6sszekapcsol\u00e1s\u00e1t, valamint a klinikai \u00e9s t\u00e1rsadalomtudom\u00e1nyi egy\u00fcttm\u0171k\u00f6d\u00e9sek b\u0151v\u00fcl\u00e9s\u00e9t. A Semmelweis Egyetem oklevele a hallgat\u00f3k sz\u00e1m\u00e1ra is jelent\u0151s \u00e9rt\u00e9ket k\u00e9pvisel, mik\u00f6zben a k\u00e9pz\u00e9s tov\u00e1bbra is meg\u0151rizte gyakorlatorient\u00e1lt jelleg\u00e9t \u00e9s er\u0151s kapcsolat\u00e1t a hazai addiktol\u00f3giai ell\u00e1t\u00f3rendszerrel.<\/p>\n<p>Az Addiktol\u00f3giai Tansz\u00e9k \u00edgy az elm\u00falt k\u00f6zel h\u00e1rom \u00e9vtizedben meghat\u00e1roz\u00f3 szerepet j\u00e1tszott egy \u00faj seg\u00edt\u0151 szakma kialak\u00edt\u00e1s\u00e1ban, valamint a magyar addiktol\u00f3gia oktat\u00e1si, kutat\u00e1si \u00e9s gyakorlati fejl\u0151d\u00e9s\u00e9ben.<\/p>\n<p>&nbsp;<\/p>\n","protected":false},"excerpt":{"rendered":"<p>Az Addiktol\u00f3giai Tansz\u00e9k t\u00f6rt\u00e9nete A Semmelweis Egyetem Eg\u00e9szs\u00e9gtudom\u00e1nyi Kar\u00e1n m\u0171k\u00f6d\u0151 Addiktol\u00f3giai Tansz\u00e9k t\u00f6rt\u00e9nete szorosan \u00f6sszefon\u00f3dik az addiktol\u00f3giai konzult\u00e1ns szak magyarorsz\u00e1gi megsz\u00fclet\u00e9s\u00e9vel \u00e9s fejl\u0151d\u00e9s\u00e9vel. A k\u00e9pz\u00e9s l\u00e9trehoz\u00e1sa a kilencvenes \u00e9vek k\u00f6zep\u00e9re ny\u00falik vissza, amikor a hazai szenved\u00e9lybeteg-ell\u00e1t\u00e1sban egyre nyilv\u00e1nval\u00f3bb\u00e1 v\u00e1lt az a szakemberhi\u00e1ny, amely a pszichoszoci\u00e1lis seg\u00edts\u00e9gny\u00fajt\u00e1s speci\u00e1lis kompetenci\u00e1it ig\u00e9nyelte. A szakma megalap\u00edt\u00e1sa 1996-ban t\u00f6rt\u00e9nt meg, &hellip;<\/p>\n","protected":false},"author":102597,"featured_media":0,"parent":173,"menu_order":0,"comment_status":"closed","ping_status":"closed","template":"","meta":{"_acf_changed":false,"footnotes":""},"categories":[],"tags":[],"class_list":["post-171","page","type-page","status-publish","hentry"],"acf":[],"_links":{"self":[{"href":"https:\/\/semmelweis.hu\/addiktologia\/wp-json\/wp\/v2\/pages\/171","targetHints":{"allow":["GET"]}}],"collection":[{"href":"https:\/\/semmelweis.hu\/addiktologia\/wp-json\/wp\/v2\/pages"}],"about":[{"href":"https:\/\/semmelweis.hu\/addiktologia\/wp-json\/wp\/v2\/types\/page"}],"author":[{"embeddable":true,"href":"https:\/\/semmelweis.hu\/addiktologia\/wp-json\/wp\/v2\/users\/102597"}],"replies":[{"embeddable":true,"href":"https:\/\/semmelweis.hu\/addiktologia\/wp-json\/wp\/v2\/comments?post=171"}],"version-history":[{"count":4,"href":"https:\/\/semmelweis.hu\/addiktologia\/wp-json\/wp\/v2\/pages\/171\/revisions"}],"predecessor-version":[{"id":230,"href":"https:\/\/semmelweis.hu\/addiktologia\/wp-json\/wp\/v2\/pages\/171\/revisions\/230"}],"up":[{"embeddable":true,"href":"https:\/\/semmelweis.hu\/addiktologia\/wp-json\/wp\/v2\/pages\/173"}],"wp:attachment":[{"href":"https:\/\/semmelweis.hu\/addiktologia\/wp-json\/wp\/v2\/media?parent=171"}],"wp:term":[{"taxonomy":"category","embeddable":true,"href":"https:\/\/semmelweis.hu\/addiktologia\/wp-json\/wp\/v2\/categories?post=171"},{"taxonomy":"post_tag","embeddable":true,"href":"https:\/\/semmelweis.hu\/addiktologia\/wp-json\/wp\/v2\/tags?post=171"}],"curies":[{"name":"wp","href":"https:\/\/api.w.org\/{rel}","templated":true}]}}