{"id":131,"date":"2026-03-11T09:49:05","date_gmt":"2026-03-11T08:49:05","guid":{"rendered":"https:\/\/semmelweis.hu\/addiktologia\/?page_id=131"},"modified":"2026-03-12T11:24:25","modified_gmt":"2026-03-12T10:24:25","slug":"kuldetes","status":"publish","type":"page","link":"https:\/\/semmelweis.hu\/addiktologia\/rolunk\/kuldetes\/","title":{"rendered":"K\u00fcldet\u00e9s"},"content":{"rendered":"<h3>Az Addiktol\u00f3giai Tansz\u00e9k k\u00fcldet\u00e9se<\/h3>\n<h4><span style=\"font-family: Montserrat;\"><b>Oktat\u00e1s<\/b><\/span><\/h4>\n<ul>\n<li>Addiktol\u00f3gia, illetve az ehhez kapcsol\u00f3d\u00f3 <a href=\"https:\/\/semmelweis.hu\/addiktologia\/oktatas\/\" target=\"_blank\" rel=\"noopener\">tant\u00e1rgyak<\/a> oktat\u00e1sa a Kar valamennyi szakir\u00e1ny\u00e1n.\u00a0<\/li>\n<li>Prevenci\u00f3s, addiktol\u00f3giai konzult\u00e1ci\u00f3val foglalkoz\u00f3, gyakorlati ismereteket ny\u00fajt\u00f3 kurzusok szervez\u00e9se (pl. addiktol\u00f3giai csal\u00e1di konzult\u00e1ci\u00f3 vagy a drogprevenci\u00f3 modelljei, eszk\u00f6zei)<\/li>\n<li>Az <a href=\"https:\/\/semmelweis.hu\/addiktologia\/a-kepzes-bemutatasa\/\">addiktol\u00f3giai konzult\u00e1ns k\u00e9pz\u00e9s<\/a> koordin\u00e1l\u00e1sa, szakmai vezet\u00e9s<\/li>\n<\/ul>\n<p>A Tansz\u00e9k fontosnak tekinti a Kar addiktol\u00f3giai vonatkoz\u00e1s\u00fa k\u00e9pz\u00e9seinek folyamatos jav\u00edt\u00e1s\u00e1t; \u00fajonnan bevezetett t\u00e9mak\u00f6rei k\u00f6z\u00e9 tartozik a j\u00e1t\u00e9k- vagy munkaf\u00fcgg\u0151s\u00e9g, illetve az internetf\u00fcgg\u0151s\u00e9g aktu\u00e1lis k\u00e9rd\u00e9sk\u00f6reinek felt\u00e1r\u00e1sa.<\/p>\n<p>A konzult\u00e1ns-k\u00e9pz\u00e9sben az \u00f6n\u00e1ll\u00f3 munkav\u00e9gz\u00e9sre val\u00f3 felk\u00e9sz\u00edt\u00e9s \u00e9s a menedzserszeml\u00e9let fontos hangs\u00falyt kap.<\/p>\n<p>A Tansz\u00e9k napi kapcsolatot tart addiktol\u00f3giai m\u0171helyekkel (pl. K\u00e9k Pont Alap\u00edtv\u00e1ny), valamint addiktol\u00f3giai ell\u00e1t\u00f3helyekkel (pl. Ny\u00edr\u0151 Gyula K\u00f3rh\u00e1z-Orsz\u00e1gos Pszichi\u00e1triai \u00e9s Addiktol\u00f3giai Int\u00e9zet).<\/p>\n<h4><strong>Kutat\u00e1s<br \/>\n<\/strong><\/h4>\n<p>A Tansz\u00e9k kutat\u00e1si tev\u00e9kenys\u00e9ge a szenved\u00e9lybetegs\u00e9gek t\u00e1rsadalmi \u00e9s eg\u00e9szs\u00e9g\u00fcgyi vonatkoz\u00e1saira f\u00f3kusz\u00e1l:<\/p>\n<ul>\n<li>Hallgat\u00f3i tudom\u00e1nyos munka (TDK \u00e9s PhD) t\u00e1mogat\u00e1sa \u00e9s koordin\u00e1l\u00e1sa<\/li>\n<li>R\u00e9szv\u00e9tel hazai \u00e9s nemzetk\u00f6zi kutat\u00e1si projektekben<\/li>\n<li>Az <a href=\"https:\/\/semmelweis.hu\/addiktologia\/espad\/\" target=\"_blank\" rel=\"noopener\">ESPAD<\/a> (European School Survey on Alcohol and Other Drugs) nemzetk\u00f6zi kutat\u00e1ssorozat magyarorsz\u00e1gi befogad\u00f3 int\u00e9zm\u00e9nye<\/li>\n<\/ul>\n<p>&nbsp;<\/p>\n","protected":false},"excerpt":{"rendered":"<p>Az Addiktol\u00f3giai Tansz\u00e9k k\u00fcldet\u00e9se Oktat\u00e1s Addiktol\u00f3gia, illetve az ehhez kapcsol\u00f3d\u00f3 <a href=\"https:\/\/semmelweis.hu\/addiktologia\/oktatas\/\" target=\"_blank\" rel=\"noopener\">tant\u00e1rgyak<\/a> oktat\u00e1sa a Kar valamennyi szakir\u00e1ny\u00e1n.\u00a0 Prevenci\u00f3s, addiktol\u00f3giai konzult\u00e1ci\u00f3val foglalkoz\u00f3, gyakorlati ismereteket ny\u00fajt\u00f3 kurzusok szervez\u00e9se (pl. addiktol\u00f3giai csal\u00e1di konzult\u00e1ci\u00f3 vagy a drogprevenci\u00f3 modelljei, eszk\u00f6zei) Az <a href=\"https:\/\/semmelweis.hu\/addiktologia\/a-kepzes-bemutatasa\/\">addiktol\u00f3giai konzult\u00e1ns k\u00e9pz\u00e9s<\/a> koordin\u00e1l\u00e1sa, szakmai vezet\u00e9s A Tansz\u00e9k fontosnak tekinti a Kar addiktol\u00f3giai vonatkoz\u00e1s\u00fa k\u00e9pz\u00e9seinek folyamatos jav\u00edt\u00e1s\u00e1t; \u00fajonnan bevezetett t\u00e9mak\u00f6rei k\u00f6z\u00e9 tartozik a j\u00e1t\u00e9k- &hellip;<\/p>\n","protected":false},"author":102597,"featured_media":0,"parent":173,"menu_order":1,"comment_status":"closed","ping_status":"closed","template":"","meta":{"_acf_changed":false,"footnotes":""},"categories":[],"tags":[],"class_list":["post-131","page","type-page","status-publish","hentry"],"acf":[],"_links":{"self":[{"href":"https:\/\/semmelweis.hu\/addiktologia\/wp-json\/wp\/v2\/pages\/131","targetHints":{"allow":["GET"]}}],"collection":[{"href":"https:\/\/semmelweis.hu\/addiktologia\/wp-json\/wp\/v2\/pages"}],"about":[{"href":"https:\/\/semmelweis.hu\/addiktologia\/wp-json\/wp\/v2\/types\/page"}],"author":[{"embeddable":true,"href":"https:\/\/semmelweis.hu\/addiktologia\/wp-json\/wp\/v2\/users\/102597"}],"replies":[{"embeddable":true,"href":"https:\/\/semmelweis.hu\/addiktologia\/wp-json\/wp\/v2\/comments?post=131"}],"version-history":[{"count":10,"href":"https:\/\/semmelweis.hu\/addiktologia\/wp-json\/wp\/v2\/pages\/131\/revisions"}],"predecessor-version":[{"id":228,"href":"https:\/\/semmelweis.hu\/addiktologia\/wp-json\/wp\/v2\/pages\/131\/revisions\/228"}],"up":[{"embeddable":true,"href":"https:\/\/semmelweis.hu\/addiktologia\/wp-json\/wp\/v2\/pages\/173"}],"wp:attachment":[{"href":"https:\/\/semmelweis.hu\/addiktologia\/wp-json\/wp\/v2\/media?parent=131"}],"wp:term":[{"taxonomy":"category","embeddable":true,"href":"https:\/\/semmelweis.hu\/addiktologia\/wp-json\/wp\/v2\/categories?post=131"},{"taxonomy":"post_tag","embeddable":true,"href":"https:\/\/semmelweis.hu\/addiktologia\/wp-json\/wp\/v2\/tags?post=131"}],"curies":[{"name":"wp","href":"https:\/\/api.w.org\/{rel}","templated":true}]}}