{"id":100,"date":"2026-03-04T16:02:46","date_gmt":"2026-03-04T15:02:46","guid":{"rendered":"https:\/\/semmelweis.hu\/addiktologia\/?page_id=100"},"modified":"2026-03-12T09:19:04","modified_gmt":"2026-03-12T08:19:04","slug":"nemzetkozi-espad","status":"publish","type":"page","link":"https:\/\/semmelweis.hu\/addiktologia\/espad\/nemzetkozi-espad\/","title":{"rendered":"Nemzetk\u00f6zi ESPAD"},"content":{"rendered":"<p>ESPAD nemzetk\u00f6zi honlapja: <a href=\"https:\/\/www.espad.org\/\" target=\"_blank\" rel=\"noopener\">https:\/\/www.espad.org\/<\/a><\/p>\n<p>ESPAD adatvizualiz\u00e1ci\u00f3s fel\u00fclet: <a href=\"https:\/\/data.espad.org\/\" target=\"_blank\" rel=\"noopener\">https:\/\/data.espad.org\/<\/a><\/p>\n<p><a href=\"https:\/\/data.espad.org\/\" target=\"_blank\" rel=\"noopener\"><img loading=\"lazy\" decoding=\"async\" class=\"size-medium wp-image-101 alignleft\" src=\"https:\/\/semmelweis.hu\/addiktologia\/files\/2026\/03\/Kepernyokep-2026-03-04-160144-400x203.png\" alt=\"\" width=\"400\" height=\"203\" srcset=\"https:\/\/semmelweis.hu\/addiktologia\/files\/2026\/03\/Kepernyokep-2026-03-04-160144-400x203.png 400w, https:\/\/semmelweis.hu\/addiktologia\/files\/2026\/03\/Kepernyokep-2026-03-04-160144-1024x519.png 1024w, https:\/\/semmelweis.hu\/addiktologia\/files\/2026\/03\/Kepernyokep-2026-03-04-160144-768x389.png 768w, https:\/\/semmelweis.hu\/addiktologia\/files\/2026\/03\/Kepernyokep-2026-03-04-160144-1536x779.png 1536w, https:\/\/semmelweis.hu\/addiktologia\/files\/2026\/03\/Kepernyokep-2026-03-04-160144-753x382.png 753w, https:\/\/semmelweis.hu\/addiktologia\/files\/2026\/03\/Kepernyokep-2026-03-04-160144.png 1667w\" sizes=\"auto, (max-width: 400px) 100vw, 400px\" \/><\/a><\/p>\n","protected":false},"excerpt":{"rendered":"<p>ESPAD nemzetk\u00f6zi honlapja: <a href=\"https:\/\/www.espad.org\/\" target=\"_blank\" rel=\"noopener\">https:\/\/www.espad.org\/<\/a><br \/>\nESPAD adatvizualiz\u00e1ci\u00f3s fel\u00fclet: <a href=\"https:\/\/data.espad.org\/\" target=\"_blank\" rel=\"noopener\">https:\/\/data.espad.org\/<\/a><br \/>\n<a href=\"https:\/\/data.espad.org\/\" target=\"_blank\" rel=\"noopener\"><\/a><\/p>\n","protected":false},"author":102597,"featured_media":0,"parent":49,"menu_order":4,"comment_status":"closed","ping_status":"closed","template":"","meta":{"_acf_changed":false,"footnotes":""},"categories":[],"tags":[],"class_list":["post-100","page","type-page","status-publish","hentry"],"acf":[],"_links":{"self":[{"href":"https:\/\/semmelweis.hu\/addiktologia\/wp-json\/wp\/v2\/pages\/100","targetHints":{"allow":["GET"]}}],"collection":[{"href":"https:\/\/semmelweis.hu\/addiktologia\/wp-json\/wp\/v2\/pages"}],"about":[{"href":"https:\/\/semmelweis.hu\/addiktologia\/wp-json\/wp\/v2\/types\/page"}],"author":[{"embeddable":true,"href":"https:\/\/semmelweis.hu\/addiktologia\/wp-json\/wp\/v2\/users\/102597"}],"replies":[{"embeddable":true,"href":"https:\/\/semmelweis.hu\/addiktologia\/wp-json\/wp\/v2\/comments?post=100"}],"version-history":[{"count":3,"href":"https:\/\/semmelweis.hu\/addiktologia\/wp-json\/wp\/v2\/pages\/100\/revisions"}],"predecessor-version":[{"id":195,"href":"https:\/\/semmelweis.hu\/addiktologia\/wp-json\/wp\/v2\/pages\/100\/revisions\/195"}],"up":[{"embeddable":true,"href":"https:\/\/semmelweis.hu\/addiktologia\/wp-json\/wp\/v2\/pages\/49"}],"wp:attachment":[{"href":"https:\/\/semmelweis.hu\/addiktologia\/wp-json\/wp\/v2\/media?parent=100"}],"wp:term":[{"taxonomy":"category","embeddable":true,"href":"https:\/\/semmelweis.hu\/addiktologia\/wp-json\/wp\/v2\/categories?post=100"},{"taxonomy":"post_tag","embeddable":true,"href":"https:\/\/semmelweis.hu\/addiktologia\/wp-json\/wp\/v2\/tags?post=100"}],"curies":[{"name":"wp","href":"https:\/\/api.w.org\/{rel}","templated":true}]}}