{"id":8,"date":"2023-10-04T12:01:12","date_gmt":"2023-10-04T10:01:12","guid":{"rendered":"https:\/\/semmelweis.hu\/adatvezerelt-egeszseg\/?page_id=8"},"modified":"2024-03-08T13:18:05","modified_gmt":"2024-03-08T12:18:05","slug":"kapcsolat","status":"publish","type":"page","link":"https:\/\/semmelweis.hu\/adatvezerelt-egeszseg\/kapcsolat\/","title":{"rendered":"Kapcsolat"},"content":{"rendered":"<p style=\"margin-top: 15px; margin-left: 15px; float: left;\"><strong>Eg\u00e9szs\u00e9g\u00fcgyi Menedzserk\u00e9pz\u0151 K\u00f6zpont \u00a0 \u00a0 \u00a0 \u00a0 \u00a0 \u00a0 \u00a0<\/strong><br \/>Telefon: 06 1 488-7600<br \/>Fax: 06 1 488-7610<br \/>E-mail: <a href=\"mailto:info@emk.semmelweis.hu\">info@emk.semmelweis.hu<\/a><br \/>C\u00edm: 1125 Budapest, K\u00fatv\u00f6lgyi \u00fat 2.<br \/>Postac\u00edm: 1428 Budapest Pf. 2.<\/p>\n<div align=\"right\">\n<!-- iframe plugin v.4.9 wordpress.org\/plugins\/iframe\/ -->\n<iframe loading=\"lazy\" src=\"https:\/\/www.facebook.com\/plugins\/page.php?href=https%3A%2F%2Fwww.facebook.com%2Fhsmtc%2F&#038;tabs&#038;width=340&#038;height=214&#038;small_header=false&#038;adapt_container_width=true&#038;hide_cover=false&#038;show_facepile=true&#038;appId\" width=\"340\" height=\"214\" scrolling=\"yes\" class=\"iframe-class\" frameborder=\"0\"><\/iframe>\n<\/div>\n<hr \/>\n\n<!-- iframe plugin v.4.9 wordpress.org\/plugins\/iframe\/ -->\n<iframe loading=\"lazy\" src=\"https:\/\/www.google.com\/maps\/embed?pb=!1m18!1m12!1m3!1d2694.949242470464!2d19.004428615531722!3d47.51037970261331!2m3!1f0!2f0!3f0!3m2!1i1024!2i768!4f13.1!3m3!1m2!1s0x4741debe99bc3d1f%3A0x221016411f3a1474!2zU2VtbWVsd2VpcyBFZ3lldGVtIEVnw6lzenPDqWfDvGd5aSBNZW5lZHpzZXJrw6lwesWRIEvDtnpwb250!5e0!3m2!1shu!2shu!4v1471957430110\" width=\"100%\" height=\"450\" scrolling=\"yes\" class=\"iframe-class\" frameborder=\"0\"><\/iframe>\n\n<p>&nbsp;<\/p>\n","protected":false},"excerpt":{"rendered":"<p>Eg\u00e9szs\u00e9g\u00fcgyi Menedzserk\u00e9pz\u0151 K\u00f6zpont \u00a0 \u00a0 \u00a0 \u00a0 \u00a0 \u00a0 \u00a0Telefon: 06 1 488-7600Fax: 06 1 488-7610E-mail: <a href=\"mailto:info@emk.semmelweis.hu\">info@emk.semmelweis.hu<\/a>C\u00edm: 1125 Budapest, K\u00fatv\u00f6lgyi \u00fat 2.Postac\u00edm: 1428 Budapest Pf. 2.<\/p>\n<p>&nbsp;<\/p>\n","protected":false},"author":12,"featured_media":0,"parent":0,"menu_order":8,"comment_status":"closed","ping_status":"closed","template":"","meta":{"_acf_changed":false,"footnotes":""},"categories":[],"tags":[],"class_list":["post-8","page","type-page","status-publish","hentry"],"acf":[],"_links":{"self":[{"href":"https:\/\/semmelweis.hu\/adatvezerelt-egeszseg\/wp-json\/wp\/v2\/pages\/8","targetHints":{"allow":["GET"]}}],"collection":[{"href":"https:\/\/semmelweis.hu\/adatvezerelt-egeszseg\/wp-json\/wp\/v2\/pages"}],"about":[{"href":"https:\/\/semmelweis.hu\/adatvezerelt-egeszseg\/wp-json\/wp\/v2\/types\/page"}],"author":[{"embeddable":true,"href":"https:\/\/semmelweis.hu\/adatvezerelt-egeszseg\/wp-json\/wp\/v2\/users\/12"}],"replies":[{"embeddable":true,"href":"https:\/\/semmelweis.hu\/adatvezerelt-egeszseg\/wp-json\/wp\/v2\/comments?post=8"}],"version-history":[{"count":3,"href":"https:\/\/semmelweis.hu\/adatvezerelt-egeszseg\/wp-json\/wp\/v2\/pages\/8\/revisions"}],"predecessor-version":[{"id":129,"href":"https:\/\/semmelweis.hu\/adatvezerelt-egeszseg\/wp-json\/wp\/v2\/pages\/8\/revisions\/129"}],"wp:attachment":[{"href":"https:\/\/semmelweis.hu\/adatvezerelt-egeszseg\/wp-json\/wp\/v2\/media?parent=8"}],"wp:term":[{"taxonomy":"category","embeddable":true,"href":"https:\/\/semmelweis.hu\/adatvezerelt-egeszseg\/wp-json\/wp\/v2\/categories?post=8"},{"taxonomy":"post_tag","embeddable":true,"href":"https:\/\/semmelweis.hu\/adatvezerelt-egeszseg\/wp-json\/wp\/v2\/tags?post=8"}],"curies":[{"name":"wp","href":"https:\/\/api.w.org\/{rel}","templated":true}]}}