{"id":62,"date":"2024-03-07T13:38:52","date_gmt":"2024-03-07T12:38:52","guid":{"rendered":"https:\/\/semmelweis.hu\/adatvezerelt-egeszseg\/?page_id=62"},"modified":"2024-03-07T15:33:44","modified_gmt":"2024-03-07T14:33:44","slug":"adatvezerelt-egeszsegugy-a-2024-evi-tdk-konferencian","status":"publish","type":"page","link":"https:\/\/semmelweis.hu\/adatvezerelt-egeszseg\/oktatas\/adatvezerelt-egeszsegugy-a-2024-evi-tdk-konferencian\/","title":{"rendered":"Adatvez\u00e9relt eg\u00e9szs\u00e9g\u00fcgy a 2024. \u00e9vi TDK-konferenci\u00e1n"},"content":{"rendered":"<p><strong>\u00d6n\u00e1ll\u00f3 szekci\u00f3k\u00e9nt, id\u00e9n el\u0151sz\u00f6r 8 el\u0151ad\u00e1ssal k\u00e9pviseltette mag\u00e1t az adatvez\u00e9relt eg\u00e9szs\u00e9g\u00fcgy a\u00a0<a href=\"https:\/\/semmelweis.hu\/hirek\/2024\/02\/12\/tdk-a-semmelweisen-a-gyogyitastol-a-tarsadalomtudomanyokig-dijaztak-a-legjobbakat\/\" target=\"_blank\" rel=\"noopener\">2024. \u00e9vi Semmelweis Egyetem \u00e1ltal megrendezett TDK-konferenci\u00e1n.\u00a0<\/a><\/strong><\/p>\n<h5>Az EMK el\u0151ad\u00f3i \u00e9s t\u00e9mavezet\u0151i:<\/h5>\n<div><strong>OTDK javasolt: Stubnya J\u00e1nos Domonkos,<\/strong>\u00a0<strong>SE-\u00c1OK-V.<\/strong>: A N\u00e9peg\u00e9szs\u00e9g\u00fcgyi term\u00e9kad\u00f3 (NETA) hossz\u00fat\u00e1v\u00fa hat\u00e1soss\u00e1g\u00e1nak komplex, adatvez\u00e9relt vizsg\u00e1lata\u00a0<\/div>\n<div><strong>T\u00e9mavezet\u0151: dr. Jo\u00f3 Tam\u00e1s<\/strong>\u00a0<\/div>\n<div>\u00a0<\/div>\n<div><strong>K\u00e1llay \u00c1gota, SE -EKK III<\/strong>.: Adatvez\u00e9relt eg\u00e9szs\u00e9gpolitikai d\u00f6nt\u00e9st\u00e1mogat\u00f3 keretrendszer kialak\u00edt\u00e1sa a mesters\u00e9ges intelligencia alap\u00fa eg\u00e9szs\u00e9g\u00fcgyi megold\u00e1sok rendszerszint\u0171 bevezet\u00e9s\u00e9hez \u00a0<\/div>\n<div><strong>T\u00e9mavezet\u0151: dr. Jo\u00f3 Tam\u00e1s<\/strong><\/div>\n<div>\u00a0<\/div>\n<div><strong>Cs\u00f3ka Regina, SE-EKK III:<\/strong>\u00a0Digit\u00e1lis Eg\u00e9szs\u00e9g\u00fcgyi Mobil K\u00f6zpont Pilot (skill labor, mesters\u00e9ges intelligencia \u00e9s adatvez\u00e9relt eg\u00e9szs\u00e9g\u00fcgy) 2023-as vizsg\u00e1lat\u00e1nak el\u0151zetes eredm\u00e9nyei<\/div>\n<div><strong>T\u00e9mavezet\u0151k: Nistor Katalin \u00e9s dr. Jo\u00f3 Tam\u00e1s\u00a0<\/strong><\/div>\n<div>\u00a0<\/div>\n<div>\n<div>Gratul\u00e1lunk az eredm\u00e9nyekhez, \u00e9s k\u00f6sz\u00f6n\u00fcnk a felk\u00e9sz\u00fcl\u00e9sben minden t\u00e1mogat\u00e1st!<\/div>\n<\/div>\n","protected":false},"excerpt":{"rendered":"<p>\u00d6n\u00e1ll\u00f3 szekci\u00f3k\u00e9nt, id\u00e9n el\u0151sz\u00f6r 8 el\u0151ad\u00e1ssal k\u00e9pviseltette mag\u00e1t az adatvez\u00e9relt eg\u00e9szs\u00e9g\u00fcgy a\u00a0 <a href=\"https:\/\/semmelweis.hu\/hirek\/2024\/02\/12\/tdk-a-semmelweisen-a-gyogyitastol-a-tarsadalomtudomanyokig-dijaztak-a-legjobbakat\/\" target=\"_blank\" rel=\"noopener\">2024. \u00e9vi Semmelweis Egyetem \u00e1ltal megrendezett TDK-konferenci\u00e1n.\u00a0<\/a> Az EMK el\u0151ad\u00f3i \u00e9s t\u00e9mavezet\u0151i: OTDK javasolt: Stubnya J\u00e1nos Domonkos,\u00a0SE-\u00c1OK-V.: A N\u00e9peg\u00e9szs\u00e9g\u00fcgyi term\u00e9kad\u00f3 (NETA) hossz\u00fat\u00e1v\u00fa hat\u00e1soss\u00e1g\u00e1nak komplex, adatvez\u00e9relt vizsg\u00e1lata\u00a0 T\u00e9mavezet\u0151: dr. Jo\u00f3 Tam\u00e1s\u00a0 \u00a0 K\u00e1llay \u00c1gota, SE -EKK III.: Adatvez\u00e9relt eg\u00e9szs\u00e9gpolitikai d\u00f6nt\u00e9st\u00e1mogat\u00f3 keretrendszer kialak\u00edt\u00e1sa a mesters\u00e9ges intelligencia alap\u00fa eg\u00e9szs\u00e9g\u00fcgyi megold\u00e1sok rendszerszint\u0171 bevezet\u00e9s\u00e9hez \u00a0 &hellip;<\/p>\n","protected":false},"author":101539,"featured_media":0,"parent":43,"menu_order":2,"comment_status":"closed","ping_status":"closed","template":"","meta":{"_acf_changed":false,"footnotes":""},"categories":[],"tags":[],"class_list":["post-62","page","type-page","status-publish","hentry"],"acf":[],"_links":{"self":[{"href":"https:\/\/semmelweis.hu\/adatvezerelt-egeszseg\/wp-json\/wp\/v2\/pages\/62","targetHints":{"allow":["GET"]}}],"collection":[{"href":"https:\/\/semmelweis.hu\/adatvezerelt-egeszseg\/wp-json\/wp\/v2\/pages"}],"about":[{"href":"https:\/\/semmelweis.hu\/adatvezerelt-egeszseg\/wp-json\/wp\/v2\/types\/page"}],"author":[{"embeddable":true,"href":"https:\/\/semmelweis.hu\/adatvezerelt-egeszseg\/wp-json\/wp\/v2\/users\/101539"}],"replies":[{"embeddable":true,"href":"https:\/\/semmelweis.hu\/adatvezerelt-egeszseg\/wp-json\/wp\/v2\/comments?post=62"}],"version-history":[{"count":4,"href":"https:\/\/semmelweis.hu\/adatvezerelt-egeszseg\/wp-json\/wp\/v2\/pages\/62\/revisions"}],"predecessor-version":[{"id":122,"href":"https:\/\/semmelweis.hu\/adatvezerelt-egeszseg\/wp-json\/wp\/v2\/pages\/62\/revisions\/122"}],"up":[{"embeddable":true,"href":"https:\/\/semmelweis.hu\/adatvezerelt-egeszseg\/wp-json\/wp\/v2\/pages\/43"}],"wp:attachment":[{"href":"https:\/\/semmelweis.hu\/adatvezerelt-egeszseg\/wp-json\/wp\/v2\/media?parent=62"}],"wp:term":[{"taxonomy":"category","embeddable":true,"href":"https:\/\/semmelweis.hu\/adatvezerelt-egeszseg\/wp-json\/wp\/v2\/categories?post=62"},{"taxonomy":"post_tag","embeddable":true,"href":"https:\/\/semmelweis.hu\/adatvezerelt-egeszseg\/wp-json\/wp\/v2\/tags?post=62"}],"curies":[{"name":"wp","href":"https:\/\/api.w.org\/{rel}","templated":true}]}}