{"id":60,"date":"2024-03-07T13:34:17","date_gmt":"2024-03-07T12:34:17","guid":{"rendered":"https:\/\/semmelweis.hu\/adatvezerelt-egeszseg\/?page_id=60"},"modified":"2025-03-28T14:53:35","modified_gmt":"2025-03-28T13:53:35","slug":"a-jelen-es-a-jovo-gyogyitasa","status":"publish","type":"page","link":"https:\/\/semmelweis.hu\/adatvezerelt-egeszseg\/oktatas\/a-jelen-es-a-jovo-gyogyitasa\/","title":{"rendered":"A jelen \u00e9s a j\u00f6v\u0151 gy\u00f3gy\u00edt\u00e1sa"},"content":{"rendered":"<h3 style=\"text-align: justify\">A jelen \u00e9s a j\u00f6v\u0151 gy\u00f3gy\u00edt\u00e1sa: adatvez\u00e9relt eg\u00e9szs\u00e9g \u00e9s mesters\u00e9ges intelligencia &#8211; szabadon v\u00e1laszthat\u00f3 t\u00e1rgy<\/h3>\n<div class=\"w-100 keretes\" style=\"text-align: justify\">Az <a href=\"https:\/\/semmelweis.hu\/emk\/oktatas\/kurzusaink-mas-karok-hallgatoi-szamara\/#adatvezerelt\" target=\"_blank\" rel=\"noopener\"><strong>Eg\u00e9szs\u00e9g\u00fcgyi Menedzserk\u00e9pz\u0151 K\u00f6zpont kurzus\u00e1nak<\/strong><\/a> c\u00e9lja a j\u00f6v\u0151 eg\u00e9szs\u00e9g\u00fcgyi szakembereinek felk\u00e9sz\u00edt\u00e9se a gy\u00f3gy\u00edt\u00e1sban zajl\u00f3 digit\u00e1lis forradalomra, megismertet\u00e9se az eg\u00e9szs\u00e9g\u00fcgyben zajl\u00f3 digit\u00e1lis fejleszt\u00e9si ir\u00e1nyokkal, a j\u00f6v\u0151 gy\u00f3gy\u00edt\u00e1s\u00e1ban egyre nagyobb szerepet kap\u00f3 digit\u00e1lis megold\u00e1sokkal, az adatok alkalmaz\u00e1s\u00e1nak jelent\u0151s\u00e9g\u00e9vel \u00e9s az adatokon alapul\u00f3 d\u00f6nt\u00e9shozatal fontoss\u00e1g\u00e1val.<\/div>\n<p style=\"text-align: justify\"><strong>Kapcsol\u00f3d\u00f3 c\u00e9l<\/strong> a kurzuson r\u00e9sztvev\u0151k megismertet\u00e9se:<\/p>\n<ul style=\"text-align: justify\">\n<li>az eg\u00e9szs\u00e9g\u00fcgyi ell\u00e1t\u00e1s sor\u00e1n keletkezett adatok t\u00edpus\u00e1val,\u00a0<\/li>\n<li>az adathasznos\u00edt\u00e1s- \u00e9s a mesters\u00e9ges intelligencia alkalmaz\u00e1s\u00e1nak lehet\u0151s\u00e9geivel,<\/li>\n<li>a kapcsol\u00f3d\u00f3 jogi, adatbiztons\u00e1gi \u00e9s kiberbiztons\u00e1gi fogalmakkal \u00e9s alapokkal.<\/li>\n<\/ul>\n<p style=\"text-align: justify\">A kurzus r\u00e9sztvev\u0151i betekint\u00e9st nyernek a mesters\u00e9ges intelligencia gyakorlati alkalmaz\u00e1s\u00e1ba n\u00e9h\u00e1ny diagnosztikus modalit\u00e1sban val\u00f3 felhaszn\u00e1l\u00e1s gyakorlati bemutat\u00e1s\u00e1val. Mindezen ismeretek birtok\u00e1ban a r\u00e9sztvev\u0151k meg\u00e9rtik a digit\u00e1lis k\u00e9szs\u00e9gek \u00e9s kompetenci\u00e1k sz\u00fcks\u00e9gess\u00e9g\u00e9t, folyamatos fejleszt\u00e9s\u00fck jelent\u0151s\u00e9g\u00e9t \u00e9s nyitott\u00e1 v\u00e1lnak a digit\u00e1lis megold\u00e1sok alkalmaz\u00e1s\u00e1ra p\u00e1ly\u00e1juk sor\u00e1n.<\/p>\n<p style=\"text-align: justify\"><strong><a href=\"https:\/\/semmelweis.hu\/emk\/oktatas\/kurzusaink-mas-karok-hallgatoi-szamara-2\/#jelen_jovo\" target=\"_blank\" rel=\"noopener\">Tov\u00e1bb a kurzus b\u0151vebb le\u00edr\u00e1s\u00e1hoz \u2192<\/a><\/strong><\/p>\n","protected":false},"excerpt":{"rendered":"<p>A jelen \u00e9s a j\u00f6v\u0151 gy\u00f3gy\u00edt\u00e1sa: adatvez\u00e9relt eg\u00e9szs\u00e9g \u00e9s mesters\u00e9ges intelligencia &#8211; szabadon v\u00e1laszthat\u00f3 t\u00e1rgy Az <a href=\"https:\/\/semmelweis.hu\/emk\/oktatas\/kurzusaink-mas-karok-hallgatoi-szamara\/#adatvezerelt\" target=\"_blank\" rel=\"noopener\">Eg\u00e9szs\u00e9g\u00fcgyi Menedzserk\u00e9pz\u0151 K\u00f6zpont kurzus\u00e1nak<\/a> c\u00e9lja a j\u00f6v\u0151 eg\u00e9szs\u00e9g\u00fcgyi szakembereinek felk\u00e9sz\u00edt\u00e9se a gy\u00f3gy\u00edt\u00e1sban zajl\u00f3 digit\u00e1lis forradalomra, megismertet\u00e9se az eg\u00e9szs\u00e9g\u00fcgyben zajl\u00f3 digit\u00e1lis fejleszt\u00e9si ir\u00e1nyokkal, a j\u00f6v\u0151 gy\u00f3gy\u00edt\u00e1s\u00e1ban egyre nagyobb szerepet kap\u00f3 digit\u00e1lis megold\u00e1sokkal, az adatok alkalmaz\u00e1s\u00e1nak jelent\u0151s\u00e9g\u00e9vel \u00e9s az adatokon alapul\u00f3 d\u00f6nt\u00e9shozatal fontoss\u00e1g\u00e1val. Kapcsol\u00f3d\u00f3 c\u00e9l &hellip;<\/p>\n","protected":false},"author":101539,"featured_media":0,"parent":43,"menu_order":1,"comment_status":"closed","ping_status":"closed","template":"","meta":{"_acf_changed":false,"footnotes":""},"categories":[],"tags":[],"class_list":["post-60","page","type-page","status-publish","hentry"],"acf":[],"_links":{"self":[{"href":"https:\/\/semmelweis.hu\/adatvezerelt-egeszseg\/wp-json\/wp\/v2\/pages\/60","targetHints":{"allow":["GET"]}}],"collection":[{"href":"https:\/\/semmelweis.hu\/adatvezerelt-egeszseg\/wp-json\/wp\/v2\/pages"}],"about":[{"href":"https:\/\/semmelweis.hu\/adatvezerelt-egeszseg\/wp-json\/wp\/v2\/types\/page"}],"author":[{"embeddable":true,"href":"https:\/\/semmelweis.hu\/adatvezerelt-egeszseg\/wp-json\/wp\/v2\/users\/101539"}],"replies":[{"embeddable":true,"href":"https:\/\/semmelweis.hu\/adatvezerelt-egeszseg\/wp-json\/wp\/v2\/comments?post=60"}],"version-history":[{"count":8,"href":"https:\/\/semmelweis.hu\/adatvezerelt-egeszseg\/wp-json\/wp\/v2\/pages\/60\/revisions"}],"predecessor-version":[{"id":485,"href":"https:\/\/semmelweis.hu\/adatvezerelt-egeszseg\/wp-json\/wp\/v2\/pages\/60\/revisions\/485"}],"up":[{"embeddable":true,"href":"https:\/\/semmelweis.hu\/adatvezerelt-egeszseg\/wp-json\/wp\/v2\/pages\/43"}],"wp:attachment":[{"href":"https:\/\/semmelweis.hu\/adatvezerelt-egeszseg\/wp-json\/wp\/v2\/media?parent=60"}],"wp:term":[{"taxonomy":"category","embeddable":true,"href":"https:\/\/semmelweis.hu\/adatvezerelt-egeszseg\/wp-json\/wp\/v2\/categories?post=60"},{"taxonomy":"post_tag","embeddable":true,"href":"https:\/\/semmelweis.hu\/adatvezerelt-egeszseg\/wp-json\/wp\/v2\/tags?post=60"}],"curies":[{"name":"wp","href":"https:\/\/api.w.org\/{rel}","templated":true}]}}