{"id":56,"date":"2024-03-07T13:28:39","date_gmt":"2024-03-07T12:28:39","guid":{"rendered":"https:\/\/semmelweis.hu\/adatvezerelt-egeszseg\/?page_id=56"},"modified":"2025-03-28T14:56:20","modified_gmt":"2025-03-28T13:56:20","slug":"egeszsegugyi-adattudomany-mesterkepzes","status":"publish","type":"page","link":"https:\/\/semmelweis.hu\/adatvezerelt-egeszseg\/oktatas\/egeszsegugyi-adattudomany-mesterkepzes\/","title":{"rendered":"Eg\u00e9szs\u00e9g\u00fcgyi adattudom\u00e1ny mesterk\u00e9pz\u00e9s"},"content":{"rendered":"<div class=\"keretes w-100\">\n<p style=\"text-align: justify\">A <a href=\"https:\/\/semmelweis.hu\/emk\" target=\"_blank\" rel=\"noopener\">Semmelweis Egyetem Eg\u00e9szs\u00e9g\u00fcgyi Menedzserk\u00e9pz\u0151 K\u00f6zpontja<\/a> az adatvez\u00e9relt eg\u00e9szs\u00e9g\u00fcgyi paradigmav\u00e1lt\u00e1s hazai szakmai m\u0171helye. A szak\u00e9rt\u0151 csapat c\u00e9lja, hogy az adatvez\u00e9relt eg\u00e9szs\u00e9g\u00fcgyi \u00e9s mesters\u00e9ges intelligencia megold\u00e1sok rendszerk\u00e9pess\u00e9gg\u00e9 fejl\u0151djenek Magyarorsz\u00e1gon. Ennek egyik pill\u00e9re a 2024-ben indult \u00faj, <strong><a href=\"https:\/\/semmelweis.hu\/emk\/oktatas\/mesterkepzes\/egeszsegugyi-adattudomany-msc\/\" target=\"_blank\" rel=\"noopener\">eg\u00e9szs\u00e9g\u00fcgyi adattudom\u00e1ny mesterk\u00e9pz\u00e9s<\/a>.<\/strong><\/p>\n<\/div>\n<p style=\"text-align: justify\">A program c\u00e9lja olyan szakemberek k\u00e9pz\u00e9se, akik korszer\u0171 adattudom\u00e1nyi megk\u00f6zel\u00edt\u00e9ssel vesznek r\u00e9szt a modernkori eg\u00e9szs\u00e9g\u00fcgyi ell\u00e1t\u00e1sban, k\u00e9pesek az emberi eg\u00e9szs\u00e9g meg\u0151rz\u00e9s\u00e9vel \u00e9s gy\u00f3gy\u00edt\u00e1s\u00e1val kapcsolatos probl\u00e9m\u00e1k megold\u00e1s\u00e1ra, emellett tiszt\u00e1ban vannak az adatfeldolgoz\u00e1si, -tiszt\u00edt\u00e1si, -elemz\u00e9si m\u00f3dszerekkel \u00e9s technol\u00f3gi\u00e1kkal.<\/p>\n<p style=\"text-align: justify\"><strong>A k\u00e9pz\u00e9s f\u0151 c\u00e9lkit\u0171z\u00e9se az adatvez\u00e9relt eg\u00e9szs\u00e9g\u00fcgy kialak\u00edt\u00e1s\u00e1hoz sz\u00fcks\u00e9ges szakmai kompetencia \u00e9s kapacit\u00e1s ki\u00e9p\u00edt\u00e9se.<\/strong><\/p>\n<p style=\"text-align: justify\">A szakon v\u00e9gzettek olyan innovat\u00edv k\u00e9szs\u00e9gekkel rendelkeznek, melyek az eg\u00e9szs\u00e9g\u00fcgyi adatalap\u00fa elemz\u00e9sekhez \u00e9s \u00e9rt\u00e9kel\u00e9sekhez sz\u00fcks\u00e9gesek. A k\u00e9pz\u00e9sben r\u00e9sztvev\u0151k k\u00e9pesek az adatalap\u00fa d\u00f6nt\u00e9sek t\u00e1mogat\u00e1s\u00e1ra, valamint c\u00e9lzott adatfeldolgoz\u00e1si, elemz\u00e9si rendszerek tervez\u00e9s\u00e9re \u00e9s megval\u00f3s\u00edt\u00e1s\u00e1ra.<\/p>\n<p style=\"text-align: justify\">Fenti k\u00e9szs\u00e9gek \u00e9s kompetenci\u00e1k elsaj\u00e1t\u00edt\u00e1s\u00e1t seg\u00edti a d\u00f6nt\u0151en <strong>gyakorlatorient\u00e1lt tanterv<\/strong>, amely adatvez\u00e9relt eg\u00e9szs\u00e9g\u00fcgyi, valamint informatikai \u00e9s matematikai szakismeretekb\u0151l tev\u0151dik \u00f6ssze. A k\u00e9pz\u00e9s hangs\u00falyos r\u00e9sz\u00e9t k\u00e9pezi a szakmai gyakorlat, a gyakorlati blokkok sor\u00e1n v\u00e9grehajtott projektek, ahol a r\u00e9sztvev\u0151k egy komplex eg\u00e9szs\u00e9g\u00fcgyi probl\u00e9ma adatvez\u00e9relt m\u00f3dszerekkel t\u00e1mogatott megold\u00e1si lehet\u0151s\u00e9geit vizsg\u00e1lj\u00e1k.<\/p>\n<hr \/>\n<h3 style=\"text-align: justify\">C\u00e9lcsoport<\/h3>\n<p style=\"text-align: justify\">Orvosok, gy\u00f3gyszer\u00e9szek, eg\u00e9szs\u00e9g\u00fcgyi szakdolgoz\u00f3k, informatikusok, adattud\u00f3sok, akik szeretn\u00e9nek r\u00e9szt venni az adatvez\u00e9relt eg\u00e9szs\u00e9g\u00fcgy alak\u00edt\u00e1s\u00e1ban. A mesterk\u00e9pz\u00e9s eg\u00e9szs\u00e9gtudom\u00e1nyi, matematikai \u00e9s informatikai ismereteket integr\u00e1l, els\u0151sorban az orvos- \u00e9s eg\u00e9szs\u00e9gtudom\u00e1ny, valamint az informatika \u00e9s a term\u00e9szettudom\u00e1ny k\u00e9pz\u00e9si ter\u00fcleteken v\u00e9gzetts\u00e9ggel rendelkez\u0151knek aj\u00e1nlott a program, de m\u00e1s tudom\u00e1nyter\u00fcleteken \u2013 jogtudom\u00e1ny, gazdas\u00e1gtudom\u00e1ny \u2013 v\u00e9gzettek sz\u00e1m\u00e1ra is kiv\u00e1l\u00f3 lehet\u0151s\u00e9get biztos\u00edt a program ismereteik b\u0151v\u00edt\u00e9s\u00e9re.<\/p>\n<hr \/>\n<h3 style=\"text-align: justify\">Program id\u0151tartama<\/h3>\n<p style=\"text-align: justify\"><span style=\"font-weight: 400\">A k\u00e9pz\u00e9s hossza: 4 szemeszter<\/span><\/p>\n<p style=\"text-align: justify\"><span style=\"font-weight: 400\">Az oktat\u00e1sok az Eg\u00e9szs\u00e9g\u00fcgyi Menedzserk\u00e9pz\u0151 K\u00f6zpont \u00e9p\u00fclet\u00e9ben zajlanak: 1125 Budapest, K\u00fatv\u00f6lgyi \u00fat 2.<\/span><\/p>\n<hr \/>\n<p style=\"text-align: justify\"><b>Finansz\u00edroz\u00e1si forma:<\/b>\u00a0\u00e1llami \u00f6szt\u00f6nd\u00edjas \u00e9s \u00f6nk\u00f6lts\u00e9ges form\u00e1ban is indul a k\u00e9pz\u00e9s<\/p>\n<p style=\"text-align: justify\"><b>\u00d6nk\u00f6lts\u00e9ges k\u00e9pz\u00e9s d\u00edja:<\/b> 780 000 Ft\/f\u00e9l\u00e9v<\/p>\n<hr \/>\n<h3 style=\"text-align: justify\">Programkoordin\u00e1tor:\u00a0<\/h3>\n<p style=\"text-align: justify\"><span style=\"font-weight: 400\">K\u00f3r\u00f3di Rita<br \/>\n<\/span><a href=\"mailto:korodi.rita@emk.semmelweis.hu\">korodi.rita@emk.semmelweis.hu<\/a><\/p>\n<div class=\"fontos_div\">\n<p style=\"text-align: justify\"><strong>A k\u00e9pz\u00e9sr\u0151l <a href=\"https:\/\/semmelweis.hu\/emk\/oktatas\/mesterkepzes\/egeszsegugyi-adattudomany-msc\/\" target=\"_blank\" rel=\"noopener\">b\u0151vebb inform\u00e1ci\u00f3 az Eg\u00e9szs\u00e9g\u00fcgyi Menedzserk\u00e9pz\u0151 K\u00f6zpont oldal\u00e1n<\/a> \u00e9rhet\u0151 el.<\/strong><\/p>\n<\/div>\n","protected":false},"excerpt":{"rendered":"<p>A <a href=\"https:\/\/semmelweis.hu\/emk\" target=\"_blank\" rel=\"noopener\">Semmelweis Egyetem Eg\u00e9szs\u00e9g\u00fcgyi Menedzserk\u00e9pz\u0151 K\u00f6zpontja<\/a> az adatvez\u00e9relt eg\u00e9szs\u00e9g\u00fcgyi paradigmav\u00e1lt\u00e1s hazai szakmai m\u0171helye. A szak\u00e9rt\u0151 csapat c\u00e9lja, hogy az adatvez\u00e9relt eg\u00e9szs\u00e9g\u00fcgyi \u00e9s mesters\u00e9ges intelligencia megold\u00e1sok rendszerk\u00e9pess\u00e9gg\u00e9 fejl\u0151djenek Magyarorsz\u00e1gon. Ennek egyik pill\u00e9re a 2024-ben indult \u00faj, <a href=\"https:\/\/semmelweis.hu\/emk\/oktatas\/mesterkepzes\/egeszsegugyi-adattudomany-msc\/\" target=\"_blank\" rel=\"noopener\">eg\u00e9szs\u00e9g\u00fcgyi adattudom\u00e1ny mesterk\u00e9pz\u00e9s<\/a> . A program c\u00e9lja olyan szakemberek k\u00e9pz\u00e9se, akik korszer\u0171 adattudom\u00e1nyi megk\u00f6zel\u00edt\u00e9ssel vesznek r\u00e9szt a modernkori eg\u00e9szs\u00e9g\u00fcgyi ell\u00e1t\u00e1sban, k\u00e9pesek az emberi eg\u00e9szs\u00e9g meg\u0151rz\u00e9s\u00e9vel \u00e9s gy\u00f3gy\u00edt\u00e1s\u00e1val kapcsolatos &hellip;<\/p>\n","protected":false},"author":101539,"featured_media":0,"parent":43,"menu_order":0,"comment_status":"closed","ping_status":"closed","template":"","meta":{"_acf_changed":false,"footnotes":""},"categories":[],"tags":[42,43],"class_list":["post-56","page","type-page","status-publish","hentry","tag-adattudomany","tag-adattudos"],"acf":[],"_links":{"self":[{"href":"https:\/\/semmelweis.hu\/adatvezerelt-egeszseg\/wp-json\/wp\/v2\/pages\/56","targetHints":{"allow":["GET"]}}],"collection":[{"href":"https:\/\/semmelweis.hu\/adatvezerelt-egeszseg\/wp-json\/wp\/v2\/pages"}],"about":[{"href":"https:\/\/semmelweis.hu\/adatvezerelt-egeszseg\/wp-json\/wp\/v2\/types\/page"}],"author":[{"embeddable":true,"href":"https:\/\/semmelweis.hu\/adatvezerelt-egeszseg\/wp-json\/wp\/v2\/users\/101539"}],"replies":[{"embeddable":true,"href":"https:\/\/semmelweis.hu\/adatvezerelt-egeszseg\/wp-json\/wp\/v2\/comments?post=56"}],"version-history":[{"count":6,"href":"https:\/\/semmelweis.hu\/adatvezerelt-egeszseg\/wp-json\/wp\/v2\/pages\/56\/revisions"}],"predecessor-version":[{"id":487,"href":"https:\/\/semmelweis.hu\/adatvezerelt-egeszseg\/wp-json\/wp\/v2\/pages\/56\/revisions\/487"}],"up":[{"embeddable":true,"href":"https:\/\/semmelweis.hu\/adatvezerelt-egeszseg\/wp-json\/wp\/v2\/pages\/43"}],"wp:attachment":[{"href":"https:\/\/semmelweis.hu\/adatvezerelt-egeszseg\/wp-json\/wp\/v2\/media?parent=56"}],"wp:term":[{"taxonomy":"category","embeddable":true,"href":"https:\/\/semmelweis.hu\/adatvezerelt-egeszseg\/wp-json\/wp\/v2\/categories?post=56"},{"taxonomy":"post_tag","embeddable":true,"href":"https:\/\/semmelweis.hu\/adatvezerelt-egeszseg\/wp-json\/wp\/v2\/tags?post=56"}],"curies":[{"name":"wp","href":"https:\/\/api.w.org\/{rel}","templated":true}]}}