{"id":5,"date":"2023-10-04T12:00:33","date_gmt":"2023-10-04T10:00:33","guid":{"rendered":"https:\/\/semmelweis.hu\/adatvezerelt-egeszseg\/?page_id=5"},"modified":"2024-03-07T15:31:12","modified_gmt":"2024-03-07T14:31:12","slug":"rolunk","status":"publish","type":"page","link":"https:\/\/semmelweis.hu\/adatvezerelt-egeszseg\/rolunk\/","title":{"rendered":"R\u00f3lunk"},"content":{"rendered":"<div class=\"keretes w-100\">\n<p><strong>Az Eg\u00e9szs\u00e9gbiztons\u00e1g Nemzeti Laborat\u00f3rium Adatvez\u00e9relt Eg\u00e9szs\u00e9g Div\u00edzi\u00f3 a glob\u00e1lisan zajl\u00f3 adatvez\u00e9relt eg\u00e9szs\u00e9g\u00fcgyi paradigmav\u00e1lt\u00e1s hazai m\u00f3dszertani k\u00f6zpontja. <\/strong><\/p>\n<p>Els\u0151dleges c\u00e9lunk, hogy az adatvez\u00e9relt eg\u00e9szs\u00e9g\u00fcgyi \u00e9s mesters\u00e9ges intelligencia megold\u00e1sok rendszerk\u00e9pess\u00e9gg\u00e9 fejl\u0151djenek Magyarorsz\u00e1gon. Ennek hazai motorja a glob\u00e1lisan is egyed\u00fcl\u00e1ll\u00f3 orsz\u00e1gos adatb\u00e1zis-integr\u00e1ci\u00f3s megold\u00e1sunk. Div\u00edzi\u00f3nkban mesters\u00e9ges intelligencia fejleszt\u00e9s, adatb\u00e1ny\u00e1szat \u00e9s vezet\u0151i inform\u00e1ci\u00f3s rendszerek kialak\u00edt\u00e1sa van a f\u00f3kuszban. A t\u00e1rsadalmi innov\u00e1ci\u00f3s m\u0171helymunka diviz\u00ed\u00f3partnereinkkel, a R\u00e9nyi Alfr\u00e9d Matematikai Kutat\u00f3int\u00e9zettel \u00e9s a Neumann Nonprofit Kft-vel k\u00f6z\u00f6sen zajlik.<\/p>\n<\/div>\n<h5>A m\u0171helymunka h\u00e1rom pill\u00e9ren zajlik:<\/h5>\n<ul style=\"list-style-type: square\">\n<li>A magas kock\u00e1zat\u00fa betegs\u00e9gek el\u0151rejelz\u00e9s\u00e9ben \u00e9s lefoly\u00e1s\u00e1ban v\u00e9gzett, Big Data alap\u00fa adatvez\u00e9relt kutat\u00e1sok, etikus adatb\u00e1ny\u00e1szat, h\u00e1l\u00f3zatkutat\u00e1s seg\u00edts\u00e9g\u00e9vel <strong><em>m\u00f3dszertani javaslatok<\/em><\/strong> kidolgoz\u00e1sa.<\/li>\n<li>A j\u00e1rv\u00e1ny\u00fcgyi v\u00e9dekez\u00e9st \u00e9s eg\u00e9szs\u00e9gbiztons\u00e1got szolg\u00e1l\u00f3 digit\u00e1lis \u00e9s <strong><em>adatvez\u00e9relt eg\u00e9szs\u00e9ghez kapcsol\u00f3d\u00f3 d\u00f6nt\u00e9st\u00e1mogat\u00f3 fejleszt\u00e9sek<\/em><\/strong>. Ennek r\u00e9szek\u00e9nt nemzetk\u00f6zi eredm\u00e9nyeket is siker\u00fclt felmutatni a COVID \u00e9s j\u00e1rv\u00e1ny\u00fcgyi kutat\u00e1sok sor\u00e1n.<\/li>\n<li><strong><em>Diagnosztikai d\u00f6nt\u00e9st\u00e1mogat\u00e1s<\/em><\/strong> sor\u00e1n olyan mesters\u00e9ges intelligencia alap\u00fa algoritmusokat fejlesztenek a szak\u00e9rt\u0151k, melyek a patol\u00f3giai \u00e9s k\u00e9palkot\u00f3 diagnosztikai elj\u00e1r\u00e1sokat seg\u00edtik. Itt m\u00e1r k\u00e9szen \u00e1ll az orsz\u00e1gos vastagb\u00e9lsz\u0171r\u00e9st t\u00e1mogat\u00f3, patol\u00f3giai mesters\u00e9ges intelligencia alkalmaz\u00e1s.<\/li>\n<\/ul>\n<hr \/>\n<p><a href=\"https:\/\/semmelweis.hu\/adatvezerelt-egeszseg\/files\/2024\/03\/miklos2.png\"><img loading=\"lazy\" decoding=\"async\" class=\"alignleft wp-image-64\" src=\"https:\/\/semmelweis.hu\/adatvezerelt-egeszseg\/files\/2024\/03\/miklos2-400x230.png\" alt=\"\" width=\"500\" height=\"287\" srcset=\"https:\/\/semmelweis.hu\/adatvezerelt-egeszseg\/files\/2024\/03\/miklos2-400x230.png 400w, https:\/\/semmelweis.hu\/adatvezerelt-egeszseg\/files\/2024\/03\/miklos2-768x441.png 768w, https:\/\/semmelweis.hu\/adatvezerelt-egeszseg\/files\/2024\/03\/miklos2-753x433.png 753w, https:\/\/semmelweis.hu\/adatvezerelt-egeszseg\/files\/2024\/03\/miklos2.png 940w\" sizes=\"auto, (max-width: 500px) 100vw, 500px\" \/><\/a><\/p>\n<p>&#8222;Az eg\u00e9szs\u00e9g\u00fcgyben fellelhet\u0151 digit\u00e1lis l\u00e1bnyomaink (ak\u00e1r tudjuk, ak\u00e1r nem) egy\u00e9rtelm\u0171 beazonos\u00edthat\u00f3s\u00e1got jelentenek az ezeket felhaszn\u00e1l\u00f3 technol\u00f3gia \u00f3ri\u00e1sok sz\u00e1m\u00e1ra. Hiszen minden ember, aki a patik\u00e1ban gy\u00f3gyszert kiv\u00e1lt vagy v\u00e1s\u00e1rol, a h\u00e1ziorvos\u00e1n\u00e1l j\u00e1r kivizsg\u00e1l\u00e1son, okos\u00f3r\u00e1t haszn\u00e1l, amivel tudjuk, hogy h\u00e1nyat l\u00e9p egy nap, di\u00e9t\u00e1s alkalmaz\u00e1ssal sz\u00e1nd\u00e9kozik fogyni, k\u00f3rh\u00e1zban fekszik, digit\u00e1lis inform\u00e1ci\u00f3kat hoz l\u00e9tre, amelyek j\u00f3r\u00e9szt feldolgozatlanok. Rengeteg, az emberek sz\u00e1m\u00e1ra hasznos inform\u00e1ci\u00f3t, majd ezekb\u0151l hasznos seg\u00edts\u00e9get lehetne ezekb\u0151l az adatokb\u00f3l l\u00e9trehozni. R\u00e9szben el\u0151rejelz\u00e9seket, \u00e9letm\u00f3dv\u00e1lt\u00e1si, orvosi beavatkoz\u00e1sokat tudn\u00e1nk megalapozni, ha lenne egy komplex el\u0151zetes k\u00e9p\u00fcnk a p\u00e1ciensr\u0151l. Mi, az Eg\u00e9szs\u00e9gbiztons\u00e1g Nemzeti Laborat\u00f3rium Adatvez\u00e9relt Eg\u00e9szs\u00e9g Div\u00edzi\u00f3j\u00e1ban azon dolgozunk, hogy min\u00e9l el\u0151bb rendszerbe foglaljuk, \u00e9s hivatalosan is bevezess\u00fck a fejleszt\u00e9seket, applik\u00e1ci\u00f3kat.&#8221;\u00a0<\/p>\n<p><strong>Dr. Sz\u00f3cska Mikl\u00f3s, az Eg\u00e9szs\u00e9gbiztons\u00e1g Nemzeti Laborat\u00f3rium Adavez\u00e9relt Eg\u00e9szs\u00e9g Div\u00edz\u00f3 vezet\u0151je<\/strong><\/p>\n","protected":false},"excerpt":{"rendered":"<p>Az Adatvez\u00e9relt Eg\u00e9szs\u00e9g Div\u00edzi\u00f3 a glob\u00e1lisan zajl\u00f3 adatvez\u00e9relt eg\u00e9szs\u00e9g\u00fcgyi paradigmav\u00e1lt\u00e1s hazai m\u00f3dszertani k\u00f6zpontja. Els\u0151dleges c\u00e9lunk, hogy az adatvez\u00e9relt eg\u00e9szs\u00e9g\u00fcgyi \u00e9s mesters\u00e9ges intelligencia megold\u00e1sok rendszerk\u00e9pess\u00e9gg\u00e9 fejl\u0151djenek Magyarorsz\u00e1gon. Ennek hazai motorja a glob\u00e1lisan is egyed\u00fcl\u00e1ll\u00f3 orsz\u00e1gos adatb\u00e1zis-integr\u00e1ci\u00f3s megold\u00e1sunk. Div\u00edzi\u00f3nkban mesters\u00e9ges intelligencia fejleszt\u00e9s, adatb\u00e1ny\u00e1szat \u00e9s vezet\u0151i inform\u00e1ci\u00f3s rendszerek kialak\u00edt\u00e1sa van a f\u00f3kuszban. A t\u00e1rsadalmi innov\u00e1ci\u00f3s m\u0171helymunka diviz\u00ed\u00f3partnereinkkel, a R\u00e9nyi Alfr\u00e9d Matematikai Kutat\u00f3int\u00e9zettel \u00e9s a Neumann Nonprofit Kft-vel k\u00f6z\u00f6sen zajlik.\u00a0<\/p>\n","protected":false},"author":12,"featured_media":6,"parent":0,"menu_order":0,"comment_status":"closed","ping_status":"closed","template":"","meta":{"_acf_changed":false,"footnotes":""},"categories":[],"tags":[],"class_list":["post-5","page","type-page","status-publish","has-post-thumbnail","hentry"],"acf":[],"_links":{"self":[{"href":"https:\/\/semmelweis.hu\/adatvezerelt-egeszseg\/wp-json\/wp\/v2\/pages\/5","targetHints":{"allow":["GET"]}}],"collection":[{"href":"https:\/\/semmelweis.hu\/adatvezerelt-egeszseg\/wp-json\/wp\/v2\/pages"}],"about":[{"href":"https:\/\/semmelweis.hu\/adatvezerelt-egeszseg\/wp-json\/wp\/v2\/types\/page"}],"author":[{"embeddable":true,"href":"https:\/\/semmelweis.hu\/adatvezerelt-egeszseg\/wp-json\/wp\/v2\/users\/12"}],"replies":[{"embeddable":true,"href":"https:\/\/semmelweis.hu\/adatvezerelt-egeszseg\/wp-json\/wp\/v2\/comments?post=5"}],"version-history":[{"count":11,"href":"https:\/\/semmelweis.hu\/adatvezerelt-egeszseg\/wp-json\/wp\/v2\/pages\/5\/revisions"}],"predecessor-version":[{"id":119,"href":"https:\/\/semmelweis.hu\/adatvezerelt-egeszseg\/wp-json\/wp\/v2\/pages\/5\/revisions\/119"}],"wp:featuredmedia":[{"embeddable":true,"href":"https:\/\/semmelweis.hu\/adatvezerelt-egeszseg\/wp-json\/wp\/v2\/media\/6"}],"wp:attachment":[{"href":"https:\/\/semmelweis.hu\/adatvezerelt-egeszseg\/wp-json\/wp\/v2\/media?parent=5"}],"wp:term":[{"taxonomy":"category","embeddable":true,"href":"https:\/\/semmelweis.hu\/adatvezerelt-egeszseg\/wp-json\/wp\/v2\/categories?post=5"},{"taxonomy":"post_tag","embeddable":true,"href":"https:\/\/semmelweis.hu\/adatvezerelt-egeszseg\/wp-json\/wp\/v2\/tags?post=5"}],"curies":[{"name":"wp","href":"https:\/\/api.w.org\/{rel}","templated":true}]}}