{"id":47,"date":"2024-03-01T13:15:21","date_gmt":"2024-03-01T12:15:21","guid":{"rendered":"https:\/\/semmelweis.hu\/adatvezerelt-egeszseg\/?page_id=47"},"modified":"2024-05-06T14:36:55","modified_gmt":"2024-05-06T12:36:55","slug":"szakertoink","status":"publish","type":"page","link":"https:\/\/semmelweis.hu\/adatvezerelt-egeszseg\/szakertoink\/","title":{"rendered":"Szak\u00e9rt\u0151ink"},"content":{"rendered":"<h4><strong>Az Eg\u00e9szs\u00e9gbiztons\u00e1g Nemzeti Laborat\u00f3rium Adatvez\u00e9relt Eg\u00e9szs\u00e9g Div\u00edzi\u00f3 vezet\u0151je<\/strong><\/h4>\n<figure id=\"attachment_143\" aria-describedby=\"caption-attachment-143\" style=\"width: 400px\" class=\"wp-caption alignright\"><a href=\"https:\/\/semmelweis.hu\/adatvezerelt-egeszseg\/files\/2024\/03\/kep_szocska_miklos.jpg\"><img loading=\"lazy\" decoding=\"async\" class=\"wp-image-143 size-full\" src=\"https:\/\/semmelweis.hu\/adatvezerelt-egeszseg\/files\/2024\/03\/kep_szocska_miklos.jpg\" alt=\"\" width=\"400\" height=\"400\" srcset=\"https:\/\/semmelweis.hu\/adatvezerelt-egeszseg\/files\/2024\/03\/kep_szocska_miklos.jpg 400w, https:\/\/semmelweis.hu\/adatvezerelt-egeszseg\/files\/2024\/03\/kep_szocska_miklos-150x150.jpg 150w\" sizes=\"auto, (max-width: 400px) 100vw, 400px\" \/><\/a><figcaption id=\"caption-attachment-143\" class=\"wp-caption-text\">Dr. Sz\u00f3cska Mikl\u00f3s<\/figcaption><\/figure>\n<h5>Dr. Sz\u00f3cska Mikl\u00f3s, egyetemi tan\u00e1r<\/h5>\n<p>d\u00e9k\u00e1n, Semmelweis Egyetem Eg\u00e9szs\u00e9g\u00fcgyi K\u00f6zszolg\u00e1lati Kar<\/p>\n<p>igazgat\u00f3, Semmelweis Egyetem Eg\u00e9szs\u00e9g\u00fcgyi Menedzserk\u00e9pz\u0151 K\u00f6zpont<\/p>\n<p>1125 Budapest, K\u00fatv\u00f6lgyi \u00fat 2.<\/p>\n<p>+36 1 488-7620<\/p>\n<p><a href=\"mailto:titkarsag@emk.semmelweis.hu\">titkarsag@emk.semmelweis.hu<\/a><\/p>\n<p><a href=\"https:\/\/semmelweis.hu\/az-egyetemrol\/az-egyetem-vezetese\/vezeto-tisztsegviselok\/dekan-ekk\/\">Dr. Sz\u00f3cska Mikl\u00f3s szakmai \u00f6n\u00e9letrajza<\/a><\/p>\n<hr \/>\n<figure id=\"attachment_142\" aria-describedby=\"caption-attachment-142\" style=\"width: 400px\" class=\"wp-caption alignright\"><a href=\"https:\/\/semmelweis.hu\/adatvezerelt-egeszseg\/files\/2024\/03\/Joo-Tamas-379_web.jpg\"><img loading=\"lazy\" decoding=\"async\" class=\"wp-image-142 size-medium\" src=\"https:\/\/semmelweis.hu\/adatvezerelt-egeszseg\/files\/2024\/03\/Joo-Tamas-379_web-400x400.jpg\" alt=\"\" width=\"400\" height=\"400\" srcset=\"https:\/\/semmelweis.hu\/adatvezerelt-egeszseg\/files\/2024\/03\/Joo-Tamas-379_web-400x400.jpg 400w, https:\/\/semmelweis.hu\/adatvezerelt-egeszseg\/files\/2024\/03\/Joo-Tamas-379_web-1024x1024.jpg 1024w, https:\/\/semmelweis.hu\/adatvezerelt-egeszseg\/files\/2024\/03\/Joo-Tamas-379_web-150x150.jpg 150w, https:\/\/semmelweis.hu\/adatvezerelt-egeszseg\/files\/2024\/03\/Joo-Tamas-379_web-768x768.jpg 768w, https:\/\/semmelweis.hu\/adatvezerelt-egeszseg\/files\/2024\/03\/Joo-Tamas-379_web-753x753.jpg 753w, https:\/\/semmelweis.hu\/adatvezerelt-egeszseg\/files\/2024\/03\/Joo-Tamas-379_web.jpg 1500w\" sizes=\"auto, (max-width: 400px) 100vw, 400px\" \/><\/a><figcaption id=\"caption-attachment-142\" class=\"wp-caption-text\">Dr. Jo\u00f3 Tam\u00e1s<\/figcaption><\/figure>\n<h4><strong>div\u00edzi\u00f3 vezet\u0151 helyettes<\/strong><\/h4>\n<h5>Dr. Jo\u00f3 Tam\u00e1s<\/h5>\n<p>adjunktus, Semmelweis Egyetem Eg\u00e9szs\u00e9g\u00fcgyi Menedzserk\u00e9pz\u0151 K\u00f6zpont<\/p>\n<p>eln\u00f6khelyettes, Magyar Eg\u00e9szs\u00e9g\u00fcgyi Menedzsment T\u00e1rsas\u00e1g<\/p>\n<p>1125 Budapest, K\u00fatv\u00f6lgyi \u00fat 2.\u00a0<\/p>\n<p><a href=\"mailto:joo.tamas@emk.semmelweis.hu\">joo.tamas@emk.semmelweis.hu<\/a><\/p>\n<hr \/>\n<figure id=\"attachment_137\" aria-describedby=\"caption-attachment-137\" style=\"width: 400px\" class=\"wp-caption alignright\"><a href=\"https:\/\/semmelweis.hu\/adatvezerelt-egeszseg\/files\/2024\/03\/Dr.-Gaal-Peter-Andras-276_web-2.jpg\"><img loading=\"lazy\" decoding=\"async\" class=\"wp-image-137 size-medium\" src=\"https:\/\/semmelweis.hu\/adatvezerelt-egeszseg\/files\/2024\/03\/Dr.-Gaal-Peter-Andras-276_web-2-400x400.jpg\" alt=\"\" width=\"400\" height=\"400\" srcset=\"https:\/\/semmelweis.hu\/adatvezerelt-egeszseg\/files\/2024\/03\/Dr.-Gaal-Peter-Andras-276_web-2-400x400.jpg 400w, https:\/\/semmelweis.hu\/adatvezerelt-egeszseg\/files\/2024\/03\/Dr.-Gaal-Peter-Andras-276_web-2-1024x1024.jpg 1024w, https:\/\/semmelweis.hu\/adatvezerelt-egeszseg\/files\/2024\/03\/Dr.-Gaal-Peter-Andras-276_web-2-150x150.jpg 150w, https:\/\/semmelweis.hu\/adatvezerelt-egeszseg\/files\/2024\/03\/Dr.-Gaal-Peter-Andras-276_web-2-768x768.jpg 768w, https:\/\/semmelweis.hu\/adatvezerelt-egeszseg\/files\/2024\/03\/Dr.-Gaal-Peter-Andras-276_web-2-753x753.jpg 753w, https:\/\/semmelweis.hu\/adatvezerelt-egeszseg\/files\/2024\/03\/Dr.-Gaal-Peter-Andras-276_web-2.jpg 1500w\" sizes=\"auto, (max-width: 400px) 100vw, 400px\" \/><\/a><figcaption id=\"caption-attachment-137\" class=\"wp-caption-text\">Dr. Ga\u00e1l P\u00e9ter<\/figcaption><\/figure>\n<h4><strong>Eg\u00e9szs\u00e9gpolitika<\/strong><\/h4>\n<h5>Dr. Ga\u00e1l P\u00e9ter<\/h5>\n<p>egyetemi tan\u00e1r, Semmelweis Egyetem Eg\u00e9szs\u00e9g\u00fcgyi Menedzserk\u00e9pz\u0151 K\u00f6zpont<\/p>\n<p>eln\u00f6k, Magyar Eg\u00e9szs\u00e9g\u00fcgyi Menedzsment T\u00e1rsas\u00e1g<\/p>\n<p>1125 Budapest, K\u00fatv\u00f6lgyi \u00fat 2.\u00a0<\/p>\n<p><a href=\"mailto:titkarsag@emk.semmelweis.hu\">titkarsag@emk.semmelweis.hu<\/a><\/p>\n<hr \/>\n<figure id=\"attachment_141\" aria-describedby=\"caption-attachment-141\" style=\"width: 400px\" class=\"wp-caption alignright\"><a href=\"https:\/\/semmelweis.hu\/adatvezerelt-egeszseg\/files\/2024\/03\/Dr.-Sinko-Eszter-144_web-1.jpg\"><img loading=\"lazy\" decoding=\"async\" class=\"wp-image-141 size-medium\" src=\"https:\/\/semmelweis.hu\/adatvezerelt-egeszseg\/files\/2024\/03\/Dr.-Sinko-Eszter-144_web-1-400x400.jpg\" alt=\"\" width=\"400\" height=\"400\" srcset=\"https:\/\/semmelweis.hu\/adatvezerelt-egeszseg\/files\/2024\/03\/Dr.-Sinko-Eszter-144_web-1-400x400.jpg 400w, https:\/\/semmelweis.hu\/adatvezerelt-egeszseg\/files\/2024\/03\/Dr.-Sinko-Eszter-144_web-1-1024x1024.jpg 1024w, https:\/\/semmelweis.hu\/adatvezerelt-egeszseg\/files\/2024\/03\/Dr.-Sinko-Eszter-144_web-1-150x150.jpg 150w, https:\/\/semmelweis.hu\/adatvezerelt-egeszseg\/files\/2024\/03\/Dr.-Sinko-Eszter-144_web-1-768x768.jpg 768w, https:\/\/semmelweis.hu\/adatvezerelt-egeszseg\/files\/2024\/03\/Dr.-Sinko-Eszter-144_web-1-753x753.jpg 753w, https:\/\/semmelweis.hu\/adatvezerelt-egeszseg\/files\/2024\/03\/Dr.-Sinko-Eszter-144_web-1.jpg 1500w\" sizes=\"auto, (max-width: 400px) 100vw, 400px\" \/><\/a><figcaption id=\"caption-attachment-141\" class=\"wp-caption-text\">Dr. Sink\u00f3 Eszter<\/figcaption><\/figure>\n<h4><strong>Eg\u00e9szs\u00e9g\u00fcgyi finansz\u00edroz\u00e1s<\/strong><\/h4>\n<h5>Dr. Sink\u00f3 Eszter<\/h5>\n<p>tudom\u00e1nyos munkat\u00e1rs, Semmelweis Egyetem Eg\u00e9szs\u00e9g\u00fcgyi Menedzserk\u00e9pz\u0151 K\u00f6zpont<\/p>\n<p>eln\u00f6khelyettes, Magyar Eg\u00e9szs\u00e9g\u00fcgyi Menedzsment T\u00e1rsas\u00e1g<\/p>\n<p>1125 Budapest, K\u00fatv\u00f6lgyi \u00fat 2.<\/p>\n<p>+36 1 488-7602<\/p>\n<p><a href=\"mailto:titkarsag@emk.semmelweis.hu\">titkarsag@emk.semmelweis.hu<\/a><\/p>\n<p>&nbsp;<\/p>\n<hr \/>\n<figure id=\"attachment_139\" aria-describedby=\"caption-attachment-139\" style=\"width: 400px\" class=\"wp-caption alignright\"><a href=\"https:\/\/semmelweis.hu\/adatvezerelt-egeszseg\/files\/2024\/03\/Dr.-Lam-Judit-056_web-1.jpg\"><img loading=\"lazy\" decoding=\"async\" class=\"wp-image-139 size-medium\" src=\"https:\/\/semmelweis.hu\/adatvezerelt-egeszseg\/files\/2024\/03\/Dr.-Lam-Judit-056_web-1-400x400.jpg\" alt=\"\" width=\"400\" height=\"400\" srcset=\"https:\/\/semmelweis.hu\/adatvezerelt-egeszseg\/files\/2024\/03\/Dr.-Lam-Judit-056_web-1-400x400.jpg 400w, https:\/\/semmelweis.hu\/adatvezerelt-egeszseg\/files\/2024\/03\/Dr.-Lam-Judit-056_web-1-1024x1024.jpg 1024w, https:\/\/semmelweis.hu\/adatvezerelt-egeszseg\/files\/2024\/03\/Dr.-Lam-Judit-056_web-1-150x150.jpg 150w, https:\/\/semmelweis.hu\/adatvezerelt-egeszseg\/files\/2024\/03\/Dr.-Lam-Judit-056_web-1-768x768.jpg 768w, https:\/\/semmelweis.hu\/adatvezerelt-egeszseg\/files\/2024\/03\/Dr.-Lam-Judit-056_web-1-753x753.jpg 753w, https:\/\/semmelweis.hu\/adatvezerelt-egeszseg\/files\/2024\/03\/Dr.-Lam-Judit-056_web-1.jpg 1500w\" sizes=\"auto, (max-width: 400px) 100vw, 400px\" \/><\/a><figcaption id=\"caption-attachment-139\" class=\"wp-caption-text\">Dr. L\u00e1m Judit<\/figcaption><\/figure>\n<h4><strong>OKTAT\u00c1S<\/strong><\/h4>\n<h5>Dr. L\u00e1m Judit<\/h5>\n<p>egyetemi docens, operat\u00edv igazgat\u00f3helyettes, Semmelweis Egyetem Eg\u00e9szs\u00e9g\u00fcgyi Menedzserk\u00e9pz\u0151 K\u00f6zpont<\/p>\n<p>1125 Budapest, K\u00fatv\u00f6lgyi \u00fat 2.\u00a0<\/p>\n<p>+36 1 488 7614<\/p>\n<p><a href=\"mailto:lam.judit@emk.semmelweis.hu\">lam.judit@emk.semmelweis.hu<\/a><\/p>\n<hr \/>\n<figure id=\"attachment_136\" aria-describedby=\"caption-attachment-136\" style=\"width: 400px\" class=\"wp-caption alignright\"><a href=\"https:\/\/semmelweis.hu\/adatvezerelt-egeszseg\/files\/2024\/03\/Dr.-Belicza-Eva-122_web.jpg\"><img loading=\"lazy\" decoding=\"async\" class=\"wp-image-136 size-medium\" src=\"https:\/\/semmelweis.hu\/adatvezerelt-egeszseg\/files\/2024\/03\/Dr.-Belicza-Eva-122_web-400x400.jpg\" alt=\"\" width=\"400\" height=\"400\" srcset=\"https:\/\/semmelweis.hu\/adatvezerelt-egeszseg\/files\/2024\/03\/Dr.-Belicza-Eva-122_web-400x400.jpg 400w, https:\/\/semmelweis.hu\/adatvezerelt-egeszseg\/files\/2024\/03\/Dr.-Belicza-Eva-122_web-1024x1024.jpg 1024w, https:\/\/semmelweis.hu\/adatvezerelt-egeszseg\/files\/2024\/03\/Dr.-Belicza-Eva-122_web-150x150.jpg 150w, https:\/\/semmelweis.hu\/adatvezerelt-egeszseg\/files\/2024\/03\/Dr.-Belicza-Eva-122_web-768x768.jpg 768w, https:\/\/semmelweis.hu\/adatvezerelt-egeszseg\/files\/2024\/03\/Dr.-Belicza-Eva-122_web-753x753.jpg 753w, https:\/\/semmelweis.hu\/adatvezerelt-egeszseg\/files\/2024\/03\/Dr.-Belicza-Eva-122_web.jpg 1500w\" sizes=\"auto, (max-width: 400px) 100vw, 400px\" \/><\/a><figcaption id=\"caption-attachment-136\" class=\"wp-caption-text\">Dr. Belicza \u00c9va<\/figcaption><\/figure>\n<h4><strong>beteg\u00fat elemz\u00e9sek \u00e9s adatb\u00e1ny\u00e1szat<\/strong><\/h4>\n<h5>Dr. Belicza \u00c9va<\/h5>\n<p>egyetemi docens, Semmelweis Egyetem Eg\u00e9szs\u00e9g\u00fcgyi Menedzserk\u00e9pz\u0151 K\u00f6zpont<\/p>\n<p>1125 Budapest, K\u00fatv\u00f6lgyi \u00fat 2.\u00a0<\/p>\n<p><a href=\"mailto:belicza.eva@emk.semmelweis.hu\">belicza.eva@emk.semmelweis.hu<\/a><\/p>\n<hr \/>\n<figure id=\"attachment_140\" aria-describedby=\"caption-attachment-140\" style=\"width: 400px\" class=\"wp-caption alignright\"><a href=\"https:\/\/semmelweis.hu\/adatvezerelt-egeszseg\/files\/2024\/03\/Dr.-Palicz-Tamas-Gyula-027_web-1.jpg\"><img loading=\"lazy\" decoding=\"async\" class=\"wp-image-140 size-medium\" src=\"https:\/\/semmelweis.hu\/adatvezerelt-egeszseg\/files\/2024\/03\/Dr.-Palicz-Tamas-Gyula-027_web-1-400x400.jpg\" alt=\"\" width=\"400\" height=\"400\" srcset=\"https:\/\/semmelweis.hu\/adatvezerelt-egeszseg\/files\/2024\/03\/Dr.-Palicz-Tamas-Gyula-027_web-1-400x400.jpg 400w, https:\/\/semmelweis.hu\/adatvezerelt-egeszseg\/files\/2024\/03\/Dr.-Palicz-Tamas-Gyula-027_web-1-1024x1024.jpg 1024w, https:\/\/semmelweis.hu\/adatvezerelt-egeszseg\/files\/2024\/03\/Dr.-Palicz-Tamas-Gyula-027_web-1-150x150.jpg 150w, https:\/\/semmelweis.hu\/adatvezerelt-egeszseg\/files\/2024\/03\/Dr.-Palicz-Tamas-Gyula-027_web-1-768x768.jpg 768w, https:\/\/semmelweis.hu\/adatvezerelt-egeszseg\/files\/2024\/03\/Dr.-Palicz-Tamas-Gyula-027_web-1-753x753.jpg 753w, https:\/\/semmelweis.hu\/adatvezerelt-egeszseg\/files\/2024\/03\/Dr.-Palicz-Tamas-Gyula-027_web-1.jpg 1500w\" sizes=\"auto, (max-width: 400px) 100vw, 400px\" \/><\/a><figcaption id=\"caption-attachment-140\" class=\"wp-caption-text\">Dr. Palicz Tam\u00e1s<\/figcaption><\/figure>\n<h4><strong>BI \u00c9S EG\u00c9SZS\u00c9GBIZTONS\u00c1G<\/strong><\/h4>\n<h5>Dr. Palicz Tam\u00e1s<\/h5>\n<p>strat\u00e9giai igazgat\u00f3helyettes, Semmelweis Egyetem Eg\u00e9szs\u00e9g\u00fcgyi Menedzserk\u00e9pz\u0151 K\u00f6zpont<\/p>\n<p>1125 Budapest, K\u00fatv\u00f6lgyi \u00fat 2.\u00a0<\/p>\n<p><a href=\"mailto:palicz.tamas@emk.semmelweis.hu\">palicz.tamas@emk.semmelweis.hu<\/a><\/p>\n<p>&nbsp;<\/p>\n<hr \/>\n<figure id=\"attachment_138\" aria-describedby=\"caption-attachment-138\" style=\"width: 400px\" class=\"wp-caption alignright\"><a href=\"https:\/\/semmelweis.hu\/adatvezerelt-egeszseg\/files\/2024\/03\/Dr.-Kovacs-Reka-126_web.jpg\"><img loading=\"lazy\" decoding=\"async\" class=\"wp-image-138 size-medium\" src=\"https:\/\/semmelweis.hu\/adatvezerelt-egeszseg\/files\/2024\/03\/Dr.-Kovacs-Reka-126_web-400x400.jpg\" alt=\"\" width=\"400\" height=\"400\" srcset=\"https:\/\/semmelweis.hu\/adatvezerelt-egeszseg\/files\/2024\/03\/Dr.-Kovacs-Reka-126_web-400x400.jpg 400w, https:\/\/semmelweis.hu\/adatvezerelt-egeszseg\/files\/2024\/03\/Dr.-Kovacs-Reka-126_web-1024x1024.jpg 1024w, https:\/\/semmelweis.hu\/adatvezerelt-egeszseg\/files\/2024\/03\/Dr.-Kovacs-Reka-126_web-150x150.jpg 150w, https:\/\/semmelweis.hu\/adatvezerelt-egeszseg\/files\/2024\/03\/Dr.-Kovacs-Reka-126_web-768x768.jpg 768w, https:\/\/semmelweis.hu\/adatvezerelt-egeszseg\/files\/2024\/03\/Dr.-Kovacs-Reka-126_web-753x753.jpg 753w, https:\/\/semmelweis.hu\/adatvezerelt-egeszseg\/files\/2024\/03\/Dr.-Kovacs-Reka-126_web.jpg 1500w\" sizes=\"auto, (max-width: 400px) 100vw, 400px\" \/><\/a><figcaption id=\"caption-attachment-138\" class=\"wp-caption-text\">Dr. Kov\u00e1cs R\u00e9ka<\/figcaption><\/figure>\n<h4><strong>Nemzetk\u00f6zi kapcsolatok<\/strong><\/h4>\n<h5>Dr. Kov\u00e1cs R\u00e9ka<\/h5>\n<p>projekt szakmai szak\u00e9rt\u0151, Semmelweis Egyetem Eg\u00e9szs\u00e9g\u00fcgyi Menedzserk\u00e9pz\u0151 K\u00f6zpont<\/p>\n<p>1125 Budapest, K\u00fatv\u00f6lgyi \u00fat 2.\u00a0<\/p>\n<p><a href=\"mailto:kovacs.reka@emk.semmelweis.hu\">kovacs.reka@emk.semmelweis.hu<\/a><\/p>\n<hr \/>\n<figure id=\"attachment_145\" aria-describedby=\"caption-attachment-145\" style=\"width: 400px\" class=\"wp-caption alignright\"><a href=\"https:\/\/semmelweis.hu\/adatvezerelt-egeszseg\/files\/2024\/03\/portre_pollner-scaled.jpg\"><img loading=\"lazy\" decoding=\"async\" class=\"wp-image-145\" src=\"https:\/\/semmelweis.hu\/adatvezerelt-egeszseg\/files\/2024\/03\/portre_pollner-400x353.jpg\" alt=\"\" width=\"400\" height=\"353\" srcset=\"https:\/\/semmelweis.hu\/adatvezerelt-egeszseg\/files\/2024\/03\/portre_pollner-400x353.jpg 400w, https:\/\/semmelweis.hu\/adatvezerelt-egeszseg\/files\/2024\/03\/portre_pollner-1024x904.jpg 1024w, https:\/\/semmelweis.hu\/adatvezerelt-egeszseg\/files\/2024\/03\/portre_pollner-768x678.jpg 768w, https:\/\/semmelweis.hu\/adatvezerelt-egeszseg\/files\/2024\/03\/portre_pollner-1536x1356.jpg 1536w, https:\/\/semmelweis.hu\/adatvezerelt-egeszseg\/files\/2024\/03\/portre_pollner-2048x1808.jpg 2048w, https:\/\/semmelweis.hu\/adatvezerelt-egeszseg\/files\/2024\/03\/portre_pollner-753x665.jpg 753w\" sizes=\"auto, (max-width: 400px) 100vw, 400px\" \/><\/a><figcaption id=\"caption-attachment-145\" class=\"wp-caption-text\">Dr. Pollner P\u00e9ter<\/figcaption><\/figure>\n<h4><strong>Mesters\u00e9ges intelligencia<\/strong><\/h4>\n<h5>Dr. Pollner P\u00e9ter<\/h5>\n<p>egyetemi docens, Semmelweis Egyetem Eg\u00e9szs\u00e9g\u00fcgyi Menedzserk\u00e9pz\u0151 K\u00f6zpont<\/p>\n<p>1125 Budapest, K\u00fatv\u00f6lgyi \u00fat 2.\u00a0<\/p>\n<p><a href=\"mailto:pollner.peter@emk.semmelweis.hu\">pollner.peter@emk.semmelweis.hu<\/a><\/p>\n<hr \/>\n<figure id=\"attachment_222\" aria-describedby=\"caption-attachment-222\" style=\"width: 400px\" class=\"wp-caption alignright\"><a href=\"https:\/\/semmelweis.hu\/adatvezerelt-egeszseg\/files\/2024\/03\/Erdos-Hozbor-Andrea-307_web-1-400x400-1.jpg\"><img loading=\"lazy\" decoding=\"async\" class=\"wp-image-222 size-full\" src=\"https:\/\/semmelweis.hu\/adatvezerelt-egeszseg\/files\/2024\/03\/Erdos-Hozbor-Andrea-307_web-1-400x400-1.jpg\" alt=\"\" width=\"400\" height=\"400\" srcset=\"https:\/\/semmelweis.hu\/adatvezerelt-egeszseg\/files\/2024\/03\/Erdos-Hozbor-Andrea-307_web-1-400x400-1.jpg 400w, https:\/\/semmelweis.hu\/adatvezerelt-egeszseg\/files\/2024\/03\/Erdos-Hozbor-Andrea-307_web-1-400x400-1-150x150.jpg 150w\" sizes=\"auto, (max-width: 400px) 100vw, 400px\" \/><\/a><figcaption id=\"caption-attachment-222\" class=\"wp-caption-text\">Erd\u0151s-Hozbor Andrea<\/figcaption><\/figure>\n<h4><strong>Gazdas\u00e1gi \u00f6sszef\u00fcgg\u00e9sek<\/strong><\/h4>\n<h5>Erd\u0151s-Hozbor Andrea<\/h5>\n<p>gazdas\u00e1gi igazgat\u00f3, Semmelweis Egyetem Eg\u00e9szs\u00e9g\u00fcgyi K\u00f6zszolg\u00e1lati Kar<\/p>\n<p>1125 Budapest, K\u00fatv\u00f6lgyi \u00fat 2.\u00a0<\/p>\n<p><a href=\"mailto:erdos.hozbor.andrea@emk.semmelweis.hu\">erdos.hozbor.andrea@emk.semmelweis.hu<\/a><\/p>\n<hr \/>\n<h4><strong>ADATVEZ\u00c9RELT MEGOLD\u00c1SOK<\/strong><\/h4>\n<figure id=\"attachment_240\" aria-describedby=\"caption-attachment-240\" style=\"width: 400px\" class=\"wp-caption alignright\"><a href=\"https:\/\/semmelweis.hu\/adatvezerelt-egeszseg\/files\/2024\/05\/Kovats-Tamas_1-wp-e1714998696795.jpg\"><img loading=\"lazy\" decoding=\"async\" class=\"wp-image-240\" src=\"https:\/\/semmelweis.hu\/adatvezerelt-egeszseg\/files\/2024\/05\/Kovats-Tamas_1-wp-e1714998696795-400x380.jpg\" alt=\"Kov\u00e1ts Tam\u00e1s\" width=\"400\" height=\"380\" srcset=\"https:\/\/semmelweis.hu\/adatvezerelt-egeszseg\/files\/2024\/05\/Kovats-Tamas_1-wp-e1714998696795-400x380.jpg 400w, https:\/\/semmelweis.hu\/adatvezerelt-egeszseg\/files\/2024\/05\/Kovats-Tamas_1-wp-e1714998696795-768x730.jpg 768w, https:\/\/semmelweis.hu\/adatvezerelt-egeszseg\/files\/2024\/05\/Kovats-Tamas_1-wp-e1714998696795-753x716.jpg 753w, https:\/\/semmelweis.hu\/adatvezerelt-egeszseg\/files\/2024\/05\/Kovats-Tamas_1-wp-e1714998696795.jpg 838w\" sizes=\"auto, (max-width: 400px) 100vw, 400px\" \/><\/a><figcaption id=\"caption-attachment-240\" class=\"wp-caption-text\">Kov\u00e1ts Tam\u00e1s<\/figcaption><\/figure>\n<h5><strong>Kov\u00e1ts Tam\u00e1s<\/strong><\/h5>\n<p>informatikai szak\u00e9rt\u0151, Semmelweis Egyetem Eg\u00e9szs\u00e9g\u00fcgyi Menedzserk\u00e9pz\u0151 K\u00f6zpont<\/p>\n<p>1125 Budapest, K\u00fatv\u00f6lgyi \u00fat 2.\u00a0<\/p>\n<p><a href=\"mailto:kovats.tamas@emk.semmelweis.hu\" target=\"_blank\" rel=\"noopener\">kovats.tamas@emk.semmelweis.hu<\/a><\/p>\n","protected":false},"excerpt":{"rendered":"<p>Az Eg\u00e9szs\u00e9gbiztons\u00e1g Nemzeti Laborat\u00f3rium Adatvez\u00e9relt Eg\u00e9szs\u00e9g Div\u00edzi\u00f3 vezet\u0151je Dr. Sz\u00f3cska Mikl\u00f3s, egyetemi tan\u00e1r d\u00e9k\u00e1n, Semmelweis Egyetem Eg\u00e9szs\u00e9g\u00fcgyi K\u00f6zszolg\u00e1lati Kar igazgat\u00f3, Semmelweis Egyetem Eg\u00e9szs\u00e9g\u00fcgyi Menedzserk\u00e9pz\u0151 K\u00f6zpont 1125 Budapest, K\u00fatv\u00f6lgyi \u00fat 2. +36 1 488-7620 <a href=\"mailto:titkarsag@emk.semmelweis.hu\">titkarsag@emk.semmelweis.hu<\/a> <a href=\"https:\/\/semmelweis.hu\/az-egyetemrol\/az-egyetem-vezetese\/vezeto-tisztsegviselok\/dekan-ekk\/\">Dr. Sz\u00f3cska Mikl\u00f3s szakmai \u00f6n\u00e9letrajza<\/a> div\u00edzi\u00f3 vezet\u0151 helyettes Dr. Jo\u00f3 Tam\u00e1s adjunktus, Semmelweis Egyetem Eg\u00e9szs\u00e9g\u00fcgyi Menedzserk\u00e9pz\u0151 K\u00f6zpont eln\u00f6khelyettes, Magyar Eg\u00e9szs\u00e9g\u00fcgyi Menedzsment T\u00e1rsas\u00e1g 1125 Budapest, K\u00fatv\u00f6lgyi \u00fat 2.\u00a0 &hellip;<\/p>\n","protected":false},"author":101539,"featured_media":0,"parent":0,"menu_order":3,"comment_status":"closed","ping_status":"closed","template":"","meta":{"_acf_changed":false,"footnotes":""},"categories":[],"tags":[],"class_list":["post-47","page","type-page","status-publish","hentry"],"acf":[],"_links":{"self":[{"href":"https:\/\/semmelweis.hu\/adatvezerelt-egeszseg\/wp-json\/wp\/v2\/pages\/47","targetHints":{"allow":["GET"]}}],"collection":[{"href":"https:\/\/semmelweis.hu\/adatvezerelt-egeszseg\/wp-json\/wp\/v2\/pages"}],"about":[{"href":"https:\/\/semmelweis.hu\/adatvezerelt-egeszseg\/wp-json\/wp\/v2\/types\/page"}],"author":[{"embeddable":true,"href":"https:\/\/semmelweis.hu\/adatvezerelt-egeszseg\/wp-json\/wp\/v2\/users\/101539"}],"replies":[{"embeddable":true,"href":"https:\/\/semmelweis.hu\/adatvezerelt-egeszseg\/wp-json\/wp\/v2\/comments?post=47"}],"version-history":[{"count":10,"href":"https:\/\/semmelweis.hu\/adatvezerelt-egeszseg\/wp-json\/wp\/v2\/pages\/47\/revisions"}],"predecessor-version":[{"id":242,"href":"https:\/\/semmelweis.hu\/adatvezerelt-egeszseg\/wp-json\/wp\/v2\/pages\/47\/revisions\/242"}],"wp:attachment":[{"href":"https:\/\/semmelweis.hu\/adatvezerelt-egeszseg\/wp-json\/wp\/v2\/media?parent=47"}],"wp:term":[{"taxonomy":"category","embeddable":true,"href":"https:\/\/semmelweis.hu\/adatvezerelt-egeszseg\/wp-json\/wp\/v2\/categories?post=47"},{"taxonomy":"post_tag","embeddable":true,"href":"https:\/\/semmelweis.hu\/adatvezerelt-egeszseg\/wp-json\/wp\/v2\/tags?post=47"}],"curies":[{"name":"wp","href":"https:\/\/api.w.org\/{rel}","templated":true}]}}