{"id":45,"date":"2024-03-01T13:15:03","date_gmt":"2024-03-01T12:15:03","guid":{"rendered":"https:\/\/semmelweis.hu\/adatvezerelt-egeszseg\/?page_id=45"},"modified":"2026-02-11T14:41:50","modified_gmt":"2026-02-11T13:41:50","slug":"kutatas","status":"publish","type":"page","link":"https:\/\/semmelweis.hu\/adatvezerelt-egeszseg\/kutatas\/","title":{"rendered":"Kutat\u00e1s"},"content":{"rendered":"<h6 id=\"site-title\" style=\"text-align: justify\"><strong>Az Eg\u00e9szs\u00e9gbiztons\u00e1g Nemzeti Laborat\u00f3rium Adatvez\u00e9relt Eg\u00e9szs\u00e9g D\u00edvizi\u00f3 publik\u00e1ci\u00f3i<\/strong><\/h6>\n<p><span style=\"font-size: 14pt;font-family: 'pt serif'\"><strong><a href=\"https:\/\/www.nature.com\/articles\/s41598-022-23990-4\" target=\"_blank\" rel=\"noopener\">Physical imaging parameter variation drives domain shift<\/a><\/strong><\/span><\/p>\n<p><span style=\"font-size: 14pt;font-family: 'pt serif'\">Oz Kilim, Alex Olar, Tam\u00e1s Jo\u00f3, Tam\u00e1s Palicz, P\u00e9ter Pollner, Istv\u00e1n Csabai\u00a0<\/span><br \/>\n<span style=\"font-size: 14pt;font-family: 'pt serif'\"><em>Scientific Reports<\/em>, 12, 21302 (2022)<\/span><\/p>\n<hr \/>\n<p><span style=\"font-size: 14pt;font-family: 'pt serif'\"><a href=\"https:\/\/www.sciencedirect.com\/science\/article\/pii\/S0936655522004630?via%3Dihub\" target=\"_blank\" rel=\"noopener\"><strong>A Novel Prognostication System for Spinal Metastasis Patients Based on Network Science and Correlation Analysis<\/strong><\/a><\/span><\/p>\n<p><span style=\"font-size: 14pt;font-family: 'pt serif'\">Mezei Tam\u00e1s, Horv\u00e1th Anna, Nagy Zolt\u00e1n, Czigl\u00e9czki G\u00e1bor, Banczerowski P\u00e9ter, B\u00e1skay J\u00e1nos, Pollner P\u00e9ter<\/span><br \/>\n<span style=\"font-size: 14pt;font-family: 'pt serif'\"><em>Clinical Oncology<\/em>, <span class=\"volume\">35<\/span><span class=\"issue\">\u00a0(1)<\/span><span class=\"pages\">\u00a0pp. e20-e29<\/span> (<span class=\"year\">2023)<\/span><\/span><\/p>\n<hr \/>\n<p><span style=\"font-size: 14pt;font-family: 'pt serif'\"><strong><a href=\"https:\/\/www.nature.com\/articles\/s41598-023-30505-2\" target=\"_blank\" rel=\"noopener\">Automated prediction of COVID-19 severity upon admission by chest X-ray images and clinical metadata aiming at accuracy and explainability<\/a><\/strong><\/span><\/p>\n<p><span style=\"font-size: 14pt;font-family: 'pt serif'\">Alex Olar, Andr\u00e1s Biricz, Zsolt Bed\u0151h\u00e1zi, Bendeg\u00faz Sulyok, P\u00e9ter Pollner, Istv\u00e1n Csabai <\/span><br \/>\n<span class=\"volume\" style=\"font-size: 14pt;font-family: 'pt serif'\"><em>Scientific Reports<\/em>, 13, 4226 (2023)<\/span><\/p>\n<hr \/>\n<p><span style=\"font-size: 14pt;font-family: 'pt serif'\"><strong><a href=\"https:\/\/www.nature.com\/articles\/s41597-024-02908-x\" target=\"_blank\" rel=\"noopener\">Annotated dataset for training deep learning models to detect astrocytes in human brain tissue<\/a><\/strong><\/span><\/p>\n<p><span style=\"font-size: 14pt;font-family: 'pt serif'\">Alex Olar, TeadoraTyler, Paulina Hoppa, Erzs\u00e9bet Frank, Istv\u00e1n Csabai, Istvan Adorjan, P\u00e9ter Pollner <\/span><br \/>\n<span style=\"font-size: 14pt;font-family: 'pt serif'\"><em>Scientific Data<\/em>, 11, Article\u00a0number:\u00a096\u00a0(2024)<\/span><\/p>\n<hr \/>\n<p><span style=\"font-size: 14pt;font-family: 'pt serif'\"><strong><a href=\"https:\/\/www.mdpi.com\/2077-0383\/13\/4\/1106\" target=\"_blank\" rel=\"noopener\">Are Artificial Intelligence-assisted three-dimensional histological reconstructions reliable for the assessment of trabecular microarchitecture?<\/a><\/strong><\/span><\/p>\n<p><span style=\"font-size: 14pt;font-family: 'pt serif'\">J\u00e1nos B\u00e1skay, Dorottya P\u00e9nzes, Endre Kontsek, Adri\u00e1n Pesti, Andr\u00e1s Kiss, Bruna Katherine Guimar\u00e3es Carvalho, Mikl\u00f3s Sz\u00f3cska, Bence Tam\u00e1s Szab\u00f3, Csaba Dob\u00f3-Nagy, D\u00e1niel Csete, Attila M\u00f3csai, Orsolya N\u00e9meth, P\u00e9ter Pollner, Eitan Mijiritsky, M\u00e1rton Kivovics <\/span><br \/>\n<span style=\"font-size: 14pt;font-family: 'pt serif'\"><em>Journal of Clinical Medicine<\/em>, 13(4), 1106 (2024)<\/span><\/p>\n<hr \/>\n<p><span style=\"font-size: 14pt;font-family: 'pt serif'\"><a href=\"https:\/\/www.researchgate.net\/publication\/386022951_Reconstructing_3D_histological_structures_using_machine_learning_artificial_intelligence_algorithms\" target=\"_blank\" rel=\"noopener\"><b>Reconstructing 3D histological structures using machine learning (artificial intelligence) algorithms<\/b><\/a><\/span><\/p>\n<p><span style=\"font-size: 14pt;font-family: 'pt serif'\">J. B\u00e1skay, M. Kivovics, D. P\u00e9nzes, E. Kontsek, A. Pesti, A. Kiss, M. Sz\u00f3cska, O. N\u00e9meth, P. Pollner<br \/>\n<em data-start=\"301\" data-end=\"321\" data-is-only-node=\"\">Die Pathologie, 45<\/em>(S1), 67\u201373, (2024)<\/span><\/p>\n<hr \/>\n<p><span style=\"font-size: 14pt;font-family: 'pt serif'\"><a href=\"https:\/\/www.thelancet.com\/journals\/laneur\/article\/PIIS1474-4422(24)00369-7\/fulltext\" target=\"_blank\" rel=\"noopener\"><strong>Global, regional, and national burden of stroke and its risk factors, 1990\u20132021: a systematic analysis for the Global Burden of Disease Study 2021<\/strong><\/a><\/span><\/p>\n<p><span style=\"font-size: 14pt;font-family: 'pt serif'\">Feigin, Valery L et al.<\/span><br \/>\n<span style=\"font-size: 14pt;font-family: 'pt serif'\"><em>The Lancet Neurology<\/em>, Volume 23, Issue 10, 973 &#8211; 1003<\/span><\/p>\n<hr \/>\n<p><span style=\"font-size: 14pt;font-family: 'pt serif'\"><a href=\"https:\/\/www.thelancet.com\/journals\/lanpub\/article\/PIIS2468-2667(24)00166-X\/fulltext\" target=\"_blank\" rel=\"noopener\"><b>Forecasting the effects of smoking prevalence scenarios on years of life lost and life expectancy from 2022 to 2050: a systematic analysis for the Global Burden of Disease Study 2021<\/b><\/a><\/span><\/p>\n<p><span style=\"font-size: 14pt;font-family: 'pt serif'\">Bryazka, Dana et al.<br \/>\n<\/span><span style=\"font-size: 14pt;font-family: 'pt serif'\"><em>The Lancet Public Health<\/em>, Volume 9, Issue 10, e729 &#8211; e744<\/span><\/p>\n<div>\n<hr \/>\n<\/div>\n<p><span style=\"font-size: 14pt;font-family: 'pt serif'\"><a href=\"https:\/\/www.nature.com\/articles\/s41467-024-51957-8\" target=\"_blank\" rel=\"noopener\"><strong>Time-series sewage metagenomics distinguishes seasonal, human-derived and environmental microbial communities potentially allowing source-attributed surveillance<\/strong><\/a><\/span><\/p>\n<p><span style=\"font-size: 14pt;font-family: 'pt serif'\">\u00c1gnes Becsei, Alessandro Fuschi, Saria Otani, Ravi Kant, Ilja Weinstein, Patricia Alba, J\u00f3zsef St\u00e9ger, D\u00e1vid Visontai, Christian Brinch, Miranda de Graaf, Claudia M. E. Schapendonk, Antonio Battisti, Alessandra De Cesare, Chiara Oliveri, Fulvia Troja, Tarja Sironen, Olli Vapalahti, Fr\u00e9d\u00e9rique Pasquali, Kriszti\u00e1n B\u00e1nyai, Magdolna Mak\u00f3, P\u00e9ter Pollner, Alessandra Merlotti, Marion Koopmans, Istvan Csabai, Daniel Remondini, Frank M. Aarestrup &amp; Patrick Munk<\/span><br \/>\n<span style=\"font-size: 14pt;font-family: 'pt serif'\"><i data-test=\"journal-title\">Nature Communications<\/i>\u00a0<span class=\"u-visually-hidden\">volume<\/span>\u00a015, Article\u00a0number:\u00a07551\u00a0(2024)<\/span><\/p>\n<hr \/>\n<p><span style=\"font-size: 14pt;font-family: 'pt serif'\"><a href=\"https:\/\/www.thelancet.com\/journals\/lancet\/article\/PIIS0140-6736(24)01867-1\/fulltext\" target=\"_blank\" rel=\"noopener\"><strong>Global burden of bacterial antimicrobial resistance 1990\u20132021: a systematic analysis with forecasts to 2050<\/strong><\/a><\/span><\/p>\n<div>Naghavi,<span style=\"font-size: 14pt;font-family: 'pt serif'\"> Mohsen et al.<\/span><\/div>\n<div><span style=\"font-size: 14pt;font-family: 'pt serif'\"><em>The Lancet<\/em>, <span class=\"meta-panel__volumeIssue\">Volume 404, Issue 10459, <\/span><span class=\"meta-panel__pages\">p1199-1226, <\/span><span class=\"meta-panel__onlineDate\">September 28, 2024<\/span><\/span><\/p>\n<hr \/>\n<\/div>\n<div>\n<p><a href=\"https:\/\/journals.sagepub.com\/doi\/10.1177\/00469580241287626\" target=\"_blank\" rel=\"noopener\"><strong>Factors Influencing Health Care Providers Payment Reforms in Central and Eastern European Countries<\/strong><\/a><\/p>\n<p>Ndayishimiye C, Tambor M, Behmane D, et al. <br \/>\n<em>INQUIRY<\/em>: The Journal of Health Care Organization, Provision, and Financing. 2024;61.<\/p>\n<hr \/>\n<p><a href=\"https:\/\/tobaccocontrol.bmj.com\/content\/tobaccocontrol\/early\/2024\/02\/05\/tc-2023-058232.full.pdf\" target=\"_blank\" rel=\"noopener\"><strong>Impact of regulatory tightening of the Hungarian tobacco retail market on availability, access and cigarette smoking prevalence of adolescents<\/strong><\/a><\/p>\n<p>Tam\u00e1s Jo\u00f3, Kristie Foley, Zolt\u00e1n Brys, Todd Rogers, Mikl\u00f3s Sz\u00f3cska, J\u00f3zsef Bodrogi, P\u00e9ter Ga\u00e1l, Melinda P\u00e9nzes<br \/>\n<em>Tob Control<\/em>, 2024;0:1\u20136<\/p>\n<hr \/>\n<p><span style=\"font-size: 14pt;font-family: 'pt serif'\"><a href=\"https:\/\/akjournals.com\/view\/journals\/650\/166\/20\/article-p768.xml\" target=\"_blank\" rel=\"noopener\"><b>A szervi \u00e1tt\u00e9ttel \u00e9s m\u00e1s daganatos betegs\u00e9ggel nem rendelkez\u0151, korai st\u00e1dium\u00fa, rosszindulat\u00fa b\u00e9ldaganatos betegek k\u00f6r\u00e9ben v\u00e9gzett diagnosztikai vizsg\u00e1latok gyakorlata 2012 \u00e9s 2020 k\u00f6z\u00f6tt a hazai k\u00f6zfinansz\u00edrozott ell\u00e1t\u00e1sban<\/b><\/a><\/span><\/p>\n<p><span style=\"font-size: 14pt;font-family: 'pt serif'\"><span id=\"page16R_mcid20\" class=\"markedContent\"><span dir=\"ltr\" role=\"presentation\">Horv\u00e1th Zsolt,<\/span><\/span><span id=\"page16R_mcid24\" class=\"markedContent\">\u00a0<span dir=\"ltr\" role=\"presentation\">Dombr\u00e1di Viktor, <\/span><\/span><span id=\"page16R_mcid28\" class=\"markedContent\"><span dir=\"ltr\" role=\"presentation\">Surj\u00e1n Gy\u00f6rgy, <\/span><\/span><span id=\"page16R_mcid32\" class=\"markedContent\"><span dir=\"ltr\" role=\"presentation\">Sinka Fruzsina M\u00e1ria, <\/span><\/span><span id=\"page16R_mcid36\" class=\"markedContent\"><span dir=\"ltr\" role=\"presentation\">Surj\u00e1n Cec\u00edlia, <\/span><\/span><span id=\"page16R_mcid40\" class=\"markedContent\"><span dir=\"ltr\" role=\"presentation\">Belicza \u00c9va<br \/>\n<\/span><\/span><em>Orv Hetil, <\/em>2025; 166(20): 768\u2013782<\/span><\/p>\n<hr \/>\n<p><span style=\"font-size: 14pt;font-family: 'pt serif'\"><a href=\"https:\/\/www.mdpi.com\/2413-4155\/7\/1\/18\" target=\"_blank\" rel=\"noopener\"><b>Censoring Sensitivity Analysis for Benchmarking Survival Machine Learning Methods<\/b><\/a><\/span><\/p>\n<p><span style=\"font-size: 14pt;font-family: 'pt serif'\">J\u00e1nos B\u00e1skay, Tam\u00e1s Mezei, P\u00e9ter Banczerowski, Anna Horv\u00e1th, Tam\u00e1s Jo\u00f3, P\u00e9ter Pollner<\/span><br \/>\n<span style=\"font-size: 14pt;font-family: 'pt serif'\"><em>Sci<\/em>\u00a02025,\u00a0<em>7<\/em>(1), 18<\/span><\/p>\n<hr \/>\n<p><span style=\"font-size: 14pt;font-family: 'pt serif'\"><a href=\"https:\/\/www.mdpi.com\/2504-4990\/7\/1\/15\" target=\"_blank\" rel=\"noopener\"><b>Investigating the Performance of Retrieval-Augmented Generation and Domain-Specific Fine-Tuning for the Development of AI-Driven Knowledge-Based Systems<\/b><\/a><\/span><\/p>\n<p><span style=\"font-size: 14pt;font-family: 'pt serif'\">R\u00f3bert Lakatos, P\u00e9ter Pollner, Andr\u00e1s Hajdu, Tam\u00e1s Jo\u00f3<strong><br \/>\n<\/strong><em>Mach. Learn. Knowl. Extr.<\/em>\u00a02025,\u00a0<em>7<\/em>(1), 15<\/span><\/p>\n<hr \/>\n<p><span style=\"font-size: 14pt;font-family: 'pt serif'\"><a href=\"https:\/\/www.sciencedirect.com\/science\/article\/pii\/S0168851024002094\" target=\"_blank\" rel=\"noopener\"><b>Primary prevention in hospitals in 20 high-income countries in Europe \u2013 a case of not \u201cmaking every contact count\u201d?<\/b><\/a><\/span><\/p>\n<p><span style=\"font-size: 14pt;font-family: 'pt serif'\">Bernd Rechel, B\u00e9atrice Durvy, Gon\u00e7alo Figueiredo Augusto, Isabelle Aujoulat, Daiga Behmane, Anne-Carole Bensadon, Sara Burke, Melissa D\u2019Agostino, Krisztina Davidovics, Mark Dayan, Antonio Giulio De Belvis, Judith de Jong, Katarzyna Dubas-Jakobczyk, In\u00eas Fronteira, Elena Gabriel, Giuseppe Greco, Peter Groenewegen, Signe Smith Jervelund, Marios Kantaris, Madelon Kroneman, Jerneja Farkas-Lainscak, Benjamin Maurice, Luisne Mac Conghail, Liubove Murauskiene, Mircha Poldrugovac, Zsuzsa Rakosy, Silvia Gabriela Scintee, Christoph Sowada, Fr\u00e9d\u00e9ric Turblin, Desislava Vankova, Zita Velkey, Cristian Vladescu, Dorja Vocanec, Karsten Vrangb\u00e6k, Johannes W\u00fcnscher, Tuija Ylitorm\u00e4nen<\/span><br \/>\n<span style=\"font-size: 14pt;font-family: 'pt serif'\"><em>Health policy<\/em> 151 (2025), 105199<\/span><\/p>\n<hr \/>\n<p><span style=\"font-size: 14pt;font-family: 'pt serif'\"><strong><a href=\"https:\/\/www.nature.com\/articles\/s41698-025-00808-w\" target=\"_blank\" rel=\"noopener\">Histopathology and proteomics are synergistic for high-grade serous ovarian cancer platinum response prediction<\/a><\/strong><\/span><\/p>\n<p><span style=\"font-size: 14pt;font-family: 'pt serif'\">Oz Kilim, Alex Olar, Andr\u00e1s Biricz, Lilla Madaras, P\u00e9ter Pollner, Zolt\u00e1n Sz\u00e1ll\u00e1si, Zsofia Sztupinszki &amp; Istv\u00e1n Csabai<br \/>\n<\/span><span style=\"font-size: 14pt;font-family: 'pt serif'\"><i data-test=\"journal-title\">npj Precision Oncology<\/i>\u00a0<span class=\"u-visually-hidden\">volume<\/span>\u00a09, Article\u00a0number:\u00a027\u00a0(2025)<\/span><\/p>\n<hr \/>\n<p><span style=\"font-size: 14pt;font-family: 'pt serif'\"><a href=\"https:\/\/www.sciencedirect.com\/science\/article\/pii\/S016817022500111X#sec0009\" target=\"_blank\" rel=\"noopener\"><strong>Association between COVID-19 vaccination and progression to severe outcomes in hospitalized COVID-19 patients in Hungary during the pre-Omicron era of the COVID-19 pandemic<\/strong><\/a><\/span><\/p>\n<p><span style=\"font-size: 14pt;font-family: 'pt serif'\">Zolt\u00e1n Vok\u00f3, Gerg\u0151 T\u00fari, Beatrix Oroszi, \u00c9va Belicza, Tam\u00e1s Kov\u00e1ts, Veronika M\u00fcller, J\u00e1nos R\u00e9thelyi, Attila Szij\u00e1rt\u00f3, Tam\u00e1s Masszi, Istv\u00e1n Tak\u00e1cs, J\u00e1nos G\u00e1l, Zsolt G\u00f6b\u00f6l, Attila Szab\u00f3, Csaba Varga, D\u00e1vid Becker, B\u00e9la Merkely<\/span><br \/>\n<span style=\"font-size: 14pt;font-family: 'pt serif'\"><em>Virus Research<\/em>, Volume 361, 2025, 199633, ISSN 0168-1702<\/span><\/p>\n<hr \/>\n<p><span style=\"font-size: 14pt;font-family: 'pt serif'\"><a href=\"https:\/\/akjournals.com\/view\/journals\/650\/166\/43\/article-p1689.xml\" target=\"_blank\" rel=\"noopener\"><strong><span id=\"page17R_mcid8\" class=\"markedContent\"><span dir=\"ltr\" role=\"presentation\">A hazai mammogr\u00e1fi\u00e1s sz\u0171r\u0151program <\/span><\/span><span id=\"page17R_mcid9\" class=\"markedContent\"><span dir=\"ltr\" role=\"presentation\">eredm\u00e9nyess\u00e9ge &#8211; <\/span><\/span><span id=\"page17R_mcid10\" class=\"markedContent\"><span dir=\"ltr\" role=\"presentation\">Retrospekt\u00edv k\u00f6vet\u00e9ses vizsg\u00e1lat a betegforgalmi adatok alapj\u00e1n <\/span><\/span><span id=\"page17R_mcid11\" class=\"markedContent\"><span dir=\"ltr\" role=\"presentation\">2010 \u00e9s 2021 k\u00f6z\u00f6tt<\/span><\/span><\/strong><\/a><\/span><\/p>\n<p><span style=\"font-size: 14pt;font-family: 'pt serif'\"><span id=\"page17R_mcid12\" class=\"markedContent\"><span dir=\"ltr\" role=\"presentation\">Belicza \u00c9va, <\/span><\/span><span id=\"page17R_mcid17\" class=\"markedContent\"><span dir=\"ltr\" role=\"presentation\">Surj\u00e1n Cec\u00edlia, <\/span><\/span><span id=\"page17R_mcid21\" class=\"markedContent\"><span dir=\"ltr\" role=\"presentation\">Dombr\u00e1di Viktor, <\/span><\/span><span id=\"page17R_mcid25\" class=\"markedContent\"><span dir=\"ltr\" role=\"presentation\">Surj\u00e1n Gy\u00f6rgy, <\/span><\/span><span id=\"page17R_mcid29\" class=\"markedContent\"><span dir=\"ltr\" role=\"presentation\">Sinka Fruzsina M\u00e1ria, <\/span><\/span><span id=\"page17R_mcid33\" class=\"markedContent\"><span dir=\"ltr\" role=\"presentation\">Bert\u00f3kn\u00e9 Tam\u00e1s Ren\u00e1ta,<\/span><\/span><span class=\"markedContent\"><span class=\"markedContent\">\u00a0<span dir=\"ltr\" role=\"presentation\">Horv\u00e1th Zsolt<br \/>\n<\/span><\/span><\/span><\/span><span class=\"markedContent\" style=\"font-size: 14pt;font-family: 'pt serif'\"><span class=\"markedContent\"><span dir=\"ltr\" role=\"presentation\"><em>Orv Hetil,<\/em>\u00a02025; 166(43): 1689\u20131705.<\/span><\/span><\/span><\/p>\n<div class=\"textLayer\">\n<hr \/>\n<p><span id=\"page17R_mcid97\" class=\"markedContent\" style=\"font-size: 14pt;font-family: 'pt serif'\"><\/span><\/div>\n<div class=\"annotationLayer\">\n<p class=\"c-article-title\" data-test=\"article-title\"><a href=\"https:\/\/www.nature.com\/articles\/s41598-025-19974-9\" target=\"_blank\" rel=\"noopener\"><strong>Community detection in hypergraphs through hyperedge percolation<\/strong><\/a><\/p>\n<p>Bianka Kov\u00e1cs,\u00a0Barnab\u00e1s Benedek, Gergely Palla\u00a0<br \/>\n<i data-test=\"journal-title\">Scientific Reports<\/i>, V<span class=\"u-visually-hidden\">olume<\/span>\u00a015, Article\u00a0number:\u00a0<span data-test=\"article-number\">36032<\/span>\u00a0(<span data-test=\"article-publication-year\">2025<\/span>)<\/p>\n<hr \/>\n<\/div>\n<p style=\"text-align: justify\"><span id=\"page17R_mcid37\" class=\"markedContent\" style=\"font-size: 14pt;font-family: 'pt serif'\"><span dir=\"ltr\" role=\"presentation\"><a href=\"https:\/\/akjournals.com\/view\/journals\/650\/166\/42\/article-p1653.xml\" target=\"_blank\" rel=\"noopener\"><strong>Sz\u00edvel\u00e9gtelens\u00e9gben szenved\u0151 betegek r\u00f6vid t\u00e1v\u00fa hal\u00e1loz\u00e1s\u00e1t befoly\u00e1sol\u00f3 t\u00e9nyez\u0151k haz\u00e1nkban<\/strong><\/a><strong> &#8211; Egy adminisztrat\u00edv adatokon alapul\u00f3 retrospekt\u00edv k\u00f6vet\u00e9ses vizsg\u00e1lat eredm\u00e9nyei<\/strong><\/span><\/span><\/p>\n<div class=\"contributor-details\">\n<div class=\"contributor-details-block\"><span id=\"authorAffiliate\" class=\"contributor-details-link\" role=\"button\" data-testid=\"author-name\" aria-controls=\"authorAffiliatePopUp\" aria-label=\"Reveal author affiliation for \u00c1gnes Anita T\u00f3th\" aria-expanded=\"false\">\u00c1gnes Anita T\u00f3th, <\/span><span style=\"font-size: 1rem\">Fruzsina M\u00e1ria Sinka, <\/span><span style=\"font-size: 1rem\">\u00c9va Belicza, <\/span><span style=\"font-size: 1rem\"><span style=\"font-size: 1rem\">L\u00e1szl\u00f3 Buga<br \/>\n<span class=\"markedContent\"><span dir=\"ltr\" role=\"presentation\"><em>Orv Hetil<\/em>, 2025; 166(42): 1653\u20131665<\/span><\/span><\/span><\/span><\/p>\n<hr \/>\n<p>\u00a0<a href=\"https:\/\/www.nature.com\/articles\/s42005-025-02306-8\" target=\"_blank\" rel=\"noopener\"><strong>CLOVE, a Travelling Salesman\u2019s approach to hyperbolic embeddings of complex networks with communities<\/strong><\/a><\/p>\n<p>S\u00e1muel G. Balogh,\u00a0Bendeg\u00faz Sulyok,\u00a0Tam\u00e1s Vicsek, Gergely Palla\u00a0<br \/>\n<em>Communications Physics<\/em>,\u00a0Volume\u00a08, Article\u00a0number:\u00a0397\u00a0(2025)<\/p>\n<hr \/>\n<p><span style=\"font-size: 1rem\"><span id=\"page23R_mcid81\" class=\"markedContent\"><\/span><br \/>\n<\/span><\/div>\n<\/div>\n<\/div>\n","protected":false},"excerpt":{"rendered":"<p>Az Eg\u00e9szs\u00e9gbiztons\u00e1g Nemzeti Laborat\u00f3rium Adatvez\u00e9relt Eg\u00e9szs\u00e9g D\u00edvizi\u00f3 publik\u00e1ci\u00f3i <a href=\"https:\/\/www.nature.com\/articles\/s41598-022-23990-4\" target=\"_blank\" rel=\"noopener\">Physical imaging parameter variation drives domain shift<\/a> Oz Kilim, Alex Olar, Tam\u00e1s Jo\u00f3, Tam\u00e1s Palicz, P\u00e9ter Pollner, Istv\u00e1n Csabai\u00a0 Scientific Reports, 12, 21302 (2022) <a href=\"https:\/\/www.sciencedirect.com\/science\/article\/pii\/S0936655522004630?via%3Dihub\" target=\"_blank\" rel=\"noopener\">A Novel Prognostication System for Spinal Metastasis Patients Based on Network Science and Correlation Analysis<\/a> Mezei Tam\u00e1s, Horv\u00e1th Anna, Nagy Zolt\u00e1n, Czigl\u00e9czki G\u00e1bor, Banczerowski P\u00e9ter, B\u00e1skay J\u00e1nos, Pollner P\u00e9ter Clinical Oncology, 35\u00a0(1)\u00a0pp. e20-e29 (2023) <a href=\"https:\/\/www.nature.com\/articles\/s41598-023-30505-2\" target=\"_blank\" rel=\"noopener\">Automated prediction of COVID-19 severity upon admission by chest X-ray images and clinical metadata aiming at accuracy and explainability<\/a> Alex Olar, Andr\u00e1s Biricz, Zsolt Bed\u0151h\u00e1zi, Bendeg\u00faz Sulyok, P\u00e9ter Pollner, Istv\u00e1n &hellip;<\/p>\n","protected":false},"author":101539,"featured_media":0,"parent":0,"menu_order":2,"comment_status":"closed","ping_status":"closed","template":"","meta":{"_acf_changed":false,"footnotes":""},"categories":[],"tags":[],"class_list":["post-45","page","type-page","status-publish","hentry"],"acf":[],"_links":{"self":[{"href":"https:\/\/semmelweis.hu\/adatvezerelt-egeszseg\/wp-json\/wp\/v2\/pages\/45","targetHints":{"allow":["GET"]}}],"collection":[{"href":"https:\/\/semmelweis.hu\/adatvezerelt-egeszseg\/wp-json\/wp\/v2\/pages"}],"about":[{"href":"https:\/\/semmelweis.hu\/adatvezerelt-egeszseg\/wp-json\/wp\/v2\/types\/page"}],"author":[{"embeddable":true,"href":"https:\/\/semmelweis.hu\/adatvezerelt-egeszseg\/wp-json\/wp\/v2\/users\/101539"}],"replies":[{"embeddable":true,"href":"https:\/\/semmelweis.hu\/adatvezerelt-egeszseg\/wp-json\/wp\/v2\/comments?post=45"}],"version-history":[{"count":11,"href":"https:\/\/semmelweis.hu\/adatvezerelt-egeszseg\/wp-json\/wp\/v2\/pages\/45\/revisions"}],"predecessor-version":[{"id":619,"href":"https:\/\/semmelweis.hu\/adatvezerelt-egeszseg\/wp-json\/wp\/v2\/pages\/45\/revisions\/619"}],"wp:attachment":[{"href":"https:\/\/semmelweis.hu\/adatvezerelt-egeszseg\/wp-json\/wp\/v2\/media?parent=45"}],"wp:term":[{"taxonomy":"category","embeddable":true,"href":"https:\/\/semmelweis.hu\/adatvezerelt-egeszseg\/wp-json\/wp\/v2\/categories?post=45"},{"taxonomy":"post_tag","embeddable":true,"href":"https:\/\/semmelweis.hu\/adatvezerelt-egeszseg\/wp-json\/wp\/v2\/tags?post=45"}],"curies":[{"name":"wp","href":"https:\/\/api.w.org\/{rel}","templated":true}]}}