{"id":3790,"date":"2021-05-06T10:11:08","date_gmt":"2021-05-06T08:11:08","guid":{"rendered":"https:\/\/semmelweis.hu\/250\/?page_id=3790"},"modified":"2021-05-26T12:51:22","modified_gmt":"2021-05-26T10:51:22","slug":"14-fog-es-szajbetegsegek","status":"publish","type":"page","link":"https:\/\/semmelweis.hu\/250\/semmelweis-egeszseg-napok\/14-fog-es-szajbetegsegek\/","title":{"rendered":"14. Fog- \u00e9s sz\u00e1jbetegs\u00e9gek &#8211; 2021. m\u00e1jus 27."},"content":{"rendered":"<p style=\"font-size: 20pt; color: #c8a970;\"><strong>SEMMELWEIS EG\u00c9SZS\u00c9G NAPOK 14.\u00a0<br \/>\n<span style=\"font-size: 16pt;\">FOG- \u00c9S SZ\u00c1JBETEGS\u00c9GEK<\/span><\/strong><\/p>\n<p><strong>CS\u00dcT\u00d6RT\u00d6K &#8211; 2021. m\u00e1jus 27. 16.00 \u2013 20.00<br \/>\nFogorvostudom\u00e1nyi Kar<br \/>\nF\u00fcl-Orr-G\u00e9g\u00e9szeti \u00e9s Fej-Nyakseb\u00e9szeti Klinika<\/p>\n<p><\/strong><\/p>\n<p style=\"text-align: center;\"><span style=\"color: #33cccc;\"><strong><span style=\"color: #ff6600;\">Figyelem, <span style=\"color: #000000;\">a rendezv\u00e9nyt a<\/span> Zoom program <span style=\"color: #000000;\">seg\u00edts\u00e9g\u00e9vel<\/span> online<span style=\"color: #000000;\"> tartjuk meg.<\/span> <br \/>\n<\/span><\/strong><\/span><strong>A r\u00e9szv\u00e9tel ingyenes, de a programokra el\u0151zetes regisztr\u00e1ci\u00f3 sz\u00fcks\u00e9ges.\u00a0<br \/>\n<\/strong><\/p>\n<p style=\"text-align: center;\">\u00a0<em>(A regisztr\u00e1ci\u00f3kor megadott e-mail c\u00edmekre k\u00fcldik vissza a szervez\u0151k az el\u0151ad\u00e1sok \u00e9s konzult\u00e1ci\u00f3k el\u00e9rhet\u0151s\u00e9g\u00e9t.)<\/em><\/p>\n<div class=\"exp-col-content-holder\"><a class=\"expand-cnt-link\" href=\"#\">B\u0151vebben a Zoom haszn\u00e1lat\u00e1r\u00f3l<\/a><\/p>\n<div class=\"hidden-content\">\n<p><strong>MEGH\u00cdV\u00c1S ELFOGAD\u00c1SA<\/strong><\/p>\n<ol>\n<li>Az el\u0151ad\u00f3t\u00f3l a rendezv\u00e9nyt megel\u0151z\u0151en \u00e9rkezik egy email, melyben megtal\u00e1lhat\u00f3 a Zoom megbesz\u00e9l\u00e9s link-je, valamint a megbesz\u00e9l\u00e9s azonos\u00edt\u00f3sz\u00e1ma (ut\u00f3bbira csak speci\u00e1lis esetben, egyes oper\u00e1ci\u00f3s rendszereken vagy telefonos haszn\u00e1lat eset\u00e9n van sz\u00fcks\u00e9g).<\/li>\n<li>A linkre kattintva automatikusan elindul a csatlakoz\u00e1s, de az els\u0151 esetben egy seg\u00e9dprogram let\u00f6lt\u00e9s\u00e9re, majd telep\u00edt\u00e9s\u00e9re is sz\u00fcks\u00e9g lehet, mely rendk\u00edv\u00fcl egyszer\u0171en (a vide\u00f3ban l\u00e1that\u00f3 m\u00f3don) megoldhat\u00f3. \u00c9rdemes <a href=\"https:\/\/zoom.us\/download#client_4meeting\" target=\"_blank\" rel=\"noopener noreferrer\"><strong>let\u00f6lteni a Zoom szoftvert a sz\u00e1m\u00edt\u00f3g\u00e9p\u00fcnkre<\/strong><\/a>, mert k\u00f6nnyebben lehet haszn\u00e1lni, mint a b\u00f6ng\u00e9sz\u0151s v\u00e1ltozatot.<\/li>\n<li>Ezt k\u00f6vet\u0151en meg kell adni a jogosults\u00e1gokat a Zoom rendszer sz\u00e1m\u00e1ra (kamera, mikrofon) \u00e9s ezut\u00e1n m\u00e1ris csatlakozik az \u00e9rtekezlethez a megh\u00edvott szem\u00e9ly.<\/li>\n<\/ol>\n<p>Amennyiben \u00d6n megh\u00edv\u00e1st kapott egy Zoom-megbesz\u00e9l\u00e9sre, \u00fagy <strong>a mell\u00e9kelt vide\u00f3ban l\u00e1that\u00f3 m\u00f3don<\/strong> tud csatlakozni, \u00d6nnek semmilyen regisztr\u00e1ci\u00f3ra nincs sz\u00fcks\u00e9ge.<\/p>\n<div style=\"width: 753px;\" class=\"wp-video\"><!--[if lt IE 9]><script>document.createElement('video');<\/script><![endif]-->\n<video class=\"wp-video-shortcode\" id=\"video-3790-1\" width=\"753\" height=\"424\" preload=\"metadata\" controls=\"controls\"><source type=\"video\/mp4\" src=\"https:\/\/semmelweis.hu\/oktatasmodszertan\/files\/2020\/03\/CSATLAKOZ\u00c1S-ZOOM-tal\u00e1lkoz\u00f3hoz.mp4?_=1\" \/><a href=\"https:\/\/semmelweis.hu\/oktatasmodszertan\/files\/2020\/03\/CSATLAKOZ\u00c1S-ZOOM-tal\u00e1lkoz\u00f3hoz.mp4\">https:\/\/semmelweis.hu\/oktatasmodszertan\/files\/2020\/03\/CSATLAKOZ\u00c1S-ZOOM-tal\u00e1lkoz\u00f3hoz.mp4<\/a><\/video><\/div>\n<p>&nbsp;<\/p>\n<\/div>\n<\/div>\n<p style=\"font-size: 20pt; color: #c8a970; padding: 20px 0px 8px 0px;\"><strong>PROGRAMOK 16.00 \u00e9s 20.00 K\u00d6Z\u00d6TT <\/strong><strong>ID\u0150RENDBEN:<\/strong><\/p>\n<table style=\"width: 100%;\">\n<thead>\n<tr style=\"text-align: center;\">\n<td style=\"width: 15%;\"><strong>Kezd\u00e9s<\/strong><\/td>\n<td style=\"width: 85%;\"><strong>Program c\u00edme<\/strong><\/td>\n<\/tr>\n<\/thead>\n<tbody>\n<tr>\n<td style=\"width: 15%; vertical-align: top;\">\n<p>16:00 \u2013 19:00<\/p>\n<\/td>\n<td style=\"width: 85%;\">\n<p><strong>K\u00e9rd\u00e9se van? Mi szem\u00e9lyre szabott v\u00e1laszt adunk \u00d6nnek! \u2013 online egy\u00e9ni t\u00e1pl\u00e1lkoz\u00e1si- \u00e9s \u00e9letm\u00f3d tan\u00e1csad\u00e1s\u00a0<\/strong><em>\u2013 J\u00f3b Vikt\u00f3ria, Koltai Cintia \u00e9s V\u00e9kony Blanka az Eg\u00e9szs\u00e9gfejleszt\u00e9si K\u00f6zpont okleveles t\u00e1pl\u00e1lkoz\u00e1studom\u00e1nyi szakemberei) &#8211; <\/em>(14 \u00e9ves kor felett) \u2013 max. 3 f\u0151\/ f\u00e9l \u00f3ra<\/p>\n<p>Az egy\u00e9ni tan\u00e1csad\u00e1s c\u00e9lja, hogy k\u00f6z\u00f6sen megvizsg\u00e1ljuk az egy\u00e9n aktu\u00e1lis eg\u00e9szs\u00e9gi \u00e1llapot\u00e1t \u00e9s a t\u00e1pl\u00e1lkoz\u00e1si szok\u00e1sait, megbesz\u00e9lj\u00fck napi rutinj\u00e1t \u00e9s felt\u00e9rk\u00e9pezz\u00fck az \u00e9letm\u00f3dj\u00e1t meghat\u00e1roz\u00f3 t\u00e9nyez\u0151ket. Ezt k\u00f6vet\u0151en olyan szem\u00e9lyre szabott c\u00e9lokat \u00e9s v\u00e1llal\u00e1sokat t\u0171z\u00fcnk ki sz\u00e1m\u00e1ra, melyeket a p\u00e1ciens saj\u00e1t \u00e9letter\u00e9ben, k\u00f6rnyezet\u00e9ben meg tud val\u00f3s\u00edtani. A tan\u00e1csad\u00e1son lehet\u0151s\u00e9g ny\u00edlik arra is, hogy az \u00e9rdekl\u0151d\u0151 feltegye \u00e9letm\u00f3dj\u00e1val kapcsolatos k\u00e9rd\u00e9seit szakembereinknek!\u00a0<\/p>\n<p><em>Az online besz\u00e9lget\u00e9s <strong>20 percet vesz ig\u00e9nybe<\/strong>, ez\u00e9rt k\u00e9rj\u00fck, a regisztr\u00e1ci\u00f3j\u00e1t k\u00f6vet\u0151en <strong>el\u0151re gondolja \u00e1t \u00e9s \u00edrja \u00f6ssze k\u00e9rd\u00e9seit<\/strong>. Mind ezek mellett \u00e9rdemes a tan\u00e1csad\u00e1s el\u0151tti napon <strong>t\u00e1pl\u00e1lkoz\u00e1si napl\u00f3t<\/strong> k\u00e9sz\u00edtenie egy excel t\u00e1bl\u00e1zatban, melyben le\u00edrja, milyen \u00e9teleket fogyasztott (\u00e9tel \u00e9s ital), mennyit \u00e9s mikor.\u00a0<\/em><strong><br \/>\n<\/strong><\/p>\n<p style=\"padding-left: 40px;\">16:00-16:30 \u2013 Betelt<br \/>\n16:30-17:00 \u2013 Betelt<br \/>\n17:00-17:30 \u2013 Betelt<br \/>\n17:30-18:00 \u2013 Betelt<br \/>\n18:00-18:30 \u2013 Betelt<br \/>\n18:30-19:00 \u2013 Betelt<\/p>\n<\/td>\n<\/tr>\n<tr>\n<td style=\"width: 15%; vertical-align: top;\">\n<p>16:00 \u2013 16:30<\/p>\n<\/td>\n<td style=\"width: 85%;\">\n<p><strong>T\u00f6ltse le fogorvos\u00e1t! <\/strong><em>(Dr. N\u00e9meth Fruzsina)<br \/>\n<\/em><strong>el\u0151ad\u00e1s \u00e9s konzult\u00e1ci\u00f3<\/strong>\u00a0\u2013 12 \u00e9ves kort\u00f3l max. 300 f\u0151<\/p>\n<p>A COVID-19 pand\u00e9mia kezdet\u00e9vel egyre nehezebb\u00e9 v\u00e1lt a fogorvoshoz j\u00e1r\u00e1s: kevesebb szabad id\u0151pont, hossz\u00fa, t\u00f6m\u00f6tt sorok a rendel\u00e9sek el\u0151tt. Gyakran online, telefonos konzult\u00e1ci\u00f3k alkalm\u00e1val tartj\u00e1k a kapcsolatot kezel\u0151orvosukkal a p\u00e1ciensek. El\u0151ad\u00e1sunkban olyan internetes, mobiltelefon-applik\u00e1ci\u00f3s lehet\u0151s\u00e9gekre szeretn\u00e9nk felh\u00edvni p\u00e1cienseink figyelm\u00e9t, amelyeknek a seg\u00edts\u00e9g\u00e9vel eg\u00e9szs\u00e9gtudatoss\u00e1gukat n\u00f6velve, otthonuk biztons\u00e1g\u00e1b\u00f3l tudj\u00e1k jav\u00edtani sz\u00e1jhigi\u00e9n\u00e9s szok\u00e1saikat. Ez\u00e1ltal megel\u0151zhetik a sz\u00e1j\u00fcregi betegs\u00e9geket, \u00e9s er\u0151s\u00edthetik a teljes testi eg\u00e9szs\u00e9g\u00fcket, valamint cs\u00f6kkenthetik a sz\u00fcks\u00e9ges orvos-beteg tal\u00e1lkoz\u00e1sok \u00e9s a k\u00f6lts\u00e9ges kezel\u00e9sek sz\u00e1m\u00e1t.<\/p>\n<p><strong>A regisztr\u00e1ci\u00f3 lez\u00e1rult.<\/strong><\/p>\n<\/td>\n<\/tr>\n<tr>\n<td style=\"width: 15%; vertical-align: top;\">16:00 \u2013 16:30<\/td>\n<td style=\"width: 85%;\">\n<p><strong>COVID \u00e9s egy\u00e9b v\u00edrusfert\u0151z\u00e9s \u00e1ltal okozott \u00edz\u00e9rz\u00e9si \u00e9s szagl\u00e1szavarok <\/strong><em>(Dr. Kraxner Helga)<br \/>\n<\/em><strong>el\u0151ad\u00e1s \u00e9s konzult\u00e1ci\u00f3 <\/strong>\u2013 12 \u00e9ves kort\u00f3l max. 300 f\u0151\u00a0<\/p>\n<p>Az el\u0151ad\u00e1sban bemutatjuk a szagl\u00e1s \u00e9s \u00edz\u00e9rz\u00e9s jelent\u0151s\u00e9g\u00e9t az \u00e9let k\u00fcl\u00f6nb\u00f6z\u0151 ter\u00fcletein, a k\u00fcl\u00f6nb\u00f6z\u0151 foglalkoz\u00e1sok, szakm\u00e1k tekintet\u00e9ben. A k\u00e9t \u00e9rz\u00e9s-f\u00e9les\u00e9get elhelyezz\u00fck az \u00e9rz\u00e9kszervek rendszer\u00e9ben, r\u00f6viden felv\u00e1zoljuk a szagl\u00e1s- \u00e9s \u00edz\u00e9rz\u00e9s szervrendszer\u00e9nek \u00f6sszetev\u0151it (anat\u00f3mi\u00e1j\u00e1t) \u00e9s norm\u00e1l m\u0171k\u00f6d\u00e9s\u00e9t (\u00e9lettan\u00e1t). Ezt k\u00f6vet\u0151en r\u00e1t\u00e9r\u00fcnk a k\u00f3ros m\u0171k\u00f6d\u00e9sre, vagyis a k\u00f3r\u00e9lettani vonatkoz\u00e1sokra, amelyen bel\u00fcl kiemelten foglalkozunk a v\u00edrusfert\u0151z\u00e9sek, ezen bel\u00fcl a koronav\u00edrus fert\u0151z\u00e9s jelent\u0151s\u00e9g\u00e9vel. A koronav\u00edrus okozta COVID betegs\u00e9g sor\u00e1n elszenvedett panaszokat vessz\u00fck sorra, \u00f6sszefoglalva, hogy mit \u00e9rezhet a beteg, \u00e9s hov\u00e1 fordulhat a panaszaival. Bemutatjuk, hogy mi t\u00f6rt\u00e9nik a tov\u00e1bbi kivizsg\u00e1l\u00e1s sor\u00e1n, \u00e9s a vizsg\u00e1lati eredm\u00e9nyek t\u00fckr\u00e9ben mennyivel tudunk k\u00f6zelebb ker\u00fclni a megold\u00e1shoz, vagyis a gy\u00f3gyul\u00e1shoz. Sz\u00e1mba vessz\u00fck a kezel\u00e9si (ter\u00e1pi\u00e1s) lehet\u0151s\u00e9geket.<\/p>\n<p><strong>A regisztr\u00e1ci\u00f3 lez\u00e1rult.<\/strong><\/p>\n<\/td>\n<\/tr>\n<tr>\n<td style=\"width: 15%; vertical-align: top;\">16:30 \u2013 17:00<\/td>\n<td style=\"width: 85%;\">\n<p><strong>Ajaj, v\u00e9rzik az \u00ednyem! Most mit tehetek?<\/strong> <em>(Dr. Horv\u00e1th Attila)<br \/>\n<\/em><strong>el\u0151ad\u00e1s \u00e9s konzult\u00e1ci\u00f3<\/strong>\u00a0\u2013 12 \u00e9ves kort\u00f3l max. 300 f\u0151<\/p>\n<p>Bizony\u00e1ra sokan tapasztaltak m\u00e1r kis piros elsz\u00ednez\u0151d\u00e9st a ropog\u00f3s alm\u00e1ba harapva. Sajnos ez az els\u0151 t\u00fcnete annak a lass\u00fa folyamatnak, ami v\u00e9g\u00fcl a fogaink meglazul\u00e1s\u00e1hoz \u00e9s ak\u00e1r elveszt\u00e9s\u00e9hez is vezethet. Korunk egyik n\u00e9pbetegs\u00e9ge az \u00ednygyullad\u00e1s \u00e9s fog\u00e1gybetegs\u00e9g. Vajon mindez megel\u0151zhet\u0151? Erre k\u00edv\u00e1n v\u00e1laszt adni \u00e9s a megel\u0151z\u00e9s egyszer\u0171 eszk\u00f6zeit bemutatni az el\u0151ad\u00e1s.<\/p>\n<p><strong>A regisztr\u00e1ci\u00f3 lez\u00e1rult.<\/strong><\/p>\n<\/td>\n<\/tr>\n<tr>\n<td style=\"width: 15%; vertical-align: top;\">16:30 \u2013 17:00<\/td>\n<td style=\"width: 85%;\">\n<p><strong>A sz\u00e1j\u00fcregi \u00e9s garat elt\u00e9r\u00e9sek szerepe az alv\u00e1sf\u00fcgg\u0151 l\u00e9gz\u00e9szavarokban <\/strong><em>(Dr. Moln\u00e1r Vikt\u00f3ria)<br \/>\n<\/em><strong>el\u0151ad\u00e1s \u00e9s konzult\u00e1ci\u00f3 \u2013 <\/strong>12 \u00e9ves kort\u00f3l max. 300 f\u0151<strong>\u00a0<\/strong><\/p>\n<p>Az obstrukt\u00edv alv\u00e1si apnoe (OSA) a leggyakrabban el\u0151fordul\u00f3 alv\u00e1sf\u00fcgg\u0151 l\u00e9gz\u00e9szavar, melyre alv\u00e1s alatt visszat\u00e9r\u0151en jelentkez\u0151 teljes vagy r\u00e9szleges fels\u0151 l\u00e9g\u00fati elz\u00e1r\u00f3d\u00e1s jellemz\u0151. A betegs\u00e9g jellegzetes t\u00fcnetei a hangos horkol\u00e1s, alv\u00e1s k\u00f6zbeni l\u00e9gz\u00e9skimarad\u00e1s, \u00e9jszakai izzad\u00e1s, nappali figyelem \u00e9s koncentr\u00e1ci\u00f3zavar, nappali alusz\u00e9konys\u00e1g. Ezen figyelmeztet\u0151 t\u00fcnetek ellen\u00e9re meglehet\u0151sen aluldiagnosztiz\u00e1lt a betegs\u00e9g, ez\u00e9rt a sz\u0171r\u0151vizsg\u00e1latoknak kiemelked\u0151en fontos szerepe van. Hajlamos\u00edt\u00f3 t\u00e9nyez\u0151k k\u00f6z\u00f6tt a f\u00e9rfi nem, 40-50 \u00e9v feletti \u00e9letkor, elh\u00edz\u00e1s, anat\u00f3miai elt\u00e9r\u00e9sek \u00e1llnak. A sz\u00e1j\u00fcreg \u00e9s garat anat\u00f3miai elt\u00e9r\u00e9sei alv\u00e1s alatt szerepet j\u00e1tszhatnak a fels\u0151 l\u00e9g\u00fati elz\u00e1r\u00f3d\u00e1sok kialakul\u00e1s\u00e1ban gyermek \u00e9s feln\u0151tt korban egyar\u00e1nt. A rutin f\u00fcl-orr-g\u00e9g\u00e9szeti fizik\u00e1lis vizsg\u00e1lattal ezen elt\u00e9r\u00e9sek kell\u0151 id\u0151ben t\u00f6rt\u00e9n\u0151 \u00e9szlel\u00e9se az OSA mihamarabbi diagnosztik\u00e1j\u00e1t eredm\u00e9nyezheti.<\/p>\n<p><strong>A regisztr\u00e1ci\u00f3 lez\u00e1rult.<\/strong><\/p>\n<\/td>\n<\/tr>\n<tr>\n<td style=\"width: 15%; vertical-align: top;\">17:00 \u2013 17:30<\/td>\n<td style=\"width: 85%;\">\n<p><strong>A sz\u00e1jsz\u00e1razs\u00e1g, mint alulbecs\u00fclt t\u00fcnet <\/strong><em>(Dr. M\u00e1rton Krisztina)<br \/>\n<\/em><strong>el\u0151ad\u00e1s \u00e9s konzult\u00e1ci\u00f3<\/strong>\u00a0\u2013 12 \u00e9ves kort\u00f3l max. 300 f\u0151<\/p>\n<p>A sz\u00e1jsz\u00e1razs\u00e1g a n\u00e9pess\u00e9g egyre nagyobb h\u00e1nyad\u00e1t \u00e9rint\u0151 id\u0151leges, \u00e1lland\u00f3 vagy kr\u00f3nikusan visszat\u00e9r\u0151 panasz, amely s\u00falyoss\u00e1g\u00e1t tekintve is k\u00fcl\u00f6nb\u00f6z\u0151 m\u00e9rt\u00e9k\u0171 lehet. Ennek egyik oka a sz\u00fclet\u00e9skor v\u00e1rhat\u00f3 \u00e9letkor egyre magasabb volt\u00e1ban (id\u0151sebb korban egyre gyakoribb), ezen k\u00edv\u00fcl a gy\u00f3gyszerszed\u00e9s megn\u00f6vekedett m\u00e9rt\u00e9k\u00e9ben keresend\u0151. Sz\u00e1mos betegs\u00e9g \u00e9s \u00e1llapot okozhat sz\u00e1jsz\u00e1razs\u00e1got: ny\u00e1lmirigybetegs\u00e9g, autoimmun betegs\u00e9gek, a fej-nyak r\u00e9gi\u00f3 sug\u00e1rter\u00e1pi\u00e1ja ut\u00e1ni \u00e1llapot, diabetes, AIDS, egyes pszich\u00e9s \u00e1llapotok, dehydratio, de megfigyelhet\u0151 egyes szok\u00e1sok: doh\u00e1nyz\u00e1s, koffein- vagy alkohol nagym\u00e9rt\u00e9k\u0171 fogyaszt\u00e1sa (sz\u00e1jvizek!) eset\u00e9n is. Az el\u0151ad\u00e1s c\u00e9lja a sz\u00e1jsz\u00e1razs\u00e1g jelent\u0151s\u00e9g\u00e9re felh\u00edvni a figyelmet, mivel az ilyen betegek sz\u00e1m\u00e1ra komoly neh\u00e9zs\u00e9get jelenthet az \u00e9tkez\u00e9s, a nyel\u00e9s, a besz\u00e9d, az \u00edz\u00e9rz\u00e9kel\u00e9s, a kivehet\u0151 fogsorok visel\u00e9se \u00e9s a k\u00edv\u00e1natos sz\u00e1jhigi\u00e9n\u00e9 fenntart\u00e1sa, amely nagyban rontja az illet\u0151 \u00e9letmin\u0151s\u00e9g\u00e9t. Kutat\u00e1sok szerint a n\u00e9pess\u00e9g mintegy 29-34%-a szenvedhet valamilyen m\u00e9rt\u00e9k\u0171 sz\u00e1jsz\u00e1razs\u00e1gban.<\/p>\n<p><strong>A regisztr\u00e1ci\u00f3 lez\u00e1rult.<\/strong><\/p>\n<\/td>\n<\/tr>\n<tr>\n<td style=\"vertical-align: top; width: 15%;\">17:00 \u2013 17:30<\/td>\n<td style=\"width: 85%;\">\n<p><strong>Garatdaganatok megel\u0151z\u00e9se, t\u00fcnetei, HPV v\u00edrus szerepe <\/strong><em>(Dr. Prekopp P\u00e9ter)<br \/>\n<\/em><strong>el\u0151ad\u00e1s \u00e9s konzult\u00e1ci\u00f3 \u2013 <\/strong>12 \u00e9ves kort\u00f3l max. 300 f\u0151<strong>\u00a0<\/strong><\/p>\n<p>A sz\u00e1j\u00fcregi \u00e9s garatdaganatok diagnosztik\u00e1ja \u00e9s kezel\u00e9se eg\u00e9szs\u00e9g\u00fcgyi feladat. Emellett az egy\u00e9n \u00e9s a t\u00e1rsadalom feladata a megel\u0151z\u00e9s \u00e9s r\u00e9szben a korai felismer\u00e9s is. Ehhez t\u00e1j\u00e9kozottnak \u00e9s k\u00f6r\u00fcltekint\u0151nek kell lenni. Ezen el\u0151ad\u00e1sban a megel\u0151z\u00e9sr\u0151l, \u00fagymint a primer \u00e9s szekunder prevenci\u00f3r\u00f3l, a helyes \u00e9letm\u00f3dr\u00f3l, HPV-r\u0151l, HPV olt\u00e1sr\u00f3l, t\u00fcnetekr\u0151l lesz sz\u00f3, hogy tudjuk, mire kell figyeln\u00fcnk.<\/p>\n<p><strong>A regisztr\u00e1ci\u00f3 lez\u00e1rult.<\/strong><\/p>\n<\/td>\n<\/tr>\n<tr>\n<td style=\"vertical-align: top; width: 15%;\">17:30 \u2013 18:00<\/td>\n<td style=\"width: 85%;\">\n<p><strong>Sz\u00e1jny\u00e1lkah\u00e1rtya elv\u00e1ltoz\u00e1sok prevenci\u00f3ja a XXI. sz\u00e1zad gener\u00e1ci\u00f3j\u00e1nak <\/strong><em>(Dr. N\u00e9meth Orsolya)<br \/>\n<\/em><strong>el\u0151ad\u00e1s \u00e9s konzult\u00e1ci\u00f3<\/strong>\u00a0\u2013 12 \u00e9ves kort\u00f3l max. 300 f\u0151<\/p>\n<p>A COVID \u00e9s a karant\u00e9n megtan\u00edtott egy-k\u00e9t dologra minket. WIFI, applik\u00e1ci\u00f3, szenzor, szoftver n\u00e9lk\u00fcl az \u00e9let\u00fcnk elk\u00e9pzelhetetlen lett volna az elm\u00falt id\u0151szakban.\u00a0 A fog\u00e1szati prevenci\u00f3nak is ezzel egy\u00fctt kellett fejl\u0151dnie. A fogorvosok \u00e9s fog\u00e1szati klinikai higi\u00e9nikusok is megtanult\u00e1k, hogy a betegeket el kell \u00e9rni \u00e9s seg\u00edts\u00e9get kell tudni ny\u00fajtani nekik, nemcsak a szem\u00e9lyes tal\u00e1lkoz\u00e1sok alkalm\u00e1val, hanem az \u00e9teren kereszt\u00fcl is.\u00a0 Bemutatjuk, hogy a betegek hogyan tudnak gyorsan kapcsolatba l\u00e9pni a szakemberekkel \u00e9s t\u0151l\u00fck k\u00e9rdezni, amennyiben olyan elv\u00e1ltoz\u00e1sokat tapasztalnak a ny\u00e1lkah\u00e1rty\u00e1jukon, ami aggodalomra adhat okot.<\/p>\n<p><strong>A regisztr\u00e1ci\u00f3 lez\u00e1rult.<\/strong><\/p>\n<\/td>\n<\/tr>\n<tr>\n<td style=\"vertical-align: top; width: 15%;\">17:30 \u2013 18:00<\/td>\n<td style=\"width: 85%;\">\n<p><strong>El\u0151zz\u00fck meg a sz\u00e1j\u00fcregi daganatokat egy\u00fctt!<\/strong> <em>(Dr. Mensch K\u00e1roly)<br \/>\n<\/em><strong>el\u0151ad\u00e1s \u00e9s konzult\u00e1ci\u00f3 \u2013 <\/strong>12 \u00e9ves kort\u00f3l max. 300 f\u0151<\/p>\n<p>Napjainkban vil\u00e1gszerte dr\u00e1maian emelkedik a sz\u00e1j\u00fcregi daganatok sz\u00e1ma. Sajn\u00e1latos m\u00f3don Magyarorsz\u00e1g \u2013 a WHO adatai alapj\u00e1n \u2013 Eur\u00f3p\u00e1ban az els\u0151 helyen \u00e1ll, a vil\u00e1gon pedig a harmadik. Les\u00fajt\u00f3 adat, hogy \u00e9vente k\u00e9tszer annyian halnak meg sz\u00e1j\u00fcregi r\u00e1kban, mint ah\u00e1nyan k\u00f6zleked\u00e9si balesetben. A legnagyobb probl\u00e9ma, hogy a p\u00e1ciensek k\u00e9s\u0151n, csak el\u0151rehaladott, rossz progn\u00f3zis\u00fa elv\u00e1ltoz\u00e1ssal keresik fel fogorvosukat. Prezent\u00e1ci\u00f3nkban ismertetj\u00fck a kiv\u00e1lt\u00f3 okokat, bemutatjuk a megel\u0151z\u00e9s lehet\u0151s\u00e9geit, hangs\u00falyozzuk a korai diagn\u00f3zis jelent\u0151s\u00e9g\u00e9t, valamint megtan\u00edtjuk a jelentkez\u0151ket a sz\u00e1j\u00fcregi ny\u00e1lkah\u00e1rtya \u00f6nvizsg\u00e1lat\u00e1ra, mely rendszeresen elv\u00e9gezve jelent\u0151s eszk\u00f6ze lehet a betegs\u00e9g megel\u0151z\u00e9s\u00e9nek.<\/p>\n<p><strong>A regisztr\u00e1ci\u00f3 lez\u00e1rult.<\/strong><\/p>\n<\/td>\n<\/tr>\n<tr>\n<td style=\"vertical-align: top; width: 15%;\">18:00 \u2013 18:30<\/td>\n<td style=\"width: 85%;\">\n<p><strong>A fogorvos evol\u00faci\u00f3ja <\/strong><em>(Dr. Gerber G\u00e1bor )<br \/>\n<\/em><strong>el\u0151ad\u00e1s \u00e9s konzult\u00e1ci\u00f3 \u2013\u00a0 <\/strong>12 \u00e9ves kort\u00f3l max. 300 f\u0151<strong>\u00a0<\/strong><\/p>\n<p>Az el\u0151ad\u00e1s r\u00f6vid \u00e1ttekint\u00e9st ad a sz\u00e1j\u00fcregi eg\u00e9szs\u00e9g megtart\u00e1s\u00e1ban \u00e9s helyre\u00e1ll\u00edt\u00e1s\u00e1ban fontos szerepet j\u00e1tsz\u00f3 szakma t\u00f6rt\u00e9net\u00e9r\u0151l \u00e9s a XXI. sz\u00e1zad fogorvosk\u00e9pz\u00e9s\u00e9r\u0151l.<\/p>\n<p><strong>A regisztr\u00e1ci\u00f3 lez\u00e1rult.<\/strong><\/p>\n<\/td>\n<\/tr>\n<tr>\n<td style=\"vertical-align: top; width: 15%;\">18:30 \u2013 19:00<\/td>\n<td style=\"width: 85%;\">\n<p><strong>Mit\u0151l kattog az \u00e1llkapocs\u00edz\u00fclet? <\/strong><em>(Dr. Hermann P\u00e9ter)<br \/>\n<\/em><strong>el\u0151ad\u00e1s \u00e9s konzult\u00e1ci\u00f3 \u2013 <\/strong>12 \u00e9ves kort\u00f3l max. 300 f\u0151<strong>\u00a0<\/strong><\/p>\n<p>Az \u00e1llkapocs \u00edz\u00fcleti megbeteged\u00e9s egyik jellemz\u0151je, hogy sokszor a p\u00e1ciens nem is tudja behat\u00e1rolni, mi lehet a panasz\u00e1nak forr\u00e1sa, legt\u00f6bbsz\u00f6r a f\u00fcl k\u00f6rny\u00e9k\u00e9re mutat, hogy onnan ered a f\u00e1jdalma. \u00c9ppen ez\u00e9rt, a betegek az \u00e1llkapocs \u00edz\u00fcleti ambulanci\u00e1ra m\u00e1r hossz\u00fa utat megj\u00e1rva tal\u00e1lnak r\u00e1, \u00e9s sz\u00e1molnak be az ezt jellemz\u0151 t\u00fcnetegy\u00fcttesr\u0151l. Ez a f\u00e1jdalom, az \u00edz\u00fcleti mozg\u00e1skorl\u00e1tozotts\u00e1g, amikor a beteg nem tudja a szok\u00e1sos m\u00e9ret\u0171re kinyitni a sz\u00e1j\u00e1t, valamint olyan hangjelens\u00e9g (kattog\u00e1s, recseg\u00e9s, s\u00farl\u00f3d\u00e1s), ami r\u00e1g\u00e1s, sz\u00e1jnyit\u00e1s sor\u00e1n hallhat\u00f3, ami sokszor m\u00e1r a beteg k\u00f6rnyezet\u00e9t is zavarja. Az el\u0151ad\u00e1s sor\u00e1n az \u00e1llkapocs\u00edz\u00fclet anat\u00f3miai fel\u00e9p\u00edt\u00e9s\u00e9t k\u00edv\u00e1njuk bemutatni, valamint a megbeteged\u00e9s diagn\u00f3zisa \u00e9s ter\u00e1pi\u00e1ja sor\u00e1n alkalmazott lehet\u0151s\u00e9geket ismertetni.<\/p>\n<p><strong>A regisztr\u00e1ci\u00f3 lez\u00e1rult.<\/strong><\/p>\n<\/td>\n<\/tr>\n<tr>\n<td style=\"vertical-align: top; width: 15%;\">19:00 \u2013 19:30<\/td>\n<td style=\"width: 85%;\">\n<p><strong>B\u00f6lcsess\u00e9gfogak \u2013 csak a baj van vel\u00fck? <\/strong><em>(Dr. Jo\u00f3b-Fancsaly \u00c1rp\u00e1d)<br \/>\n<\/em><strong>el\u0151ad\u00e1s \u00e9s konzult\u00e1ci\u00f3<\/strong>\u00a0\u2013 12 \u00e9ves kort\u00f3l max. 300 f\u0151<\/p>\n<p>A b\u00f6lcsess\u00e9gfogak szerepe k\u00fcl\u00f6nleges a fog\u00e1szatban. Az ambul\u00e1ns sz\u00e1jseb\u00e9szeti ell\u00e1t\u00e1sok nagy r\u00e9sze a b\u00f6lcsess\u00e9gfogak \u00e1ltal okozott k\u00f3rk\u00e9pekre f\u00f3kusz\u00e1l\u00f3dik. Fiatal korban jellemz\u0151en fogszab\u00e1lyoz\u00e1si, m\u00edg \u00e9rettebb korban ink\u00e1bb gyullad\u00e1sos panaszokat okoznak. Jellemz\u0151en a h\u00faszas, harmincas koroszt\u00e1lyn\u00e1l, de id\u0151sebb korban sem ritka, hogy gondot okoznak. Kezel\u00e9s\u00fck r\u00e9szben konzervat\u00edv, de az esetek nagy r\u00e9sz\u00e9ben seb\u00e9szi ell\u00e1t\u00e1st ig\u00e9nyel.<\/p>\n<p><strong>A regisztr\u00e1ci\u00f3 lez\u00e1rult.<\/strong><\/p>\n<\/td>\n<\/tr>\n<tr>\n<td style=\"vertical-align: top; width: 15%;\">19:30 \u2013 20:00<\/td>\n<td style=\"width: 85%;\">\n<p><strong>Megel\u0151z\u00e9s az eg\u00e9szs\u00e9ges \u00e9s rendezett fogazat\u00e9rt, a gyermeksz\u00e1jt\u00f3l a feln\u0151ttek maradand\u00f3 fogazat\u00e1ig <\/strong><em>(Dr. B\u00e1lint R\u00e9ka)<br \/>\n<\/em><strong>el\u0151ad\u00e1s \u00e9s konzult\u00e1ci\u00f3 <\/strong>\u2013 12 \u00e9ves kort\u00f3l max. 300 f\u0151\u00a0<\/p>\n<p>Az el\u0151ad\u00e1s bemutatja a fogak embrion\u00e1lis fejl\u0151d\u00e9s\u00e9t\u0151l kezdve a gyereksz\u00e1j tejfogazat\u00e1n \u00e1t a tinik vegyes-, majd marad\u00f3fogazat\u00e1ig a fogv\u00e1lt\u00e1s \u00e9s fogfejl\u0151d\u00e9s folyamat\u00e1t, \u00e9s az esetlegesen el\u0151fordul\u00f3 zavarait. Milyen hat\u00e1ssal vannak erre \u00e9s a fogak eg\u00e9szs\u00e9g\u00e9re a k\u00fcl\u00f6nb\u00f6z\u0151 k\u00f6rnyezeti t\u00e9nyez\u0151k, mint a t\u00e1pl\u00e1lkoz\u00e1s, a sz\u00e1jhigi\u00e9n\u00e9, a rossz szok\u00e1sok, fogbalesetek, vagy a genetika, illetve az embrion\u00e1lis korban fell\u00e9p\u0151 k\u00e1ros\u00edt\u00f3 t\u00e9nyez\u0151k. Ezek alapj\u00e1n kider\u00fcl, mivel is foglalkozik egy gyermekfogorvos; mely \u00e9letkorban milyen megel\u0151z\u00e9si strat\u00e9gi\u00e1kat kell bevetni, vagy sz\u00fcks\u00e9g eset\u00e9n milyen ter\u00e1pi\u00e1t alkalmaz tej- \u00e9s marad\u00f3 fogak eset\u00e9n, milyen eszk\u00f6z\u00f6ket\/anyagokat haszn\u00e1l a megfelel\u0151 \u00e9letkorokban. \u00d6sszef\u00fcgg\u00e9st keres\u00fcnk, hogy vajon mi k\u00f6ze lehet a fogszuvasod\u00e1snak a fogazat-, illetve az \u00e1llcsontok helyzeti rendelleness\u00e9geihez, mi\u00e9rt j\u00e1tszik elengedhetetlen szerepet a fogszab\u00e1lyoz\u00f3 orvos a gyermekfogorvos munk\u00e1j\u00e1ban \u00e9s ford\u00edtva, mit tehet a gyermekfogorvos eg\u00e9szen kicsi kort\u00f3l az\u00e9rt, hogy k\u00e9s\u0151bb ne legyen sz\u00fcks\u00e9g fogszab\u00e1lyz\u00f3ra.<\/p>\n<p><strong>A regisztr\u00e1ci\u00f3 lez\u00e1rult.<\/strong><\/p>\n<\/td>\n<\/tr>\n<\/tbody>\n<\/table>\n<p><em>A szervez\u0151k a programv\u00e1ltoz\u00e1s jog\u00e1t fenntartj\u00e1k.<\/em><\/p>\n<p>&nbsp;<\/p>\n","protected":false},"excerpt":{"rendered":"<p>SEMMELWEIS EG\u00c9SZS\u00c9G NAPOK 14.\u00a0 FOG- \u00c9S SZ\u00c1JBETEGS\u00c9GEK CS\u00dcT\u00d6RT\u00d6K &#8211; 2021. m\u00e1jus 27. 16.00 \u2013 20.00 Fogorvostudom\u00e1nyi Kar F\u00fcl-Orr-G\u00e9g\u00e9szeti \u00e9s Fej-Nyakseb\u00e9szeti Klinika Figyelem, a rendezv\u00e9nyt a Zoom program seg\u00edts\u00e9g\u00e9vel online tartjuk meg. A r\u00e9szv\u00e9tel ingyenes, de a programokra el\u0151zetes regisztr\u00e1ci\u00f3 sz\u00fcks\u00e9ges.\u00a0 \u00a0(A regisztr\u00e1ci\u00f3kor megadott e-mail c\u00edmekre k\u00fcldik vissza a szervez\u0151k az el\u0151ad\u00e1sok \u00e9s konzult\u00e1ci\u00f3k el\u00e9rhet\u0151s\u00e9g\u00e9t.) <a class=\"expand-cnt-link\" href=\"#\">B\u0151vebben a Zoom haszn\u00e1lat\u00e1r\u00f3l<\/a> MEGH\u00cdV\u00c1S &hellip;<\/p>\n","protected":false},"author":12,"featured_media":0,"parent":179,"menu_order":2,"comment_status":"closed","ping_status":"closed","template":"","meta":{"_acf_changed":false,"footnotes":""},"categories":[],"tags":[],"class_list":["post-3790","page","type-page","status-publish","hentry"],"acf":[],"_links":{"self":[{"href":"https:\/\/semmelweis.hu\/250\/wp-json\/wp\/v2\/pages\/3790","targetHints":{"allow":["GET"]}}],"collection":[{"href":"https:\/\/semmelweis.hu\/250\/wp-json\/wp\/v2\/pages"}],"about":[{"href":"https:\/\/semmelweis.hu\/250\/wp-json\/wp\/v2\/types\/page"}],"author":[{"embeddable":true,"href":"https:\/\/semmelweis.hu\/250\/wp-json\/wp\/v2\/users\/12"}],"replies":[{"embeddable":true,"href":"https:\/\/semmelweis.hu\/250\/wp-json\/wp\/v2\/comments?post=3790"}],"version-history":[{"count":10,"href":"https:\/\/semmelweis.hu\/250\/wp-json\/wp\/v2\/pages\/3790\/revisions"}],"predecessor-version":[{"id":3806,"href":"https:\/\/semmelweis.hu\/250\/wp-json\/wp\/v2\/pages\/3790\/revisions\/3806"}],"up":[{"embeddable":true,"href":"https:\/\/semmelweis.hu\/250\/wp-json\/wp\/v2\/pages\/179"}],"wp:attachment":[{"href":"https:\/\/semmelweis.hu\/250\/wp-json\/wp\/v2\/media?parent=3790"}],"wp:term":[{"taxonomy":"category","embeddable":true,"href":"https:\/\/semmelweis.hu\/250\/wp-json\/wp\/v2\/categories?post=3790"},{"taxonomy":"post_tag","embeddable":true,"href":"https:\/\/semmelweis.hu\/250\/wp-json\/wp\/v2\/tags?post=3790"}],"curies":[{"name":"wp","href":"https:\/\/api.w.org\/{rel}","templated":true}]}}