{"id":2864,"date":"2019-12-17T15:54:34","date_gmt":"2019-12-17T14:54:34","guid":{"rendered":"http:\/\/semmelweis.hu\/250\/?page_id=2864"},"modified":"2020-12-18T06:19:15","modified_gmt":"2020-12-18T05:19:15","slug":"letoltheto-karacsonyi-kepeslapok","status":"publish","type":"page","link":"https:\/\/semmelweis.hu\/250\/jubileum\/a-jubileumi-ev-arculata\/letoltheto-karacsonyi-kepeslapok\/","title":{"rendered":"Let\u00f6lthet\u0151 kar\u00e1csonyi k\u00e9peslapok"},"content":{"rendered":"<p>V\u00e1logasson a jubileumi \u00e9s a kor\u00e1bbi \u00e9vek k\u00e9peslapjai k\u00f6z\u00fcl! A kiv\u00e1lasztott k\u00e9peslap let\u00f6lt\u00e9shez kattintson a k\u00e9pek alatt tal\u00e1lhat\u00f3 &#8222;let\u00f6lt\u00e9s&#8221; gombra.\u00a0<\/p>\n<table class=\"bottom-border\" style=\"width: 100%;\">\n<tbody>\n<tr>\n<td style=\"vertical-align: middle; width: 50%;\" colspan=\"2\">\n<p style=\"text-align: center;\"><a href=\"https:\/\/semmelweis.hu\/250\/files\/2020\/12\/semmelweis-karacsonyi-kepeslap-2020.jpg\"><img loading=\"lazy\" decoding=\"async\" class=\"size-medium wp-image-3700 aligncenter\" src=\"https:\/\/semmelweis.hu\/250\/files\/2020\/12\/semmelweis-karacsonyi-kepeslap-2020-400x198.jpg\" alt=\"\" width=\"400\" height=\"198\" srcset=\"https:\/\/semmelweis.hu\/250\/files\/2020\/12\/semmelweis-karacsonyi-kepeslap-2020-400x198.jpg 400w, https:\/\/semmelweis.hu\/250\/files\/2020\/12\/semmelweis-karacsonyi-kepeslap-2020-1024x507.jpg 1024w, https:\/\/semmelweis.hu\/250\/files\/2020\/12\/semmelweis-karacsonyi-kepeslap-2020-768x380.jpg 768w, https:\/\/semmelweis.hu\/250\/files\/2020\/12\/semmelweis-karacsonyi-kepeslap-2020-1536x761.jpg 1536w, https:\/\/semmelweis.hu\/250\/files\/2020\/12\/semmelweis-karacsonyi-kepeslap-2020-2048x1014.jpg 2048w, https:\/\/semmelweis.hu\/250\/files\/2020\/12\/semmelweis-karacsonyi-kepeslap-2020-753x373.jpg 753w\" sizes=\"auto, (max-width: 400px) 100vw, 400px\" \/><\/a><\/p>\n<p style=\"text-align: center;\">[slb_exclude]<a class=\"button-big\" href=\"https:\/\/semmelweis.hu\/250\/files\/2020\/12\/semmelweis-karacsonyi-kepeslap-2020.jpg\" download=\"\">Let\u00f6lt\u00e9s<\/a>[\/slb_exclude]<\/p>\n<\/td>\n<\/tr>\n<tr>\n<td style=\"vertical-align: middle; width: 50%;\">\n<p style=\"text-align: center;\"><a href=\"https:\/\/semmelweis.hu\/250\/files\/2019\/12\/RS107939_Kar\u00e1csony2019-v8-hu.jpg\"><img loading=\"lazy\" decoding=\"async\" class=\"wp-image-2868 alignnone\" src=\"https:\/\/semmelweis.hu\/250\/files\/2019\/12\/RS107939_Kar\u00e1csony2019-v8-hu-400x245.jpg\" alt=\"\" width=\"339\" height=\"207\" srcset=\"https:\/\/semmelweis.hu\/250\/files\/2019\/12\/RS107939_Kar\u00e1csony2019-v8-hu-400x245.jpg 400w, https:\/\/semmelweis.hu\/250\/files\/2019\/12\/RS107939_Kar\u00e1csony2019-v8-hu-768x471.jpg 768w, https:\/\/semmelweis.hu\/250\/files\/2019\/12\/RS107939_Kar\u00e1csony2019-v8-hu-1024x628.jpg 1024w, https:\/\/semmelweis.hu\/250\/files\/2019\/12\/RS107939_Kar\u00e1csony2019-v8-hu-753x462.jpg 753w, https:\/\/semmelweis.hu\/250\/files\/2019\/12\/RS107939_Kar\u00e1csony2019-v8-hu-620x380.jpg 620w, https:\/\/semmelweis.hu\/250\/files\/2019\/12\/RS107939_Kar\u00e1csony2019-v8-hu.jpg 1600w\" sizes=\"auto, (max-width: 339px) 100vw, 339px\" \/><\/a><\/p>\n<p style=\"text-align: center;\">[slb_exclude]<a class=\"button-big\" href=\"https:\/\/semmelweis.hu\/250\/files\/2019\/12\/RS107939_Kar\u00e1csony2019-v8-hu.jpg\" download=\"\">Let\u00f6lt\u00e9s<\/a>[\/slb_exclude]<\/p>\n<\/td>\n<td style=\"vertical-align: middle; width: 50%;\">\n<p style=\"text-align: center;\"><a href=\"https:\/\/semmelweis.hu\/250\/files\/2019\/12\/RS107938_Kar\u00e1csony2019-v8-eng.jpg\"><img loading=\"lazy\" decoding=\"async\" class=\"wp-image-2867 alignnone\" src=\"https:\/\/semmelweis.hu\/250\/files\/2019\/12\/RS107938_Kar\u00e1csony2019-v8-eng-400x245.jpg\" alt=\"\" width=\"340\" height=\"208\" srcset=\"https:\/\/semmelweis.hu\/250\/files\/2019\/12\/RS107938_Kar\u00e1csony2019-v8-eng-400x245.jpg 400w, https:\/\/semmelweis.hu\/250\/files\/2019\/12\/RS107938_Kar\u00e1csony2019-v8-eng-768x471.jpg 768w, https:\/\/semmelweis.hu\/250\/files\/2019\/12\/RS107938_Kar\u00e1csony2019-v8-eng-1024x628.jpg 1024w, https:\/\/semmelweis.hu\/250\/files\/2019\/12\/RS107938_Kar\u00e1csony2019-v8-eng-753x462.jpg 753w, https:\/\/semmelweis.hu\/250\/files\/2019\/12\/RS107938_Kar\u00e1csony2019-v8-eng-620x380.jpg 620w, https:\/\/semmelweis.hu\/250\/files\/2019\/12\/RS107938_Kar\u00e1csony2019-v8-eng.jpg 1600w\" sizes=\"auto, (max-width: 340px) 100vw, 340px\" \/><\/a><\/p>\n<p style=\"text-align: center;\">[slb_exclude]<a class=\"button-big\" href=\"https:\/\/semmelweis.hu\/250\/files\/2019\/12\/RS107938_Kar\u00e1csony2019-v8-eng.jpg\" download=\"\">Let\u00f6lt\u00e9s<\/a>[\/slb_exclude]<\/p>\n<\/td>\n<\/tr>\n<tr>\n<td style=\"vertical-align: middle; width: 50%;\">\n<p style=\"text-align: center;\"><a href=\"https:\/\/semmelweis.hu\/hirek\/files\/2017\/12\/SE-karacsonyi-kepeslap-2017-1.jpg\"><img loading=\"lazy\" decoding=\"async\" class=\"size-medium wp-image-69659 alignnone\" src=\"https:\/\/semmelweis.hu\/hirek\/files\/2017\/12\/SE-karacsonyi-kepeslap-2017-1-300x198.jpg\" alt=\"\" width=\"300\" height=\"198\" \/><\/a><\/p>\n<p style=\"text-align: center;\">[slb_exclude]<a class=\"button-big\" href=\"https:\/\/semmelweis.hu\/hirek\/files\/2017\/12\/SE-karacsonyi-kepeslap-2017-1.jpg\" download=\"\">Let\u00f6lt\u00e9s<\/a>[\/slb_exclude]<\/p>\n<\/td>\n<td style=\"vertical-align: middle; width: 50%;\">\n<p style=\"text-align: center;\"><a href=\"https:\/\/semmelweis.hu\/hirek\/files\/2017\/12\/SE-karacsonyi-kepeslap_2017-5.jpg\"><img loading=\"lazy\" decoding=\"async\" class=\"size-medium wp-image-69660 alignnone\" src=\"https:\/\/semmelweis.hu\/hirek\/files\/2017\/12\/SE-karacsonyi-kepeslap_2017-5-300x200.jpg\" alt=\"\" width=\"300\" height=\"200\" \/><\/a><\/p>\n<p style=\"text-align: center;\">[slb_exclude]<a class=\"button-big\" href=\"https:\/\/semmelweis.hu\/hirek\/files\/2017\/12\/SE-karacsonyi-kepeslap_2017-5.jpg\" download=\"\">Let\u00f6lt\u00e9s<\/a>[\/slb_exclude]<\/p>\n<\/td>\n<\/tr>\n<tr>\n<td style=\"vertical-align: middle; width: 50%;\">\n<p style=\"text-align: center;\"><a href=\"https:\/\/semmelweis.hu\/hirek\/files\/2017\/12\/SE-karacsonyi-kepeslap_2017-2.jpg\"><img loading=\"lazy\" decoding=\"async\" class=\"size-medium wp-image-69666 alignnone\" src=\"https:\/\/semmelweis.hu\/hirek\/files\/2017\/12\/SE-karacsonyi-kepeslap_2017-2-300x198.jpg\" alt=\"\" width=\"300\" height=\"198\" \/><\/a><\/p>\n<p style=\"text-align: center;\">[slb_exclude]<a class=\"button-big\" href=\"https:\/\/semmelweis.hu\/hirek\/files\/2017\/12\/SE-karacsonyi-kepeslap_2017-2.jpg\" download=\"\">Let\u00f6lt\u00e9s<\/a>[\/slb_exclude]<\/p>\n<\/td>\n<td style=\"vertical-align: middle; width: 50%;\">\n<p style=\"text-align: center;\"><a href=\"https:\/\/semmelweis.hu\/hirek\/files\/2017\/12\/SE-karacsonyi-kepeslap-2017-3.jpg\"><img loading=\"lazy\" decoding=\"async\" class=\"size-medium wp-image-69656 alignnone\" src=\"https:\/\/semmelweis.hu\/hirek\/files\/2017\/12\/SE-karacsonyi-kepeslap-2017-3-300x195.jpg\" alt=\"\" width=\"300\" height=\"195\" \/><\/a><\/p>\n<p style=\"text-align: center;\">[slb_exclude]<a class=\"button-big\" href=\"https:\/\/semmelweis.hu\/hirek\/files\/2017\/12\/SE-karacsonyi-kepeslap-2017-3.jpg\" download=\"\">Let\u00f6lt\u00e9s<\/a>[\/slb_exclude]<\/p>\n<\/td>\n<\/tr>\n<tr>\n<td style=\"vertical-align: middle; width: 50%; text-align: center;\">\n<p style=\"text-align: center;\"><a href=\"https:\/\/semmelweis.hu\/hirek\/files\/2016\/12\/RS55615_KA-20161118-KA__8962_kar.jpg\"><img loading=\"lazy\" decoding=\"async\" class=\"wp-image-56613 alignnone\" src=\"https:\/\/semmelweis.hu\/hirek\/files\/2016\/12\/RS55615_KA-20161118-KA__8962_kar-300x192.jpg\" alt=\"rs55615_ka-20161118-ka__8962_kar\" width=\"301\" height=\"192\" \/><\/a><\/p>\n<p style=\"text-align: center;\">[slb_exclude]<a class=\"button-big\" href=\"https:\/\/semmelweis.hu\/hirek\/files\/2016\/12\/RS55615_KA-20161118-KA__8962_kar.jpg\" download=\"\">Let\u00f6lt\u00e9s<\/a>[\/slb_exclude]<\/p>\n<\/td>\n<td style=\"vertical-align: middle; width: 50%;\">\n<p style=\"text-align: center;\"><a href=\"https:\/\/semmelweis.hu\/hirek\/files\/2016\/12\/RS55612_KA-20161116-KA__6916-2.jpg\" target=\"_blank\" rel=\"noopener noreferrer\"><img loading=\"lazy\" decoding=\"async\" class=\"size-medium wp-image-35817 alignnone\" src=\"https:\/\/semmelweis.hu\/hirek\/files\/2016\/12\/RS55612_KA-20161116-KA__6916-2.jpg\" alt=\"se_kepeslap_2016_3\" width=\"300\" height=\"198\" \/><\/a><\/p>\n<p style=\"text-align: center;\">[slb_exclude]<a class=\"button-big\" href=\"https:\/\/semmelweis.hu\/hirek\/files\/2016\/12\/RS55612_KA-20161116-KA__6916-2.jpg\" download=\"\">Let\u00f6lt\u00e9s<\/a>[\/slb_exclude]<\/p>\n<\/td>\n<\/tr>\n<tr>\n<td style=\"text-align: center; width: 50%;\">\n<p style=\"text-align: center;\"><a href=\"https:\/\/semmelweis.hu\/hirek\/files\/2014\/12\/semmelweis-kepeslap_1.jpg\" target=\"_blank\" rel=\"noopener noreferrer\"><img loading=\"lazy\" decoding=\"async\" class=\"size-medium wp-image-35806 alignnone\" src=\"https:\/\/semmelweis.hu\/hirek\/files\/2014\/12\/semmelweis-kepeslap_1-300x199.jpg\" alt=\"semmelweis-kepeslap_1\" width=\"300\" height=\"199\" \/><\/a><\/p>\n<p>[slb_exclude]<a class=\"button-big\" href=\"https:\/\/semmelweis.hu\/hirek\/files\/2014\/12\/semmelweis-kepeslap_1.jpg\" download=\"\">Let\u00f6lt\u00e9s<\/a>[\/slb_exclude]<\/p>\n<\/td>\n<td style=\"text-align: center; width: 50%;\">\n<p style=\"text-align: center;\"><a href=\"https:\/\/semmelweis.hu\/hirek\/files\/2014\/12\/semmelweis-kepeslapok-2.jpg\" target=\"_blank\" rel=\"noopener noreferrer\"><img loading=\"lazy\" decoding=\"async\" class=\"size-medium wp-image-35817 alignnone\" src=\"https:\/\/semmelweis.hu\/hirek\/files\/2014\/12\/semmelweis-kepeslapok-2-300x198.jpg\" alt=\"kepeslap_tipo2_kep_diszek\" width=\"300\" height=\"198\" \/><\/a><\/p>\n<p style=\"text-align: center;\">[slb_exclude]<a class=\"button-big\" href=\"https:\/\/semmelweis.hu\/hirek\/files\/2014\/12\/semmelweis-kepeslapok-2.jpg\" download=\"\">Let\u00f6lt\u00e9s<\/a>[\/slb_exclude]<\/p>\n<\/td>\n<\/tr>\n<tr>\n<td style=\"text-align: center; width: 50%;\">\n<p style=\"text-align: center;\"><a href=\"https:\/\/semmelweis.hu\/hirek\/files\/2014\/12\/semmelweis-kepeslapok-3.jpg\" target=\"_blank\" rel=\"noopener noreferrer\"><img loading=\"lazy\" decoding=\"async\" class=\"wp-image-35818 alignnone\" src=\"https:\/\/semmelweis.hu\/hirek\/files\/2014\/12\/semmelweis-kepeslapok-3-300x209.jpg\" alt=\"kepeslap_piktok2b\" width=\"300\" height=\"209\" \/><\/a><\/p>\n<p style=\"text-align: center;\">[slb_exclude]<a class=\"button-big\" href=\"https:\/\/semmelweis.hu\/hirek\/files\/2014\/12\/semmelweis-kepeslapok-3.jpg\" download=\"\">Let\u00f6lt\u00e9s<\/a>[\/slb_exclude]<\/p>\n<\/td>\n<td style=\"text-align: center; width: 50%;\">\n<p style=\"text-align: center;\"><a href=\"https:\/\/semmelweis.hu\/hirek\/files\/2014\/12\/semmelweis-kepeslap-4.jpg\" target=\"_blank\" rel=\"noopener noreferrer\"><img loading=\"lazy\" decoding=\"async\" class=\"wp-image-35809 alignnone\" src=\"https:\/\/semmelweis.hu\/hirek\/files\/2014\/12\/semmelweis-kepeslap-4-300x209.jpg\" alt=\"semmelweis-kepeslap-4\" width=\"299\" height=\"208\" \/><\/a><\/p>\n<p style=\"text-align: center;\">[slb_exclude]<a class=\"button-big\" href=\"https:\/\/semmelweis.hu\/hirek\/files\/2014\/12\/semmelweis-kepeslap-4.jpg\" download=\"\">Let\u00f6lt\u00e9s<\/a>[\/slb_exclude]<\/p>\n<\/td>\n<\/tr>\n<tr>\n<td style=\"text-align: center; width: 50%;\">\n<p style=\"text-align: center;\"><a href=\"https:\/\/semmelweis.hu\/english\/files\/2017\/12\/SU-greetings-2017-3.jpg\"><img loading=\"lazy\" decoding=\"async\" src=\"https:\/\/semmelweis.hu\/english\/files\/2017\/12\/SU-greetings-2017-3-300x198.jpg\" alt=\"\" width=\"300\" height=\"198\" \/><\/a><\/p>\n<p style=\"text-align: center;\">[slb_exclude]<a class=\"button-big\" href=\"https:\/\/semmelweis.hu\/english\/files\/2017\/12\/SU-greetings-2017-3.jpg\">Download<\/a>[\/slb_exclude]<\/p>\n<\/td>\n<td style=\"text-align: center; width: 50%;\">\n<p style=\"text-align: center;\"><a href=\"https:\/\/semmelweis.hu\/english\/files\/2017\/12\/SU-greetings-2017-2.jpg\"><img loading=\"lazy\" decoding=\"async\" src=\"https:\/\/semmelweis.hu\/english\/files\/2017\/12\/SU-greetings-2017-2-300x198.jpg\" alt=\"\" width=\"300\" height=\"198\" \/><\/a><\/p>\n<p style=\"text-align: center;\">[slb_exclude]<a class=\"button-big\" href=\"https:\/\/semmelweis.hu\/english\/files\/2017\/12\/SU-greetings-2017-2.jpg\">Download<\/a>[\/slb_exclude]<\/p>\n<\/td>\n<\/tr>\n<tr>\n<td style=\"text-align: center; width: 50%;\" colspan=\"2\">\n<p style=\"text-align: center;\"><a href=\"https:\/\/semmelweis.hu\/english\/files\/2016\/12\/Christmas-Greetings_2_.png\"><img loading=\"lazy\" decoding=\"async\" src=\"https:\/\/semmelweis.hu\/english\/files\/2016\/12\/Christmas-Greetings_2_-300x200.png\" alt=\"christmas-greetings_2_\" width=\"300\" height=\"200\" \/><\/a><\/p>\n<p style=\"text-align: center;\">[slb_exclude]<a class=\"button-big\" href=\"https:\/\/semmelweis.hu\/english\/files\/2016\/12\/Christmas-Greetings_2_.png\">Download<\/a>[\/slb_exclude]<\/p>\n<\/td>\n<\/tr>\n<\/tbody>\n<\/table>\n<p>A k\u00e9pek a Novell Groupwise levelez\u0151rendszerben egyszer\u0171 csatolm\u00e1nyk\u00e9nt, vagy az \u00d6n \u00e1ltal az e-mailbe be\u00edrt szem\u00e9lyes sz\u00f6veg ut\u00e1n illesztve is elk\u00fcldhet\u0151ek. A \u201eH\u00e1tt\u00e9rk\u00e9p\u201d funkci\u00f3 haszn\u00e1lat\u00e1val ak\u00e1r a k\u00e9peslapra is r\u00e1\u00edrhatja szem\u00e9lyes szavait.<\/p>\n<div class=\"exp-col-content-holder\"><a class=\"expand-cnt-link\" href=\"#\"><em>Technikai \u00fatmutat\u00f3 a levelez\u00e9sbe illeszt\u00e9shez<\/em><\/a><\/p>\n<div class=\"hidden-content\">\n<p><em>Ha nem csak egyszer\u0171 csatolm\u00e1nyban k\u00fclden\u00e9 a lapot: az \u201c\u00daj lev\u00e9l\u201d megnyit\u00e1sakor a \u201cMegtekint\u00e9s\u201d men\u00fcpontban kapcsolja be a HTML n\u00e9zetet (ha nem ez lenne az alap\u00e9rtelmezett n\u00e9zet). Ekkor az \u00fczenet mez\u0151 f\u00f6l\u00f6tt (a GroupWise \u00faj verzi\u00f3j\u00e1ban alatt) megjelenik egy szerkeszt\u0151l\u00e9c k\u00fcl\u00f6nb\u00f6z\u0151 ikonokkal, ezek k\u00f6z\u00fcl vagy a \u201eK\u00e9p besz\u00far\u00e1sa\u201d vagy a \u201cH\u00e1tt\u00e9rk\u00e9p\u201d ikonra kattintva kiv\u00e1laszthatja \u00e9s beillesztheti az el\u0151z\u0151leg let\u00f6lt\u00f6tt k\u00e9pet. A besz\u00fart k\u00e9p a lev\u00e9lben m\u00e9retezhet\u0151 &#8211; kattintson a k\u00e9pre, majd a sarkokban megjelen\u0151 n\u00e9gyzetre \u00e9s az eg\u00e9r gombj\u00e1t lenyomva tartva kicsiny\u00edtse a k\u00e9pet az ig\u00e9nye szerint.<\/em><\/p>\n<p><em>Ha a \u201eK\u00e9p besz\u00far\u00e1sa\u201d opci\u00f3t v\u00e1lasztja, akkor az \u00d6n e-mailbe \u00edrt sz\u00f6vege a k\u00e9p el\u0151tt vagy ut\u00e1n jelenik meg. A \u201eH\u00e1tt\u00e9rk\u00e9p\u201d eset\u00e9ben az \u00fczenet\u00e9nek sz\u00f6vege a k\u00e9peslapra \u00edrva olvashat\u00f3. Ilyenkor \u00e9rdemes \u00fcgyelni a sz\u00f6veg elhelyez\u00e9s\u00e9re \u00e9s m\u00e9ret\u00e9re. Ha a fogad\u00f3 f\u00e9l egyszer\u0171 sz\u00f6veg n\u00e9zetet haszn\u00e1l, a k\u00e9peslap csatolm\u00e1nyk\u00e9nt lesz majd l\u00e1that\u00f3.<\/em><\/p>\n<\/div>\n<\/div>\n<p>Fot\u00f3k: Kov\u00e1cs Attila &#8211;\u00a0Semmelweis Egyetem<\/p>\n","protected":false},"excerpt":{"rendered":"<p>V\u00e1logasson a jubileumi \u00e9s a kor\u00e1bbi \u00e9vek k\u00e9peslapjai k\u00f6z\u00fcl! A kiv\u00e1lasztott k\u00e9peslap let\u00f6lt\u00e9shez kattintson a k\u00e9pek alatt tal\u00e1lhat\u00f3 &#8222;let\u00f6lt\u00e9s&#8221; gombra.\u00a0 <a href=\"https:\/\/semmelweis.hu\/250\/files\/2020\/12\/semmelweis-karacsonyi-kepeslap-2020.jpg\"><\/a> [slb_exclude] <a class=\"button-big\" href=\"https:\/\/semmelweis.hu\/250\/files\/2020\/12\/semmelweis-karacsonyi-kepeslap-2020.jpg\" download=\"\">Let\u00f6lt\u00e9s<\/a> [\/slb_exclude] <a href=\"https:\/\/semmelweis.hu\/250\/files\/2019\/12\/RS107939_Kar\u00e1csony2019-v8-hu.jpg\"><\/a> [slb_exclude] <a class=\"button-big\" href=\"https:\/\/semmelweis.hu\/250\/files\/2019\/12\/RS107939_Kar\u00e1csony2019-v8-hu.jpg\" download=\"\">Let\u00f6lt\u00e9s<\/a> [\/slb_exclude] <a href=\"https:\/\/semmelweis.hu\/250\/files\/2019\/12\/RS107938_Kar\u00e1csony2019-v8-eng.jpg\"><\/a> [slb_exclude] <a class=\"button-big\" href=\"https:\/\/semmelweis.hu\/250\/files\/2019\/12\/RS107938_Kar\u00e1csony2019-v8-eng.jpg\" download=\"\">Let\u00f6lt\u00e9s<\/a> [\/slb_exclude] <a href=\"https:\/\/semmelweis.hu\/hirek\/files\/2017\/12\/SE-karacsonyi-kepeslap-2017-1.jpg\"><\/a> [slb_exclude] <a class=\"button-big\" href=\"https:\/\/semmelweis.hu\/hirek\/files\/2017\/12\/SE-karacsonyi-kepeslap-2017-1.jpg\" download=\"\">Let\u00f6lt\u00e9s<\/a> [\/slb_exclude] <a href=\"https:\/\/semmelweis.hu\/hirek\/files\/2017\/12\/SE-karacsonyi-kepeslap_2017-5.jpg\"><\/a> [slb_exclude] <a class=\"button-big\" href=\"https:\/\/semmelweis.hu\/hirek\/files\/2017\/12\/SE-karacsonyi-kepeslap_2017-5.jpg\" download=\"\">Let\u00f6lt\u00e9s<\/a> [\/slb_exclude] <a href=\"https:\/\/semmelweis.hu\/hirek\/files\/2017\/12\/SE-karacsonyi-kepeslap_2017-2.jpg\"><\/a> [slb_exclude] <a class=\"button-big\" href=\"https:\/\/semmelweis.hu\/hirek\/files\/2017\/12\/SE-karacsonyi-kepeslap_2017-2.jpg\" download=\"\">Let\u00f6lt\u00e9s<\/a> [\/slb_exclude] <a href=\"https:\/\/semmelweis.hu\/hirek\/files\/2017\/12\/SE-karacsonyi-kepeslap-2017-3.jpg\"><\/a> [slb_exclude] <a class=\"button-big\" href=\"https:\/\/semmelweis.hu\/hirek\/files\/2017\/12\/SE-karacsonyi-kepeslap-2017-3.jpg\" download=\"\">Let\u00f6lt\u00e9s<\/a> [\/slb_exclude] <a href=\"https:\/\/semmelweis.hu\/hirek\/files\/2016\/12\/RS55615_KA-20161118-KA__8962_kar.jpg\"><\/a> [slb_exclude] <a class=\"button-big\" href=\"https:\/\/semmelweis.hu\/hirek\/files\/2016\/12\/RS55615_KA-20161118-KA__8962_kar.jpg\" download=\"\">Let\u00f6lt\u00e9s<\/a> [\/slb_exclude] <a href=\"https:\/\/semmelweis.hu\/hirek\/files\/2016\/12\/RS55612_KA-20161116-KA__6916-2.jpg\" target=\"_blank\" rel=\"noopener noreferrer\"><\/a> [slb_exclude] <a class=\"button-big\" href=\"https:\/\/semmelweis.hu\/hirek\/files\/2016\/12\/RS55612_KA-20161116-KA__6916-2.jpg\" download=\"\">Let\u00f6lt\u00e9s<\/a> [\/slb_exclude] <a href=\"https:\/\/semmelweis.hu\/hirek\/files\/2014\/12\/semmelweis-kepeslap_1.jpg\" target=\"_blank\" rel=\"noopener noreferrer\"><\/a> [slb_exclude] <a class=\"button-big\" href=\"https:\/\/semmelweis.hu\/hirek\/files\/2014\/12\/semmelweis-kepeslap_1.jpg\" download=\"\">Let\u00f6lt\u00e9s<\/a> [\/slb_exclude] <a href=\"https:\/\/semmelweis.hu\/hirek\/files\/2014\/12\/semmelweis-kepeslapok-2.jpg\" target=\"_blank\" rel=\"noopener noreferrer\"><\/a> [slb_exclude] <a class=\"button-big\" href=\"https:\/\/semmelweis.hu\/hirek\/files\/2014\/12\/semmelweis-kepeslapok-2.jpg\" download=\"\">Let\u00f6lt\u00e9s<\/a> [\/slb_exclude] <a href=\"https:\/\/semmelweis.hu\/hirek\/files\/2014\/12\/semmelweis-kepeslapok-3.jpg\" target=\"_blank\" rel=\"noopener noreferrer\"><\/a> [slb_exclude] <a class=\"button-big\" href=\"https:\/\/semmelweis.hu\/hirek\/files\/2014\/12\/semmelweis-kepeslapok-3.jpg\" download=\"\">Let\u00f6lt\u00e9s<\/a> [\/slb_exclude] <a href=\"https:\/\/semmelweis.hu\/hirek\/files\/2014\/12\/semmelweis-kepeslap-4.jpg\" target=\"_blank\" rel=\"noopener noreferrer\"><\/a> [slb_exclude] <a class=\"button-big\" href=\"https:\/\/semmelweis.hu\/hirek\/files\/2014\/12\/semmelweis-kepeslap-4.jpg\" download=\"\">Let\u00f6lt\u00e9s<\/a> [\/slb_exclude] <a href=\"https:\/\/semmelweis.hu\/english\/files\/2017\/12\/SU-greetings-2017-3.jpg\"><\/a> [slb_exclude] <a class=\"button-big\" href=\"https:\/\/semmelweis.hu\/english\/files\/2017\/12\/SU-greetings-2017-3.jpg\">Download<\/a> [\/slb_exclude] <a href=\"https:\/\/semmelweis.hu\/english\/files\/2017\/12\/SU-greetings-2017-2.jpg\"><\/a> [slb_exclude] <a class=\"button-big\" href=\"https:\/\/semmelweis.hu\/english\/files\/2017\/12\/SU-greetings-2017-2.jpg\">Download<\/a> [\/slb_exclude] <a href=\"https:\/\/semmelweis.hu\/english\/files\/2016\/12\/Christmas-Greetings_2_.png\"><\/a> [slb_exclude] <a class=\"button-big\" href=\"https:\/\/semmelweis.hu\/english\/files\/2016\/12\/Christmas-Greetings_2_.png\">Download<\/a> [\/slb_exclude] A k\u00e9pek a &hellip;<\/p>\n","protected":false},"author":12,"featured_media":0,"parent":188,"menu_order":3,"comment_status":"closed","ping_status":"closed","template":"","meta":{"_acf_changed":false,"footnotes":""},"categories":[],"tags":[],"class_list":["post-2864","page","type-page","status-publish","hentry"],"acf":[],"_links":{"self":[{"href":"https:\/\/semmelweis.hu\/250\/wp-json\/wp\/v2\/pages\/2864","targetHints":{"allow":["GET"]}}],"collection":[{"href":"https:\/\/semmelweis.hu\/250\/wp-json\/wp\/v2\/pages"}],"about":[{"href":"https:\/\/semmelweis.hu\/250\/wp-json\/wp\/v2\/types\/page"}],"author":[{"embeddable":true,"href":"https:\/\/semmelweis.hu\/250\/wp-json\/wp\/v2\/users\/12"}],"replies":[{"embeddable":true,"href":"https:\/\/semmelweis.hu\/250\/wp-json\/wp\/v2\/comments?post=2864"}],"version-history":[{"count":10,"href":"https:\/\/semmelweis.hu\/250\/wp-json\/wp\/v2\/pages\/2864\/revisions"}],"predecessor-version":[{"id":3704,"href":"https:\/\/semmelweis.hu\/250\/wp-json\/wp\/v2\/pages\/2864\/revisions\/3704"}],"up":[{"embeddable":true,"href":"https:\/\/semmelweis.hu\/250\/wp-json\/wp\/v2\/pages\/188"}],"wp:attachment":[{"href":"https:\/\/semmelweis.hu\/250\/wp-json\/wp\/v2\/media?parent=2864"}],"wp:term":[{"taxonomy":"category","embeddable":true,"href":"https:\/\/semmelweis.hu\/250\/wp-json\/wp\/v2\/categories?post=2864"},{"taxonomy":"post_tag","embeddable":true,"href":"https:\/\/semmelweis.hu\/250\/wp-json\/wp\/v2\/tags?post=2864"}],"curies":[{"name":"wp","href":"https:\/\/api.w.org\/{rel}","templated":true}]}}