{"id":2791,"date":"2019-11-15T15:00:13","date_gmt":"2019-11-15T14:00:13","guid":{"rendered":"http:\/\/semmelweis.hu\/250\/?page_id=2791"},"modified":"2019-11-15T15:00:13","modified_gmt":"2019-11-15T14:00:13","slug":"semmelweis-250-sitaborok","status":"publish","type":"page","link":"https:\/\/semmelweis.hu\/250\/programok\/semmelweis-250-sitaborok\/","title":{"rendered":"Semmelweis 250 &#8211; S\u00edt\u00e1borok"},"content":{"rendered":"<div class=\"entry-content\">\n<h1 class=\"entry-title\">Semmelweis 250 S\u00edel\u00e9s Olaszorsz\u00e1gban<\/h1>\n<div class=\"entry-content\">\n<p><strong>Id\u0151pont:<\/strong>\u00a02020. janu\u00e1r 19-24.<\/p>\n<p><a href=\"https:\/\/semmelweis.hu\/sportkozpont\/se250-sportprogramok\/se250-sport-sieles-olaszorszagban\/\" target=\"_blank\" rel=\"noopener noreferrer\"><strong>B\u0151vebb inform\u00e1ci\u00f3 a Sportk\u00f6zpont honlapj\u00e1n \u2192<\/strong><\/a><\/p>\n<h1 class=\"entry-title\">Semmelweis 250 S\u00edel\u00e9s Ausztri\u00e1ban<\/h1>\n<div class=\"entry-content\">\n<p><strong>A s\u00edel\u00e9s id\u0151pontja:<\/strong>\u00a02020. janu\u00e1r 29-febru\u00e1r 3.<\/p>\n<p><a href=\"https:\/\/semmelweis.hu\/sportkozpont\/se250-sportprogramok\/semmelweis-250-sitabor-ausztriaban\/\" target=\"_blank\" rel=\"noopener noreferrer\"><b>B\u0151vebb inform\u00e1ci\u00f3 a Sportk\u00f6zpont honlapj\u00e1n\u2192<\/b><\/a><\/p>\n<\/div>\n<\/div>\n<\/div>\n","protected":false},"excerpt":{"rendered":"<p>Semmelweis 250 S\u00edel\u00e9s Olaszorsz\u00e1gban<\/p>\n<p>Id\u0151pont:\u00a02020. janu\u00e1r 19-24.<br \/>\n<a href=\"https:\/\/semmelweis.hu\/sportkozpont\/se250-sportprogramok\/se250-sport-sieles-olaszorszagban\/\" target=\"_blank\" rel=\"noopener noreferrer\">B\u0151vebb inform\u00e1ci\u00f3 a Sportk\u00f6zpont honlapj\u00e1n \u2192<\/a><br \/>\nSemmelweis 250 S\u00edel\u00e9s Ausztri\u00e1ban<\/p>\n<p>A s\u00edel\u00e9s id\u0151pontja:\u00a02020. janu\u00e1r 29-febru\u00e1r 3.<br \/>\n<a href=\"https:\/\/semmelweis.hu\/sportkozpont\/se250-sportprogramok\/semmelweis-250-sitabor-ausztriaban\/\" target=\"_blank\" rel=\"noopener noreferrer\">B\u0151vebb inform\u00e1ci\u00f3 a Sportk\u00f6zpont honlapj\u00e1n\u2192<\/a><\/p>\n","protected":false},"author":12,"featured_media":0,"parent":202,"menu_order":7,"comment_status":"closed","ping_status":"closed","template":"","meta":{"_acf_changed":false,"footnotes":""},"categories":[],"tags":[],"class_list":["post-2791","page","type-page","status-publish","hentry"],"acf":[],"_links":{"self":[{"href":"https:\/\/semmelweis.hu\/250\/wp-json\/wp\/v2\/pages\/2791","targetHints":{"allow":["GET"]}}],"collection":[{"href":"https:\/\/semmelweis.hu\/250\/wp-json\/wp\/v2\/pages"}],"about":[{"href":"https:\/\/semmelweis.hu\/250\/wp-json\/wp\/v2\/types\/page"}],"author":[{"embeddable":true,"href":"https:\/\/semmelweis.hu\/250\/wp-json\/wp\/v2\/users\/12"}],"replies":[{"embeddable":true,"href":"https:\/\/semmelweis.hu\/250\/wp-json\/wp\/v2\/comments?post=2791"}],"version-history":[{"count":1,"href":"https:\/\/semmelweis.hu\/250\/wp-json\/wp\/v2\/pages\/2791\/revisions"}],"predecessor-version":[{"id":2792,"href":"https:\/\/semmelweis.hu\/250\/wp-json\/wp\/v2\/pages\/2791\/revisions\/2792"}],"up":[{"embeddable":true,"href":"https:\/\/semmelweis.hu\/250\/wp-json\/wp\/v2\/pages\/202"}],"wp:attachment":[{"href":"https:\/\/semmelweis.hu\/250\/wp-json\/wp\/v2\/media?parent=2791"}],"wp:term":[{"taxonomy":"category","embeddable":true,"href":"https:\/\/semmelweis.hu\/250\/wp-json\/wp\/v2\/categories?post=2791"},{"taxonomy":"post_tag","embeddable":true,"href":"https:\/\/semmelweis.hu\/250\/wp-json\/wp\/v2\/tags?post=2791"}],"curies":[{"name":"wp","href":"https:\/\/api.w.org\/{rel}","templated":true}]}}