{"id":2462,"date":"2019-09-02T13:27:57","date_gmt":"2019-09-02T11:27:57","guid":{"rendered":"http:\/\/semmelweis.hu\/250\/?page_id=2462"},"modified":"2019-09-09T10:30:02","modified_gmt":"2019-09-09T08:30:02","slug":"semmelweis-250-semmelweis-symposium","status":"publish","type":"page","link":"https:\/\/semmelweis.hu\/250\/en\/semmelweis-250-semmelweis-symposium\/","title":{"rendered":"Semmelweis 250 Semmelweis Symposium"},"content":{"rendered":"<p><img loading=\"lazy\" decoding=\"async\" class=\"size-full wp-image-258 aligncenter\" src=\"https:\/\/semmelweis.hu\/250\/files\/2019\/03\/tudomanyos-het-collage.jpg\" alt=\"\" width=\"1280\" height=\"420\" srcset=\"https:\/\/semmelweis.hu\/250\/files\/2019\/03\/tudomanyos-het-collage.jpg 1280w, https:\/\/semmelweis.hu\/250\/files\/2019\/03\/tudomanyos-het-collage-400x131.jpg 400w, https:\/\/semmelweis.hu\/250\/files\/2019\/03\/tudomanyos-het-collage-768x252.jpg 768w, https:\/\/semmelweis.hu\/250\/files\/2019\/03\/tudomanyos-het-collage-1024x336.jpg 1024w, https:\/\/semmelweis.hu\/250\/files\/2019\/03\/tudomanyos-het-collage-753x247.jpg 753w\" sizes=\"auto, (max-width: 1280px) 100vw, 1280px\" \/><\/p>\n<p>Semmelweis University\u2019s International Research Week will take place from 4-8 November 2019, during which this year&#8217;s Semmelweis Symposium, traditionally one of the University&#8217;s most prestigious international scientific events, will be held.<\/p>\n<p>This year\u2019s <strong>Semmelweis Symposium,<\/strong> entitled \u201cTranslational medicine from single molecules to the cardiovascular system\u201d, will be a celebration of the 250<sup>th<\/sup> Anniversary of Semmelweis University, and will be held from<strong> 5-7 November 2019.<\/strong> The Symposium will focus on translational medicine, with special emphasis on cardiovascular diseases, their therapy and prevention. Topics will be discussed by internationally renowned scientists and health professionals in the form of various presentations and poster sessions.<\/p>\n<p>Principle organizers of the event: Dr. B\u00e9la Merkely, rector, Dr. P\u00e9ter Ferdin\u00e1ndy, vice-rector for science and innovations, and Dr. Mikl\u00f3s Kellermayer, dean of the Faculty of Medicine.<\/p>\n<p>In the frame of the scientific event series, Semmelweis Symposium will be followed by the annual <strong>Doctor Honoris Causa ceremony<\/strong>, <strong>Dies Academicus (\u201cUniversity Day\u201d)<\/strong>, as well as the <strong>scientific awards ceremonies <\/strong>of the university on 8 November 2019.<\/p>\n<p>For more information on registration and abstract submission, please visit: <a href=\"https:\/\/semmelweis.hu\/symposium\/en\/semmelweis-symposium-2019\/\">https:\/\/semmelweis.hu\/symposium\/en\/semmelweis-symposium-2019\/<\/a>\u00a0<\/p>\n<p>&nbsp;<\/p>\n","protected":false},"excerpt":{"rendered":"<p>Semmelweis University\u2019s International Research Week will take place from 4-8 November 2019, during which this year&#8217;s Semmelweis Symposium, traditionally one of the University&#8217;s most prestigious international scientific events, will be held. This year\u2019s Semmelweis Symposium, entitled \u201cTranslational medicine from single molecules to the cardiovascular system\u201d, will be a celebration of the 250th Anniversary of Semmelweis &hellip;<\/p>\n","protected":false},"author":12,"featured_media":0,"parent":0,"menu_order":2,"comment_status":"closed","ping_status":"closed","template":"","meta":{"_acf_changed":false,"footnotes":""},"categories":[],"tags":[],"class_list":["post-2462","page","type-page","status-publish","hentry"],"acf":[],"_links":{"self":[{"href":"https:\/\/semmelweis.hu\/250\/wp-json\/wp\/v2\/pages\/2462","targetHints":{"allow":["GET"]}}],"collection":[{"href":"https:\/\/semmelweis.hu\/250\/wp-json\/wp\/v2\/pages"}],"about":[{"href":"https:\/\/semmelweis.hu\/250\/wp-json\/wp\/v2\/types\/page"}],"author":[{"embeddable":true,"href":"https:\/\/semmelweis.hu\/250\/wp-json\/wp\/v2\/users\/12"}],"replies":[{"embeddable":true,"href":"https:\/\/semmelweis.hu\/250\/wp-json\/wp\/v2\/comments?post=2462"}],"version-history":[{"count":4,"href":"https:\/\/semmelweis.hu\/250\/wp-json\/wp\/v2\/pages\/2462\/revisions"}],"predecessor-version":[{"id":2516,"href":"https:\/\/semmelweis.hu\/250\/wp-json\/wp\/v2\/pages\/2462\/revisions\/2516"}],"wp:attachment":[{"href":"https:\/\/semmelweis.hu\/250\/wp-json\/wp\/v2\/media?parent=2462"}],"wp:term":[{"taxonomy":"category","embeddable":true,"href":"https:\/\/semmelweis.hu\/250\/wp-json\/wp\/v2\/categories?post=2462"},{"taxonomy":"post_tag","embeddable":true,"href":"https:\/\/semmelweis.hu\/250\/wp-json\/wp\/v2\/tags?post=2462"}],"curies":[{"name":"wp","href":"https:\/\/api.w.org\/{rel}","templated":true}]}}