{"id":2242,"date":"2019-08-07T15:17:28","date_gmt":"2019-08-07T13:17:28","guid":{"rendered":"http:\/\/semmelweis.hu\/250\/?page_id=2242"},"modified":"2019-08-07T15:18:54","modified_gmt":"2019-08-07T13:18:54","slug":"egyetemtorteneti-sorozat","status":"publish","type":"page","link":"https:\/\/semmelweis.hu\/250\/osszes-jubileumi-cikk\/jubileumi-cikksorozataink\/egyetemtorteneti-sorozat\/","title":{"rendered":"Egyetemt\u00f6rt\u00e9neti sorozat"},"content":{"rendered":"\t        <div id=\"news-container\" class=\"container mb-2 px-0\">\r\n\t            \t                <div class=\"section-row row justify-content-end mx-0\">\r\n\t                    <div class=\"col section-divider pr-0 mx-1\"><\/div>\r\n\t                    <div class=\"col-auto section-link text-uppercase px-1\">\r\n\t                        <h5 class=\"m-0\">\r\n\t                            <a href=\"https:\/\/semmelweis.hu\/hirek\/tag\/jubileumi-egyetemtorteneti-sorozat\/\" target=\"_new\">\u00d6sszes cikk<\/a>\r\n\t                        <\/h5>\r\n\t                    <\/div>\r\n\t                <\/div>\r\n\t                        <div class=\"row card-row my-2 pt-3 pb-0 mx-0\">\r\n                \ufeff\r\n    <div class=\"card-format col col-12 col-md-4 col-lg-3 pl-1 pl-md-0 pr-1 pr-md-2 mb-2\">\r\n        <a class=\"d-block w-100\"  href=\"https:\/\/semmelweis.hu\/hirek\/2020\/08\/27\/a-tanevnyitok-negyed-evezredes-tortenete\/\">\r\n      <!--  <a class=\"d-block w-100\" target=\"_blank\" href=\" \"> -->\r\n            <div class=\"card\">\r\n                                    <div class=\"card-image img-fluid \">\r\n                         \r\n                        <img loading=\"lazy\" decoding=\"async\" width=\"753\" height=\"565\" src=\"https:\/\/semmelweis.hu\/hirek\/wp-content\/blogs.dir\/2\/files\/2020\/08\/Klebelsberg-1927-28.-tan\u00e9vnyit\u00f3n_JO-768x576.jpg\" class=\"landscape wp-post-image\" alt=\"\" srcset=\"https:\/\/semmelweis.hu\/hirek\/wp-content\/blogs.dir\/2\/files\/2020\/08\/Klebelsberg-1927-28.-tan\u00e9vnyit\u00f3n_JO-768x576.jpg 768w, https:\/\/semmelweis.hu\/hirek\/wp-content\/blogs.dir\/2\/files\/2020\/08\/Klebelsberg-1927-28.-tan\u00e9vnyit\u00f3n_JO-400x300.jpg 400w, https:\/\/semmelweis.hu\/hirek\/wp-content\/blogs.dir\/2\/files\/2020\/08\/Klebelsberg-1927-28.-tan\u00e9vnyit\u00f3n_JO-900x675.jpg 900w, https:\/\/semmelweis.hu\/hirek\/wp-content\/blogs.dir\/2\/files\/2020\/08\/Klebelsberg-1927-28.-tan\u00e9vnyit\u00f3n_JO-1536x1152.jpg 1536w, https:\/\/semmelweis.hu\/hirek\/wp-content\/blogs.dir\/2\/files\/2020\/08\/Klebelsberg-1927-28.-tan\u00e9vnyit\u00f3n_JO-753x565.jpg 753w, https:\/\/semmelweis.hu\/hirek\/wp-content\/blogs.dir\/2\/files\/2020\/08\/Klebelsberg-1927-28.-tan\u00e9vnyit\u00f3n_JO.jpg 1654w\" sizes=\"auto, (max-width: 753px) 100vw, 753px\" \/>                    <\/div>\r\n                \r\n                <div class=\"card-body\">\r\n                    <div class=\"card-date text-uppercase    \">\r\n                                                    <h5><span class=\"font-weight-normal\">2020. <\/span>augusztus 27.<\/h5>\r\n                                            <\/div>\r\n                    <div class=\"card-title\">\r\n                        <h3 class=\"mt-2 entry-title\">A tan\u00e9vnyit\u00f3k negyed \u00e9vezredes t\u00f6rt\u00e9nete<\/h3>\r\n                    <\/div>\r\n                    <style>\r\n                        .card-text-inside{\r\n                                                 display: -webkit-box;\r\n                    -webkit-line-clamp: 4;\r\n                    -webkit-box-orient: vertical;\r\n                     overflow:hidden;\r\n                     text-overflow: ellipsis;\r\n                        }\r\n                        <\/style>\r\n                                    <\/div>\r\n            <\/div>\r\n        <\/a>\r\n    <\/div>\r\n\r\n\r\n\ufeff\r\n    <div class=\"card-format col col-12 col-md-4 col-lg-3 pl-1 pl-md-0 pr-1 pr-md-2 mb-2\">\r\n        <a class=\"d-block w-100\"  href=\"https:\/\/semmelweis.hu\/hirek\/2020\/01\/02\/az-egyetem-a-nagy-tortenelmi-esemenyek-idejen-5-resz\/\">\r\n      <!--  <a class=\"d-block w-100\" target=\"_blank\" href=\" \"> -->\r\n            <div class=\"card\">\r\n                                    <div class=\"card-image img-fluid \">\r\n                         \r\n                        <img loading=\"lazy\" decoding=\"async\" width=\"753\" height=\"543\" src=\"https:\/\/semmelweis.hu\/hirek\/wp-content\/blogs.dir\/2\/files\/2020\/01\/Monos-Tringer-V\u00e1rfokin\u00e9-Heltai-Judit-768x554.jpg\" class=\"landscape wp-post-image\" alt=\"\" srcset=\"https:\/\/semmelweis.hu\/hirek\/wp-content\/blogs.dir\/2\/files\/2020\/01\/Monos-Tringer-V\u00e1rfokin\u00e9-Heltai-Judit-768x554.jpg 768w, https:\/\/semmelweis.hu\/hirek\/wp-content\/blogs.dir\/2\/files\/2020\/01\/Monos-Tringer-V\u00e1rfokin\u00e9-Heltai-Judit-400x288.jpg 400w, https:\/\/semmelweis.hu\/hirek\/wp-content\/blogs.dir\/2\/files\/2020\/01\/Monos-Tringer-V\u00e1rfokin\u00e9-Heltai-Judit-900x649.jpg 900w, https:\/\/semmelweis.hu\/hirek\/wp-content\/blogs.dir\/2\/files\/2020\/01\/Monos-Tringer-V\u00e1rfokin\u00e9-Heltai-Judit-600x433.jpg 600w, https:\/\/semmelweis.hu\/hirek\/wp-content\/blogs.dir\/2\/files\/2020\/01\/Monos-Tringer-V\u00e1rfokin\u00e9-Heltai-Judit-753x543.jpg 753w, https:\/\/semmelweis.hu\/hirek\/wp-content\/blogs.dir\/2\/files\/2020\/01\/Monos-Tringer-V\u00e1rfokin\u00e9-Heltai-Judit.jpg 1384w\" sizes=\"auto, (max-width: 753px) 100vw, 753px\" \/>                    <\/div>\r\n                \r\n                <div class=\"card-body\">\r\n                    <div class=\"card-date text-uppercase    \">\r\n                                                    <h5><span class=\"font-weight-normal\">2020. <\/span>janu\u00e1r 2.<\/h5>\r\n                                            <\/div>\r\n                    <div class=\"card-title\">\r\n                        <h3 class=\"mt-2 entry-title\">Az egyetem a nagy t\u00f6rt\u00e9nelmi esem\u00e9nyek idej\u00e9n, 5. r\u00e9sz<\/h3>\r\n                    <\/div>\r\n                    <style>\r\n                        .card-text-inside{\r\n                                                 display: -webkit-box;\r\n                    -webkit-line-clamp: 4;\r\n                    -webkit-box-orient: vertical;\r\n                     overflow:hidden;\r\n                     text-overflow: ellipsis;\r\n                        }\r\n                        <\/style>\r\n                                    <\/div>\r\n            <\/div>\r\n        <\/a>\r\n    <\/div>\r\n\r\n\r\n\ufeff\r\n    <div class=\"card-format col col-12 col-md-4 col-lg-3 pl-1 pl-md-0 pr-1 pr-md-2 mb-2\">\r\n        <a class=\"d-block w-100\"  href=\"https:\/\/semmelweis.hu\/hirek\/2019\/07\/12\/az-egyetem-a-nagy-tortenelmi-esemenyek-idejen-4-1956\/\">\r\n      <!--  <a class=\"d-block w-100\" target=\"_blank\" href=\" \"> -->\r\n            <div class=\"card\">\r\n                                    <div class=\"card-image img-fluid \">\r\n                         \r\n                        <img loading=\"lazy\" decoding=\"async\" width=\"753\" height=\"508\" src=\"https:\/\/semmelweis.hu\/hirek\/wp-content\/blogs.dir\/2\/files\/2019\/07\/10.-1956.10.23.-A-Pet\u0151fi-szoborn\u00e1l-768x518.jpg\" class=\"landscape wp-post-image\" alt=\"\" srcset=\"https:\/\/semmelweis.hu\/hirek\/wp-content\/blogs.dir\/2\/files\/2019\/07\/10.-1956.10.23.-A-Pet\u0151fi-szoborn\u00e1l-768x518.jpg 768w, https:\/\/semmelweis.hu\/hirek\/wp-content\/blogs.dir\/2\/files\/2019\/07\/10.-1956.10.23.-A-Pet\u0151fi-szoborn\u00e1l-400x270.jpg 400w, https:\/\/semmelweis.hu\/hirek\/wp-content\/blogs.dir\/2\/files\/2019\/07\/10.-1956.10.23.-A-Pet\u0151fi-szoborn\u00e1l-900x607.jpg 900w, https:\/\/semmelweis.hu\/hirek\/wp-content\/blogs.dir\/2\/files\/2019\/07\/10.-1956.10.23.-A-Pet\u0151fi-szoborn\u00e1l-600x405.jpg 600w, https:\/\/semmelweis.hu\/hirek\/wp-content\/blogs.dir\/2\/files\/2019\/07\/10.-1956.10.23.-A-Pet\u0151fi-szoborn\u00e1l-753x508.jpg 753w, https:\/\/semmelweis.hu\/hirek\/wp-content\/blogs.dir\/2\/files\/2019\/07\/10.-1956.10.23.-A-Pet\u0151fi-szoborn\u00e1l.jpg 1938w\" sizes=\"auto, (max-width: 753px) 100vw, 753px\" \/>                    <\/div>\r\n                \r\n                <div class=\"card-body\">\r\n                    <div class=\"card-date text-uppercase    \">\r\n                                                    <h5><span class=\"font-weight-normal\">2019. <\/span>j\u00falius 12.<\/h5>\r\n                                            <\/div>\r\n                    <div class=\"card-title\">\r\n                        <h3 class=\"mt-2 entry-title\">Az egyetem a nagy t\u00f6rt\u00e9nelmi esem\u00e9nyek idej\u00e9n 4. \u2013 1956<\/h3>\r\n                    <\/div>\r\n                    <style>\r\n                        .card-text-inside{\r\n                                                 display: -webkit-box;\r\n                    -webkit-line-clamp: 4;\r\n                    -webkit-box-orient: vertical;\r\n                     overflow:hidden;\r\n                     text-overflow: ellipsis;\r\n                        }\r\n                        <\/style>\r\n                                    <\/div>\r\n            <\/div>\r\n        <\/a>\r\n    <\/div>\r\n\r\n\r\n\ufeff\r\n    <div class=\"card-format col col-12 col-md-4 col-lg-3 pl-1 pl-md-0 pr-1 pr-md-2 mb-2\">\r\n        <a class=\"d-block w-100\"  href=\"https:\/\/semmelweis.hu\/hirek\/2019\/06\/10\/az-egyetem-a-nagy-tortenelmi-esemenyek-idejen-3-ii-vilaghaboru\/\">\r\n      <!--  <a class=\"d-block w-100\" target=\"_blank\" href=\" \"> -->\r\n            <div class=\"card\">\r\n                                    <div class=\"card-image img-fluid \">\r\n                         \r\n                        <img loading=\"lazy\" decoding=\"async\" width=\"753\" height=\"548\" src=\"https:\/\/semmelweis.hu\/hirek\/wp-content\/blogs.dir\/2\/files\/2019\/06\/20351-768x559.jpg\" class=\"landscape wp-post-image\" alt=\"\" srcset=\"https:\/\/semmelweis.hu\/hirek\/wp-content\/blogs.dir\/2\/files\/2019\/06\/20351-768x559.jpg 768w, https:\/\/semmelweis.hu\/hirek\/wp-content\/blogs.dir\/2\/files\/2019\/06\/20351-400x291.jpg 400w, https:\/\/semmelweis.hu\/hirek\/wp-content\/blogs.dir\/2\/files\/2019\/06\/20351-900x656.jpg 900w, https:\/\/semmelweis.hu\/hirek\/wp-content\/blogs.dir\/2\/files\/2019\/06\/20351-600x437.jpg 600w, https:\/\/semmelweis.hu\/hirek\/wp-content\/blogs.dir\/2\/files\/2019\/06\/20351-753x549.jpg 753w, https:\/\/semmelweis.hu\/hirek\/wp-content\/blogs.dir\/2\/files\/2019\/06\/20351.jpg 906w\" sizes=\"auto, (max-width: 753px) 100vw, 753px\" \/>                    <\/div>\r\n                \r\n                <div class=\"card-body\">\r\n                    <div class=\"card-date text-uppercase    \">\r\n                                                    <h5><span class=\"font-weight-normal\">2019. <\/span>j\u00fanius 10.<\/h5>\r\n                                            <\/div>\r\n                    <div class=\"card-title\">\r\n                        <h3 class=\"mt-2 entry-title\">Az egyetem a nagy t\u00f6rt\u00e9nelmi esem\u00e9nyek idej\u00e9n 3. \u2013 II. vil\u00e1gh\u00e1bor\u00fa<\/h3>\r\n                    <\/div>\r\n                    <style>\r\n                        .card-text-inside{\r\n                                                 display: -webkit-box;\r\n                    -webkit-line-clamp: 4;\r\n                    -webkit-box-orient: vertical;\r\n                     overflow:hidden;\r\n                     text-overflow: ellipsis;\r\n                        }\r\n                        <\/style>\r\n                                    <\/div>\r\n            <\/div>\r\n        <\/a>\r\n    <\/div>\r\n\r\n\r\n\ufeff\r\n    <div class=\"card-format col col-12 col-md-4 col-lg-3 pl-1 pl-md-0 pr-1 pr-md-2 mb-2\">\r\n        <a class=\"d-block w-100\"  href=\"https:\/\/semmelweis.hu\/hirek\/2019\/05\/03\/az-egyetem-a-nagy-tortenelmi-esemenyek-idejen-2-1914-1918\/\">\r\n      <!--  <a class=\"d-block w-100\" target=\"_blank\" href=\" \"> -->\r\n            <div class=\"card\">\r\n                                    <div class=\"card-image img-fluid \">\r\n                         \r\n                        <img loading=\"lazy\" decoding=\"async\" width=\"753\" height=\"565\" src=\"https:\/\/semmelweis.hu\/hirek\/wp-content\/blogs.dir\/2\/files\/2019\/05\/P1530267-1-768x576.jpg\" class=\"landscape wp-post-image\" alt=\"\" srcset=\"https:\/\/semmelweis.hu\/hirek\/wp-content\/blogs.dir\/2\/files\/2019\/05\/P1530267-1-768x576.jpg 768w, https:\/\/semmelweis.hu\/hirek\/wp-content\/blogs.dir\/2\/files\/2019\/05\/P1530267-1-400x300.jpg 400w, https:\/\/semmelweis.hu\/hirek\/wp-content\/blogs.dir\/2\/files\/2019\/05\/P1530267-1-800x600.jpg 800w, https:\/\/semmelweis.hu\/hirek\/wp-content\/blogs.dir\/2\/files\/2019\/05\/P1530267-1-600x450.jpg 600w, https:\/\/semmelweis.hu\/hirek\/wp-content\/blogs.dir\/2\/files\/2019\/05\/P1530267-1-753x565.jpg 753w, https:\/\/semmelweis.hu\/hirek\/wp-content\/blogs.dir\/2\/files\/2019\/05\/P1530267-1.jpg 1280w\" sizes=\"auto, (max-width: 753px) 100vw, 753px\" \/>                    <\/div>\r\n                \r\n                <div class=\"card-body\">\r\n                    <div class=\"card-date text-uppercase    \">\r\n                                                    <h5><span class=\"font-weight-normal\">2019. <\/span>m\u00e1jus 3.<\/h5>\r\n                                            <\/div>\r\n                    <div class=\"card-title\">\r\n                        <h3 class=\"mt-2 entry-title\">Az egyetem a nagy t\u00f6rt\u00e9nelmi esem\u00e9nyek idej\u00e9n 2. \u2013 1914-1918<\/h3>\r\n                    <\/div>\r\n                    <style>\r\n                        .card-text-inside{\r\n                                                 display: -webkit-box;\r\n                    -webkit-line-clamp: 4;\r\n                    -webkit-box-orient: vertical;\r\n                     overflow:hidden;\r\n                     text-overflow: ellipsis;\r\n                        }\r\n                        <\/style>\r\n                                    <\/div>\r\n            <\/div>\r\n        <\/a>\r\n    <\/div>\r\n\r\n\r\n\ufeff\r\n    <div class=\"card-format col col-12 col-md-4 col-lg-3 pl-1 pl-md-0 pr-1 pr-md-2 mb-2\">\r\n        <a class=\"d-block w-100\"  href=\"https:\/\/semmelweis.hu\/hirek\/2019\/04\/01\/az-egyetem-a-nagy-tortenelmi-esemenyek-idejen-1-1848-49\/\">\r\n      <!--  <a class=\"d-block w-100\" target=\"_blank\" href=\" \"> -->\r\n            <div class=\"card\">\r\n                                    <div class=\"card-image img-fluid \">\r\n                         \r\n                        <img loading=\"lazy\" decoding=\"async\" width=\"753\" height=\"410\" src=\"https:\/\/semmelweis.hu\/hirek\/wp-content\/blogs.dir\/2\/files\/2019\/04\/pilvax-768x418.jpg\" class=\"landscape wp-post-image\" alt=\"\" srcset=\"https:\/\/semmelweis.hu\/hirek\/wp-content\/blogs.dir\/2\/files\/2019\/04\/pilvax-768x418.jpg 768w, https:\/\/semmelweis.hu\/hirek\/wp-content\/blogs.dir\/2\/files\/2019\/04\/pilvax-400x218.jpg 400w, https:\/\/semmelweis.hu\/hirek\/wp-content\/blogs.dir\/2\/files\/2019\/04\/pilvax-600x327.jpg 600w, https:\/\/semmelweis.hu\/hirek\/wp-content\/blogs.dir\/2\/files\/2019\/04\/pilvax-753x410.jpg 753w, https:\/\/semmelweis.hu\/hirek\/wp-content\/blogs.dir\/2\/files\/2019\/04\/pilvax.jpg 797w\" sizes=\"auto, (max-width: 753px) 100vw, 753px\" \/>                    <\/div>\r\n                \r\n                <div class=\"card-body\">\r\n                    <div class=\"card-date text-uppercase    \">\r\n                                                    <h5><span class=\"font-weight-normal\">2019. <\/span>\u00e1prilis 1.<\/h5>\r\n                                            <\/div>\r\n                    <div class=\"card-title\">\r\n                        <h3 class=\"mt-2 entry-title\">Az egyetem a nagy t\u00f6rt\u00e9nelmi esem\u00e9nyek idej\u00e9n 1. \u2013 1848\/49.<\/h3>\r\n                    <\/div>\r\n                    <style>\r\n                        .card-text-inside{\r\n                                                 display: -webkit-box;\r\n                    -webkit-line-clamp: 4;\r\n                    -webkit-box-orient: vertical;\r\n                     overflow:hidden;\r\n                     text-overflow: ellipsis;\r\n                        }\r\n                        <\/style>\r\n                                    <\/div>\r\n            <\/div>\r\n        <\/a>\r\n    <\/div>\r\n\r\n\r\n\ufeff\r\n    <div class=\"card-format col col-12 col-md-4 col-lg-3 pl-1 pl-md-0 pr-1 pr-md-2 mb-2\">\r\n        <a class=\"d-block w-100\"  href=\"https:\/\/semmelweis.hu\/hirek\/2019\/03\/01\/a-kepzesi-formak-es-az-oktatasi-nyelv-valtozasa\/\">\r\n      <!--  <a class=\"d-block w-100\" target=\"_blank\" href=\" \"> -->\r\n            <div class=\"card\">\r\n                                    <div class=\"card-image img-fluid \">\r\n                         \r\n                        <img loading=\"lazy\" decoding=\"async\" width=\"753\" height=\"533\" src=\"https:\/\/semmelweis.hu\/hirek\/wp-content\/blogs.dir\/2\/files\/2019\/02\/Institute_dAnatomie-768x544.jpg\" class=\"landscape wp-post-image\" alt=\"\" srcset=\"https:\/\/semmelweis.hu\/hirek\/wp-content\/blogs.dir\/2\/files\/2019\/02\/Institute_dAnatomie-768x544.jpg 768w, https:\/\/semmelweis.hu\/hirek\/wp-content\/blogs.dir\/2\/files\/2019\/02\/Institute_dAnatomie-400x283.jpg 400w, https:\/\/semmelweis.hu\/hirek\/wp-content\/blogs.dir\/2\/files\/2019\/02\/Institute_dAnatomie-800x566.jpg 800w, https:\/\/semmelweis.hu\/hirek\/wp-content\/blogs.dir\/2\/files\/2019\/02\/Institute_dAnatomie-600x425.jpg 600w, https:\/\/semmelweis.hu\/hirek\/wp-content\/blogs.dir\/2\/files\/2019\/02\/Institute_dAnatomie-753x533.jpg 753w\" sizes=\"auto, (max-width: 753px) 100vw, 753px\" \/>                    <\/div>\r\n                \r\n                <div class=\"card-body\">\r\n                    <div class=\"card-date text-uppercase    \">\r\n                                                    <h5><span class=\"font-weight-normal\">2019. <\/span>m\u00e1rcius 1.<\/h5>\r\n                                            <\/div>\r\n                    <div class=\"card-title\">\r\n                        <h3 class=\"mt-2 entry-title\">A k\u00e9pz\u00e9si form\u00e1k \u00e9s az oktat\u00e1si nyelv v\u00e1ltoz\u00e1sa<\/h3>\r\n                    <\/div>\r\n                    <style>\r\n                        .card-text-inside{\r\n                                                 display: -webkit-box;\r\n                    -webkit-line-clamp: 4;\r\n                    -webkit-box-orient: vertical;\r\n                     overflow:hidden;\r\n                     text-overflow: ellipsis;\r\n                        }\r\n                        <\/style>\r\n                                    <\/div>\r\n            <\/div>\r\n        <\/a>\r\n    <\/div>\r\n\r\n\r\n\ufeff\r\n    <div class=\"card-format col col-12 col-md-4 col-lg-3 pl-1 pl-md-0 pr-1 pr-md-2 mb-2\">\r\n        <a class=\"d-block w-100\"  href=\"https:\/\/semmelweis.hu\/hirek\/2019\/02\/02\/egyetemi-meltosagjelvenyek-es-unnepek-tortenete\/\">\r\n      <!--  <a class=\"d-block w-100\" target=\"_blank\" href=\" \"> -->\r\n            <div class=\"card\">\r\n                                    <div class=\"card-image img-fluid \">\r\n                         \r\n                        <img loading=\"lazy\" decoding=\"async\" width=\"753\" height=\"502\" src=\"https:\/\/semmelweis.hu\/hirek\/wp-content\/blogs.dir\/2\/files\/2018\/09\/RS83014_ka-20180902-IMG_5465-scr-768x512.jpg\" class=\"landscape wp-post-image\" alt=\"\" srcset=\"https:\/\/semmelweis.hu\/hirek\/wp-content\/blogs.dir\/2\/files\/2018\/09\/RS83014_ka-20180902-IMG_5465-scr-768x512.jpg 768w, https:\/\/semmelweis.hu\/hirek\/wp-content\/blogs.dir\/2\/files\/2018\/09\/RS83014_ka-20180902-IMG_5465-scr-300x200.jpg 300w, https:\/\/semmelweis.hu\/hirek\/wp-content\/blogs.dir\/2\/files\/2018\/09\/RS83014_ka-20180902-IMG_5465-scr-600x400.jpg 600w, https:\/\/semmelweis.hu\/hirek\/wp-content\/blogs.dir\/2\/files\/2018\/09\/RS83014_ka-20180902-IMG_5465-scr-753x502.jpg 753w, https:\/\/semmelweis.hu\/hirek\/wp-content\/blogs.dir\/2\/files\/2018\/09\/RS83014_ka-20180902-IMG_5465-scr-203x135.jpg 203w, https:\/\/semmelweis.hu\/hirek\/wp-content\/blogs.dir\/2\/files\/2018\/09\/RS83014_ka-20180902-IMG_5465-scr.jpg 950w\" sizes=\"auto, (max-width: 753px) 100vw, 753px\" \/>                    <\/div>\r\n                \r\n                <div class=\"card-body\">\r\n                    <div class=\"card-date text-uppercase    \">\r\n                                                    <h5><span class=\"font-weight-normal\">2019. <\/span>febru\u00e1r 2.<\/h5>\r\n                                            <\/div>\r\n                    <div class=\"card-title\">\r\n                        <h3 class=\"mt-2 entry-title\">Egyetemi m\u00e9lt\u00f3s\u00e1gjelv\u00e9nyek \u00e9s \u00fcnnepek t\u00f6rt\u00e9nete<\/h3>\r\n                    <\/div>\r\n                    <style>\r\n                        .card-text-inside{\r\n                                                 display: -webkit-box;\r\n                    -webkit-line-clamp: 4;\r\n                    -webkit-box-orient: vertical;\r\n                     overflow:hidden;\r\n                     text-overflow: ellipsis;\r\n                        }\r\n                        <\/style>\r\n                                    <\/div>\r\n            <\/div>\r\n        <\/a>\r\n    <\/div>\r\n\r\n\r\n\ufeff\r\n    <div class=\"card-format col col-12 col-md-4 col-lg-3 pl-1 pl-md-0 pr-1 pr-md-2 mb-2\">\r\n        <a class=\"d-block w-100\"  href=\"https:\/\/semmelweis.hu\/hirek\/2019\/01\/01\/nagyszombattol-budapestig-erseki-egyetemtol-semmelweisig\/\">\r\n      <!--  <a class=\"d-block w-100\" target=\"_blank\" href=\" \"> -->\r\n            <div class=\"card\">\r\n                                    <div class=\"card-image img-fluid \">\r\n                         \r\n                        <img loading=\"lazy\" decoding=\"async\" width=\"753\" height=\"357\" src=\"https:\/\/semmelweis.hu\/hirek\/wp-content\/blogs.dir\/2\/files\/2019\/01\/RS33464_\u00dcll\u0151i-26.-Mirkovszky-2-scr-1-768x364.jpg\" class=\"landscape wp-post-image\" alt=\"\" srcset=\"https:\/\/semmelweis.hu\/hirek\/wp-content\/blogs.dir\/2\/files\/2019\/01\/RS33464_\u00dcll\u0151i-26.-Mirkovszky-2-scr-1-768x364.jpg 768w, https:\/\/semmelweis.hu\/hirek\/wp-content\/blogs.dir\/2\/files\/2019\/01\/RS33464_\u00dcll\u0151i-26.-Mirkovszky-2-scr-1-300x142.jpg 300w, https:\/\/semmelweis.hu\/hirek\/wp-content\/blogs.dir\/2\/files\/2019\/01\/RS33464_\u00dcll\u0151i-26.-Mirkovszky-2-scr-1-600x284.jpg 600w, https:\/\/semmelweis.hu\/hirek\/wp-content\/blogs.dir\/2\/files\/2019\/01\/RS33464_\u00dcll\u0151i-26.-Mirkovszky-2-scr-1-753x357.jpg 753w, https:\/\/semmelweis.hu\/hirek\/wp-content\/blogs.dir\/2\/files\/2019\/01\/RS33464_\u00dcll\u0151i-26.-Mirkovszky-2-scr-1.jpg 924w\" sizes=\"auto, (max-width: 753px) 100vw, 753px\" \/>                    <\/div>\r\n                \r\n                <div class=\"card-body\">\r\n                    <div class=\"card-date text-uppercase    \">\r\n                                                    <h5><span class=\"font-weight-normal\">2019. <\/span>janu\u00e1r 1.<\/h5>\r\n                                            <\/div>\r\n                    <div class=\"card-title\">\r\n                        <h3 class=\"mt-2 entry-title\">Nagyszombatt\u00f3l Budapestig, \u00c9rseki Egyetemt\u0151l Semmelweisig<\/h3>\r\n                    <\/div>\r\n                    <style>\r\n                        .card-text-inside{\r\n                                                 display: -webkit-box;\r\n                    -webkit-line-clamp: 4;\r\n                    -webkit-box-orient: vertical;\r\n                     overflow:hidden;\r\n                     text-overflow: ellipsis;\r\n                        }\r\n                        <\/style>\r\n                                    <\/div>\r\n            <\/div>\r\n        <\/a>\r\n    <\/div>\r\n\r\n\r\n            <\/div>\r\n        <\/div>\r\n    \n","protected":false},"excerpt":{"rendered":"<p>Eddigi t\u00f6rt\u00e9net\u00e9nek csaknem 250 \u00e9ve alatt tizen\u00f6t k\u00fcl\u00f6nb\u00f6z\u0151 nevet viselt az egyetem, illetve jogel\u0151djei, a n\u00e9vm\u00f3dos\u00edt\u00e1sokon kereszt\u00fcl pedig sok esetben ak\u00e1r a magyar t\u00f6rt\u00e9nelem f\u0151bb v\u00e1ltoz\u00e1sai is v\u00e9gigk\u00f6vethet\u0151ek. Az egyetem fenn\u00e1ll\u00e1s\u00e1nak 250. \u00e9vfordul\u00f3j\u00e1ra k\u00e9sz\u00fclve \u00faj egyetemt\u00f6rt\u00e9neti sorozatot ind\u00edtunk, melynek els\u0151 r\u00e9sze az egyetem n\u00e9v- \u00e9s helysz\u00ednv\u00e1ltoz\u00e1sait tekinti \u00e1t. Az 1635. okt\u00f3ber 8-\u00e1n keltezett P\u00e1zm\u00e1ny-f\u00e9le alap\u00edt\u00f3lev\u00e9lben &hellip;<\/p>\n","protected":false},"author":12,"featured_media":0,"parent":2236,"menu_order":0,"comment_status":"closed","ping_status":"closed","template":"template-fullwidth.php","meta":{"_acf_changed":false,"footnotes":""},"categories":[],"tags":[],"class_list":["post-2242","page","type-page","status-publish","hentry"],"acf":[],"_links":{"self":[{"href":"https:\/\/semmelweis.hu\/250\/wp-json\/wp\/v2\/pages\/2242","targetHints":{"allow":["GET"]}}],"collection":[{"href":"https:\/\/semmelweis.hu\/250\/wp-json\/wp\/v2\/pages"}],"about":[{"href":"https:\/\/semmelweis.hu\/250\/wp-json\/wp\/v2\/types\/page"}],"author":[{"embeddable":true,"href":"https:\/\/semmelweis.hu\/250\/wp-json\/wp\/v2\/users\/12"}],"replies":[{"embeddable":true,"href":"https:\/\/semmelweis.hu\/250\/wp-json\/wp\/v2\/comments?post=2242"}],"version-history":[{"count":2,"href":"https:\/\/semmelweis.hu\/250\/wp-json\/wp\/v2\/pages\/2242\/revisions"}],"predecessor-version":[{"id":2246,"href":"https:\/\/semmelweis.hu\/250\/wp-json\/wp\/v2\/pages\/2242\/revisions\/2246"}],"up":[{"embeddable":true,"href":"https:\/\/semmelweis.hu\/250\/wp-json\/wp\/v2\/pages\/2236"}],"wp:attachment":[{"href":"https:\/\/semmelweis.hu\/250\/wp-json\/wp\/v2\/media?parent=2242"}],"wp:term":[{"taxonomy":"category","embeddable":true,"href":"https:\/\/semmelweis.hu\/250\/wp-json\/wp\/v2\/categories?post=2242"},{"taxonomy":"post_tag","embeddable":true,"href":"https:\/\/semmelweis.hu\/250\/wp-json\/wp\/v2\/tags?post=2242"}],"curies":[{"name":"wp","href":"https:\/\/api.w.org\/{rel}","templated":true}]}}