{"id":210,"date":"2019-03-21T15:51:59","date_gmt":"2019-03-21T14:51:59","guid":{"rendered":"http:\/\/semmelweis.hu\/250\/?page_id=210"},"modified":"2020-10-23T06:14:56","modified_gmt":"2020-10-23T04:14:56","slug":"klinikai-het","status":"publish","type":"page","link":"https:\/\/semmelweis.hu\/250\/programok\/klinikai-het\/","title":{"rendered":"Semmelweis 250 Klinikai Konferencia"},"content":{"rendered":"<p><a href=\"https:\/\/semmelweis.hu\/250\/files\/2020\/02\/SE-klinikai-konferencia-2020-desktop.jpg\"><img loading=\"lazy\" decoding=\"async\" class=\"alignnone size-full wp-image-3018\" src=\"https:\/\/semmelweis.hu\/250\/files\/2020\/02\/SE-klinikai-konferencia-2020-desktop.jpg\" alt=\"\" width=\"1280\" height=\"420\" \/><\/a><\/p>\n<div class=\"lead\">A Semmelweis 250 Klinikai Konferencia a Semmelweis Egyetem alap\u00edt\u00e1s\u00e1nak 250. \u00e9vfordul\u00f3ja alkalm\u00e1b\u00f3l szervezett programsorozat egyik kiemelt esem\u00e9nye, amelyre a nemzetk\u00f6zi j\u00e1rv\u00e1ny\u00fcgyi helyzetre \u00e9s szab\u00e1lyoz\u00e1sra val\u00f3 tekintettel az eredeti tavaszi id\u0151pont helyett 2020. november 9-10-\u00e9n, ONLINE ESEM\u00c9NY form\u00e1j\u00e1ban ker\u00fcl sor. A r\u00e9szv\u00e9tel ingyenes, de regisztr\u00e1ci\u00f3k\u00f6teles.<\/div>\n<p style=\"text-align: justify\"><em>R\u00e9szletes inform\u00e1ci\u00f3 \u00e9s regisztr\u00e1ci\u00f3 <a href=\"https:\/\/semmelweis.hu\/250\/en\/semmelweis-250-clinical-conference\/\">a konferencia angol nyelv\u0171 oldal\u00e1n \u2192\u00a0<\/a>\u00e9rhet\u0151 el. Az online bel\u00e9p\u00e9sre jogos\u00edt\u00f3 linket a regisztr\u00e1ci\u00f3t k\u00f6vet\u0151en k\u00fcldj\u00fck meg a r\u00e9sztvev\u0151knek.\u00a0<\/em><\/p>\n<p style=\"text-align: justify\">Ez az els\u0151 olyan nemzetk\u00f6zi szakmai konferencia, amely a Semmelweis Egyetem klinikai tev\u00e9kenys\u00e9g\u00e9t komplexit\u00e1s\u00e1ban mutatja be, \u00e9s multidiszciplin\u00e1ris \u00e1ttekint\u00e9st ny\u00fajt a klinikai orvostudom\u00e1ny k\u00fcl\u00f6nb\u00f6z\u0151 ter\u00fcletein v\u00e9gbemen\u0151 innov\u00e1ci\u00f3kr\u00f3l, fejl\u0151d\u00e9si ir\u00e1nyokr\u00f3l, mintegy hetven hazai \u00e9s k\u00fclf\u00f6ldi neves el\u0151ad\u00f3 tolm\u00e1csol\u00e1s\u00e1ban. A k\u00e9tnapos online esem\u00e9ny sor\u00e1n poszterszekci\u00f3ra is sor ker\u00fcl, ahol t\u00f6bb, mint 50 kutat\u00e1si projekt eredm\u00e9nyeit ismerhetik meg az \u00e9rdekl\u0151d\u0151k.\u00a0<\/p>\n<p style=\"text-align: justify\"><strong>C\u00e9lcsoport:<\/strong> Az online esem\u00e9nyre hazai \u00e9s nemzetk\u00f6zi int\u00e9zm\u00e9nyvezet\u0151ket, szakorvosokat, szakorvos-jel\u00f6lteket, PhD hallgat\u00f3kat, a klinikai k\u00e9pz\u00e9sben m\u00e1r r\u00e9szt vev\u0151 (4-5-6. \u00e9ves) hallgat\u00f3kat, valamint a t\u00e1rsegyetemek \u00e9s k\u00f3rh\u00e1zak vezet\u0151it, munkat\u00e1rsait \u00e9s hallgat\u00f3it egyar\u00e1nt szeretettel v\u00e1rjuk.<\/p>\n<p style=\"text-align: justify\"><strong>Akkredit\u00e1ci\u00f3:<\/strong> A Semmelweis Egyetem gradu\u00e1lis k\u00e9pz\u00e9sben r\u00e9szt vev\u0151 \u00e9s PhD hallgat\u00f3inak: 1 kreditpont \/ nap. A rendezv\u00e9ny az OFTEX rendszerben 50 kreditpont \u00e9rt\u00e9kben akkredit\u00e1lt. Figyelem! A jelenl\u00e9tet ellen\u0151rizz\u00fck!<\/p>\n<p><strong>A konferencia nyelve<\/strong> angol (tolm\u00e1csol\u00e1s n\u00e9lk\u00fcl).<\/p>\n<p style=\"text-align: center\"><a class=\"btn\" href=\"https:\/\/semmelweis.hu\/250\/en\/semmelweis-250-clinical-conference\/\">Tov\u00e1bb az angol nyelv\u0171 fel\u00fcletre<\/a><\/p>\n<p style=\"text-align: justify\"><em>A rendezv\u00e9nyt a Semmelweis Egyetem, gy\u00f3gy\u00edt\u00f3-megel\u0151z\u0151 \u00e9s rehabilit\u00e1ci\u00f3s tev\u00e9kenys\u00e9get v\u00e9gz\u0151 egys\u00e9geinek ir\u00e1ny\u00edt\u00e1s\u00e1\u00e9rt felel\u0151s <a href=\"https:\/\/semmelweis.hu\/klinikaikozpont\/\">Klinikai K\u00f6zpont<\/a> szervezi. Az esem\u00e9ny v\u00e9dn\u00f6ke Dr. Merkely B\u00e9la, a Semmelweis Egyetem rektora.<\/em><\/p>\n<p style=\"text-align: center\"><a class=\"btn\" href=\"https:\/\/semmelweis.hu\/250\/files\/2020\/09\/FLYER_clinical-conference_new.pdf\">FLYER LET\u00d6LT\u00c9SE<\/a><\/p>\n<p><img decoding=\"async\" src=\"https:\/\/semmelweis.hu\/250\/files\/2020\/09\/FLYER_clinical-conference_new_png.png\" alt=\"\" \/><\/p>\n","protected":false},"excerpt":{"rendered":"<p><a href=\"https:\/\/semmelweis.hu\/250\/files\/2020\/02\/SE-klinikai-konferencia-2020-desktop.jpg\"><\/a> A Semmelweis 250 Klinikai Konferencia a Semmelweis Egyetem alap\u00edt\u00e1s\u00e1nak 250. \u00e9vfordul\u00f3ja alkalm\u00e1b\u00f3l szervezett programsorozat egyik kiemelt esem\u00e9nye, amelyre a nemzetk\u00f6zi j\u00e1rv\u00e1ny\u00fcgyi helyzetre \u00e9s szab\u00e1lyoz\u00e1sra val\u00f3 tekintettel az eredeti tavaszi id\u0151pont helyett 2020. november 9-10-\u00e9n, ONLINE ESEM\u00c9NY form\u00e1j\u00e1ban ker\u00fcl sor. A r\u00e9szv\u00e9tel ingyenes, de regisztr\u00e1ci\u00f3k\u00f6teles. R\u00e9szletes inform\u00e1ci\u00f3 \u00e9s regisztr\u00e1ci\u00f3 <a href=\"https:\/\/semmelweis.hu\/250\/en\/semmelweis-250-clinical-conference\/\">a konferencia angol nyelv\u0171 oldal\u00e1n \u2192\u00a0<\/a> \u00e9rhet\u0151 el. Az online bel\u00e9p\u00e9sre jogos\u00edt\u00f3 linket &hellip;<\/p>\n","protected":false},"author":12,"featured_media":3030,"parent":202,"menu_order":3,"comment_status":"closed","ping_status":"closed","template":"","meta":{"_acf_changed":false,"footnotes":""},"categories":[],"tags":[],"class_list":["post-210","page","type-page","status-publish","has-post-thumbnail","hentry"],"acf":[],"_links":{"self":[{"href":"https:\/\/semmelweis.hu\/250\/wp-json\/wp\/v2\/pages\/210","targetHints":{"allow":["GET"]}}],"collection":[{"href":"https:\/\/semmelweis.hu\/250\/wp-json\/wp\/v2\/pages"}],"about":[{"href":"https:\/\/semmelweis.hu\/250\/wp-json\/wp\/v2\/types\/page"}],"author":[{"embeddable":true,"href":"https:\/\/semmelweis.hu\/250\/wp-json\/wp\/v2\/users\/12"}],"replies":[{"embeddable":true,"href":"https:\/\/semmelweis.hu\/250\/wp-json\/wp\/v2\/comments?post=210"}],"version-history":[{"count":12,"href":"https:\/\/semmelweis.hu\/250\/wp-json\/wp\/v2\/pages\/210\/revisions"}],"predecessor-version":[{"id":3469,"href":"https:\/\/semmelweis.hu\/250\/wp-json\/wp\/v2\/pages\/210\/revisions\/3469"}],"up":[{"embeddable":true,"href":"https:\/\/semmelweis.hu\/250\/wp-json\/wp\/v2\/pages\/202"}],"wp:featuredmedia":[{"embeddable":true,"href":"https:\/\/semmelweis.hu\/250\/wp-json\/wp\/v2\/media\/3030"}],"wp:attachment":[{"href":"https:\/\/semmelweis.hu\/250\/wp-json\/wp\/v2\/media?parent=210"}],"wp:term":[{"taxonomy":"category","embeddable":true,"href":"https:\/\/semmelweis.hu\/250\/wp-json\/wp\/v2\/categories?post=210"},{"taxonomy":"post_tag","embeddable":true,"href":"https:\/\/semmelweis.hu\/250\/wp-json\/wp\/v2\/tags?post=210"}],"curies":[{"name":"wp","href":"https:\/\/api.w.org\/{rel}","templated":true}]}}