{"id":206,"date":"2019-03-21T15:51:21","date_gmt":"2019-03-21T14:51:21","guid":{"rendered":"http:\/\/semmelweis.hu\/250\/?page_id=206"},"modified":"2019-12-19T13:53:08","modified_gmt":"2019-12-19T12:53:08","slug":"tudomanyos-het","status":"publish","type":"page","link":"https:\/\/semmelweis.hu\/250\/programok\/tudomanyos-het\/","title":{"rendered":"Semmelweis 250 Tudom\u00e1nyos Symposium"},"content":{"rendered":"<p><img loading=\"lazy\" decoding=\"async\" class=\"alignleft size-full wp-image-1861\" style=\"padding-bottom: 10px\" src=\"https:\/\/semmelweis.hu\/250\/files\/2019\/04\/tudomanyos-slide-desktop.jpg\" alt=\"\" width=\"1280\" height=\"420\" srcset=\"https:\/\/semmelweis.hu\/250\/files\/2019\/04\/tudomanyos-slide-desktop.jpg 1280w, https:\/\/semmelweis.hu\/250\/files\/2019\/04\/tudomanyos-slide-desktop-400x131.jpg 400w, https:\/\/semmelweis.hu\/250\/files\/2019\/04\/tudomanyos-slide-desktop-768x252.jpg 768w, https:\/\/semmelweis.hu\/250\/files\/2019\/04\/tudomanyos-slide-desktop-1024x336.jpg 1024w, https:\/\/semmelweis.hu\/250\/files\/2019\/04\/tudomanyos-slide-desktop-753x247.jpg 753w\" sizes=\"auto, (max-width: 1280px) 100vw, 1280px\" \/><\/p>\n<p>A 2019. november 4-8. k\u00f6z\u00f6tt megrendezett jubileumi nemzetk\u00f6zi tudom\u00e1nyos h\u00e9t kiemelked\u0151 programeleme volt <a href=\"https:\/\/semmelweis.hu\/symposium\/semmelweis-szimpozium-2019\/\" target=\"_blank\" rel=\"noopener noreferrer\">az idei\u00a0<strong>Semmelweis Symposium<\/strong><\/a>, amely hagyom\u00e1nyosan is az egyetem egyik legjelent\u0151sebb, nemzetk\u00f6zi r\u00e9sztvev\u0151kkel megtartott tudom\u00e1nyos esem\u00e9nye. A <span style=\"font-size: 1rem\"><a href=\"https:\/\/semmelweis.hu\/symposium\/en\/semmelweis-symposium-2019\/program-schedule\/\" target=\"_blank\" rel=\"noopener noreferrer\">\u201eTranslational medicine from single molecules to the cardiovascular system<\/a>\u201d (Transzl\u00e1ci\u00f3s orvosl\u00e1s a molekul\u00e1kt\u00f3l a kardiovaszkul\u00e1ris rendszerig) c\u00edm\u0171 program f\u0151szervez\u0151i Dr. Merkely B\u00e9la rektor, Dr. Ferdinandy P\u00e9ter tudom\u00e1nyos \u00e9s innov\u00e1ci\u00f3s rektorhelyettes \u00e9s Dr. Kellermayer Mikl\u00f3s, az \u00c1ltal\u00e1nos Orvostudom\u00e1nyi Kar d\u00e9k\u00e1nja voltak.\u00a0<\/span>A h\u00e1romnapos rendezv\u00e9nyen az \u00e9rdekl\u0151d\u0151k t\u00edz szekci\u00f3ban \u00f6sszesen csaknem 40 nemzetk\u00f6zileg elismert tud\u00f3s el\u0151ad\u00e1s\u00e1t hallhatt\u00e1k. <a href=\"https:\/\/semmelweis.hu\/hirek\/2019\/11\/08\/mintegy-600-resztvevo-volt-a-jubileumi-semmelweis-szimpoziumon\/\" target=\"_blank\" rel=\"noopener noreferrer\">Az \u00f6sszefoglal\u00f3 tud\u00f3s\u00edt\u00e1s a rendezv\u00e9nyr\u0151l ide kattintva \u00e9rhet\u0151 el.\u00a0<\/a><\/p>\n<p>A tudom\u00e1nyos programsorozat r\u00e9szek\u00e9nt val\u00f3sul meg 2019. november 8-\u00e1n a\u00a0<a href=\"https:\/\/semmelweis.hu\/hirek\/2019\/11\/08\/diszdoktorokat-es-phd-fokozatu-doktorokat-is-avattak-a-tudomanyos-het-zarorendezvenyen\/\" target=\"_blank\" rel=\"noopener noreferrer\"><strong>Doctor Honoris Causa<\/strong>\u00a0\u00fcnneps\u00e9g \u00e9s a\u00a0<strong>Dies Academicus<\/strong><\/a>, valamint az\u00a0<strong>egyetemi tudom\u00e1nyos jutalomd\u00edjak<\/strong> \u00e1tad\u00f3i (<a href=\"https:\/\/semmelweis.hu\/hirek\/2019\/11\/06\/atadtak-az-idei-hugonnai-jendrassik-es-huzella-elismereseket\/\" target=\"_blank\" rel=\"noopener noreferrer\">Hugonnai, Huzella, Jendrassik<\/a>, <a href=\"https:\/\/semmelweis.hu\/hirek\/2019\/11\/05\/atadtak-a-semmelweis-ignac-emlekerem-es-jutalomdijakat\/\" target=\"_blank\" rel=\"noopener noreferrer\">Semmelweis Ign\u00e1c eml\u00e9k\u00e9rmek \u00e9s jutalomd\u00edjak<\/a>).<\/p>\n","protected":false},"excerpt":{"rendered":"<p>A 2019. november 4-8. k\u00f6z\u00f6tt megrendezett jubileumi nemzetk\u00f6zi tudom\u00e1nyos h\u00e9t kiemelked\u0151 programeleme volt <a href=\"https:\/\/semmelweis.hu\/symposium\/semmelweis-szimpozium-2019\/\" target=\"_blank\" rel=\"noopener noreferrer\">az idei\u00a0Semmelweis Symposium<\/a> , amely hagyom\u00e1nyosan is az egyetem egyik legjelent\u0151sebb, nemzetk\u00f6zi r\u00e9sztvev\u0151kkel megtartott tudom\u00e1nyos esem\u00e9nye. A <a href=\"https:\/\/semmelweis.hu\/symposium\/en\/semmelweis-symposium-2019\/program-schedule\/\" target=\"_blank\" rel=\"noopener noreferrer\">\u201eTranslational medicine from single molecules to the cardiovascular system<\/a> \u201d (Transzl\u00e1ci\u00f3s orvosl\u00e1s a molekul\u00e1kt\u00f3l a kardiovaszkul\u00e1ris rendszerig) c\u00edm\u0171 program f\u0151szervez\u0151i Dr. Merkely B\u00e9la rektor, Dr. Ferdinandy P\u00e9ter tudom\u00e1nyos \u00e9s innov\u00e1ci\u00f3s rektorhelyettes \u00e9s Dr. Kellermayer Mikl\u00f3s, az \u00c1ltal\u00e1nos &hellip;<\/p>\n","protected":false},"author":12,"featured_media":0,"parent":202,"menu_order":0,"comment_status":"closed","ping_status":"closed","template":"","meta":{"_acf_changed":false,"footnotes":""},"categories":[],"tags":[],"class_list":["post-206","page","type-page","status-publish","hentry"],"acf":[],"_links":{"self":[{"href":"https:\/\/semmelweis.hu\/250\/wp-json\/wp\/v2\/pages\/206","targetHints":{"allow":["GET"]}}],"collection":[{"href":"https:\/\/semmelweis.hu\/250\/wp-json\/wp\/v2\/pages"}],"about":[{"href":"https:\/\/semmelweis.hu\/250\/wp-json\/wp\/v2\/types\/page"}],"author":[{"embeddable":true,"href":"https:\/\/semmelweis.hu\/250\/wp-json\/wp\/v2\/users\/12"}],"replies":[{"embeddable":true,"href":"https:\/\/semmelweis.hu\/250\/wp-json\/wp\/v2\/comments?post=206"}],"version-history":[{"count":10,"href":"https:\/\/semmelweis.hu\/250\/wp-json\/wp\/v2\/pages\/206\/revisions"}],"predecessor-version":[{"id":2887,"href":"https:\/\/semmelweis.hu\/250\/wp-json\/wp\/v2\/pages\/206\/revisions\/2887"}],"up":[{"embeddable":true,"href":"https:\/\/semmelweis.hu\/250\/wp-json\/wp\/v2\/pages\/202"}],"wp:attachment":[{"href":"https:\/\/semmelweis.hu\/250\/wp-json\/wp\/v2\/media?parent=206"}],"wp:term":[{"taxonomy":"category","embeddable":true,"href":"https:\/\/semmelweis.hu\/250\/wp-json\/wp\/v2\/categories?post=206"},{"taxonomy":"post_tag","embeddable":true,"href":"https:\/\/semmelweis.hu\/250\/wp-json\/wp\/v2\/tags?post=206"}],"curies":[{"name":"wp","href":"https:\/\/api.w.org\/{rel}","templated":true}]}}