{"id":188,"date":"2019-03-19T15:42:56","date_gmt":"2019-03-19T14:42:56","guid":{"rendered":"http:\/\/semmelweis.hu\/250\/?page_id=188"},"modified":"2021-09-22T15:24:40","modified_gmt":"2021-09-22T13:24:40","slug":"a-jubileumi-ev-arculata","status":"publish","type":"page","link":"https:\/\/semmelweis.hu\/250\/jubileum\/a-jubileumi-ev-arculata\/","title":{"rendered":"A jubileumi \u00e9v arculata"},"content":{"rendered":"<p><strong>A Semmelweis Egyetem alap\u00edt\u00e1s\u00e1nak 250. \u00e9vfordul\u00f3ja alkalm\u00e1b\u00f3l az int\u00e9zm\u00e9ny \u00faj, az \u00fcnnepi tan\u00e9v sor\u00e1n alkalmazand\u00f3 arculati elemeket terveztetett melyek formai \u00e9s tartalmi elemeit k\u00fcl\u00f6n arculati k\u00e9zik\u00f6nyv szab\u00e1lyozza.<\/strong><\/p>\n<p>A k\u00e9zik\u00f6nyv<strong> <a href=\"https:\/\/semmelweis.hu\/250\/files\/2019\/07\/SE-250-arculati-kezikonyv.pdf\" target=\"_blank\" rel=\"noopener noreferrer\">(PDF-ben let\u00f6lthet\u0151 innen)<\/a> <\/strong>a szervezeti egys\u00e9gek \u00e9s az egyetemi polg\u00e1rok sz\u00e1m\u00e1ra k\u00edv\u00e1n \u00fatmutat\u00f3t adni annak \u00e9rdek\u00e9ben, hogy az int\u00e9zm\u00e9ny mindenkor egys\u00e9ges \u00fcnnepi arculattal jelenjen meg a nyilv\u00e1noss\u00e1g el\u0151tt az eml\u00e9k\u00e9v alatt. A k\u00e9zk\u00f6nyvben foglaltakat <a href=\"https:\/\/semmelweis.hu\/jogigfoig\/2020\/06\/29\/e-15-2020-vi-18-szamu-rektori-kancellari-utasitas-az-e-1-2019-vii-18-szamu-rektori-kancellari-utasitas-modositasarol\/\" target=\"_blank\" rel=\"noopener noreferrer\">egy rektori \u00e9s kancell\u00e1ri k\u00f6z\u00f6s k\u00f6rlev\u00e9l \u00e9rtelm\u00e9ben<\/a> <strong>2019. augusztus 1-j\u00e9t\u0151l<\/strong> <strong>2021. j\u00falius 1-ig<\/strong> valamennyi olyan esetben alkalmazni kell, amikor a Semmelweis Egyetem, vagy annak valamely szervezeti egys\u00e9ge hivatalosan \u2013 ak\u00e1r online, ak\u00e1r offline \u2013 megjelenik. Kiemelten fontos, hogy az egyetem k\u00e9pviselet\u00e9t ell\u00e1t\u00f3 valamennyi szem\u00e9ly, szervezeti egys\u00e9g egys\u00e9gesen, v\u00e1ltoztat\u00e1s n\u00e9lk\u00fcl haszn\u00e1lja az arculati elemeket, melyek c\u00e9lja, hogy kifejezz\u00e9k az egyetem \u00f6nmag\u00e1r\u00f3l \u00e9s 250 \u00e9ves hagyom\u00e1ny\u00e1r\u00f3l, t\u00f6rt\u00e9net\u00e9r\u0151l alkotott k\u00e9p\u00e9t, valamint azt a preszt\u00edzst, mely az oktat\u00e1s, kutat\u00e1s \u00e9s betegell\u00e1t\u00e1s ter\u00fclet\u00e9n jellemzi az int\u00e9zm\u00e9nyt.<\/p>\n<p>A jubileumi c\u00edmer \u00e9s log\u00f3, a hivatali kommunik\u00e1ci\u00f3hoz sz\u00fcks\u00e9ges elemek (n\u00e9vjegyk\u00e1rtya, lev\u00e9lpap\u00edrok, bor\u00edt\u00e9kok), az e-mail al\u00e1\u00edr\u00e1s, az el\u0151ad\u00e1sanyagok prezent\u00e1ci\u00f3s form\u00e1i \u00e9s az oklevelek mind az egys\u00e9ges \u00fcnnepi arculat r\u00e9sz\u00e9t k\u00e9pezik.<\/p>\n<p><a href=\"https:\/\/semmelweis.hu\/hirek\/files\/2019\/03\/250-es-logosor.jpg\"><img loading=\"lazy\" decoding=\"async\" class=\"alignleft wp-image-82843 size-full\" src=\"https:\/\/semmelweis.hu\/hirek\/files\/2019\/03\/250-es-logosor.jpg\" alt=\"\" width=\"1597\" height=\"400\" \/><\/a><\/p>\n<p>A Semmelweis 250 \u00e9v sz\u00ednei \u2013 rektori d\u00f6nt\u00e9s nyom\u00e1n \u2013 a k\u00e9k \u00e9s az arany, ennek megfelel\u0151en a jubileumi c\u00edmerv\u00e1ltozat az egyetem megl\u00e9v\u0151 c\u00edmer\u00e9t tov\u00e1bbgondolva k\u00e9sz\u00fclt el: a hagyom\u00e1nyos egyetemi c\u00edmer egy arany pajzsb\u00f3l emelkedik ki, melyet cserfa\u00e1g \u00e9s olaj\u00e1g \u00f6veznek. A jubileumi c\u00edmer ker\u00fclt az \u00fcnnepi lev\u00e9lpap\u00edrokra \u00e9s bor\u00edt\u00e9kokra, megh\u00edv\u00f3kra, valamint az egyetemi honlaprendszer fejl\u00e9c\u00e9ben is l\u00e1that\u00f3 lesz. Az els\u0151sorban aj\u00e1nd\u00e9kt\u00e1rgyakon \u00e9s sz\u00f3r\u00f3anyagokon, valamint hallgat\u00f3kat c\u00e9lz\u00f3 anyagokon val\u00f3 felhaszn\u00e1l\u00e1sra k\u00e9sz\u00fclt \u201eSemmelweis 250\u201d log\u00f3 modernebb megjelen\u00e9st kapott, ugyanakkor megjelenik rajta az egyetemi k\u00e9k sz\u00edn \u00e9s az \u00fcnnep\u00e9lyes arany \u00e1rnyalat is, valamint a nemzeti trikolor, ezzel egyszerre szimboliz\u00e1lva a trad\u00edci\u00f3 \u00e9s innov\u00e1ci\u00f3 egy\u00fcttes megl\u00e9t\u00e9t a 250 \u00e9ves Semmelweis Egyetemen. A log\u00f3 magyar \u00e9s angol nyelv\u0171 v\u00e1ltozatban egyar\u00e1nt el\u00e9rhet\u0151.<\/p>\n<p>A jubileumi c\u00edmer, valamint a 250-es log\u00f3 haszn\u00e1lat\u00e1t \u2013 a hagyom\u00e1nyos egyetemi c\u00edmerhez hasonl\u00f3an \u2013 az arculati k\u00e9zik\u00f6nyvben nem szab\u00e1lyozott felhaszn\u00e1l\u00e1si m\u00f3dok eset\u00e9ben az egyetem rektora enged\u00e9lyezheti az egyes szervezeti egys\u00e9gek sz\u00e1m\u00e1ra.\u00a0<\/p>\n<p>A jubileumi eml\u00e9k\u00e9v egys\u00e9ges arculat\u00e1nak r\u00e9szek\u00e9nt digit\u00e1lis anyagok, p\u00e9ld\u00e1ul vide\u00f3 f\u0151c\u00edmek, honlap- \u00e9s k\u00f6z\u00f6ss\u00e9gi m\u00e9diafel\u00fcleteken haszn\u00e1lhat\u00f3 grafikai elemek, roll-upok \u00e9s d\u00edszoklevelek, valamint oktat\u00e1si c\u00e9lra, tudom\u00e1nyos eredm\u00e9nyek bemutat\u00e1s\u00e1ra szolg\u00e1l\u00f3 diamint\u00e1k is k\u00e9sz\u00fcltek.<\/p>\n","protected":false},"excerpt":{"rendered":"<p>A Semmelweis Egyetem alap\u00edt\u00e1s\u00e1nak 250. \u00e9vfordul\u00f3ja alkalm\u00e1b\u00f3l az int\u00e9zm\u00e9ny \u00faj, az \u00fcnnepi tan\u00e9v sor\u00e1n alkalmazand\u00f3 arculati elemeket terveztetett melyek formai \u00e9s tartalmi elemeit k\u00fcl\u00f6n arculati k\u00e9zik\u00f6nyv szab\u00e1lyozza. A k\u00e9zik\u00f6nyv <a href=\"https:\/\/semmelweis.hu\/250\/files\/2019\/07\/SE-250-arculati-kezikonyv.pdf\" target=\"_blank\" rel=\"noopener noreferrer\">(PDF-ben let\u00f6lthet\u0151 innen)<\/a> a szervezeti egys\u00e9gek \u00e9s az egyetemi polg\u00e1rok sz\u00e1m\u00e1ra k\u00edv\u00e1n \u00fatmutat\u00f3t adni annak \u00e9rdek\u00e9ben, hogy az int\u00e9zm\u00e9ny mindenkor egys\u00e9ges \u00fcnnepi arculattal jelenjen meg a nyilv\u00e1noss\u00e1g el\u0151tt az &hellip;<\/p>\n","protected":false},"author":12,"featured_media":0,"parent":140,"menu_order":4,"comment_status":"closed","ping_status":"closed","template":"template-fullwidth.php","meta":{"_acf_changed":false,"footnotes":""},"categories":[],"tags":[],"class_list":["post-188","page","type-page","status-publish","hentry"],"acf":[],"_links":{"self":[{"href":"https:\/\/semmelweis.hu\/250\/wp-json\/wp\/v2\/pages\/188","targetHints":{"allow":["GET"]}}],"collection":[{"href":"https:\/\/semmelweis.hu\/250\/wp-json\/wp\/v2\/pages"}],"about":[{"href":"https:\/\/semmelweis.hu\/250\/wp-json\/wp\/v2\/types\/page"}],"author":[{"embeddable":true,"href":"https:\/\/semmelweis.hu\/250\/wp-json\/wp\/v2\/users\/12"}],"replies":[{"embeddable":true,"href":"https:\/\/semmelweis.hu\/250\/wp-json\/wp\/v2\/comments?post=188"}],"version-history":[{"count":10,"href":"https:\/\/semmelweis.hu\/250\/wp-json\/wp\/v2\/pages\/188\/revisions"}],"predecessor-version":[{"id":3859,"href":"https:\/\/semmelweis.hu\/250\/wp-json\/wp\/v2\/pages\/188\/revisions\/3859"}],"up":[{"embeddable":true,"href":"https:\/\/semmelweis.hu\/250\/wp-json\/wp\/v2\/pages\/140"}],"wp:attachment":[{"href":"https:\/\/semmelweis.hu\/250\/wp-json\/wp\/v2\/media?parent=188"}],"wp:term":[{"taxonomy":"category","embeddable":true,"href":"https:\/\/semmelweis.hu\/250\/wp-json\/wp\/v2\/categories?post=188"},{"taxonomy":"post_tag","embeddable":true,"href":"https:\/\/semmelweis.hu\/250\/wp-json\/wp\/v2\/tags?post=188"}],"curies":[{"name":"wp","href":"https:\/\/api.w.org\/{rel}","templated":true}]}}