{"id":140,"date":"2019-03-01T12:06:43","date_gmt":"2019-03-01T12:06:43","guid":{"rendered":"http:\/\/test.semmelweis.hu\/250\/?page_id=140"},"modified":"2021-09-07T14:49:10","modified_gmt":"2021-09-07T12:49:10","slug":"jubileum","status":"publish","type":"page","link":"https:\/\/semmelweis.hu\/250\/jubileum\/","title":{"rendered":"250 \u00e9ves a Semmelweis Egyetem"},"content":{"rendered":"<p style=\"font-size: 18pt; color: #c8a970; padding-top: 8px; padding-bottom: 12px;\"><strong>NEGYED \u00c9VEZRED TRAD\u00cdCI\u00d3<\/strong><\/p>\n<p style=\"text-align: justify;\"><img loading=\"lazy\" decoding=\"async\" class=\"alignright size-full wp-image-843\" src=\"https:\/\/semmelweis.hu\/250\/files\/2019\/03\/orvosi-kari_cimer.jpg\" alt=\"\" width=\"304\" height=\"304\" srcset=\"https:\/\/semmelweis.hu\/250\/files\/2019\/03\/orvosi-kari_cimer.jpg 304w, https:\/\/semmelweis.hu\/250\/files\/2019\/03\/orvosi-kari_cimer-150x150.jpg 150w\" sizes=\"auto, (max-width: 304px) 100vw, 304px\" \/>Az <a href=\"https:\/\/semmelweis.hu\/az-egyetemrol\/az-egyetem-tortenete\/a-semmelweis-egyetem-tortenete\/\" target=\"_blank\" rel=\"noopener noreferrer\">egyetem t\u00f6rt\u00e9nete t\u00f6bb mint 250 \u00e9vvel ezel\u0151tt, 1769-ben kezd\u0151d\u00f6tt, amikor M\u00e1ria Ter\u00e9zia orvosi karral eg\u00e9sz\u00edtette ki a Nagyszombati Egyetemet<\/a>. A Semmelweis Egyetem Magyarorsz\u00e1g legr\u00e9gebbi, ma is m\u0171k\u00f6d\u0151 orvosk\u00e9pz\u0151 int\u00e9zm\u00e9nye. M\u00e1ra a hat karral m\u0171k\u00f6d\u0151 Semmelweis szakegyetemk\u00e9nt egyed\u00fcl\u00e1ll\u00f3 helyet foglal el a magyar eg\u00e9szs\u00e9gtudom\u00e1nyi fels\u0151oktat\u00e1sban. H\u00e1rom f\u0151 tev\u00e9kenys\u00e9ge az oktat\u00e1s, kutat\u00e1s-innov\u00e1ci\u00f3 \u00e9s gy\u00f3gy\u00edt\u00e1s, \u00e9s e h\u00e1rmas egys\u00e9g teszi nemzetk\u00f6zileg is elismert tud\u00e1sk\u00f6zpontt\u00e1. A Semmelweis Egyetem az alap\u00edt\u00e1s 250. jubileumi \u00e9ve alkalm\u00e1b\u00f3l egy magyarorsz\u00e1gi, K\u00e1rp\u00e1t-medencei \u00e9s nemzetk\u00f6zi szinten is kiemelked\u0151 jubileumi \u00fcnneps\u00e9gsorozatot rendezett, a rektor k\u00f6zvetlen szakmai ir\u00e1ny\u00edt\u00e1sa mellett. Az \u00fcnnepi id\u0151szak a 2020 szeptember\u00e9ben kezd\u0151d\u00f6tt 250. akad\u00e9miai \u00e9vben tov\u00e1bb folytat\u00f3dik.\u00a0<\/p>\n<p>A jubileumi \u00e9v alkalm\u00e1b\u00f3l <strong><a href=\"https:\/\/semmelweis.hu\/250\/timeline\/\" target=\"_blank\" rel=\"noopener noreferrer\">250 \u00e9v \u2013 250 esem\u00e9ny c\u00edmmel elk\u00e9sz\u00fclt az egyetem fot\u00f3kkal is illusztr\u00e1lt id\u0151vonala<\/a><\/strong>, amely az int\u00e9zm\u00e9ny elm\u00falt negyed \u00e9vezred\u00e9nek legfontosabb esem\u00e9nyeit tartalmazza.\u00a0<\/p>\n<p style=\"font-size: 18pt; color: #c8a970; padding-top: 8px; padding-bottom: 12px;\"><strong>\u201eA JUBILEUM EGY M\u00c9RF\u00d6LDK\u0150\u201d<\/strong><\/p>\n<p style=\"text-align: justify;\">Dr. Merkely B\u00e9la rektor kiemelten fontosnak tartja, hogy az eml\u00e9k\u00e9vet a lehet\u0151 legsz\u00e9lesebb k\u00f6rben mindenki mag\u00e1\u00e9nak \u00e9rezhesse az egyetemen bel\u00fcl \u00e9s k\u00edv\u00fcl is.<\/p>\n<blockquote>\n<p>Ez a jubileum egy m\u00e9rf\u00f6ldk\u0151, amely arra is alkalmat ad, hogy megfogalmazzuk, milyen egyetemet szeretn\u00e9nk \u00e9p\u00edteni a k\u00f6vetkez\u0151 negyed \u00e9vezredben<\/p>\n<\/blockquote>\n<p style=\"text-align: justify;\">\u2013 hangs\u00falyozta <strong><a href=\"https:\/\/semmelweis.hu\/hirek\/2018\/12\/25\/a-2019-es-tanevnyitoval-kezdodik-a-semmelweis-250-jubileumi-ev\/\" target=\"_blank\" rel=\"noopener noreferrer\">az alap\u00edt\u00e1s jubileumi \u00e9vfordul\u00f3ja kapcs\u00e1n adott interj\u00faban<\/a>.<\/strong> A Semmelweis Egyetem 250 \u00e9ves jubileum\u00e1nak egybe kell forrnia a \u201eSemmelweis top 100\u201d fejleszt\u00e9si strat\u00e9gi\u00e1val \u2013 jelentette ki az interj\u00faban a rektor. A jubileumi \u00e9v a k\u00f6vetkez\u0151 negyed \u00e9vezredet alapjaiban fogja megv\u00e1ltoztatni az\u00e1ltal is, hogy az orvosk\u00e9pz\u00e9sben megt\u00f6rt\u00e9nt, a t\u00f6bbi karon pedig elindult a k\u00e9pz\u00e9s gyakorlatorient\u00e1lt reformja.\u00a0<\/p>\n<p style=\"text-align: justify;\">Amellett, hogy ez egy nemzeti szinten is jelent\u0151s jubileum, hiszen a szervezett, folyamatosan m\u0171k\u00f6d\u0151 magyar orvosk\u00e9pz\u00e9s alap\u00edt\u00e1s\u00e1nak 250 \u00e9ves \u00e9vfordul\u00f3j\u00e1t \u00fcnnepelj\u00fck, kiv\u00e1l\u00f3 alkalom a bels\u0151 egyetemi Semmelweis-k\u00f6z\u00f6ss\u00e9g er\u0151s\u00edt\u00e9s\u00e9re, trad\u00edci\u00f3k \u00fajra\u00e9leszt\u00e9s\u00e9re, \u00e9rt\u00e9kteremt\u0151 folyamatok elind\u00edt\u00e1s\u00e1ra \u2013 mondta a jubileumi \u00fcnneps\u00e9gsorozat indul\u00e1sakor annak szakmai ir\u00e1ny\u00edt\u00f3ja, koordin\u00e1l\u00f3ja, dr. Hank\u00f3 Bal\u00e1zs strat\u00e9giai \u00e9s fejleszt\u00e9si rektorhelyettes. (Miut\u00e1n dr. Hank\u00f3 Bal\u00e1zs 2020. augusztus 1-j\u00e9vel fels\u0151oktat\u00e1s\u00e9rt felel\u0151s helyettes \u00e1llamtitk\u00e1ri kinevez\u00e9st kapott, a jubileumi id\u0151szakkal kapcsolatos feladatait dr. Hermann P\u00e9ter oktat\u00e1si rektorhelyettes vette \u00e1t.)\u00a0<\/p>\n<p style=\"font-size: 18pt; color: #c8a970; padding-top: 8px; padding-bottom: 12px;\"><strong>SEMMELWEIS 250 PROGRAMSOROZAT<\/strong><\/p>\n<p style=\"text-align: justify;\">Az alap\u00edt\u00e1s 250 \u00e9ves \u00e9vfordul\u00f3j\u00e1t \u00fcnnepl\u0151 programsorozat hivatalosan <a href=\"https:\/\/semmelweis.hu\/hirek\/2019\/09\/06\/megkezdodott-a-250-eves-semmelweis-egyetem-jubileumi-taneve\/\" target=\"_blank\" rel=\"noopener noreferrer\">a 2019\/20-as tan\u00e9v jubileumi tan\u00e9vnyit\u00f3j\u00e1val<\/a> kezd\u0151d\u00f6tt el.<\/p>\n<p style=\"padding-left: 40px;\"><a href=\"https:\/\/semmelweis.hu\/250\/programok\/nyari-egyetem\/\"><strong>Semmelweis 250 Ny\u00e1ri Egyetem<\/strong><\/a><\/p>\n<p style=\"text-align: justify;\">A 250 \u00e9ves a Semmelweis Egyetem programsorozat hivatalos ind\u00edt\u00f3 rendezv\u00e9ny\u00e9hez, a <strong>jubileumi tan\u00e9vnyit\u00f3<\/strong>hoz kapcsol\u00f3dott a szeptember eleji oktat\u00e1si programh\u00e9t. <span style=\"font-size: 1rem;\">Ennek keret\u00e9ben egyebek mellett sz\u00e1mos kerekasztal-besz\u00e9lget\u00e9st, el\u0151ad\u00e1st hallgathattak meg az \u00e9rdekl\u0151d\u0151k. A c\u00e9l az volt, hogy <\/span><span style=\"font-size: 1rem;\">ne csak az orvosi t\u00e9m\u00e1kba, hanem a sportba, kult\u00far\u00e1ba, t\u00f6rt\u00e9nelembe, s\u0151t az eg\u00e9szs\u00e9g\u00fcgyet, ipart, innov\u00e1ci\u00f3t \u00e9rint\u0151 legaktu\u00e1lisabb k\u00e9rd\u00e9sekbe is kapjanak betekint\u00e9st a hallgat\u00f3k <a href=\"https:\/\/semmelweis.hu\/hirek\/2019\/09\/23\/semmelweis-250-nyari-egyetem-napi-kozel-1800-regisztralt-hallgato-video\/\" target=\"_blank\" rel=\"noopener noreferrer\">a 2019. szeptember 4-7. k\u00f6z\u00f6tt megrendezett Ny\u00e1ri Egyetem keret\u00e9ben<\/a>. A hagyom\u00e1nyteremt\u0151 sz\u00e1nd\u00e9kkal ind\u00edtott rendezv\u00e9nyt a <a href=\"https:\/\/semmelweis.hu\/hirek\/2020\/09\/08\/nyari-egyetem-valtozatos-programokon-hangolodhattak-a-tanevre-a-hallgatok\/\" target=\"_blank\" rel=\"noopener noreferrer\">2020\/21-es, 250. tan\u00e9v nyit\u00e1ny\u00e1nak r\u00e9szek\u00e9nt ism\u00e9t megszervezte az egyetem<\/a>.\u00a0\u00a0<\/span><\/p>\n<p style=\"padding-left: 40px;\"><a href=\"https:\/\/semmelweis.hu\/250\/programok\/tudomanyos-het\/\"><strong>Semmelweis 250 Tudom\u00e1nyos Symposium<\/strong><\/a><\/p>\n<p style=\"text-align: justify;\">A nemzetk\u00f6zi tudom\u00e1nyos h\u00e9t keret\u00e9ben tartottuk meg <a href=\"https:\/\/semmelweis.hu\/hirek\/2019\/11\/08\/mintegy-600-resztvevo-volt-a-jubileumi-semmelweis-szimpoziumon\/\" target=\"_blank\" rel=\"noopener noreferrer\">az idei <strong>Semmelweis Symposium<\/strong>ot<\/a>, amely hagyom\u00e1nyosan az egyetem egyik legkiemelked\u0151bb, nemzetk\u00f6zi r\u00e9sztvev\u0151kkel megrendezett tudom\u00e1nyos esem\u00e9nye. A tudom\u00e1nyos programsorozat r\u00e9szek\u00e9nt val\u00f3sult meg a <a href=\"https:\/\/semmelweis.hu\/hirek\/2019\/11\/08\/diszdoktorokat-es-phd-fokozatu-doktorokat-is-avattak-a-tudomanyos-het-zarorendezvenyen\/\" target=\"_blank\" rel=\"noopener noreferrer\"><strong>Doctor Honoris Causa<\/strong> \u00fcnneps\u00e9g \u00e9s a <strong>Dies Academicus<\/strong><\/a>, valamint az <strong>egyetemi tudom\u00e1nyos jutalomd\u00edjak<\/strong> \u00e1tad\u00f3ja (<a href=\"https:\/\/semmelweis.hu\/hirek\/2019\/11\/06\/atadtak-az-idei-hugonnai-jendrassik-es-huzella-elismereseket\/\" target=\"_blank\" rel=\"noopener noreferrer\">Hugonnai, Huzella, Jendrassik<\/a>, <a href=\"https:\/\/semmelweis.hu\/hirek\/2019\/11\/05\/atadtak-a-semmelweis-ignac-emlekerem-es-jutalomdijakat\/\" target=\"_blank\" rel=\"noopener noreferrer\">Semmelweis Ign\u00e1c eml\u00e9k\u00e9rmek \u00e9s jutalomd\u00edjak<\/a>).\u00a0<\/p>\n<p style=\"padding-left: 40px;\"><a href=\"https:\/\/semmelweis.hu\/250\/programok\/klinikai-het\/\"><strong>Semmelweis 250 Klinikai Konferencia<\/strong><\/a><\/p>\n<p>A 2020 tavasz\u00e1ra tervezett klinikai konferenci\u00e1t az egyetem a j\u00e1rv\u00e1nyhelyzet miatt 2020 november 9-10-\u00e9n online tartja meg. A program keret\u00e9ben sz\u00e1mos hazai \u00e9s k\u00fclf\u00f6ldi szakter\u00fclet k\u00e9pvisel\u0151je tart majd el\u0151ad\u00e1st. \u00a0<\/p>\n<p>A j\u00e1rv\u00e1nyhelyzet miatt tavaszr\u00f3l elhalasztva 2020 augusztus\u00e1ban, szeptember\u00e9ben rendezte meg az egyetem a jubileumi \u00e9v <strong>TDK konferenci\u00e1t \u00e9s a PhD Tudom\u00e1nyos napok konferenci\u00e1t<\/strong> is.\u00a0<\/p>\n<p style=\"padding-left: 40px;\"><a href=\"https:\/\/semmelweis.hu\/250\/semmelweis-egeszseg-napok\/\" target=\"_blank\" rel=\"noopener noreferrer\"><strong>Semmelweis Eg\u00e9szs\u00e9g Napok<\/strong><\/a><\/p>\n<p style=\"text-align: justify;\">A jubileumi \u00e9v folyam\u00e1n <strong>Semmelweis Eg\u00e9szs\u00e9g Napok c\u00edmmel<\/strong> a 250 \u00e9ves Semmelweis Egyetem interakt\u00edv, n\u00e9peg\u00e9szs\u00e9g\u00fcgyi tematik\u00e1j\u00fa programsorozatot ind\u00edtott a nagyk\u00f6z\u00f6ns\u00e9g r\u00e9sz\u00e9re. 2019. szeptember\u00e9t\u0151l sz\u00e1mos \u00e9rdekes \u00e9s hasznos programon vehetnek r\u00e9szt az \u00e9rdekl\u0151d\u0151 csal\u00e1dok, hallgat\u00f3k, egyetemi munkat\u00e1rsak, magyar \u00e9s k\u00fclf\u00f6ldi vend\u00e9gek a Semmelweis Eg\u00e9szs\u00e9g Napokon, amelyek a j\u00e1rv\u00e1nyhelyzetre tekintettel 2020 nyar\u00e1t\u00f3l online folytat\u00f3dnak.\u00a0<\/p>\n<p style=\"padding-left: 40px;\"><a href=\"https:\/\/semmelweis.hu\/250\/esemenyek\"><strong>Tov\u00e1bbi rendezv\u00e9nyek<\/strong><\/a><\/p>\n<p style=\"text-align: justify;\">A kiemelt esem\u00e9nyek mellett sz\u00e1mos tov\u00e1bbi jubileumi programot is szervez az egyetem, amelyeket <strong>a folyamatosan friss\u00fcl\u0151 <a href=\"https:\/\/semmelweis.hu\/250\/esemenyek\" target=\"_blank\" rel=\"noopener noreferrer\">jubileumi esem\u00e9nynapt\u00e1rban <\/a><\/strong>jelen\u00edt\u00fcnk meg.<\/p>\n<p style=\"font-size: 18pt; color: #c8a970; padding-top: 8px; padding-bottom: 12px;\"><strong>JUBILEUMI MOTT\u00d3, C\u00cdMER, ARCULAT<\/strong><\/p>\n<blockquote>\n<p>Oktat\u00e1s, kutat\u00e1s, gy\u00f3gy\u00edt\u00e1s: 250 \u00e9ve az eg\u00e9szs\u00e9g szolg\u00e1lat\u00e1ban<\/p>\n<\/blockquote>\n<p style=\"text-align: justify;\">(angolul: <em>250 years of EXCELLENCE in medical education, research &amp; innovation and healthcare;<\/em> n\u00e9met\u00fcl: <em>250 Jahre EXZELLENZ in medizinischer Lehre, Forschung &amp; Innovation und Krankenversorgung<\/em>) \u2013 ez a<span style=\"font-size: 1rem;\"> jubileumi \u00e9v mott\u00f3ja.<\/span><span style=\"font-size: 1rem;\">\u00a0<\/span><\/p>\n<p style=\"text-align: justify;\">A Semmelweis Egyetem fenn\u00e1ll\u00e1s\u00e1nak 250. \u00e9vfordul\u00f3ja alkalm\u00e1b\u00f3l l\u00e9trehozott szervez\u0151bizotts\u00e1g a Kommunik\u00e1ci\u00f3s \u00e9s Rendezv\u00e9nyszervez\u00e9si Igazgat\u00f3s\u00e1g (KRI) bevon\u00e1s\u00e1val <strong><a href=\"https:\/\/semmelweis.hu\/hirek\/2019\/03\/14\/elkeszultek-a-semmelweis-egyetem-250-jubileumanak-logoi\/\" target=\"_blank\" rel=\"noopener noreferrer\">k\u00e9t k\u00fcl\u00f6nb\u00f6z\u0151 log\u00f3t k\u00e9sz\u00edttetett<\/a><\/strong>. Dr. Merkely B\u00e9la rektor d\u00f6nt\u00e9se nyom\u00e1n az egyik arculati elem egy \u00fcnnep\u00e9lyes, tradicion\u00e1lis st\u00edlus\u00fa jubileumi c\u00edmer lett, a m\u00e1sik egy modern, letisztult k\u00fclsej\u0171 log\u00f3. Magyar \u00e9s angol nyelv\u0171 jubileumi lev\u00e9lpap\u00edrok \u00e9s bor\u00edt\u00e9kok is k\u00e9sz\u00fcltek. A jubileumi arculati elemek az alap\u00edt\u00e1s jubileumi \u00e9v\u00e9t k\u00f6vet\u0151en a 250. tan\u00e9vben is haszn\u00e1land\u00f3k.\u00a0<\/p>\n<p>&nbsp;<\/p>\n","protected":false},"excerpt":{"rendered":"<p>A Semmelweis Egyetem t\u00f6rt\u00e9nete 1769-ben kezd\u0151d\u00f6tt, amikor M\u00e1ria Ter\u00e9zia orvosi karral eg\u00e9sz\u00edtette ki a Nagyszombati Egyetemet. \u201eEz a jubileum egy m\u00e9rf\u00f6ldk\u0151, amely arra is alkalmat ad, hogy megfogalmazzuk, milyen egyetemet szeretn\u00e9nk \u00e9p\u00edteni a k\u00f6vetkez\u0151 negyed \u00e9vezredben\u201d \u2013 hangs\u00falyozta dr. Merkely B\u00e9la rektor az \u00fcnnepi id\u0151szak indul\u00e1sa kapcs\u00e1n adott interj\u00faban. Az alap\u00edt\u00e1s 250 \u00e9ves \u00e9vfordul\u00f3j\u00e1t, valamint a 250. tan\u00e9vet hazai, region\u00e1lis \u00e9s nemzetk\u00f6zi szinten is kiemelked\u0151 programsorozattal \u00fcnnepeli az egyetem.  <\/p>\n","protected":false},"author":158,"featured_media":219,"parent":0,"menu_order":0,"comment_status":"closed","ping_status":"closed","template":"","meta":{"_acf_changed":false,"footnotes":""},"categories":[],"tags":[],"class_list":["post-140","page","type-page","status-publish","has-post-thumbnail","hentry"],"acf":[],"_links":{"self":[{"href":"https:\/\/semmelweis.hu\/250\/wp-json\/wp\/v2\/pages\/140","targetHints":{"allow":["GET"]}}],"collection":[{"href":"https:\/\/semmelweis.hu\/250\/wp-json\/wp\/v2\/pages"}],"about":[{"href":"https:\/\/semmelweis.hu\/250\/wp-json\/wp\/v2\/types\/page"}],"author":[{"embeddable":true,"href":"https:\/\/semmelweis.hu\/250\/wp-json\/wp\/v2\/users\/158"}],"replies":[{"embeddable":true,"href":"https:\/\/semmelweis.hu\/250\/wp-json\/wp\/v2\/comments?post=140"}],"version-history":[{"count":11,"href":"https:\/\/semmelweis.hu\/250\/wp-json\/wp\/v2\/pages\/140\/revisions"}],"predecessor-version":[{"id":3814,"href":"https:\/\/semmelweis.hu\/250\/wp-json\/wp\/v2\/pages\/140\/revisions\/3814"}],"wp:featuredmedia":[{"embeddable":true,"href":"https:\/\/semmelweis.hu\/250\/wp-json\/wp\/v2\/media\/219"}],"wp:attachment":[{"href":"https:\/\/semmelweis.hu\/250\/wp-json\/wp\/v2\/media?parent=140"}],"wp:term":[{"taxonomy":"category","embeddable":true,"href":"https:\/\/semmelweis.hu\/250\/wp-json\/wp\/v2\/categories?post=140"},{"taxonomy":"post_tag","embeddable":true,"href":"https:\/\/semmelweis.hu\/250\/wp-json\/wp\/v2\/tags?post=140"}],"curies":[{"name":"wp","href":"https:\/\/api.w.org\/{rel}","templated":true}]}}